{"id":9232,"date":"2022-01-27T17:42:45","date_gmt":"2022-01-27T16:42:45","guid":{"rendered":"https:\/\/www.djm.nl\/?page_id=9232"},"modified":"2022-01-28T12:37:34","modified_gmt":"2022-01-28T11:37:34","slug":"onze-beloften","status":"publish","type":"page","link":"https:\/\/www.djm.nl\/nl\/onze-beloften\/","title":{"rendered":"Onze beloften"},"content":{"rendered":"<div id=\"pl-9232\"  class=\"panel-layout\" ><div id=\"pg-9232-0\"  class=\"panel-grid panel-has-style\" ><div class=\"zebra panel-row-style panel-row-style-for-9232-0\" ><div id=\"pgc-9232-0-0\"  class=\"panel-grid-cell\" ><div id=\"panel-9232-0-0-0\" class=\"so-panel widget widget_sow-editor panel-first-child\" data-index=\"0\" ><div class=\"so-widget-sow-editor so-widget-sow-editor-base\">\n<div class=\"siteorigin-widget-tinymce textwidget\">\n\t<h2>Inkjet expertise<img loading=\"lazy\" decoding=\"async\" class=\"alignright size-custom-size-250 wp-image-4222\" src=\"https:\/\/www.djm.nl\/wp-content\/uploads\/2019\/05\/pic1-3-250x250.png\" alt=\"\" width=\"250\" height=\"250\" srcset=\"https:\/\/www.djm.nl\/wp-content\/uploads\/2019\/05\/pic1-3-250x250.png 250w, https:\/\/www.djm.nl\/wp-content\/uploads\/2019\/05\/pic1-3-150x150.png 150w, https:\/\/www.djm.nl\/wp-content\/uploads\/2019\/05\/pic1-3-300x300.png 300w, https:\/\/www.djm.nl\/wp-content\/uploads\/2019\/05\/pic1-3-768x768.png 768w, https:\/\/www.djm.nl\/wp-content\/uploads\/2019\/05\/pic1-3-200x200.png 200w, https:\/\/www.djm.nl\/wp-content\/uploads\/2019\/05\/pic1-3.png 1000w\" sizes=\"auto, (max-width: 250px) 100vw, 250px\" \/><\/h2>\n<p>De specialiteit van DJM is het ontwikkelen en verbeteren van inkjet printtechnologie. Van de ontwikkeling van print modules, 'driver electronics' tot controller software, alles wordt in eigen huis gedaan met een toegewijd team van specialisten.<\/p>\n<h4><span style=\"color: #00ccff;\">Onze ervaring geeft u een concurrentievoordeel!<\/span><\/h4>\n<\/div>\n<\/div><\/div><div id=\"panel-9232-0-0-1\" class=\"so-panel widget widget_sow-editor\" data-index=\"1\" ><div class=\"so-widget-sow-editor so-widget-sow-editor-base\">\n<div class=\"siteorigin-widget-tinymce textwidget\">\n\t<h2>In-house ontwikkeling<img loading=\"lazy\" decoding=\"async\" class=\"alignright size-custom-size-250 wp-image-4229\" src=\"https:\/\/www.djm.nl\/wp-content\/uploads\/2019\/05\/pic2-2-250x250.png\" alt=\"\" width=\"250\" height=\"250\" srcset=\"https:\/\/www.djm.nl\/wp-content\/uploads\/2019\/05\/pic2-2-250x250.png 250w, https:\/\/www.djm.nl\/wp-content\/uploads\/2019\/05\/pic2-2-150x150.png 150w, https:\/\/www.djm.nl\/wp-content\/uploads\/2019\/05\/pic2-2-300x300.png 300w, https:\/\/www.djm.nl\/wp-content\/uploads\/2019\/05\/pic2-2-768x768.png 768w, https:\/\/www.djm.nl\/wp-content\/uploads\/2019\/05\/pic2-2-200x200.png 200w, https:\/\/www.djm.nl\/wp-content\/uploads\/2019\/05\/pic2-2.png 1000w\" sizes=\"auto, (max-width: 250px) 100vw, 250px\" \/><\/h2>\n<p>Om het niveau van systeembetrouwbaarheid te bereiken, heeft DJM het hele ontwikkelingsproces in eigen handen genomen. Met een eigen R&amp;D-afdeling op het gebied van elektronica, mechatronica en software stimuleren we inkjettechnologie\u00ebn maximaal en zorgen we voor performance in het veld. Door elke dag van onze klanten te leren, weten we wat hun uitdaging is. We kunnen die informatie gebruiken om nieuwe software tools en -functies te ontwikkelen.<\/p>\n<h4><span style=\"color: #00ccff;\">Ons streven naar de beste oplossing drijft u verder!<\/span><\/h4>\n<\/div>\n<\/div><\/div><div id=\"panel-9232-0-0-2\" class=\"so-panel widget widget_sow-editor\" data-index=\"2\" ><div class=\"so-widget-sow-editor so-widget-sow-editor-base\">\n<div class=\"siteorigin-widget-tinymce textwidget\">\n\t<h2>Verschillende inkjettechnologie\u00ebn<img loading=\"lazy\" decoding=\"async\" class=\"alignright size-custom-size-250 wp-image-4234\" src=\"https:\/\/www.djm.nl\/wp-content\/uploads\/2019\/05\/pic3-2-250x250.png\" alt=\"\" width=\"250\" height=\"250\" srcset=\"https:\/\/www.djm.nl\/wp-content\/uploads\/2019\/05\/pic3-2-250x250.png 250w, https:\/\/www.djm.nl\/wp-content\/uploads\/2019\/05\/pic3-2-150x150.png 150w, https:\/\/www.djm.nl\/wp-content\/uploads\/2019\/05\/pic3-2-300x300.png 300w, https:\/\/www.djm.nl\/wp-content\/uploads\/2019\/05\/pic3-2-768x768.png 768w, https:\/\/www.djm.nl\/wp-content\/uploads\/2019\/05\/pic3-2-200x200.png 200w, https:\/\/www.djm.nl\/wp-content\/uploads\/2019\/05\/pic3-2.png 1000w\" sizes=\"auto, (max-width: 250px) 100vw, 250px\" \/><\/h2>\n<p>Met een 'voor elke toepassing de juiste oplossing'-aanpak, heeft DJM een breed scala aan verschillende technologie\u00ebn waaruit u kunt kiezen. Van een instapoplossing tot hoogwaardige industri\u00eble inkjet oplossingen.<\/p>\n<h4><span style=\"color: #00ccff;\">Wees voorbereid op de toekomst en kies een partner die uw huidige en toekomstige behoeften begrijpt!<\/span><\/h4>\n<\/div>\n<\/div><\/div><div id=\"panel-9232-0-0-3\" class=\"so-panel widget widget_sow-editor\" data-index=\"3\" ><div class=\"so-widget-sow-editor so-widget-sow-editor-base\">\n<div class=\"siteorigin-widget-tinymce textwidget\">\n\t<h2>Partner van marktleiders<img loading=\"lazy\" decoding=\"async\" class=\"alignright size-custom-size-250 wp-image-4239\" src=\"https:\/\/www.djm.nl\/wp-content\/uploads\/2019\/05\/pic4-2-250x250.png\" alt=\"\" width=\"250\" height=\"250\" srcset=\"https:\/\/www.djm.nl\/wp-content\/uploads\/2019\/05\/pic4-2-250x250.png 250w, https:\/\/www.djm.nl\/wp-content\/uploads\/2019\/05\/pic4-2-150x150.png 150w, https:\/\/www.djm.nl\/wp-content\/uploads\/2019\/05\/pic4-2-300x300.png 300w, https:\/\/www.djm.nl\/wp-content\/uploads\/2019\/05\/pic4-2-768x768.png 768w, https:\/\/www.djm.nl\/wp-content\/uploads\/2019\/05\/pic4-2-200x200.png 200w, https:\/\/www.djm.nl\/wp-content\/uploads\/2019\/05\/pic4-2.png 1000w\" sizes=\"auto, (max-width: 250px) 100vw, 250px\" \/><\/h2>\n<p>DJM is strategische partner van Kyocera, HP en Fujifilm Dimatix. Met deze partners beschikt DJM over de beste thermische en pi\u00ebzo-elektrische inkjettechnologie\u00ebn die beschikbaar zijn.<\/p>\n<h4><span style=\"color: #00ccff;\">Wij vertrouwen op de beste partners, u ook!<\/span><\/h4>\n<\/div>\n<\/div><\/div><div id=\"panel-9232-0-0-4\" class=\"so-panel widget widget_sow-editor\" data-index=\"4\" ><div class=\"so-widget-sow-editor so-widget-sow-editor-base\">\n<div class=\"siteorigin-widget-tinymce textwidget\">\n\t<h2>Integratie specialist<img loading=\"lazy\" decoding=\"async\" class=\"alignright size-custom-size-250 wp-image-4244\" src=\"https:\/\/www.djm.nl\/wp-content\/uploads\/2019\/05\/pic5-2-250x250.png\" alt=\"\" width=\"250\" height=\"250\" srcset=\"https:\/\/www.djm.nl\/wp-content\/uploads\/2019\/05\/pic5-2-250x250.png 250w, https:\/\/www.djm.nl\/wp-content\/uploads\/2019\/05\/pic5-2-150x150.png 150w, https:\/\/www.djm.nl\/wp-content\/uploads\/2019\/05\/pic5-2-300x300.png 300w, https:\/\/www.djm.nl\/wp-content\/uploads\/2019\/05\/pic5-2-768x768.png 768w, https:\/\/www.djm.nl\/wp-content\/uploads\/2019\/05\/pic5-2-200x200.png 200w, https:\/\/www.djm.nl\/wp-content\/uploads\/2019\/05\/pic5-2.png 1000w\" sizes=\"auto, (max-width: 250px) 100vw, 250px\" \/><\/h2>\n<p>In de afgelopen 28 jaar hebben we veel inkjet integratie projecten voltooid, zoals met rotatieoffset- of flexo persen, roterende afwerkingslijnen, inserters enz. Om de algehele lijnprestaties te maximaliseren, wordt elk detail onderzocht, signalen uitgewisseld tussen systemen, technische integratie.<\/p>\n<h4><span style=\"color: #00ccff;\">Onze integratie-ervaring geeft u het vertrouwen om de beste ge\u00efntegreerde oplossing te hebben!<\/span><\/h4>\n<\/div>\n<\/div><\/div><div id=\"panel-9232-0-0-5\" class=\"so-panel widget widget_sow-editor\" data-index=\"5\" ><div class=\"so-widget-sow-editor so-widget-sow-editor-base\">\n<div class=\"siteorigin-widget-tinymce textwidget\">\n\t<h2>Slimme controller software<img loading=\"lazy\" decoding=\"async\" class=\"alignright size-custom-size-250 wp-image-4249\" src=\"https:\/\/www.djm.nl\/wp-content\/uploads\/2019\/05\/pic6-2-250x250.png\" alt=\"\" width=\"250\" height=\"250\" srcset=\"https:\/\/www.djm.nl\/wp-content\/uploads\/2019\/05\/pic6-2-250x250.png 250w, https:\/\/www.djm.nl\/wp-content\/uploads\/2019\/05\/pic6-2-150x150.png 150w, https:\/\/www.djm.nl\/wp-content\/uploads\/2019\/05\/pic6-2-300x300.png 300w, https:\/\/www.djm.nl\/wp-content\/uploads\/2019\/05\/pic6-2-768x768.png 768w, https:\/\/www.djm.nl\/wp-content\/uploads\/2019\/05\/pic6-2-200x200.png 200w, https:\/\/www.djm.nl\/wp-content\/uploads\/2019\/05\/pic6-2.png 1000w\" sizes=\"auto, (max-width: 250px) 100vw, 250px\" \/><\/h2>\n<p>De controller software is ontwikkeld door DJM's eigen softwareafdeling. Door de software intern te programmeren, kunnen we snel en effici\u00ebnt inspelen op wijzigingen. De rip-engine is op software gebaseerd en ript de gegevens on-the-fly, waardoor uw productie flexibeler wordt. De controller is flexibel, adaptief en regelt en combineert verschillende inkjet print technologie\u00ebn. Het verbetert een intu\u00eftieve, pictogram gestuurde en effici\u00ebnte gebruikersinterface.<\/p>\n<h4><span style=\"color: #00ccff;\">De controller geeft je de flexibiliteit die je nodig hebt om je bedrijf te laten groeien!<\/span><\/h4>\n<\/div>\n<\/div><\/div><div id=\"panel-9232-0-0-6\" class=\"so-panel widget widget_sow-editor\" data-index=\"6\" ><div class=\"so-widget-sow-editor so-widget-sow-editor-base\">\n<div class=\"siteorigin-widget-tinymce textwidget\">\n\t<h2>Industri\u00eble ontwerpfilosofie<img loading=\"lazy\" decoding=\"async\" class=\"alignright size-custom-size-250 wp-image-4249\" src=\"https:\/\/www.djm.nl\/wp-content\/uploads\/2019\/05\/pic6-2-250x250.png\" alt=\"\" width=\"250\" height=\"250\" srcset=\"https:\/\/www.djm.nl\/wp-content\/uploads\/2019\/05\/pic6-2-250x250.png 250w, https:\/\/www.djm.nl\/wp-content\/uploads\/2019\/05\/pic6-2-150x150.png 150w, https:\/\/www.djm.nl\/wp-content\/uploads\/2019\/05\/pic6-2-300x300.png 300w, https:\/\/www.djm.nl\/wp-content\/uploads\/2019\/05\/pic6-2-768x768.png 768w, https:\/\/www.djm.nl\/wp-content\/uploads\/2019\/05\/pic6-2-200x200.png 200w, https:\/\/www.djm.nl\/wp-content\/uploads\/2019\/05\/pic6-2.png 1000w\" sizes=\"auto, (max-width: 250px) 100vw, 250px\" \/><\/h2>\n<p>We begrijpen dat onze oplossingen winstgevend moeten zijn voor onze klanten. Hoe beter het systeem presteert \u2013 in termen van productiviteit, betrouwbaarheid en flexibiliteit \u2013 hoe hoger de winst. We leven volgens een duidelijke industri\u00eble ontwerpfilosofie die zorgt voor een betrouwbaar systeem dat gemakkelijk te onderhouden is.<\/p>\n<h4><span style=\"color: #00ccff;\">Wij zijn van mening dat betrouwbaarheid de sleutel is om winst te maken met het printen van variabele gegevens!<\/span><\/h4>\n<\/div>\n<\/div><\/div><div id=\"panel-9232-0-0-7\" class=\"so-panel widget widget_sow-editor\" data-index=\"7\" ><div class=\"so-widget-sow-editor so-widget-sow-editor-base\">\n<div class=\"siteorigin-widget-tinymce textwidget\">\n\t<h2>Wereldwijd klantenbestand<img loading=\"lazy\" decoding=\"async\" class=\"alignright size-custom-size-250 wp-image-4259\" src=\"https:\/\/www.djm.nl\/wp-content\/uploads\/2019\/05\/pic8-2-250x250.png\" alt=\"\" width=\"250\" height=\"250\" srcset=\"https:\/\/www.djm.nl\/wp-content\/uploads\/2019\/05\/pic8-2-250x250.png 250w, https:\/\/www.djm.nl\/wp-content\/uploads\/2019\/05\/pic8-2-150x150.png 150w, https:\/\/www.djm.nl\/wp-content\/uploads\/2019\/05\/pic8-2-300x300.png 300w, https:\/\/www.djm.nl\/wp-content\/uploads\/2019\/05\/pic8-2-768x768.png 768w, https:\/\/www.djm.nl\/wp-content\/uploads\/2019\/05\/pic8-2-200x200.png 200w, https:\/\/www.djm.nl\/wp-content\/uploads\/2019\/05\/pic8-2.png 1000w\" sizes=\"auto, (max-width: 250px) 100vw, 250px\" \/><\/h2>\n<p>Onze inkjetprintoplossingen worden gewaardeerd door onze wereldwijde klanten. Bij specifieke wensen vervaardigen wij op basis van de projectbeschrijving en de verwachtingen van onze klanten een oplossing op maat. Een oplossing bieden die de verwachtingen van onze klanten overtreft, dat is wat ons drijft!<\/p>\n<h4><span style=\"color: #00ccff;\">Onze klanten over de hele wereld vertrouwen op onze oplossingen en expertise, u ook!<\/span><\/h4>\n<\/div>\n<\/div><\/div><div id=\"panel-9232-0-0-8\" class=\"so-panel widget widget_sow-editor panel-last-child\" data-index=\"8\" ><div class=\"so-widget-sow-editor so-widget-sow-editor-base\">\n<div class=\"siteorigin-widget-tinymce textwidget\">\n\t<h2>Inkjet adviespartner<img loading=\"lazy\" decoding=\"async\" class=\"alignright size-custom-size-250 wp-image-4264\" src=\"https:\/\/www.djm.nl\/wp-content\/uploads\/2019\/05\/pic9-250x250.png\" alt=\"\" width=\"250\" height=\"250\" srcset=\"https:\/\/www.djm.nl\/wp-content\/uploads\/2019\/05\/pic9-250x250.png 250w, https:\/\/www.djm.nl\/wp-content\/uploads\/2019\/05\/pic9-150x150.png 150w, https:\/\/www.djm.nl\/wp-content\/uploads\/2019\/05\/pic9-300x300.png 300w, https:\/\/www.djm.nl\/wp-content\/uploads\/2019\/05\/pic9-768x768.png 768w, https:\/\/www.djm.nl\/wp-content\/uploads\/2019\/05\/pic9-200x200.png 200w, https:\/\/www.djm.nl\/wp-content\/uploads\/2019\/05\/pic9.png 1000w\" sizes=\"auto, (max-width: 250px) 100vw, 250px\" \/><\/h2>\n<p>Met meer dan 28 jaar inkjet ervaring zijn wij een partner met veel expertise en knowhow. Wij kunnen uw project helpen slagen en u voorzien van alle benodigde informatie.<\/p>\n<h4><span style=\"color: #00ccff;\">We zullen ons uiterste best doen om u een inkjet oplossing te leveren die uw verwachting overtreft!<\/span><\/h4>\n<\/div>\n<\/div><\/div><\/div><\/div><\/div><div id=\"pg-9232-1\"  class=\"panel-grid panel-no-style\" ><div id=\"pgc-9232-1-0\"  class=\"panel-grid-cell\" ><div id=\"panel-9232-1-0-0\" class=\"so-panel widget widget_sow-cta panel-first-child panel-last-child\" data-index=\"9\" ><div class=\"so-widget-sow-cta so-widget-sow-cta-default-4208922e6c26-9232\"><div class=\"sow-cta-base\">\n\n\t<div class=\"sow-cta-wrapper\">\n\n\t\t<div class=\"sow-cta-text\">\n\t\t\t<h4 class=\"sow-cta-title\">Met meer dan 28 jaar ervaring in inkjet hebben we de kennis om succesvol te zijn in elk project.<\/h4>\n\t\t\t<h5 class=\"sow-cta-subtitle\">Laat ons deel uitmaken van uw project!<\/h5>\n\t\t<\/div>\n\n\t\t<div class=\"so-widget-sow-button so-widget-sow-button-atom-b4f6b6b19f96\"><div class=\"ow-button-base ow-button-align-center\">\n\t<a href=\"mailto:sales@djm.nl\" class=\"ow-icon-placement-left ow-button-hover\" \t\t>\n\t\t<span>\n\t\t\t\n\t\t\tmeer informatie\t\t<\/span>\n\t<\/a>\n<\/div>\n<\/div>\n\t<\/div>\n\n<\/div>\n<\/div><\/div><\/div><\/div><\/div>","protected":false},"excerpt":{"rendered":"<p>Inkjet expertise De specialiteit van DJM is het ontwikkelen en verbeteren van inkjet printtechnologie. Van de ontwikkeling van print modules, &#8216;driver electronics&#8217; tot controller software, alles wordt in eigen huis gedaan met een toegewijd team van specialisten. Onze ervaring geeft u een concurrentievoordeel! In-house ontwikkeling Om het niveau van systeembetrouwbaarheid te bereiken, heeft DJM het [&hellip;]<\/p>\n","protected":false},"author":4,"featured_media":0,"parent":0,"menu_order":0,"comment_status":"closed","ping_status":"closed","template":"","meta":{"footnotes":""},"class_list":["post-9232","page","type-page","status-publish","hentry"],"_links":{"self":[{"href":"https:\/\/www.djm.nl\/nl\/wp-json\/wp\/v2\/pages\/9232","targetHints":{"allow":["GET"]}}],"collection":[{"href":"https:\/\/www.djm.nl\/nl\/wp-json\/wp\/v2\/pages"}],"about":[{"href":"https:\/\/www.djm.nl\/nl\/wp-json\/wp\/v2\/types\/page"}],"author":[{"embeddable":true,"href":"https:\/\/www.djm.nl\/nl\/wp-json\/wp\/v2\/users\/4"}],"replies":[{"embeddable":true,"href":"https:\/\/www.djm.nl\/nl\/wp-json\/wp\/v2\/comments?post=9232"}],"version-history":[{"count":11,"href":"https:\/\/www.djm.nl\/nl\/wp-json\/wp\/v2\/pages\/9232\/revisions"}],"predecessor-version":[{"id":9304,"href":"https:\/\/www.djm.nl\/nl\/wp-json\/wp\/v2\/pages\/9232\/revisions\/9304"}],"wp:attachment":[{"href":"https:\/\/www.djm.nl\/nl\/wp-json\/wp\/v2\/media?parent=9232"}],"curies":[{"name":"wp","href":"https:\/\/api.w.org\/{rel}","templated":true}]}}