{"id":13534,"date":"2024-05-22T13:25:17","date_gmt":"2024-05-22T12:25:17","guid":{"rendered":"https:\/\/www.djm.nl\/products\/eureka\/"},"modified":"2025-06-17T11:23:52","modified_gmt":"2025-06-17T10:23:52","slug":"eureka","status":"publish","type":"page","link":"https:\/\/www.djm.nl\/nl\/products\/eureka\/","title":{"rendered":"Eureka"},"content":{"rendered":"<div id=\"pl-13534\"  class=\"panel-layout\" ><div id=\"pg-13534-0\"  class=\"panel-grid panel-no-style\" ><div id=\"pgc-13534-0-0\"  class=\"panel-grid-cell\" ><div id=\"panel-13534-0-0-0\" class=\"so-panel widget widget_sow-editor panel-first-child panel-last-child\" data-index=\"0\" ><div class=\"so-widget-sow-editor so-widget-sow-editor-base\">\n<div class=\"siteorigin-widget-tinymce textwidget\">\n\t<h3>Verhoog je output en verhoog je winstgevendheid met het Eureka printsysteem van DJM<\/h3>\n<h4>De nieuwste thermische printhead technologie<\/h4>\n<p>Het <strong>Eureka<\/strong> print systeem maakt gebruik van de nieuwste TIJ4.0-HD-printhead van HP. Deze printhead wordt gekenmerkt door het hoge aantal \u2018nozzles\u2019 voor een hoge resolutie (1.200 dpi per slot) met \u2018nozzle redundancy\u2019. Daarnaast maakt deze printhead gebruik van HP's gepatenteerde micro-recirculatie technologie, en staat garant voor een lange open tijd van de \u2018nozzles\u2019 en daarmee lange reinigingsintervallen.<\/p>\n<p>Het <strong>Eureka<\/strong> printsysteem kan voor een breed scala aan toepassingen worden ingezet. Afhankelijk van de voor de toepassing benodigde printresolutie zijn printsnelheden tot 180 meter per minuut mogelijk.<\/p>\n<h4>Schaalbaarheid<\/h4>\n<p>Al naar gelang de toepassingsvereisten kan de printbreedte van e <strong>Eureka<\/strong> printmodule worden geconfigureerd met \u00e9\u00e9n of meerdere printheads om de ideale printbreedte te cre\u00ebren. De printhead heeft twee slots, waardoor met slechts \u00e9\u00e9n printhead in twee kleuren kan worden geprint, of met slechts twee prinhteads in full color (CMYK).<\/p>\n<p>&nbsp;<\/p>\n<\/div>\n<\/div><\/div><\/div><\/div><div id=\"pg-13534-1\"  class=\"panel-grid panel-no-style\" ><div id=\"pgc-13534-1-0\"  class=\"panel-grid-cell\" ><div id=\"panel-13534-1-0-0\" class=\"so-panel widget widget_sow-image panel-first-child panel-last-child\" data-index=\"1\" ><div class=\"so-widget-sow-image so-widget-sow-image-default-d6014b76747a-13534\">\n\n<div class=\"sow-image-container\">\n\t\t<img decoding=\"async\" src=\"https:\/\/www.djm.nl\/wp-content\/uploads\/2025\/06\/1PH-2R-108.png\" width=\"500\" height=\"500\" srcset=\"https:\/\/www.djm.nl\/wp-content\/uploads\/2025\/06\/1PH-2R-108.png 500w, https:\/\/www.djm.nl\/wp-content\/uploads\/2025\/06\/1PH-2R-108-300x300.png 300w, https:\/\/www.djm.nl\/wp-content\/uploads\/2025\/06\/1PH-2R-108-150x150.png 150w, https:\/\/www.djm.nl\/wp-content\/uploads\/2025\/06\/1PH-2R-108-200x200.png 200w, https:\/\/www.djm.nl\/wp-content\/uploads\/2025\/06\/1PH-2R-108-250x250.png 250w\" sizes=\"auto, (max-width: 500px) 100vw, 500px\" alt=\"\" loading=\"lazy\" \t\tclass=\"so-widget-image\"\/>\n\t<\/div>\n\n<\/div><\/div><\/div><div id=\"pgc-13534-1-1\"  class=\"panel-grid-cell\" ><div id=\"panel-13534-1-1-0\" class=\"so-panel widget widget_sow-image panel-first-child panel-last-child\" data-index=\"2\" ><div class=\"so-widget-sow-image so-widget-sow-image-default-d6014b76747a-13534\">\n\n<div class=\"sow-image-container\">\n\t\t<img decoding=\"async\" src=\"https:\/\/www.djm.nl\/wp-content\/uploads\/2025\/06\/2PH-2C.png\" width=\"500\" height=\"500\" srcset=\"https:\/\/www.djm.nl\/wp-content\/uploads\/2025\/06\/2PH-2C.png 500w, https:\/\/www.djm.nl\/wp-content\/uploads\/2025\/06\/2PH-2C-300x300.png 300w, https:\/\/www.djm.nl\/wp-content\/uploads\/2025\/06\/2PH-2C-150x150.png 150w, https:\/\/www.djm.nl\/wp-content\/uploads\/2025\/06\/2PH-2C-200x200.png 200w, https:\/\/www.djm.nl\/wp-content\/uploads\/2025\/06\/2PH-2C-250x250.png 250w\" sizes=\"auto, (max-width: 500px) 100vw, 500px\" alt=\"\" loading=\"lazy\" \t\tclass=\"so-widget-image\"\/>\n\t<\/div>\n\n<\/div><\/div><\/div><div id=\"pgc-13534-1-2\"  class=\"panel-grid-cell\" ><div id=\"panel-13534-1-2-0\" class=\"so-panel widget widget_sow-image panel-first-child panel-last-child\" data-index=\"3\" ><div class=\"so-widget-sow-image so-widget-sow-image-default-d6014b76747a-13534\">\n\n<div class=\"sow-image-container\">\n\t\t<img decoding=\"async\" src=\"https:\/\/www.djm.nl\/wp-content\/uploads\/2025\/06\/4PH-1CR.png\" width=\"500\" height=\"500\" srcset=\"https:\/\/www.djm.nl\/wp-content\/uploads\/2025\/06\/4PH-1CR.png 500w, https:\/\/www.djm.nl\/wp-content\/uploads\/2025\/06\/4PH-1CR-300x300.png 300w, https:\/\/www.djm.nl\/wp-content\/uploads\/2025\/06\/4PH-1CR-150x150.png 150w, https:\/\/www.djm.nl\/wp-content\/uploads\/2025\/06\/4PH-1CR-200x200.png 200w, https:\/\/www.djm.nl\/wp-content\/uploads\/2025\/06\/4PH-1CR-250x250.png 250w\" sizes=\"auto, (max-width: 500px) 100vw, 500px\" alt=\"\" loading=\"lazy\" \t\tclass=\"so-widget-image\"\/>\n\t<\/div>\n\n<\/div><\/div><\/div><\/div><div id=\"pg-13534-2\"  class=\"panel-grid panel-no-style\" ><div id=\"pgc-13534-2-0\"  class=\"panel-grid-cell\" ><div id=\"panel-13534-2-0-0\" class=\"so-panel widget widget_sow-editor panel-first-child panel-last-child\" data-index=\"4\" ><div class=\"so-widget-sow-editor so-widget-sow-editor-base\">\n<div class=\"siteorigin-widget-tinymce textwidget\">\n\t<h5>Eureka 108 1PH MONO<\/h5>\n<p>printkoppen: 1<br \/>\nkleuren: Zwart<br \/>\nkleuren per printkop: 1<br \/>\nIDS: IDS-1CR<\/p>\n<\/div>\n<\/div><\/div><\/div><div id=\"pgc-13534-2-1\"  class=\"panel-grid-cell\" ><div id=\"panel-13534-2-1-0\" class=\"so-panel widget widget_sow-editor panel-first-child panel-last-child\" data-index=\"5\" ><div class=\"so-widget-sow-editor so-widget-sow-editor-base\">\n<div class=\"siteorigin-widget-tinymce textwidget\">\n\t<h5>Eureka 108 2PH FC<\/h5>\n<p>printkoppen: 2<br \/>\nkleuren: CMYK<br \/>\nkleuren per printkop: 2<br \/>\nIDS: IDS-2C<\/p>\n<\/div>\n<\/div><\/div><\/div><div id=\"pgc-13534-2-2\"  class=\"panel-grid-cell\" ><div id=\"panel-13534-2-2-0\" class=\"so-panel widget widget_sow-editor panel-first-child panel-last-child\" data-index=\"6\" ><div class=\"so-widget-sow-editor so-widget-sow-editor-base\">\n<div class=\"siteorigin-widget-tinymce textwidget\">\n\t<h5>Eureka 108 4PH FC<\/h5>\n<p>printkoppen: 4<br \/>\nkleuren: CMYK<br \/>\nkleuren per printkop: 1<br \/>\nIDS: IDS-1CR<\/p>\n<\/div>\n<\/div><\/div><\/div><\/div><div id=\"pg-13534-3\"  class=\"panel-grid panel-no-style\" ><div id=\"pgc-13534-3-0\"  class=\"panel-grid-cell\" ><div id=\"panel-13534-3-0-0\" class=\"so-panel widget widget_sow-editor panel-first-child panel-last-child\" data-index=\"7\" ><div class=\"so-widget-sow-editor so-widget-sow-editor-base\">\n<div class=\"siteorigin-widget-tinymce textwidget\">\n\t<h4>Inktsysteem<\/h4>\n<p>Het Eureka-systeem is uitgerust met een standaard cartridgesysteem voor de inkttoevoer, dat \u00e9\u00e9n of twee cartridges van 775 ml per kleur ondersteunt. In de configuratie met twee cartridges schakelt het systeem automatisch over naar de volle cartridge zodra de eerste leeg is, waardoor een continue en ononderbroken werking wordt gegarandeerd.<\/p>\n<h4>De droom van elke integrator<\/h4>\n<p>De printheads van het <strong>Eureka<\/strong> systeem zijn ontworpen om zowel verticaal als horizontaal te printen. In combinatie met de compacte afmetingen van de printmodule is er altijd wel een montagepositie te vinden. Deze flexibiliteit maakt het terecht de droom van elke integrator.<\/p>\n<h4>Gebruikersvriendelijk<\/h4>\n<p>Het <strong>Eureka<\/strong> printsysteem is zeer eenvoudig in gebruik. Het systeem maakt gebruik van een extern cartridge gebaseerd inkttoevoersysteem met twee cartridges per kleur, en maakt lange ongestroorde productieruns mogelijk. De inktcartridge en printhead kunnen binnen enkele minuten zonder gereedschap worden vervangen, wat het systeem zeer gebruiksvriendelijk maakt.<\/p>\n<\/div>\n<\/div><\/div><\/div><\/div><div id=\"pg-13534-4\"  class=\"panel-grid panel-no-style\" ><div id=\"pgc-13534-4-0\"  class=\"panel-grid-cell\" ><div id=\"panel-13534-4-0-0\" class=\"so-panel widget widget_sow-editor panel-first-child panel-last-child\" data-index=\"8\" ><div class=\"so-widget-sow-editor so-widget-sow-editor-base\">\n<div class=\"siteorigin-widget-tinymce textwidget\">\n\t<div id=\"attachment_13636\" style=\"width: 306px\" class=\"wp-caption alignleft\"><img aria-describedby=\"caption-attachment-13636\" loading=\"lazy\" decoding=\"async\" class=\"wp-image-13636 size-medium\" src=\"https:\/\/www.djm.nl\/wp-content\/uploads\/2024\/05\/eureka-vertically-and-horizontally-1-296x300.png\" alt=\"\" width=\"296\" height=\"300\" srcset=\"https:\/\/www.djm.nl\/wp-content\/uploads\/2024\/05\/eureka-vertically-and-horizontally-1-296x300.png 296w, https:\/\/www.djm.nl\/wp-content\/uploads\/2024\/05\/eureka-vertically-and-horizontally-1-1012x1024.png 1012w, https:\/\/www.djm.nl\/wp-content\/uploads\/2024\/05\/eureka-vertically-and-horizontally-1-768x777.png 768w, https:\/\/www.djm.nl\/wp-content\/uploads\/2024\/05\/eureka-vertically-and-horizontally-1-198x200.png 198w, https:\/\/www.djm.nl\/wp-content\/uploads\/2024\/05\/eureka-vertically-and-horizontally-1-247x250.png 247w, https:\/\/www.djm.nl\/wp-content\/uploads\/2024\/05\/eureka-vertically-and-horizontally-1-148x150.png 148w, https:\/\/www.djm.nl\/wp-content\/uploads\/2024\/05\/eureka-vertically-and-horizontally-1.png 1386w\" sizes=\"auto, (max-width: 296px) 100vw, 296px\" \/><p id=\"caption-attachment-13636\" class=\"wp-caption-text\">Print zowel verticaal als horizontaal<\/p><\/div>\n<\/div>\n<\/div><\/div><\/div><div id=\"pgc-13534-4-1\"  class=\"panel-grid-cell\" ><div id=\"panel-13534-4-1-0\" class=\"so-panel widget widget_sow-editor panel-first-child panel-last-child\" data-index=\"9\" ><div class=\"so-widget-sow-editor so-widget-sow-editor-base\">\n<div class=\"siteorigin-widget-tinymce textwidget\">\n\t<div id=\"attachment_13495\" style=\"width: 310px\" class=\"wp-caption aligncenter\"><img aria-describedby=\"caption-attachment-13495\" loading=\"lazy\" decoding=\"async\" class=\"wp-image-13495 size-medium\" src=\"https:\/\/www.djm.nl\/wp-content\/uploads\/2024\/05\/eureka-microrecirculation-300x300.png\" alt=\"\" width=\"300\" height=\"300\" srcset=\"https:\/\/www.djm.nl\/wp-content\/uploads\/2024\/05\/eureka-microrecirculation-300x300.png 300w, https:\/\/www.djm.nl\/wp-content\/uploads\/2024\/05\/eureka-microrecirculation-150x150.png 150w, https:\/\/www.djm.nl\/wp-content\/uploads\/2024\/05\/eureka-microrecirculation-200x200.png 200w, https:\/\/www.djm.nl\/wp-content\/uploads\/2024\/05\/eureka-microrecirculation-250x250.png 250w, https:\/\/www.djm.nl\/wp-content\/uploads\/2024\/05\/eureka-microrecirculation.png 539w\" sizes=\"auto, (max-width: 300px) 100vw, 300px\" \/><p id=\"caption-attachment-13495\" class=\"wp-caption-text\">De gepatenteerde microrecirculatie garandeert een lange open tijd van de inkt en lange reinigingsintervallen<\/p><\/div>\n<\/div>\n<\/div><\/div><\/div><div id=\"pgc-13534-4-2\"  class=\"panel-grid-cell\" ><div id=\"panel-13534-4-2-0\" class=\"so-panel widget widget_sow-editor panel-first-child panel-last-child\" data-index=\"10\" ><div class=\"so-widget-sow-editor so-widget-sow-editor-base\">\n<div class=\"siteorigin-widget-tinymce textwidget\">\n\t<div id=\"attachment_13485\" style=\"width: 308px\" class=\"wp-caption alignright\"><img aria-describedby=\"caption-attachment-13485\" loading=\"lazy\" decoding=\"async\" class=\"wp-image-13485 size-medium\" src=\"https:\/\/www.djm.nl\/wp-content\/uploads\/2024\/05\/eureka-two-colors-298x300.png\" alt=\"\" width=\"298\" height=\"300\" srcset=\"https:\/\/www.djm.nl\/wp-content\/uploads\/2024\/05\/eureka-two-colors-298x300.png 298w, https:\/\/www.djm.nl\/wp-content\/uploads\/2024\/05\/eureka-two-colors-1018x1024.png 1018w, https:\/\/www.djm.nl\/wp-content\/uploads\/2024\/05\/eureka-two-colors-150x150.png 150w, https:\/\/www.djm.nl\/wp-content\/uploads\/2024\/05\/eureka-two-colors-768x772.png 768w, https:\/\/www.djm.nl\/wp-content\/uploads\/2024\/05\/eureka-two-colors-1527x1536.png 1527w, https:\/\/www.djm.nl\/wp-content\/uploads\/2024\/05\/eureka-two-colors-2036x2048.png 2036w, https:\/\/www.djm.nl\/wp-content\/uploads\/2024\/05\/eureka-two-colors-200x200.png 200w\" sizes=\"auto, (max-width: 298px) 100vw, 298px\" \/><p id=\"caption-attachment-13485\" class=\"wp-caption-text\">Elke printhead heeft twee slots voor het printen van \u00e9\u00e9n kleur met 1.200 dpi en redundantie of met twee kleuren<\/p><\/div>\n<\/div>\n<\/div><\/div><\/div><\/div><div id=\"pg-13534-5\"  class=\"panel-grid panel-no-style\" ><div id=\"pgc-13534-5-0\"  class=\"panel-grid-cell\" ><div id=\"panel-13534-5-0-0\" class=\"so-panel widget widget_sow-editor panel-first-child panel-last-child\" data-index=\"11\" ><div class=\"so-widget-sow-editor so-widget-sow-editor-base\">\n<div class=\"siteorigin-widget-tinymce textwidget\">\n\t<h4>Voordelen en kostenbesparing<\/h4>\n<p>De <strong>Eureka<\/strong> print module biedt vele voordelen en kostenbesparingen, zoals een hogere uptime, snellere set-up tijd, hoge afdruk kwaliteit, inkt flexibiliteit, geen 'refurbishing' kosten en nog veel meer.\u00a0<a href=\"https:\/\/www.djm.nl\/nl\/voordelen-en-kostenbesparing\/\">Lees verder.<\/a><\/p>\n<h4><strong>Betrouwbare partner<\/strong><\/h4>\n<p>U wilt een partner die betrouwbaar, betrokken en gekwalificeerd is. Beloven en afspraken nakomt. Bij DJM draait alles om inkjet. Met meer dan 30 jaar ervaring drijven we de industri\u00eble inkjet technologie tot het uiterste. Leiders in de print industrie over de hele wereld hebben zich tot DJM gewend voor inkjet oplossingen omdat ze onze persoonlijke benadering en solide techniek waarderen. Ons doel is om u de beste inkjet oplossing te bieden voor hoogwaardige variabele gegevensuitvoer en verhoogde effici\u00ebntie. <a href=\"https:\/\/www.djm.nl\/nl\/onze-beloften\/\">Lees hier onze beloften.<\/a><\/p>\n<h4>Start integrating digital excellence<\/h4>\n<p>&nbsp;<\/p>\n<h4>Eureka-voordelen<\/h4>\n<ul>\n<li>Eenvoudig te integreren<\/li>\n<li>Print verticaal en horizontaal<\/li>\n<li>Hoge printkwaliteit van 1.200 dpi met redundancy<\/li>\n<li>Hoge snelheid - tot 180 m\/min<\/li>\n<li>Schaalbare printmodule-installatie<\/li>\n<li>Gebruikersvriendelijk<\/li>\n<\/ul>\n<\/div>\n<\/div><\/div><\/div><\/div><div id=\"pg-13534-6\"  class=\"panel-grid panel-no-style\" ><div id=\"pgc-13534-6-0\"  class=\"panel-grid-cell\" ><div id=\"panel-13534-6-0-0\" class=\"so-panel widget widget_sow-cta panel-first-child panel-last-child\" data-index=\"12\" ><div class=\"so-widget-sow-cta so-widget-sow-cta-default-4208922e6c26-13534\"><div class=\"sow-cta-base\">\n\n\t<div class=\"sow-cta-wrapper\">\n\n\t\t<div class=\"sow-cta-text\">\n\t\t\t<h4 class=\"sow-cta-title\">Benieuwd wat Eureka voor uw printproductie kan betekenen?<\/h4>\n\t\t\t<h5 class=\"sow-cta-subtitle\">Vraag naar de mogelijkheden.<\/h5>\n\t\t<\/div>\n\n\t\t<div class=\"so-widget-sow-button so-widget-sow-button-atom-b4f6b6b19f96\"><div class=\"ow-button-base ow-button-align-center\">\n\t<a href=\"mailto:sales@djm.nl\" class=\"ow-icon-placement-left ow-button-hover\" \t\t>\n\t\t<span>\n\t\t\t\n\t\t\tContact ons\t\t<\/span>\n\t<\/a>\n<\/div>\n<\/div>\n\t<\/div>\n\n<\/div>\n<\/div><\/div><\/div><\/div><\/div>","protected":false},"excerpt":{"rendered":"<p>Verhoog je output en verhoog je winstgevendheid met het Eureka printsysteem van DJM De nieuwste thermische printhead technologie Het Eureka print systeem maakt gebruik van de nieuwste TIJ4.0-HD-printhead van HP. Deze printhead wordt gekenmerkt door het hoge aantal \u2018nozzles\u2019 voor een hoge resolutie (1.200 dpi per slot) met \u2018nozzle redundancy\u2019. Daarnaast maakt deze printhead gebruik [&hellip;]<\/p>\n","protected":false},"author":4,"featured_media":0,"parent":1034,"menu_order":0,"comment_status":"closed","ping_status":"closed","template":"","meta":{"footnotes":""},"class_list":["post-13534","page","type-page","status-publish","hentry"],"_links":{"self":[{"href":"https:\/\/www.djm.nl\/nl\/wp-json\/wp\/v2\/pages\/13534","targetHints":{"allow":["GET"]}}],"collection":[{"href":"https:\/\/www.djm.nl\/nl\/wp-json\/wp\/v2\/pages"}],"about":[{"href":"https:\/\/www.djm.nl\/nl\/wp-json\/wp\/v2\/types\/page"}],"author":[{"embeddable":true,"href":"https:\/\/www.djm.nl\/nl\/wp-json\/wp\/v2\/users\/4"}],"replies":[{"embeddable":true,"href":"https:\/\/www.djm.nl\/nl\/wp-json\/wp\/v2\/comments?post=13534"}],"version-history":[{"count":12,"href":"https:\/\/www.djm.nl\/nl\/wp-json\/wp\/v2\/pages\/13534\/revisions"}],"predecessor-version":[{"id":14275,"href":"https:\/\/www.djm.nl\/nl\/wp-json\/wp\/v2\/pages\/13534\/revisions\/14275"}],"up":[{"embeddable":true,"href":"https:\/\/www.djm.nl\/nl\/wp-json\/wp\/v2\/pages\/1034"}],"wp:attachment":[{"href":"https:\/\/www.djm.nl\/nl\/wp-json\/wp\/v2\/media?parent=13534"}],"curies":[{"name":"wp","href":"https:\/\/api.w.org\/{rel}","templated":true}]}}