{"id":1019,"date":"2018-02-18T23:41:57","date_gmt":"2018-02-18T22:41:57","guid":{"rendered":"https:\/\/www.djm.nl\/market-segments\/"},"modified":"2024-01-17T13:23:52","modified_gmt":"2024-01-17T12:23:52","slug":"markten","status":"publish","type":"page","link":"https:\/\/www.djm.nl\/nl\/markten\/","title":{"rendered":"Markten"},"content":{"rendered":"<div id=\"pl-1019\"  class=\"panel-layout\" ><div id=\"pg-1019-0\"  class=\"panel-grid panel-no-style\" ><div id=\"pgc-1019-0-0\"  class=\"panel-grid-cell\" ><div id=\"panel-1019-0-0-0\" class=\"so-panel widget widget_sow-editor panel-first-child panel-last-child\" data-index=\"0\" ><div class=\"so-widget-sow-editor so-widget-sow-editor-base\">\n<div class=\"siteorigin-widget-tinymce textwidget\">\n\t<h1>Uw markt segment personalived<\/h1>\n<p>Printopdrachten hebben een grote vari\u00ebteit. U hebt een inkjettechniek nodig die een bijdrage levert aan de winstgevendheid.<\/p>\n<p>DJM ontwikkelt inkjet oplossingen die voldoen aan de productie karakteristiek van uw marktsegment. DJM heeft een ruime portfolio aan industri\u00eble inkjet oplossingen voor sectoren als: Verpakking (corrugated en flexible), Coding and Inspection, Direct Mail, Loyaliteitsprogramma's, Loterij &amp; Gaming, Labeling &amp; Adressering.<\/p>\n<\/div>\n<\/div><\/div><\/div><\/div><div id=\"pg-1019-1\"  class=\"panel-grid panel-has-style\" ><div class=\"zebra markets panel-row-style panel-row-style-for-1019-1\" ><div id=\"pgc-1019-1-0\"  class=\"panel-grid-cell\" ><div id=\"panel-1019-1-0-0\" class=\"so-panel widget widget_sow-editor panel-first-child\" data-index=\"1\" ><div class=\"so-widget-sow-editor so-widget-sow-editor-base\">\n<div class=\"siteorigin-widget-tinymce textwidget\">\n\t<h2>Verpakkingen<img loading=\"lazy\" decoding=\"async\" class=\"alignright wp-image-2590 size-custom-size-200\" src=\"https:\/\/www.djm.nl\/wp-content\/uploads\/2018\/08\/market-segments-packaging-1000-200x200.jpg\" alt=\"\" width=\"200\" height=\"200\" srcset=\"https:\/\/www.djm.nl\/wp-content\/uploads\/2018\/08\/market-segments-packaging-1000-200x200.jpg 200w, https:\/\/www.djm.nl\/wp-content\/uploads\/2018\/08\/market-segments-packaging-1000-150x150.jpg 150w, https:\/\/www.djm.nl\/wp-content\/uploads\/2018\/08\/market-segments-packaging-1000-300x300.jpg 300w, https:\/\/www.djm.nl\/wp-content\/uploads\/2018\/08\/market-segments-packaging-1000-768x768.jpg 768w, https:\/\/www.djm.nl\/wp-content\/uploads\/2018\/08\/market-segments-packaging-1000-250x250.jpg 250w, https:\/\/www.djm.nl\/wp-content\/uploads\/2018\/08\/market-segments-packaging-1000.jpg 1000w\" sizes=\"auto, (max-width: 200px) 100vw, 200px\" \/><\/h2>\n<p>Bied toegevoegde waarde en verkoop meer. Een aantrekkelijke verpakking is belangrijker dan ooit omdat het helpt het product te verkopen. In de optimalisatieslag van verpakkingscommunicatie wordt inkjet printtechnologie steeds vaker gebruikt, omdat het commerci\u00eble waarde toevoegt. Het afdrukken van variabele data wordt voor verpakkingsfabrikanten toegankelijk door middel van DJM\u2019s inkjet oplossingen en integratie opties.<\/p>\n<\/div>\n<\/div><\/div><div id=\"panel-1019-1-0-1\" class=\"so-panel widget widget_sow-editor\" data-index=\"2\" ><div class=\"so-widget-sow-editor so-widget-sow-editor-base\">\n<div class=\"siteorigin-widget-tinymce textwidget\">\n\t<h2><img loading=\"lazy\" decoding=\"async\" class=\"alignleft wp-image-643 size-custom-size-200\" src=\"https:\/\/www.djm.nl\/wp-content\/uploads\/2018\/02\/DJM_coding-200x200.jpg\" alt=\"\" width=\"200\" height=\"200\" srcset=\"https:\/\/www.djm.nl\/wp-content\/uploads\/2018\/02\/DJM_coding-200x200.jpg 200w, https:\/\/www.djm.nl\/wp-content\/uploads\/2018\/02\/DJM_coding-150x150.jpg 150w, https:\/\/www.djm.nl\/wp-content\/uploads\/2018\/02\/DJM_coding-300x300.jpg 300w, https:\/\/www.djm.nl\/wp-content\/uploads\/2018\/02\/DJM_coding-768x768.jpg 768w, https:\/\/www.djm.nl\/wp-content\/uploads\/2018\/02\/DJM_coding-250x250.jpg 250w, https:\/\/www.djm.nl\/wp-content\/uploads\/2018\/02\/DJM_coding.jpg 1024w\" sizes=\"auto, (max-width: 200px) 100vw, 200px\" \/>Coding en marking<\/h2>\n<p>Het coderen en markeren van verpakkingen zorgt voor veiligheid en traceerbaarheid. Een zorgvuldige analyse van verpakkingssubstraten is nodig voor consistente kwaliteit. DJM verschaft verpakkingsleveranciers deskundig advies voor de juiste digitale inkjetcoderings- en markeringsoplossingen. Duurzame technieken met hoge snelheid en doorloop.<\/p>\n<\/div>\n<\/div><\/div><div id=\"panel-1019-1-0-2\" class=\"so-panel widget widget_sow-editor\" data-index=\"3\" ><div class=\"so-widget-sow-editor so-widget-sow-editor-base\">\n<div class=\"siteorigin-widget-tinymce textwidget\">\n\t<h2>Flexibele Verpakkingen<strong><img loading=\"lazy\" decoding=\"async\" class=\"alignright size-custom-size-250 wp-image-4877\" src=\"https:\/\/www.djm.nl\/wp-content\/uploads\/2019\/06\/23539307780_33f0924b5c_b-250x250.png\" alt=\"\" width=\"250\" height=\"250\" srcset=\"https:\/\/www.djm.nl\/wp-content\/uploads\/2019\/06\/23539307780_33f0924b5c_b-250x250.png 250w, https:\/\/www.djm.nl\/wp-content\/uploads\/2019\/06\/23539307780_33f0924b5c_b-150x150.png 150w, https:\/\/www.djm.nl\/wp-content\/uploads\/2019\/06\/23539307780_33f0924b5c_b-300x300.png 300w, https:\/\/www.djm.nl\/wp-content\/uploads\/2019\/06\/23539307780_33f0924b5c_b-200x200.png 200w, https:\/\/www.djm.nl\/wp-content\/uploads\/2019\/06\/23539307780_33f0924b5c_b.png 394w\" sizes=\"auto, (max-width: 250px) 100vw, 250px\" \/><\/strong><\/h2>\n<p>Als een van de snelst groeiende segmenten van de verpakkingsindustrie, combineert flexibele verpakking de beste kwaliteiten van plastic, film, papier en aluminiumfolie om een breed scala aan beschermende eigenschappen te leveren met een minimum aan materiaal. Flexibele verpakkingen zijn snel een populaire keuze geworden onder consumenten en producenten van consumptiegoederen vanwege de kosteneffici\u00ebntie en het gemak. De oplossingen van DJM zijn nu ook een goede keuze om variabele data op flexibele verpakkingen te printen.<\/p>\n<\/div>\n<\/div><\/div><div id=\"panel-1019-1-0-3\" class=\"so-panel widget widget_sow-editor\" data-index=\"4\" ><div class=\"so-widget-sow-editor so-widget-sow-editor-base\">\n<div class=\"siteorigin-widget-tinymce textwidget\">\n\t<h2>Direct mail<img loading=\"lazy\" decoding=\"async\" class=\"alignright size-custom-size-250 wp-image-2572\" src=\"https:\/\/www.djm.nl\/wp-content\/uploads\/2018\/08\/market-segments-direct-mailing-1000-250x250.jpg\" alt=\"\" width=\"250\" height=\"250\" srcset=\"https:\/\/www.djm.nl\/wp-content\/uploads\/2018\/08\/market-segments-direct-mailing-1000-250x250.jpg 250w, https:\/\/www.djm.nl\/wp-content\/uploads\/2018\/08\/market-segments-direct-mailing-1000-150x150.jpg 150w, https:\/\/www.djm.nl\/wp-content\/uploads\/2018\/08\/market-segments-direct-mailing-1000-300x300.jpg 300w, https:\/\/www.djm.nl\/wp-content\/uploads\/2018\/08\/market-segments-direct-mailing-1000-768x768.jpg 768w, https:\/\/www.djm.nl\/wp-content\/uploads\/2018\/08\/market-segments-direct-mailing-1000-200x200.jpg 200w, https:\/\/www.djm.nl\/wp-content\/uploads\/2018\/08\/market-segments-direct-mailing-1000.jpg 1000w\" sizes=\"auto, (max-width: 250px) 100vw, 250px\" \/><\/h2>\n<p>Wilt u klantgerichte digitale campagnes vertalen naar ultra gepersonaliseerde, pakkende direct mail impressies? Onze hightech inkjet expertise maakt het mogelijk om met een breed scala aan printkoppen en inkten op een groot vari\u00ebteit aan substraten te printen.<\/p>\n<\/div>\n<\/div><\/div><div id=\"panel-1019-1-0-4\" class=\"so-panel widget widget_sow-editor\" data-index=\"5\" ><div class=\"so-widget-sow-editor so-widget-sow-editor-base\">\n<div class=\"siteorigin-widget-tinymce textwidget\">\n\t<h2>Envelop printen<img loading=\"lazy\" decoding=\"async\" class=\"alignright wp-image-2575 size-custom-size-250\" src=\"https:\/\/www.djm.nl\/wp-content\/uploads\/2018\/08\/market-segments-envelop-printing-1000-250x250.png\" alt=\"\" width=\"250\" height=\"250\" srcset=\"https:\/\/www.djm.nl\/wp-content\/uploads\/2018\/08\/market-segments-envelop-printing-1000-250x250.png 250w, https:\/\/www.djm.nl\/wp-content\/uploads\/2018\/08\/market-segments-envelop-printing-1000-150x150.png 150w, https:\/\/www.djm.nl\/wp-content\/uploads\/2018\/08\/market-segments-envelop-printing-1000-300x300.png 300w, https:\/\/www.djm.nl\/wp-content\/uploads\/2018\/08\/market-segments-envelop-printing-1000-768x768.png 768w, https:\/\/www.djm.nl\/wp-content\/uploads\/2018\/08\/market-segments-envelop-printing-1000-200x200.png 200w, https:\/\/www.djm.nl\/wp-content\/uploads\/2018\/08\/market-segments-envelop-printing-1000.png 1000w\" sizes=\"auto, (max-width: 250px) 100vw, 250px\" \/><\/h2>\n<p>Voeg waarde toe aan uw mailing met gerichte berichten op enveloppen. De mailing zal meer consumenten aanspreken en aanbiedingen omzetten in nieuwe zakelijke kansen. Onze full-colour inkjetoplossingen zijn eenvoudig integreerbaar om een geoptimaliseerde en geoptimaliseerde workflow met grote flexibiliteit te cre\u00ebren.<\/p>\n<\/div>\n<\/div><\/div><div id=\"panel-1019-1-0-5\" class=\"so-panel widget widget_sow-editor\" data-index=\"6\" ><div class=\"so-widget-sow-editor so-widget-sow-editor-base\">\n<div class=\"siteorigin-widget-tinymce textwidget\">\n\t<h2><img loading=\"lazy\" decoding=\"async\" class=\"alignnone wp-image-12875 size-custom-size-250\" src=\"https:\/\/www.djm.nl\/wp-content\/uploads\/2024\/01\/market-segments-loyalty-1000-250x250.jpg\" alt=\"\" width=\"250\" height=\"250\" srcset=\"https:\/\/www.djm.nl\/wp-content\/uploads\/2024\/01\/market-segments-loyalty-1000-250x250.jpg 250w, https:\/\/www.djm.nl\/wp-content\/uploads\/2024\/01\/market-segments-loyalty-1000-300x300.jpg 300w, https:\/\/www.djm.nl\/wp-content\/uploads\/2024\/01\/market-segments-loyalty-1000-150x150.jpg 150w, https:\/\/www.djm.nl\/wp-content\/uploads\/2024\/01\/market-segments-loyalty-1000-768x768.jpg 768w, https:\/\/www.djm.nl\/wp-content\/uploads\/2024\/01\/market-segments-loyalty-1000-200x200.jpg 200w, https:\/\/www.djm.nl\/wp-content\/uploads\/2024\/01\/market-segments-loyalty-1000.jpg 1000w\" sizes=\"auto, (max-width: 250px) 100vw, 250px\" \/>Loyalty programs<\/h2>\n<p>Realiseer creatieve gepersonaliseerde loyalty programs met onze inkjet techniek. Dankzij de inkjet oplossingen van DJM kunt u unieke, gepersonaliseerde aanbiedingen en coupons snel en betrouwbaar afdrukken. Variabele data op zijn best.<\/p>\n<\/div>\n<\/div><\/div><div id=\"panel-1019-1-0-6\" class=\"so-panel widget widget_sow-editor\" data-index=\"7\" ><div class=\"so-widget-sow-editor so-widget-sow-editor-base\">\n<div class=\"siteorigin-widget-tinymce textwidget\">\n\t<h2><img loading=\"lazy\" decoding=\"async\" class=\"alignnone wp-image-12865 size-medium\" src=\"https:\/\/www.djm.nl\/wp-content\/uploads\/2024\/01\/DJM_self_mailers-300x300.png\" alt=\"\" width=\"300\" height=\"300\" srcset=\"https:\/\/www.djm.nl\/wp-content\/uploads\/2024\/01\/DJM_self_mailers-300x300.png 300w, https:\/\/www.djm.nl\/wp-content\/uploads\/2024\/01\/DJM_self_mailers-150x150.png 150w, https:\/\/www.djm.nl\/wp-content\/uploads\/2024\/01\/DJM_self_mailers-768x768.png 768w, https:\/\/www.djm.nl\/wp-content\/uploads\/2024\/01\/DJM_self_mailers-200x200.png 200w, https:\/\/www.djm.nl\/wp-content\/uploads\/2024\/01\/DJM_self_mailers-250x250.png 250w, https:\/\/www.djm.nl\/wp-content\/uploads\/2024\/01\/DJM_self_mailers.png 1024w\" sizes=\"auto, (max-width: 300px) 100vw, 300px\" \/>Self-Mailers<\/h2>\n<p>Hou Self-Mailers betaalbaar met effici\u00ebnte inline personalisatie of variable data printing. DJM voegt deskundig inkjet printkop oplossingen toe aan uw finishing lijn. Van adressen in monochrome tot kleurrijke graphics, met de inkjet techniek van DJM kan het.<\/p>\n<\/div>\n<\/div><\/div><div id=\"panel-1019-1-0-7\" class=\"so-panel widget widget_sow-editor\" data-index=\"8\" ><div class=\"so-widget-sow-editor so-widget-sow-editor-base\">\n<div class=\"siteorigin-widget-tinymce textwidget\">\n\t<h2>Beveiligd afdrukken<strong><img loading=\"lazy\" decoding=\"async\" class=\"alignright size-custom-size-250 wp-image-2581\" src=\"https:\/\/www.djm.nl\/wp-content\/uploads\/2018\/08\/market-segments-security-print-1000-2-250x250.jpg\" alt=\"\" width=\"250\" height=\"250\" srcset=\"https:\/\/www.djm.nl\/wp-content\/uploads\/2018\/08\/market-segments-security-print-1000-2-250x250.jpg 250w, https:\/\/www.djm.nl\/wp-content\/uploads\/2018\/08\/market-segments-security-print-1000-2-150x150.jpg 150w, https:\/\/www.djm.nl\/wp-content\/uploads\/2018\/08\/market-segments-security-print-1000-2-300x300.jpg 300w, https:\/\/www.djm.nl\/wp-content\/uploads\/2018\/08\/market-segments-security-print-1000-2-768x767.jpg 768w, https:\/\/www.djm.nl\/wp-content\/uploads\/2018\/08\/market-segments-security-print-1000-2-200x200.jpg 200w, https:\/\/www.djm.nl\/wp-content\/uploads\/2018\/08\/market-segments-security-print-1000-2.jpg 1000w\" sizes=\"auto, (max-width: 250px) 100vw, 250px\" \/><\/strong><\/h2>\n<p>Produceer bankbiljetten, cheques, product authenticatie, belastingetiketten en paspoorten die de test doorstaat. Om authenticiteit te garanderen, wordt een combinatie van technologie\u00ebn, zoals speciale substraten (bijv. Thermisch papier), inkten (UV-verhelderend), microtekst en 2D-codes gebruikt. Het brede scala aan inkjet technologie\u00ebn van DJM in combinatie met de verschillende inktmogelijkheden maken een geschikte oplossing voor iedereen beschikbaar.<\/p>\n<\/div>\n<\/div><\/div><div id=\"panel-1019-1-0-8\" class=\"so-panel widget widget_sow-editor\" data-index=\"9\" ><div class=\"so-widget-sow-editor so-widget-sow-editor-base\">\n<div class=\"siteorigin-widget-tinymce textwidget\">\n\t<h2><img loading=\"lazy\" decoding=\"async\" class=\"alignright wp-image-12904 size-custom-size-250\" src=\"https:\/\/www.djm.nl\/wp-content\/uploads\/2024\/01\/market-segments-lottery-1000-250x250.jpg\" alt=\"\" width=\"250\" height=\"250\" srcset=\"https:\/\/www.djm.nl\/wp-content\/uploads\/2024\/01\/market-segments-lottery-1000-250x250.jpg 250w, https:\/\/www.djm.nl\/wp-content\/uploads\/2024\/01\/market-segments-lottery-1000-300x300.jpg 300w, https:\/\/www.djm.nl\/wp-content\/uploads\/2024\/01\/market-segments-lottery-1000-150x150.jpg 150w, https:\/\/www.djm.nl\/wp-content\/uploads\/2024\/01\/market-segments-lottery-1000-768x768.jpg 768w, https:\/\/www.djm.nl\/wp-content\/uploads\/2024\/01\/market-segments-lottery-1000-200x200.jpg 200w, https:\/\/www.djm.nl\/wp-content\/uploads\/2024\/01\/market-segments-lottery-1000.jpg 1000w\" sizes=\"auto, (max-width: 250px) 100vw, 250px\" \/><strong>Lotterijen en Kansspelen<\/strong><\/h2>\n<p>Het aanbieden van authentieke tickets is van vitaal belang voor parkeren, openbaar vervoer, locatie, concert en loterij. Om de integriteit van de tickets te waarborgen wordt een mix van technologie\u00ebn, zoals speciale substraten, inkten, microtekst en variabele gegevens gebruikt. DJM's brede vari\u00ebteit aan inkjet technologie\u00ebn, gecombineerd met de verschillende inkt keuzes, maken een geschikte oplossing voor iedereen beschikbaar.<\/p>\n<\/div>\n<\/div><\/div><div id=\"panel-1019-1-0-9\" class=\"so-panel widget widget_sow-editor\" data-index=\"10\" ><div class=\"so-widget-sow-editor so-widget-sow-editor-base\">\n<div class=\"siteorigin-widget-tinymce textwidget\">\n\t<h2>Parkeren, openbaar vervoer en entreebewijzen<strong><img loading=\"lazy\" decoding=\"async\" class=\"alignright size-custom-size-250 wp-image-2587\" src=\"https:\/\/www.djm.nl\/wp-content\/uploads\/2018\/08\/market-segments-parking-en-public-transport-1000-250x250.jpg\" alt=\"\" width=\"250\" height=\"250\" srcset=\"https:\/\/www.djm.nl\/wp-content\/uploads\/2018\/08\/market-segments-parking-en-public-transport-1000-250x250.jpg 250w, https:\/\/www.djm.nl\/wp-content\/uploads\/2018\/08\/market-segments-parking-en-public-transport-1000-150x150.jpg 150w, https:\/\/www.djm.nl\/wp-content\/uploads\/2018\/08\/market-segments-parking-en-public-transport-1000-300x300.jpg 300w, https:\/\/www.djm.nl\/wp-content\/uploads\/2018\/08\/market-segments-parking-en-public-transport-1000-768x768.jpg 768w, https:\/\/www.djm.nl\/wp-content\/uploads\/2018\/08\/market-segments-parking-en-public-transport-1000-200x200.jpg 200w, https:\/\/www.djm.nl\/wp-content\/uploads\/2018\/08\/market-segments-parking-en-public-transport-1000.jpg 1000w\" sizes=\"auto, (max-width: 250px) 100vw, 250px\" \/><\/strong><\/h2>\n<p>Het leveren van kwalitatief goede en detecteerbare tickets is cruciaal voor parkeren, openbaar vervoer, locatie en concerten. Om de integriteit van de tickets te garanderen, wordt een mix van technologie\u00ebn gebruikt, zoals speciale substraten, inkten, microtekst en variabele gegevens. Het brede scala aan inkjet technologie\u00ebn van DJM in combinatie met de verschillende inktmogelijkheden maken een geschikte oplossing voor iedereen beschikbaar.<\/p>\n<\/div>\n<\/div><\/div><div id=\"panel-1019-1-0-10\" class=\"so-panel widget widget_sow-editor\" data-index=\"11\" ><div class=\"so-widget-sow-editor so-widget-sow-editor-base\">\n<div class=\"siteorigin-widget-tinymce textwidget\">\n\t<h2><img loading=\"lazy\" decoding=\"async\" class=\"wp-image-12891 size-custom-size-250 alignright\" src=\"https:\/\/www.djm.nl\/wp-content\/uploads\/2024\/01\/market-segments-labeling-1000-250x250.jpg\" alt=\"\" width=\"250\" height=\"250\" srcset=\"https:\/\/www.djm.nl\/wp-content\/uploads\/2024\/01\/market-segments-labeling-1000-250x250.jpg 250w, https:\/\/www.djm.nl\/wp-content\/uploads\/2024\/01\/market-segments-labeling-1000-300x300.jpg 300w, https:\/\/www.djm.nl\/wp-content\/uploads\/2024\/01\/market-segments-labeling-1000-150x150.jpg 150w, https:\/\/www.djm.nl\/wp-content\/uploads\/2024\/01\/market-segments-labeling-1000-768x768.jpg 768w, https:\/\/www.djm.nl\/wp-content\/uploads\/2024\/01\/market-segments-labeling-1000-200x200.jpg 200w, https:\/\/www.djm.nl\/wp-content\/uploads\/2024\/01\/market-segments-labeling-1000.jpg 1000w\" sizes=\"auto, (max-width: 250px) 100vw, 250px\" \/>Labelling<\/h2>\n<p>Aangezien runtimes dalen, zijn er meer versies en variaties nodig in de labelling markt. Onze inkjetoplossingen kunnen u helpen om de time to market te versnellen en complexe en aantrekkelijke labeloplossingen voor de veeleisende klant te cre\u00ebren.<\/p>\n<\/div>\n<\/div><\/div><div id=\"panel-1019-1-0-11\" class=\"so-panel widget widget_sow-editor panel-last-child\" data-index=\"12\" ><div class=\"so-widget-sow-editor so-widget-sow-editor-base\">\n<div class=\"siteorigin-widget-tinymce textwidget\">\n\t<h2><img loading=\"lazy\" decoding=\"async\" class=\"alignnone wp-image-12886 size-custom-size-250\" src=\"https:\/\/www.djm.nl\/wp-content\/uploads\/2024\/01\/market-segments-adressing-1000-250x250.png\" alt=\"\" width=\"250\" height=\"250\" srcset=\"https:\/\/www.djm.nl\/wp-content\/uploads\/2024\/01\/market-segments-adressing-1000-250x250.png 250w, https:\/\/www.djm.nl\/wp-content\/uploads\/2024\/01\/market-segments-adressing-1000-300x300.png 300w, https:\/\/www.djm.nl\/wp-content\/uploads\/2024\/01\/market-segments-adressing-1000-150x150.png 150w, https:\/\/www.djm.nl\/wp-content\/uploads\/2024\/01\/market-segments-adressing-1000-768x768.png 768w, https:\/\/www.djm.nl\/wp-content\/uploads\/2024\/01\/market-segments-adressing-1000-200x200.png 200w, https:\/\/www.djm.nl\/wp-content\/uploads\/2024\/01\/market-segments-adressing-1000.png 1000w\" sizes=\"auto, (max-width: 250px) 100vw, 250px\" \/>Addressering<\/h2>\n<p>Of uw afdruktaak in monochroom, 2 kleuren of full-color is, u kunt uw klanten laten zien dat adressering niet alleen een adres op een envelop hoeft te zijn. DJM's inkjetoplossingen bewijzen dat het gehele oppervlak kan worden gebruikt. Beelden en gepersonaliseerde berichten, gedrukt met hoge kwaliteit en snelheid om een hogere respons voor uw klanten te genereren.<\/p>\n<p class=\"western\">\n<\/div>\n<\/div><\/div><\/div><\/div><\/div><div id=\"pg-1019-2\"  class=\"panel-grid panel-no-style\" ><div id=\"pgc-1019-2-0\"  class=\"panel-grid-cell\" ><div id=\"panel-1019-2-0-0\" class=\"so-panel widget widget_sow-cta panel-first-child panel-last-child\" data-index=\"13\" ><div class=\"so-widget-sow-cta so-widget-sow-cta-default-4208922e6c26-1019\"><div class=\"sow-cta-base\">\n\n\t<div class=\"sow-cta-wrapper\">\n\n\t\t<div class=\"sow-cta-text\">\n\t\t\t<h4 class=\"sow-cta-title\">Neem contact met ons op<\/h4>\n\t\t\t<h5 class=\"sow-cta-subtitle\">Door geinspireerde inkjet printing technologie 'personalived'  DJM direct mail campagnes, lottery &amp; gaming, loyalty programs, verpakkingen en meer. Onze gerespecteerde inkjet expertise helpt print bedrijven groeien.  Dus laten we praten, telefonisch, of nog beter \u2026 persoonlijk!<\/h5>\n\t\t<\/div>\n\n\t\t<div class=\"so-widget-sow-button so-widget-sow-button-atom-b4f6b6b19f96\"><div class=\"ow-button-base ow-button-align-center\">\n\t<a href=\"mailto:sales@djm.nl\" class=\"ow-icon-placement-left ow-button-hover\" \t\t>\n\t\t<span>\n\t\t\t\n\t\t\t neem contact op\t\t<\/span>\n\t<\/a>\n<\/div>\n<\/div>\n\t<\/div>\n\n<\/div>\n<\/div><\/div><\/div><\/div><\/div>","protected":false},"excerpt":{"rendered":"<p>DJM provides industrial inkjet solutions for Direct Mail, Self-Mailers, Loyalty programs, Packaging, Lottery &#038; Gaming, Coding and Marking, Labelling &#038; Addressing.<\/p>\n","protected":false},"author":9,"featured_media":0,"parent":0,"menu_order":0,"comment_status":"closed","ping_status":"closed","template":"","meta":{"footnotes":""},"class_list":["post-1019","page","type-page","status-publish","hentry"],"_links":{"self":[{"href":"https:\/\/www.djm.nl\/nl\/wp-json\/wp\/v2\/pages\/1019","targetHints":{"allow":["GET"]}}],"collection":[{"href":"https:\/\/www.djm.nl\/nl\/wp-json\/wp\/v2\/pages"}],"about":[{"href":"https:\/\/www.djm.nl\/nl\/wp-json\/wp\/v2\/types\/page"}],"author":[{"embeddable":true,"href":"https:\/\/www.djm.nl\/nl\/wp-json\/wp\/v2\/users\/9"}],"replies":[{"embeddable":true,"href":"https:\/\/www.djm.nl\/nl\/wp-json\/wp\/v2\/comments?post=1019"}],"version-history":[{"count":47,"href":"https:\/\/www.djm.nl\/nl\/wp-json\/wp\/v2\/pages\/1019\/revisions"}],"predecessor-version":[{"id":12966,"href":"https:\/\/www.djm.nl\/nl\/wp-json\/wp\/v2\/pages\/1019\/revisions\/12966"}],"wp:attachment":[{"href":"https:\/\/www.djm.nl\/nl\/wp-json\/wp\/v2\/media?parent=1019"}],"curies":[{"name":"wp","href":"https:\/\/api.w.org\/{rel}","templated":true}]}}