{"id":14187,"date":"2025-04-14T07:46:16","date_gmt":"2025-04-14T06:46:16","guid":{"rendered":"https:\/\/www.djm.nl\/?page_id=14187"},"modified":"2025-04-14T07:46:16","modified_gmt":"2025-04-14T06:46:16","slug":"nos-principes-commerciaux","status":"publish","type":"page","link":"https:\/\/www.djm.nl\/fr\/nos-principes-commerciaux\/","title":{"rendered":"Nos principes commerciaux"},"content":{"rendered":"<div id=\"pl-14187\"  class=\"panel-layout\" ><div id=\"pg-14187-0\"  class=\"panel-grid panel-no-style\" ><div id=\"pgc-14187-0-0\"  class=\"panel-grid-cell\" ><div id=\"panel-14187-0-0-0\" class=\"so-panel widget widget_sow-editor panel-first-child panel-last-child\" data-index=\"0\" ><div class=\"so-widget-sow-editor so-widget-sow-editor-base\">\n<div class=\"siteorigin-widget-tinymce textwidget\">\n\t<h4 style=\"text-align: center;\">- toujours ax\u00e9 sur le client -<\/h4>\n<p style=\"text-align: center;\">DJM s'engage \u00e0 fournir des solutions d'impression inkjet hautement productives, efficaces et rentables.<br \/>\nNotre \u00ab parcours \u00bb commence par une \u00e9valuation approfondie des objectifs du projet et des exigences de l'application, en guidant les clients \u00e0 travers la technologie inkjet, les encres, les substrats, l'int\u00e9gration et l'optimisation du processus. Gr\u00e2ce \u00e0 une analyse approfondie, \u00e0 des proc\u00e9dures d'essai et \u00e0 l'exploration d'alternatives, nous d\u00e9veloppons une solution qui r\u00e9pond au mieux aux besoins du client, souvent sur la base d'une solution personnalis\u00e9e.<\/p>\n<h4 style=\"text-align: center;\">- orient\u00e9 vers la technologie \u2013<\/h4>\n<p style=\"text-align: center;\">Chez DJM, nous sommes passionn\u00e9s par la technologie et motiv\u00e9s par l'innovation.<br \/>\nDans notre centre d'innovation, nous testons, poussons les limites techniques et nous appliquons les derni\u00e8res avanc\u00e9es.<br \/>\nEn collaboration avec les plus grands noms de la technologie, nous d\u00e9veloppons l'\u00e9lectronique de pilotage, la programmation FPGA, les logiciels de contr\u00f4le, les interfaces, les modules d'impression et la gestion de l'encre, couvrant ainsi l'ensemble du syst\u00e8me d'impression \u00e0 inkjet.<br \/>\nL'ensemble du d\u00e9veloppement \u00e9tant r\u00e9alis\u00e9 en interne, nous plongeons au c\u0153ur de la technologie pour garantir des solutions de pointe.<\/p>\n<h4 style=\"text-align: center;\">- durable et responsable \u2013<\/h4>\n<p style=\"text-align: center;\">DJM s'engage en faveur du d\u00e9veloppement durable et s'efforce activement de minimiser l'impact sur l'environnement. Cela inclut une politique sp\u00e9cifique de r\u00e9duction des \u00e9missions de CO2.<br \/>\nEn d\u00e9veloppant des produits innovants et des services intelligents, nous pouvons r\u00e9duire davantage notre empreinte \u00e9cologique.<\/p>\n<h4 style=\"text-align: center;\">- sens des relations humaines \u2013<\/h4>\n<p style=\"text-align: center;\">Chez DJM, nous favorisons un environnement inclusif o\u00f9 chacun est valoris\u00e9, respect\u00e9 et a la possibilit\u00e9 d'avoir un impact positif \u00e0 la fois sur l'entreprise et sur la soci\u00e9t\u00e9.<br \/>\nGuid\u00e9s par le principe \u00ab traitez les autres comme vous voulez \u00eatre trait\u00e9s \u00bb, nous \u00e9tendons cette approche \u00e0 nos clients et partenaires.<\/p>\n<h4 style=\"text-align: center;\">- entreprise \u00e9quitable \u2013<\/h4>\n<p style=\"text-align: center;\">DJM applique strictement des principes commerciaux \u00e9quitables, garantissant une collaboration fond\u00e9e sur l'int\u00e9grit\u00e9, l'\u00e9galit\u00e9, la transparence, le respect et la responsabilit\u00e9.<br \/>\nLes accords et les conditions doivent toujours \u00eatre \u00e9quitables, transparents et harmonieux, en veillant \u00e0 l'\u00e9quilibre afin de favoriser la confiance et la stabilit\u00e9 \u00e0 long terme.<\/p>\n<p style=\"text-align: center;\">DJM a d\u00e9fini les diff\u00e9rents domaines d\u2019int\u00e9r\u00eat qui nous conviennent et qui contribuent \u00e0 une vie plus \u00e9quitable, plus saine et respectueuse de l'environnement.<br \/>\nUn monde plus s\u00fbr dans lequel vivre, pour tous !<\/p>\n<\/div>\n<\/div><\/div><\/div><\/div><\/div>","protected":false},"excerpt":{"rendered":"<p>&#8211; toujours ax\u00e9 sur le client &#8211; DJM s&rsquo;engage \u00e0 fournir des solutions d&rsquo;impression inkjet hautement productives, efficaces et rentables. Notre \u00ab parcours \u00bb commence par une \u00e9valuation approfondie des objectifs du projet et des exigences de l&rsquo;application, en guidant les clients \u00e0 travers la technologie inkjet, les encres, les substrats, l&rsquo;int\u00e9gration et l&rsquo;optimisation du [&hellip;]<\/p>\n","protected":false},"author":4,"featured_media":0,"parent":0,"menu_order":0,"comment_status":"closed","ping_status":"closed","template":"","meta":{"footnotes":""},"class_list":["post-14187","page","type-page","status-publish","hentry"],"_links":{"self":[{"href":"https:\/\/www.djm.nl\/fr\/wp-json\/wp\/v2\/pages\/14187","targetHints":{"allow":["GET"]}}],"collection":[{"href":"https:\/\/www.djm.nl\/fr\/wp-json\/wp\/v2\/pages"}],"about":[{"href":"https:\/\/www.djm.nl\/fr\/wp-json\/wp\/v2\/types\/page"}],"author":[{"embeddable":true,"href":"https:\/\/www.djm.nl\/fr\/wp-json\/wp\/v2\/users\/4"}],"replies":[{"embeddable":true,"href":"https:\/\/www.djm.nl\/fr\/wp-json\/wp\/v2\/comments?post=14187"}],"version-history":[{"count":13,"href":"https:\/\/www.djm.nl\/fr\/wp-json\/wp\/v2\/pages\/14187\/revisions"}],"predecessor-version":[{"id":14237,"href":"https:\/\/www.djm.nl\/fr\/wp-json\/wp\/v2\/pages\/14187\/revisions\/14237"}],"wp:attachment":[{"href":"https:\/\/www.djm.nl\/fr\/wp-json\/wp\/v2\/media?parent=14187"}],"curies":[{"name":"wp","href":"https:\/\/api.w.org\/{rel}","templated":true}]}}