{"id":13541,"date":"2024-05-22T13:25:17","date_gmt":"2024-05-22T12:25:17","guid":{"rendered":"https:\/\/www.djm.nl\/produits\/eureka\/"},"modified":"2025-06-17T11:36:01","modified_gmt":"2025-06-17T10:36:01","slug":"eureka","status":"publish","type":"page","link":"https:\/\/www.djm.nl\/fr\/produits\/eureka\/","title":{"rendered":"Eureka"},"content":{"rendered":"<div id=\"pl-13541\"  class=\"panel-layout\" ><div id=\"pg-13541-0\"  class=\"panel-grid panel-no-style\" ><div id=\"pgc-13541-0-0\"  class=\"panel-grid-cell\" ><div id=\"panel-13541-0-0-0\" class=\"so-panel widget widget_sow-editor panel-first-child panel-last-child\" data-index=\"0\" ><div class=\"so-widget-sow-editor so-widget-sow-editor-base\">\n<div class=\"siteorigin-widget-tinymce textwidget\">\n\t<h3>Optimisez votre efficacit\u00e9 et votre dur\u00e9e de travail afin d'am\u00e9liorer votre rentabilit\u00e9 gr\u00e2ce \u00e0 la technologie Eureka de DJM<\/h3>\n<h3>La technologie de t\u00eate d'impression la plus r\u00e9cente<\/h3>\n<p>La technologie du module d'impression <strong>Eureka<\/strong> utilise la derni\u00e8re t\u00eate d'impression TIJ4.0-HD de HP.<\/p>\n<p>Les caract\u00e9ristiques de la t\u00eate d'impression incluent un grand nombre de buses pour une r\u00e9solution \u00e9lev\u00e9e (de 1 200 dpi par fente), une redondance des buses, ainsi que la technologie de micro-recirculation brevet\u00e9e de HP, ce qui assure une ouverture prolong\u00e9e des buses et des intervalles de nettoyage longs.<\/p>\n<p>Le module d'impression <strong>Eureka<\/strong> peut \u00eatre utilis\u00e9 pour une large gamme d'applications.\u00a0Selon la r\u00e9solution d'impression requise, il est possible d'obtenir des vitesses d'impression allant jusqu'\u00e0 180 m\u00e8tres par minute.<\/p>\n<h4>\u00c9volution<\/h4>\n<p>Les exigences de l'application souhait\u00e9e d\u00e9terminent la largeur d'impression du module d'impression <strong>Eureka,<\/strong> qui peut \u00eatre ajust\u00e9e avec une ou plusieurs t\u00eates d'impression afin de cr\u00e9er la largeur d'impression optimale. Il y a deux fentes sur la t\u00eate d'impression, ce qui permet d'imprimer en deux couleurs avec une seule t\u00eate d'impression ou en quadrichromie avec deux t\u00eates.<\/p>\n<\/div>\n<\/div><\/div><\/div><\/div><div id=\"pg-13541-1\"  class=\"panel-grid panel-no-style\" ><div id=\"pgc-13541-1-0\"  class=\"panel-grid-cell\" ><div id=\"panel-13541-1-0-0\" class=\"so-panel widget widget_sow-image panel-first-child panel-last-child\" data-index=\"1\" ><div class=\"so-widget-sow-image so-widget-sow-image-default-d6014b76747a-13541\">\n\n<div class=\"sow-image-container\">\n\t\t<img decoding=\"async\" src=\"https:\/\/www.djm.nl\/wp-content\/uploads\/2025\/06\/1PH-2R-108.png\" width=\"500\" height=\"500\" srcset=\"https:\/\/www.djm.nl\/wp-content\/uploads\/2025\/06\/1PH-2R-108.png 500w, https:\/\/www.djm.nl\/wp-content\/uploads\/2025\/06\/1PH-2R-108-300x300.png 300w, https:\/\/www.djm.nl\/wp-content\/uploads\/2025\/06\/1PH-2R-108-150x150.png 150w, https:\/\/www.djm.nl\/wp-content\/uploads\/2025\/06\/1PH-2R-108-200x200.png 200w, https:\/\/www.djm.nl\/wp-content\/uploads\/2025\/06\/1PH-2R-108-250x250.png 250w\" sizes=\"auto, (max-width: 500px) 100vw, 500px\" alt=\"\" loading=\"lazy\" \t\tclass=\"so-widget-image\"\/>\n\t<\/div>\n\n<\/div><\/div><\/div><div id=\"pgc-13541-1-1\"  class=\"panel-grid-cell\" ><div id=\"panel-13541-1-1-0\" class=\"so-panel widget widget_sow-image panel-first-child panel-last-child\" data-index=\"2\" ><div class=\"so-widget-sow-image so-widget-sow-image-default-d6014b76747a-13541\">\n\n<div class=\"sow-image-container\">\n\t\t<img decoding=\"async\" src=\"https:\/\/www.djm.nl\/wp-content\/uploads\/2025\/06\/2PH-2C.png\" width=\"500\" height=\"500\" srcset=\"https:\/\/www.djm.nl\/wp-content\/uploads\/2025\/06\/2PH-2C.png 500w, https:\/\/www.djm.nl\/wp-content\/uploads\/2025\/06\/2PH-2C-300x300.png 300w, https:\/\/www.djm.nl\/wp-content\/uploads\/2025\/06\/2PH-2C-150x150.png 150w, https:\/\/www.djm.nl\/wp-content\/uploads\/2025\/06\/2PH-2C-200x200.png 200w, https:\/\/www.djm.nl\/wp-content\/uploads\/2025\/06\/2PH-2C-250x250.png 250w\" sizes=\"auto, (max-width: 500px) 100vw, 500px\" alt=\"\" loading=\"lazy\" \t\tclass=\"so-widget-image\"\/>\n\t<\/div>\n\n<\/div><\/div><\/div><div id=\"pgc-13541-1-2\"  class=\"panel-grid-cell\" ><div id=\"panel-13541-1-2-0\" class=\"so-panel widget widget_sow-image panel-first-child panel-last-child\" data-index=\"3\" ><div class=\"so-widget-sow-image so-widget-sow-image-default-d6014b76747a-13541\">\n\n<div class=\"sow-image-container\">\n\t\t<img decoding=\"async\" src=\"https:\/\/www.djm.nl\/wp-content\/uploads\/2025\/06\/4PH-1CR.png\" width=\"500\" height=\"500\" srcset=\"https:\/\/www.djm.nl\/wp-content\/uploads\/2025\/06\/4PH-1CR.png 500w, https:\/\/www.djm.nl\/wp-content\/uploads\/2025\/06\/4PH-1CR-300x300.png 300w, https:\/\/www.djm.nl\/wp-content\/uploads\/2025\/06\/4PH-1CR-150x150.png 150w, https:\/\/www.djm.nl\/wp-content\/uploads\/2025\/06\/4PH-1CR-200x200.png 200w, https:\/\/www.djm.nl\/wp-content\/uploads\/2025\/06\/4PH-1CR-250x250.png 250w\" sizes=\"auto, (max-width: 500px) 100vw, 500px\" alt=\"\" loading=\"lazy\" \t\tclass=\"so-widget-image\"\/>\n\t<\/div>\n\n<\/div><\/div><\/div><\/div><div id=\"pg-13541-2\"  class=\"panel-grid panel-no-style\" ><div id=\"pgc-13541-2-0\"  class=\"panel-grid-cell\" ><div id=\"panel-13541-2-0-0\" class=\"so-panel widget widget_sow-editor panel-first-child panel-last-child\" data-index=\"4\" ><div class=\"so-widget-sow-editor so-widget-sow-editor-base\">\n<div class=\"siteorigin-widget-tinymce textwidget\">\n\t<h5>Eureka 108 1PH MONO<\/h5>\n<p>t\u00eates d'impression : 1<br data-start=\"88\" data-end=\"91\" \/>couleurs : Noir<br data-start=\"110\" data-end=\"113\" \/>couleurs par t\u00eate d'impression : 1<br data-start=\"151\" data-end=\"154\" data-is-only-node=\"\" \/>IDS : IDS-1CR<\/p>\n<\/div>\n<\/div><\/div><\/div><div id=\"pgc-13541-2-1\"  class=\"panel-grid-cell\" ><div id=\"panel-13541-2-1-0\" class=\"so-panel widget widget_sow-editor panel-first-child panel-last-child\" data-index=\"5\" ><div class=\"so-widget-sow-editor so-widget-sow-editor-base\">\n<div class=\"siteorigin-widget-tinymce textwidget\">\n\t<h5>Eureka 108 2PH FC<\/h5>\n<p>t\u00eates d'impression : 2<br data-start=\"104\" data-end=\"107\" \/>couleurs : CMYK<br data-start=\"126\" data-end=\"129\" \/>couleurs par t\u00eate d'impression : 2<br data-start=\"167\" data-end=\"170\" data-is-only-node=\"\" \/>IDS : IDS-2C<\/p>\n<\/div>\n<\/div><\/div><\/div><div id=\"pgc-13541-2-2\"  class=\"panel-grid-cell\" ><div id=\"panel-13541-2-2-0\" class=\"so-panel widget widget_sow-editor panel-first-child panel-last-child\" data-index=\"6\" ><div class=\"so-widget-sow-editor so-widget-sow-editor-base\">\n<div class=\"siteorigin-widget-tinymce textwidget\">\n\t<h5 data-start=\"52\" data-end=\"73\">Eureka 108 4PH FC<\/h5>\n<p data-start=\"75\" data-end=\"184\">t\u00eates d'impression : 4<br data-start=\"101\" data-end=\"104\" \/>couleurs : CMYK<br data-start=\"123\" data-end=\"126\" \/>couleurs par t\u00eate d'impression : 1<br data-start=\"164\" data-end=\"167\" data-is-only-node=\"\" \/>IDS : IDS-1CR<\/p>\n<\/div>\n<\/div><\/div><\/div><\/div><div id=\"pg-13541-3\"  class=\"panel-grid panel-no-style\" ><div id=\"pgc-13541-3-0\"  class=\"panel-grid-cell\" ><div id=\"panel-13541-3-0-0\" class=\"so-panel widget widget_sow-editor panel-first-child panel-last-child\" data-index=\"7\" ><div class=\"so-widget-sow-editor so-widget-sow-editor-base\">\n<div class=\"siteorigin-widget-tinymce textwidget\">\n\t<h4>Syst\u00e8me d'alimentation en encre<\/h4>\n<p>Le syst\u00e8me Eureka est \u00e9quip\u00e9 d'un syst\u00e8me d'alimentation en encre standard bas\u00e9 sur des cartouches, prenant en charge une ou deux cartouches de 775 ml par couleur. En configuration double cartouche, le syst\u00e8me bascule automatiquement vers la cartouche pleine lorsque l'une est vide, garantissant ainsi un fonctionnement continu et ininterrompu.<\/p>\n<h4>Int\u00e9gration facile<\/h4>\n<p>Les t\u00eates d'impression sont con\u00e7ues pour imprimer \u00e0 la fois verticalement et horizontalement (sur le c\u00f4t\u00e9), ce qui en fait un r\u00eave pour l'int\u00e9grateur. Le module d'impression est compact, de sorte qu'il est toujours possible de trouver une position de montage.<\/p>\n<h4>Facile \u00e0 utiliser<\/h4>\n<p>L'utilisation du syst\u00e8me <strong>Eureka<\/strong> est extr\u00eamement simple. C'est un syst\u00e8me d'alimentation en encre \u00e0 cartouches externes, deux cartouches par couleur, qui permet de produire en continu pendant de longs cycles. Il est possible de remplacer la cartouche d'encre et la t\u00eate d'impression en quelques minutes sans avoir besoin d'outils, ce qui rend le syst\u00e8me extr\u00eamement pratique.<\/p>\n<\/div>\n<\/div><\/div><\/div><\/div><div id=\"pg-13541-4\"  class=\"panel-grid panel-no-style\" ><div id=\"pgc-13541-4-0\"  class=\"panel-grid-cell\" ><div id=\"panel-13541-4-0-0\" class=\"so-panel widget widget_sow-editor panel-first-child panel-last-child\" data-index=\"8\" ><div class=\"so-widget-sow-editor so-widget-sow-editor-base\">\n<div class=\"siteorigin-widget-tinymce textwidget\">\n\t<div id=\"attachment_13635\" style=\"width: 306px\" class=\"wp-caption alignleft\"><img aria-describedby=\"caption-attachment-13635\" loading=\"lazy\" decoding=\"async\" class=\"wp-image-13635 size-medium\" src=\"https:\/\/www.djm.nl\/wp-content\/uploads\/2024\/05\/eureka-vertically-and-horizontally-1-296x300.png\" alt=\"\" width=\"296\" height=\"300\" srcset=\"https:\/\/www.djm.nl\/wp-content\/uploads\/2024\/05\/eureka-vertically-and-horizontally-1-296x300.png 296w, https:\/\/www.djm.nl\/wp-content\/uploads\/2024\/05\/eureka-vertically-and-horizontally-1-1012x1024.png 1012w, https:\/\/www.djm.nl\/wp-content\/uploads\/2024\/05\/eureka-vertically-and-horizontally-1-768x777.png 768w, https:\/\/www.djm.nl\/wp-content\/uploads\/2024\/05\/eureka-vertically-and-horizontally-1-198x200.png 198w, https:\/\/www.djm.nl\/wp-content\/uploads\/2024\/05\/eureka-vertically-and-horizontally-1-247x250.png 247w, https:\/\/www.djm.nl\/wp-content\/uploads\/2024\/05\/eureka-vertically-and-horizontally-1-148x150.png 148w, https:\/\/www.djm.nl\/wp-content\/uploads\/2024\/05\/eureka-vertically-and-horizontally-1.png 1386w\" sizes=\"auto, (max-width: 296px) 100vw, 296px\" \/><p id=\"caption-attachment-13635\" class=\"wp-caption-text\">Imprime \u00e0 la fois verticalement et horizontalement<\/p><\/div>\n<\/div>\n<\/div><\/div><\/div><div id=\"pgc-13541-4-1\"  class=\"panel-grid-cell\" ><div id=\"panel-13541-4-1-0\" class=\"so-panel widget widget_sow-editor panel-first-child panel-last-child\" data-index=\"9\" ><div class=\"so-widget-sow-editor so-widget-sow-editor-base\">\n<div class=\"siteorigin-widget-tinymce textwidget\">\n\t<div id=\"attachment_13495\" style=\"width: 310px\" class=\"wp-caption aligncenter\"><img aria-describedby=\"caption-attachment-13495\" loading=\"lazy\" decoding=\"async\" class=\"wp-image-13495 size-medium\" src=\"https:\/\/www.djm.nl\/wp-content\/uploads\/2024\/05\/eureka-microrecirculation-300x300.png\" alt=\"\" width=\"300\" height=\"300\" srcset=\"https:\/\/www.djm.nl\/wp-content\/uploads\/2024\/05\/eureka-microrecirculation-300x300.png 300w, https:\/\/www.djm.nl\/wp-content\/uploads\/2024\/05\/eureka-microrecirculation-150x150.png 150w, https:\/\/www.djm.nl\/wp-content\/uploads\/2024\/05\/eureka-microrecirculation-200x200.png 200w, https:\/\/www.djm.nl\/wp-content\/uploads\/2024\/05\/eureka-microrecirculation-250x250.png 250w, https:\/\/www.djm.nl\/wp-content\/uploads\/2024\/05\/eureka-microrecirculation.png 539w\" sizes=\"auto, (max-width: 300px) 100vw, 300px\" \/><p id=\"caption-attachment-13495\" class=\"wp-caption-text\">La micro-recirculation brevet\u00e9e garantit un long temps d'ouverture de l'encre et de longs intervalles de nettoyage des t\u00eates d'impression<\/p><\/div>\n<\/div>\n<\/div><\/div><\/div><div id=\"pgc-13541-4-2\"  class=\"panel-grid-cell\" ><div id=\"panel-13541-4-2-0\" class=\"so-panel widget widget_sow-editor panel-first-child panel-last-child\" data-index=\"10\" ><div class=\"so-widget-sow-editor so-widget-sow-editor-base\">\n<div class=\"siteorigin-widget-tinymce textwidget\">\n\t<div id=\"attachment_13485\" style=\"width: 308px\" class=\"wp-caption alignright\"><img aria-describedby=\"caption-attachment-13485\" loading=\"lazy\" decoding=\"async\" class=\"wp-image-13485 size-medium\" src=\"https:\/\/www.djm.nl\/wp-content\/uploads\/2024\/05\/eureka-two-colors-298x300.png\" alt=\"\" width=\"298\" height=\"300\" srcset=\"https:\/\/www.djm.nl\/wp-content\/uploads\/2024\/05\/eureka-two-colors-298x300.png 298w, https:\/\/www.djm.nl\/wp-content\/uploads\/2024\/05\/eureka-two-colors-1018x1024.png 1018w, https:\/\/www.djm.nl\/wp-content\/uploads\/2024\/05\/eureka-two-colors-150x150.png 150w, https:\/\/www.djm.nl\/wp-content\/uploads\/2024\/05\/eureka-two-colors-768x772.png 768w, https:\/\/www.djm.nl\/wp-content\/uploads\/2024\/05\/eureka-two-colors-1527x1536.png 1527w, https:\/\/www.djm.nl\/wp-content\/uploads\/2024\/05\/eureka-two-colors-2036x2048.png 2036w, https:\/\/www.djm.nl\/wp-content\/uploads\/2024\/05\/eureka-two-colors-200x200.png 200w\" sizes=\"auto, (max-width: 298px) 100vw, 298px\" \/><p id=\"caption-attachment-13485\" class=\"wp-caption-text\">Chaque t\u00eate d'impression dispose de deux emplacements pour imprimer une couleur avec une redondance de 1.200 dpi ou deux couleurs<\/p><\/div>\n<\/div>\n<\/div><\/div><\/div><\/div><div id=\"pg-13541-5\"  class=\"panel-grid panel-no-style\" ><div id=\"pgc-13541-5-0\"  class=\"panel-grid-cell\" ><div id=\"panel-13541-5-0-0\" class=\"so-panel widget widget_sow-editor panel-first-child panel-last-child\" data-index=\"11\" ><div class=\"so-widget-sow-editor so-widget-sow-editor-base\">\n<div class=\"siteorigin-widget-tinymce textwidget\">\n\t<h4>Avantages et r\u00e9duction des co\u00fbts<\/h4>\n<p>La technologie du module d'impression <strong>Eureka<\/strong> pr\u00e9sente de nombreux avantages et permet de r\u00e9aliser des \u00e9conomies, tels qu'un temps de fonctionnement plus \u00e9lev\u00e9, un temps de configuration plus rapide, une qualit\u00e9 d'image sup\u00e9rieure, la flexibilit\u00e9 de l'encre, l'absence de co\u00fbt de remise \u00e0 neuf, etc.\u00a0<a href=\"https:\/\/www.djm.nl\/fr\/benefits-and-cost-savings\/\">\u00a0lire plus<\/a><\/p>\n<h4>Partenaire fiable<\/h4>\n<p>Vous voulez un partenaire commercial qui soit fiable, engag\u00e9 et qualifi\u00e9. Promesse et r\u00e9alisation. Avec plus de 30 ans d'exp\u00e9rience, nous poussons la technologie jet d'encre industrielle \u00e0 ses limites. Les responsables de l'industrie de l'impression du monde entier se sont tourn\u00e9s vers DJM pour des solutions jet d'encre car ils appr\u00e9cient notre approche personnelle et notre ing\u00e9nierie solide. Notre objectif est de vous apporter les meilleures solutions d'impression \u00e0 jet d'encre pour une sortie de donn\u00e9es variables de haute qualit\u00e9 et une efficacit\u00e9 accrue. <a href=\"https:\/\/www.djm.nl\/fr\/our-promise\/\">Lire notre engagement ici<\/a><\/p>\n<h4>Commencer \u00e0 int\u00e9grer l'excellence digitale<\/h4>\n<p>&nbsp;<\/p>\n<h4>Avantages d'Eureka<\/h4>\n<ul>\n<li>Facile \u00e0 int\u00e9grer<\/li>\n<li>Impression verticale et horizontale<\/li>\n<li>Qualit\u00e9 d'impression \u00e9lev\u00e9e de 1.200 dpi<\/li>\n<li>Vitesse \u00e9lev\u00e9e - jusqu'\u00e0 180 m\/min<\/li>\n<li>Configuration \u00e9volutive du module d'impression<\/li>\n<li>Facile \u00e0 utiliser<\/li>\n<\/ul>\n<\/div>\n<\/div><\/div><\/div><\/div><div id=\"pg-13541-6\"  class=\"panel-grid panel-no-style\" ><div id=\"pgc-13541-6-0\"  class=\"panel-grid-cell\" ><div id=\"panel-13541-6-0-0\" class=\"so-panel widget widget_sow-cta panel-first-child panel-last-child\" data-index=\"12\" ><div class=\"so-widget-sow-cta so-widget-sow-cta-default-4208922e6c26-13541\"><div class=\"sow-cta-base\">\n\n\t<div class=\"sow-cta-wrapper\">\n\n\t\t<div class=\"sow-cta-text\">\n\t\t\t<h4 class=\"sow-cta-title\">Curieux de savoir ce qu'Eureka peut faire pour votre production d'impression ?<\/h4>\n\t\t\t<h5 class=\"sow-cta-subtitle\">Demandez les possibilit\u00e9s.<\/h5>\n\t\t<\/div>\n\n\t\t<div class=\"so-widget-sow-button so-widget-sow-button-atom-b4f6b6b19f96\"><div class=\"ow-button-base ow-button-align-center\">\n\t<a href=\"mailto:sales@djm.nl\" class=\"ow-icon-placement-left ow-button-hover\" \t\t>\n\t\t<span>\n\t\t\t\n\t\t\tContactez-nous\t\t<\/span>\n\t<\/a>\n<\/div>\n<\/div>\n\t<\/div>\n\n<\/div>\n<\/div><\/div><\/div><\/div><\/div>","protected":false},"excerpt":{"rendered":"<p>Optimisez votre efficacit\u00e9 et votre dur\u00e9e de travail afin d&rsquo;am\u00e9liorer votre rentabilit\u00e9 gr\u00e2ce \u00e0 la technologie Eureka de DJM La technologie de t\u00eate d&rsquo;impression la plus r\u00e9cente La technologie du module d&rsquo;impression Eureka utilise la derni\u00e8re t\u00eate d&rsquo;impression TIJ4.0-HD de HP. Les caract\u00e9ristiques de la t\u00eate d&rsquo;impression incluent un grand nombre de buses pour une [&hellip;]<\/p>\n","protected":false},"author":4,"featured_media":0,"parent":11141,"menu_order":0,"comment_status":"closed","ping_status":"closed","template":"","meta":{"footnotes":""},"class_list":["post-13541","page","type-page","status-publish","hentry"],"_links":{"self":[{"href":"https:\/\/www.djm.nl\/fr\/wp-json\/wp\/v2\/pages\/13541","targetHints":{"allow":["GET"]}}],"collection":[{"href":"https:\/\/www.djm.nl\/fr\/wp-json\/wp\/v2\/pages"}],"about":[{"href":"https:\/\/www.djm.nl\/fr\/wp-json\/wp\/v2\/types\/page"}],"author":[{"embeddable":true,"href":"https:\/\/www.djm.nl\/fr\/wp-json\/wp\/v2\/users\/4"}],"replies":[{"embeddable":true,"href":"https:\/\/www.djm.nl\/fr\/wp-json\/wp\/v2\/comments?post=13541"}],"version-history":[{"count":12,"href":"https:\/\/www.djm.nl\/fr\/wp-json\/wp\/v2\/pages\/13541\/revisions"}],"predecessor-version":[{"id":14277,"href":"https:\/\/www.djm.nl\/fr\/wp-json\/wp\/v2\/pages\/13541\/revisions\/14277"}],"up":[{"embeddable":true,"href":"https:\/\/www.djm.nl\/fr\/wp-json\/wp\/v2\/pages\/11141"}],"wp:attachment":[{"href":"https:\/\/www.djm.nl\/fr\/wp-json\/wp\/v2\/media?parent=13541"}],"curies":[{"name":"wp","href":"https:\/\/api.w.org\/{rel}","templated":true}]}}