{"id":12802,"date":"2024-01-11T15:54:48","date_gmt":"2024-01-11T14:54:48","guid":{"rendered":"https:\/\/www.djm.nl\/?page_id=12802"},"modified":"2024-01-11T16:21:16","modified_gmt":"2024-01-11T15:21:16","slug":"travailler-chez-djm","status":"publish","type":"page","link":"https:\/\/www.djm.nl\/fr\/travailler-chez-djm\/","title":{"rendered":"Travailler chez DJM"},"content":{"rendered":"<div id=\"pl-12802\"  class=\"panel-layout\" ><div id=\"pg-12802-0\"  class=\"panel-grid panel-no-style\" ><div id=\"pgc-12802-0-0\"  class=\"panel-grid-cell\" ><div id=\"panel-12802-0-0-0\" class=\"so-panel widget widget_media_image panel-first-child panel-last-child\" data-index=\"0\" ><img loading=\"lazy\" decoding=\"async\" width=\"1920\" height=\"300\" src=\"https:\/\/www.djm.nl\/wp-content\/uploads\/2024\/01\/BannerJob.jpg\" class=\"image wp-image-12676  attachment-1920x300 size-1920x300\" alt=\"\" style=\"max-width: 100%; height: auto;\" srcset=\"https:\/\/www.djm.nl\/wp-content\/uploads\/2024\/01\/BannerJob.jpg 1920w, https:\/\/www.djm.nl\/wp-content\/uploads\/2024\/01\/BannerJob-300x47.jpg 300w, https:\/\/www.djm.nl\/wp-content\/uploads\/2024\/01\/BannerJob-1024x160.jpg 1024w, https:\/\/www.djm.nl\/wp-content\/uploads\/2024\/01\/BannerJob-768x120.jpg 768w, https:\/\/www.djm.nl\/wp-content\/uploads\/2024\/01\/BannerJob-1536x240.jpg 1536w, https:\/\/www.djm.nl\/wp-content\/uploads\/2024\/01\/BannerJob-200x31.jpg 200w, https:\/\/www.djm.nl\/wp-content\/uploads\/2024\/01\/BannerJob-250x39.jpg 250w, https:\/\/www.djm.nl\/wp-content\/uploads\/2024\/01\/BannerJob-150x23.jpg 150w\" sizes=\"auto, (max-width: 1920px) 100vw, 1920px\" \/><\/div><\/div><\/div><div id=\"pg-12802-1\"  class=\"panel-grid panel-no-style\" ><div id=\"pgc-12802-1-0\"  class=\"panel-grid-cell\" ><div id=\"panel-12802-1-0-0\" class=\"so-panel widget widget_siteorigin-panels-builder panel-first-child panel-last-child\" data-index=\"1\" ><div id=\"pl-w65a0076c9d550\"  class=\"panel-layout\" ><div id=\"pg-w65a0076c9d550-0\"  class=\"panel-grid panel-no-style\" ><div id=\"pgc-w65a0076c9d550-0-0\"  class=\"panel-grid-cell\" ><div id=\"panel-w65a0076c9d550-0-0-0\" class=\"so-panel widget widget_sow-editor panel-first-child panel-last-child\" data-index=\"0\" ><div class=\"so-widget-sow-editor so-widget-sow-editor-base\"><h3 class=\"widget-title\">Postes vacants<\/h3>\n<div class=\"siteorigin-widget-tinymce textwidget\">\n\t<p>En raison de la croissance chez DJM, nous cherchons r\u00e9guli\u00e8rement \u00e0 agrandir notre \u00e9quipe. \u00cates-vous \u00e0 l\u2019aise en \u00e9lectrotechnique, en m\u00e9canique ou en logiciels ? Cliquez sur les boutons ci-dessous pour nos offres d'emploi et stages.<\/p>\n<\/div>\n<\/div><\/div><\/div><\/div><\/div><\/div><\/div><\/div><div id=\"pg-12802-2\"  class=\"panel-grid panel-no-style\" ><div id=\"pgc-12802-2-0\"  class=\"panel-grid-cell\" ><div id=\"panel-12802-2-0-0\" class=\"so-panel widget widget_sow-button panel-first-child panel-last-child\" data-index=\"2\" ><div class=\"so-widget-sow-button so-widget-sow-button-atom-b4f6b6b19f96-12802\"><div class=\"ow-button-base ow-button-align-center\">\n\t<a href=\"https:\/\/www.djm.nl\/fr\/postes-vacants\/\" class=\"ow-icon-placement-left ow-button-hover\" \t\t>\n\t\t<span>\n\t\t\t\n\t\t\tPostes vacants\t\t<\/span>\n\t<\/a>\n<\/div>\n<\/div><\/div><\/div><div id=\"pgc-12802-2-1\"  class=\"panel-grid-cell\" ><div id=\"panel-12802-2-1-0\" class=\"so-panel widget widget_sow-button panel-first-child panel-last-child\" data-index=\"3\" ><div class=\"so-widget-sow-button so-widget-sow-button-atom-b4f6b6b19f96-12802\"><div class=\"ow-button-base ow-button-align-center\">\n\t<a href=\"https:\/\/www.djm.nl\/fr\/des-stages\/\" class=\"ow-icon-placement-left ow-button-hover\" \t\t>\n\t\t<span>\n\t\t\t\n\t\t\tDes stages\t\t<\/span>\n\t<\/a>\n<\/div>\n<\/div><\/div><\/div><\/div><\/div>","protected":false},"excerpt":{"rendered":"<p>Postes vacants En raison de la croissance chez DJM, nous cherchons r\u00e9guli\u00e8rement \u00e0 agrandir notre \u00e9quipe. \u00cates-vous \u00e0 l\u2019aise en \u00e9lectrotechnique, en m\u00e9canique ou en logiciels ? Cliquez sur les boutons ci-dessous pour nos offres d&#8217;emploi et stages. Postes vacants Des stages<\/p>\n","protected":false},"author":9,"featured_media":0,"parent":0,"menu_order":0,"comment_status":"closed","ping_status":"closed","template":"","meta":{"footnotes":""},"class_list":["post-12802","page","type-page","status-publish","hentry"],"_links":{"self":[{"href":"https:\/\/www.djm.nl\/fr\/wp-json\/wp\/v2\/pages\/12802","targetHints":{"allow":["GET"]}}],"collection":[{"href":"https:\/\/www.djm.nl\/fr\/wp-json\/wp\/v2\/pages"}],"about":[{"href":"https:\/\/www.djm.nl\/fr\/wp-json\/wp\/v2\/types\/page"}],"author":[{"embeddable":true,"href":"https:\/\/www.djm.nl\/fr\/wp-json\/wp\/v2\/users\/9"}],"replies":[{"embeddable":true,"href":"https:\/\/www.djm.nl\/fr\/wp-json\/wp\/v2\/comments?post=12802"}],"version-history":[{"count":2,"href":"https:\/\/www.djm.nl\/fr\/wp-json\/wp\/v2\/pages\/12802\/revisions"}],"predecessor-version":[{"id":12857,"href":"https:\/\/www.djm.nl\/fr\/wp-json\/wp\/v2\/pages\/12802\/revisions\/12857"}],"wp:attachment":[{"href":"https:\/\/www.djm.nl\/fr\/wp-json\/wp\/v2\/media?parent=12802"}],"curies":[{"name":"wp","href":"https:\/\/api.w.org\/{rel}","templated":true}]}}