{"id":12640,"date":"2024-05-23T08:48:51","date_gmt":"2024-05-23T07:48:51","guid":{"rendered":"https:\/\/www.djm.nl\/?page_id=12640"},"modified":"2025-06-02T09:20:15","modified_gmt":"2025-06-02T08:20:15","slug":"toucan-2","status":"publish","type":"page","link":"https:\/\/www.djm.nl\/fr\/produits\/toucan-2\/","title":{"rendered":"Toucan"},"content":{"rendered":"<div id=\"pl-12640\"  class=\"panel-layout\" ><div id=\"pg-12640-0\"  class=\"panel-grid panel-no-style\" ><div id=\"pgc-12640-0-0\"  class=\"panel-grid-cell\" ><div id=\"panel-12640-0-0-0\" class=\"so-panel widget widget_sow-editor panel-first-child panel-last-child\" data-index=\"0\" ><div class=\"so-widget-sow-editor so-widget-sow-editor-base\">\n<div class=\"siteorigin-widget-tinymce textwidget\">\n\t<h3>Le module d'impression Toucan est un module d'impression couleur id\u00e9al pour la production d'emballages en petites s\u00e9ries.<\/h3>\n<h4>Prend en charge une grande vari\u00e9t\u00e9 d'applications<\/h4>\n<div id=\"attachment_7265\" style=\"width: 310px\" class=\"wp-caption alignright\"><img aria-describedby=\"caption-attachment-7265\" loading=\"lazy\" decoding=\"async\" class=\"wp-image-7265 size-medium\" src=\"https:\/\/www.djm.nl\/wp-content\/uploads\/2021\/12\/Toucan-rond-300x298.png\" alt=\"\" width=\"300\" height=\"298\" srcset=\"https:\/\/www.djm.nl\/wp-content\/uploads\/2021\/12\/Toucan-rond-300x298.png 300w, https:\/\/www.djm.nl\/wp-content\/uploads\/2021\/12\/Toucan-rond-1024x1018.png 1024w, https:\/\/www.djm.nl\/wp-content\/uploads\/2021\/12\/Toucan-rond-150x150.png 150w, https:\/\/www.djm.nl\/wp-content\/uploads\/2021\/12\/Toucan-rond-768x764.png 768w, https:\/\/www.djm.nl\/wp-content\/uploads\/2021\/12\/Toucan-rond-200x200.png 200w, https:\/\/www.djm.nl\/wp-content\/uploads\/2021\/12\/Toucan-rond.png 1030w\" sizes=\"auto, (max-width: 300px) 100vw, 300px\" \/><p id=\"caption-attachment-7265\" class=\"wp-caption-text\">Module d'impression Toucan mont\u00e9 sur convoyeur sous vide.<\/p><\/div>\n<p>Le module d'impression <strong>Toucan<\/strong> est un module d'impression couleur bas\u00e9 sur HP et constitue la solution parfaite pour la production de petits tirages. La combinaison de la largeur d'impression et de l'encre pigment\u00e9e rend le module d'impression <strong>Toucan<\/strong> parfait pour une grande vari\u00e9t\u00e9 d'applications. Gr\u00e2ce \u00e0 ses dimensions compactes, le module d'impression <strong>Toucan<\/strong> peut \u00eatre facilement int\u00e9gr\u00e9 aux lignes de production existantes ou utilis\u00e9 de mani\u00e8re autonome.<\/p>\n<h4>T\u00eate d'impression de haute sp\u00e9cification<\/h4>\n<p>Le module d'impression <strong>Toucan<\/strong> utilise la technologie de t\u00eate d'impression PageWide de HP et pr\u00e9sente une haute r\u00e9solution de 1 200 dpi combin\u00e9e \u00e0 une largeur d'impression de 297 mm et une longueur d'image allant jusqu'\u00e0 914 mm.<\/p>\n<h4>Couleurs vibrantes et durables<\/h4>\n<p>Le module d'impression <strong>Toucan<\/strong> utilise des encres pigment\u00e9es \u00e0 base d'eau et offre une durabilit\u00e9 sur une grande vari\u00e9t\u00e9 de types de supports poreux. Il a \u00e9t\u00e9 test\u00e9 pour sa r\u00e9sistance \u00e0 la lumi\u00e8re, \u00e0 l\u2019eau et aux rayures.<\/p>\n<h4>Facile \u00e0 utiliser<\/h4>\n<p>Le module d'impression <strong>Toucan<\/strong> dispose d'une station de service de t\u00eate d'impression int\u00e9gr\u00e9e et assure le bouchage, le nettoyage et l'essuyage de la t\u00eate d'impression. Cette routine automatis\u00e9e est contr\u00f4l\u00e9e depuis le logiciel <strong>Toucan<\/strong>, garantissant une facilit\u00e9 d'utilisation maximale et des temps de configuration courts. Le module d'impression <strong>Toucan<\/strong> dispose d'un syst\u00e8me d'encre interne bas\u00e9 sur une cartouche.<\/p>\n<h4>Utilisation \u00e0 long terme<\/h4>\n<p>Le module d'impression <strong>Toucan<\/strong> est bas\u00e9 sur le principe 'Bar-in-Box' et comprend la t\u00eate d'impression et le syst\u00e8me d'encre. La t\u00eate d'impression peut contenir jusqu'\u00e0 12 litres par couleur, mais cela d\u00e9pend de l'utilisation des couleurs et de la taille de l'image. Lorsque la t\u00eate d'impression atteint la fin de sa dur\u00e9e de vie, l'unit\u00e9 compl\u00e8te 'Bar-in-Box' dont fait partie la t\u00eate d'impression doit \u00eatre remplac\u00e9e. Il s'agit d'une proc\u00e9dure simple et peut \u00eatre effectu\u00e9e par l'op\u00e9rateur.<\/p>\n<h4>Commencez \u00e0 int\u00e9grer l\u2019excellence num\u00e9rique<\/h4>\n<p>&nbsp;<\/p>\n<h4>Avantages du Toucan<\/h4>\n<ul>\n<li>Grande largeur d'impression 297 mm<\/li>\n<li>En couleur<\/li>\n<li>Encre pigment\u00e9e durable<\/li>\n<li>Entretien automatis\u00e9<\/li>\n<\/ul>\n<\/div>\n<\/div><\/div><\/div><\/div><div id=\"pg-12640-1\"  class=\"panel-grid panel-no-style\" ><div id=\"pgc-12640-1-0\"  class=\"panel-grid-cell\" ><div id=\"panel-12640-1-0-0\" class=\"so-panel widget widget_sow-editor panel-first-child panel-last-child\" data-index=\"1\" ><div class=\"so-widget-sow-editor so-widget-sow-editor-base\">\n<div class=\"siteorigin-widget-tinymce textwidget\">\n\t<h4>Imprim\u00e9 avec Toucan<\/h4>\n<\/div>\n<\/div><\/div><\/div><\/div><div id=\"pg-12640-2\"  class=\"panel-grid panel-no-style\" ><div id=\"pgc-12640-2-0\"  class=\"panel-grid-cell\" ><div id=\"panel-12640-2-0-0\" class=\"so-panel widget widget_sow-editor panel-first-child panel-last-child\" data-index=\"2\" ><div class=\"so-widget-sow-editor so-widget-sow-editor-base\">\n<div class=\"siteorigin-widget-tinymce textwidget\">\n\t<p><img loading=\"lazy\" decoding=\"async\" class=\"alignnone wp-image-6074\" src=\"https:\/\/www.djm.nl\/wp-content\/uploads\/2020\/03\/4.png\" alt=\"\" width=\"246\" height=\"150\"><\/p>\n<\/div>\n<\/div><\/div><\/div><div id=\"pgc-12640-2-1\"  class=\"panel-grid-cell\" ><div id=\"panel-12640-2-1-0\" class=\"so-panel widget widget_sow-editor panel-first-child panel-last-child\" data-index=\"3\" ><div class=\"so-widget-sow-editor so-widget-sow-editor-base\">\n<div class=\"siteorigin-widget-tinymce textwidget\">\n\t<p><img loading=\"lazy\" decoding=\"async\" class=\"alignnone wp-image-6069\" src=\"https:\/\/www.djm.nl\/wp-content\/uploads\/2020\/03\/3.png\" alt=\"\" width=\"246\" height=\"150\"><\/p>\n<\/div>\n<\/div><\/div><\/div><div id=\"pgc-12640-2-2\"  class=\"panel-grid-cell\" ><div id=\"panel-12640-2-2-0\" class=\"so-panel widget widget_sow-editor panel-first-child panel-last-child\" data-index=\"4\" ><div class=\"so-widget-sow-editor so-widget-sow-editor-base\">\n<div class=\"siteorigin-widget-tinymce textwidget\">\n\t<p><img loading=\"lazy\" decoding=\"async\" class=\"wp-image-6059 alignnone\" src=\"https:\/\/www.djm.nl\/wp-content\/uploads\/2020\/03\/1.png\" alt=\"\" width=\"246\" height=\"150\"><\/p>\n<\/div>\n<\/div><\/div><\/div><div id=\"pgc-12640-2-3\"  class=\"panel-grid-cell\" ><div id=\"panel-12640-2-3-0\" class=\"so-panel widget widget_sow-editor panel-first-child panel-last-child\" data-index=\"5\" ><div class=\"so-widget-sow-editor so-widget-sow-editor-base\">\n<div class=\"siteorigin-widget-tinymce textwidget\">\n\t<p><img loading=\"lazy\" decoding=\"async\" class=\"alignnone wp-image-6064\" src=\"https:\/\/www.djm.nl\/wp-content\/uploads\/2020\/03\/2.png\" alt=\"\" width=\"246\" height=\"150\"><\/p>\n<\/div>\n<\/div><\/div><\/div><\/div><div id=\"pg-12640-3\"  class=\"panel-grid panel-no-style\" ><div id=\"pgc-12640-3-0\"  class=\"panel-grid-cell\" ><div id=\"panel-12640-3-0-0\" class=\"so-panel widget widget_sow-cta panel-first-child panel-last-child\" data-index=\"6\" ><div class=\"so-widget-sow-cta so-widget-sow-cta-default-4208922e6c26-12640\"><div class=\"sow-cta-base\">\n\n\t<div class=\"sow-cta-wrapper\">\n\n\t\t<div class=\"sow-cta-text\">\n\t\t\t<h4 class=\"sow-cta-title\">Looking for a compact full color inkjet printing solution?<\/h4>\n\t\t\t<h5 class=\"sow-cta-subtitle\">Look no further, we can provide you with a tailor-made solution that exceeds your expectations!<\/h5>\n\t\t<\/div>\n\n\t\t<div class=\"so-widget-sow-button so-widget-sow-button-atom-b4f6b6b19f96\"><div class=\"ow-button-base ow-button-align-center\">\n\t<a href=\"mailto:sales@djm.nl\" class=\"ow-icon-placement-left ow-button-hover\" \t\t>\n\t\t<span>\n\t\t\t\n\t\t\tContact us\t\t<\/span>\n\t<\/a>\n<\/div>\n<\/div>\n\t<\/div>\n\n<\/div>\n<\/div><\/div><\/div><\/div><\/div>","protected":false},"excerpt":{"rendered":"<p>Fier de vous pr\u00e9senter notre nouveau module #inkjet !<br \/>\nLe Toucan est notre dernier module d&rsquo;impression jet d&rsquo;encre couleur et bas\u00e9 sur la technologie PageWide de HP.<\/p>\n<p>Le module d&rsquo;impression Toucan prend en charge, avec sa largeur d&rsquo;impression de 11,7 pouces et sa longueur d&rsquo;image jusqu&rsquo;\u00e0 900 mm, une large gamme d&rsquo;applications. Des enveloppes \u00e0 court terme, des \u00e9tiquettes, des sacs en papier aux pr\u00e9sentoirs ou bo\u00eetes en carton.<\/p>\n","protected":false},"author":4,"featured_media":10891,"parent":11141,"menu_order":0,"comment_status":"closed","ping_status":"closed","template":"","meta":{"footnotes":""},"class_list":["post-12640","page","type-page","status-publish","has-post-thumbnail","hentry"],"_links":{"self":[{"href":"https:\/\/www.djm.nl\/fr\/wp-json\/wp\/v2\/pages\/12640","targetHints":{"allow":["GET"]}}],"collection":[{"href":"https:\/\/www.djm.nl\/fr\/wp-json\/wp\/v2\/pages"}],"about":[{"href":"https:\/\/www.djm.nl\/fr\/wp-json\/wp\/v2\/types\/page"}],"author":[{"embeddable":true,"href":"https:\/\/www.djm.nl\/fr\/wp-json\/wp\/v2\/users\/4"}],"replies":[{"embeddable":true,"href":"https:\/\/www.djm.nl\/fr\/wp-json\/wp\/v2\/comments?post=12640"}],"version-history":[{"count":4,"href":"https:\/\/www.djm.nl\/fr\/wp-json\/wp\/v2\/pages\/12640\/revisions"}],"predecessor-version":[{"id":14251,"href":"https:\/\/www.djm.nl\/fr\/wp-json\/wp\/v2\/pages\/12640\/revisions\/14251"}],"up":[{"embeddable":true,"href":"https:\/\/www.djm.nl\/fr\/wp-json\/wp\/v2\/pages\/11141"}],"wp:featuredmedia":[{"embeddable":true,"href":"https:\/\/www.djm.nl\/fr\/wp-json\/wp\/v2\/media\/10891"}],"wp:attachment":[{"href":"https:\/\/www.djm.nl\/fr\/wp-json\/wp\/v2\/media?parent=12640"}],"curies":[{"name":"wp","href":"https:\/\/api.w.org\/{rel}","templated":true}]}}