{"id":12598,"date":"2023-12-20T15:17:09","date_gmt":"2023-12-20T14:17:09","guid":{"rendered":"https:\/\/www.djm.nl\/our-partners\/solution-partners\/"},"modified":"2024-01-04T09:06:29","modified_gmt":"2024-01-04T08:06:29","slug":"solution-partners","status":"publish","type":"page","link":"https:\/\/www.djm.nl\/fr\/our-partners\/solution-partners\/","title":{"rendered":"Solution partners"},"content":{"rendered":"<div id=\"pl-12598\"  class=\"panel-layout\" ><div id=\"pg-12598-0\"  class=\"panel-grid panel-no-style\" ><div id=\"pgc-12598-0-0\"  class=\"panel-grid-cell\" ><div id=\"panel-12598-0-0-0\" class=\"so-panel widget widget_sow-editor panel-first-child panel-last-child\" data-index=\"0\" ><div class=\"so-widget-sow-editor so-widget-sow-editor-base\">\n<div class=\"siteorigin-widget-tinymce textwidget\">\n\t<h2>DJM fonctionne avec solution partners<\/h2>\n<\/div>\n<\/div><\/div><\/div><\/div><div id=\"pg-12598-1\"  class=\"panel-grid panel-has-style\" ><div class=\"zebra panel-row-style panel-row-style-for-12598-1\" ><div id=\"pgc-12598-1-0\"  class=\"panel-grid-cell\" ><div id=\"panel-12598-1-0-0\" class=\"so-panel widget widget_sow-editor panel-first-child panel-last-child\" data-index=\"1\" ><div class=\"so-widget-sow-editor so-widget-sow-editor-base\">\n<div class=\"siteorigin-widget-tinymce textwidget\">\n\t<h2>Kern AG<img loading=\"lazy\" decoding=\"async\" class=\"alignright wp-image-5199 size-full\" src=\"https:\/\/www.djm.nl\/wp-content\/uploads\/2019\/07\/kern-logo.png\" alt=\"\" width=\"277\" height=\"114\" srcset=\"https:\/\/www.djm.nl\/wp-content\/uploads\/2019\/07\/kern-logo.png 277w, https:\/\/www.djm.nl\/wp-content\/uploads\/2019\/07\/kern-logo-200x82.png 200w, https:\/\/www.djm.nl\/wp-content\/uploads\/2019\/07\/kern-logo-250x103.png 250w, https:\/\/www.djm.nl\/wp-content\/uploads\/2019\/07\/kern-logo-150x62.png 150w\" sizes=\"auto, (max-width: 277px) 100vw, 277px\" \/><\/h2>\n<p>Kern AG a d\u00e9velopp\u00e9 et fabriqu\u00e9 des syst\u00e8mes d'insertion de haute qualit\u00e9, des solutions de traitement de cartes, des technologies de pr\u00e9- et post-traitement d'imprimantes num\u00e9riques, des logiciels de logistique et d'emballage et ADF (usine automatis\u00e9e de documents). DJM et Kern AG travaillent ensemble dans le traitement complet de la \u00ab White Paper Factory \u00bb pour les prestataires de services de publipostage.<\/p>\n<p><a style=\"background-color: #e57936; color: #ffffff; font-family: Helvetica, Arial, sans-serif; font-size: 16px; font-weight: bold; letter-spacing: -.5px; line-height: 150%; text-decoration: none; padding: 15px 30px 15px 30px; border-radius: 25px;\" href=\"https:\/\/www.djm.nl\/white-paper-factory-processing-for-direct-mail-service-providers\/\" target=\"_blank\" rel=\"noopener\">READ MORE<br \/>\n<\/a><\/p>\n<\/div>\n<\/div><\/div><\/div><\/div><\/div><\/div>","protected":false},"excerpt":{"rendered":"<p>DJM fonctionne avec solution partners Kern AG Kern AG a d\u00e9velopp\u00e9 et fabriqu\u00e9 des syst\u00e8mes d&rsquo;insertion de haute qualit\u00e9, des solutions de traitement de cartes, des technologies de pr\u00e9- et post-traitement d&rsquo;imprimantes num\u00e9riques, des logiciels de logistique et d&#8217;emballage et ADF (usine automatis\u00e9e de documents). DJM et Kern AG travaillent ensemble dans le traitement complet [&hellip;]<\/p>\n","protected":false},"author":4,"featured_media":0,"parent":11316,"menu_order":0,"comment_status":"closed","ping_status":"closed","template":"","meta":{"footnotes":""},"class_list":["post-12598","page","type-page","status-publish","hentry"],"_links":{"self":[{"href":"https:\/\/www.djm.nl\/fr\/wp-json\/wp\/v2\/pages\/12598","targetHints":{"allow":["GET"]}}],"collection":[{"href":"https:\/\/www.djm.nl\/fr\/wp-json\/wp\/v2\/pages"}],"about":[{"href":"https:\/\/www.djm.nl\/fr\/wp-json\/wp\/v2\/types\/page"}],"author":[{"embeddable":true,"href":"https:\/\/www.djm.nl\/fr\/wp-json\/wp\/v2\/users\/4"}],"replies":[{"embeddable":true,"href":"https:\/\/www.djm.nl\/fr\/wp-json\/wp\/v2\/comments?post=12598"}],"version-history":[{"count":1,"href":"https:\/\/www.djm.nl\/fr\/wp-json\/wp\/v2\/pages\/12598\/revisions"}],"predecessor-version":[{"id":12701,"href":"https:\/\/www.djm.nl\/fr\/wp-json\/wp\/v2\/pages\/12598\/revisions\/12701"}],"up":[{"embeddable":true,"href":"https:\/\/www.djm.nl\/fr\/wp-json\/wp\/v2\/pages\/11316"}],"wp:attachment":[{"href":"https:\/\/www.djm.nl\/fr\/wp-json\/wp\/v2\/media?parent=12598"}],"curies":[{"name":"wp","href":"https:\/\/api.w.org\/{rel}","templated":true}]}}