{"id":11363,"date":"2019-06-11T15:12:23","date_gmt":"2019-06-11T14:12:23","guid":{"rendered":"https:\/\/www.djm.nl\/products\/bulk-ink-system-4-color-bis\/"},"modified":"2022-10-03T16:18:12","modified_gmt":"2022-10-03T15:18:12","slug":"bulk-ink-system-4-color-bis","status":"publish","type":"page","link":"https:\/\/www.djm.nl\/fr\/produits\/bulk-ink-system-4-color-bis\/","title":{"rendered":"Bulk Ink System - 4 Color BIS"},"content":{"rendered":"<div id=\"pl-11363\"  class=\"panel-layout\" ><div id=\"pg-11363-0\"  class=\"panel-grid panel-no-style\" ><div id=\"pgc-11363-0-0\"  class=\"panel-grid-cell\" ><div id=\"panel-11363-0-0-0\" class=\"so-panel widget widget_sow-editor panel-first-child\" data-index=\"0\" ><div class=\"so-widget-sow-editor so-widget-sow-editor-base\">\n<div class=\"siteorigin-widget-tinymce textwidget\">\n\t<p><strong>Pour les applications \u00e0 forte couverture d'encre, DJM a d\u00e9velopp\u00e9 un syst\u00e8me d'encre en vrac (BIS) pour les modules d'impression HP (couleur). Le BIS est un moyen efficace de r\u00e9duire les co\u00fbts d'impression ; il surveille et contr\u00f4le l'alimentation en encre de plusieurs modules d'impression couleur. Le syst\u00e8me mobile est con\u00e7u pour augmenter le temps de fonctionnement, accro\u00eetre la capacit\u00e9 d'impression et pr\u00e9venir la contamination de l'encre.<\/strong><\/p>\n<p><img loading=\"lazy\" decoding=\"async\" class=\"alignright size-custom-size-250 wp-image-1439\" src=\"https:\/\/www.djm.nl\/wp-content\/uploads\/2018\/04\/BIS-high-res-250x231.png\" sizes=\"auto, (max-width: 250px) 100vw, 250px\" srcset=\"https:\/\/www.djm.nl\/wp-content\/uploads\/2018\/04\/BIS-high-res-250x231.png 250w, https:\/\/www.djm.nl\/wp-content\/uploads\/2018\/04\/BIS-high-res-300x277.png 300w, https:\/\/www.djm.nl\/wp-content\/uploads\/2018\/04\/BIS-high-res-768x708.png 768w, https:\/\/www.djm.nl\/wp-content\/uploads\/2018\/04\/BIS-high-res-1024x944.png 1024w, https:\/\/www.djm.nl\/wp-content\/uploads\/2018\/04\/BIS-high-res-200x184.png 200w, https:\/\/www.djm.nl\/wp-content\/uploads\/2018\/04\/BIS-high-res-150x138.png 150w\" alt=\"\" width=\"250\" height=\"231\" \/><\/p>\n<h3>Contr\u00f4le total de l'encre<\/h3>\n<p>L'achat d'encre en gros est plus abordable et permet de ma\u00eetriser les co\u00fbts d'impression. Une grande capacit\u00e9 d'encre augmente \u00e9galement votre productivit\u00e9 d'impression. Le BIS a une capacit\u00e9 impressionnante de 60 \u00e0 65 litres par r\u00e9servoir de couleur, ce qui permet des tirages plus longs et aide \u00e0 respecter les d\u00e9lais de production. Elle alimente en encre jusqu'\u00e0 10 modules d'impression en m\u00eame temps.<\/p>\n<p>Le BIS peut \u00eatre plac\u00e9 n'importe o\u00f9 dans un rayon de 20 m\u00e8tres autour du syst\u00e8me d'impression, ce qui vous donne une grande flexibilit\u00e9 et une utilisation efficace de l'espace de production. Comme le syst\u00e8me est plac\u00e9 sur des roues, il peut \u00eatre d\u00e9plac\u00e9 dans l'espace de travail.<\/p>\n<h3>Communication et s\u00e9curit\u00e9<\/h3>\n<p>Pour obtenir des r\u00e9sultats d'impression optimaux, il est important de surveiller la pression de l'encre afin d'emp\u00eacher les buses de la t\u00eate d'impression de se boucher et d'\u00e9viter les temps d'arr\u00eat pour le nettoyage. Le BIS 4 couleurs est dot\u00e9 de capteurs int\u00e9gr\u00e9s pour mesurer le niveau et la pression de l'encre. Les informations sont pr\u00e9sent\u00e9es sur une interface syst\u00e8me compl\u00e8te \u00e0 \u00e9cran tactile. Le syst\u00e8me communique avec notre\u00a0 <a href=\"https:\/\/www.djm.nl\/fr\/produits\/controller\">logiciel de contr\u00f4le <\/a> qui g\u00e9n\u00e8re des rapports d'\u00e9tat clairs. Votre op\u00e9rateur saura exactement quand la pression ou le niveau d'encre est bas et qu'il est temps de faire une recharge.<\/p>\n<p>Les r\u00e9servoirs CYMK peuvent \u00eatre remplis pendant la production afin de r\u00e9duire les temps d'arr\u00eat. Chaque r\u00e9servoir dispose d'un couvercle s\u00e9par\u00e9 pour \u00e9viter la contamination de la couleur par l'encre renvers\u00e9e. Un dispositif de s\u00e9curit\u00e9 suppl\u00e9mentaire est l'arr\u00eat automatique du syst\u00e8me lorsque la pression de l'encre est trop faible, ce qui emp\u00eache l'air de p\u00e9n\u00e9trer dans les tubes. En outre, le syst\u00e8me est \u00e9quip\u00e9 d'un d\u00e9gazeur pour \u00e9liminer l'air des tubes.<\/p>\n<h3>Contr\u00f4le manuel<\/h3>\n<p>Les boutons rotatifs sp\u00e9cialement con\u00e7us, un pour chaque couleur CMJN, vous permettent d'ajuster manuellement chaque pompe tandis que des capteurs fournissent un retour d'information sur les valeurs mesur\u00e9es au logiciel de gestion d'impression ; cela vous donne un contr\u00f4le ultime sur la pression dans le syst\u00e8me de tubes.<\/p>\n<p>DJM a con\u00e7u le syst\u00e8me pour une utilisation avec les modules d'impression HP et l'encre correspondante. Cependant, le syst\u00e8me peut \u00eatre ajust\u00e9 pour \u00eatre compatible avec d'autres encres ou syst\u00e8mes d'impression.<\/p>\n<h4>Avantages du syst\u00e8me Bulk Ink System<\/h4>\n<ul>\n<li>Rentable<\/li>\n<li>Interface compl\u00e8te<\/li>\n<li>Options de contr\u00f4le manuel<\/li>\n<li>Recharge propre pendant l'impression<\/li>\n<\/ul>\n<\/div>\n<\/div><\/div><div id=\"panel-11363-0-0-1\" class=\"so-panel widget widget_sow-button\" data-index=\"1\" ><div class=\"so-widget-sow-button so-widget-sow-button-atom-26d68955a680-11363\"><div class=\"ow-button-base ow-button-align-left\">\n\t<a href=\"https:\/\/www.djm.nl\/download\/4707\/\" class=\"ow-icon-placement-left ow-button-hover\" \t\t>\n\t\t<span>\n\t\t\t\n\t\t\tT\u00e9l\u00e9charger la fiche du produit\t\t<\/span>\n\t<\/a>\n<\/div>\n<\/div><\/div><div id=\"panel-11363-0-0-2\" class=\"so-panel widget widget_sow-cta panel-last-child\" data-index=\"2\" ><div class=\"so-widget-sow-cta so-widget-sow-cta-default-4208922e6c26-11363\"><div class=\"sow-cta-base\">\n\n\t<div class=\"sow-cta-wrapper\">\n\n\t\t<div class=\"sow-cta-text\">\n\t\t\t<h4 class=\"sow-cta-title\">Vous recherchez la meilleure solution pour compl\u00e9ter vos travaux d'impression digitale ?<\/h4>\n\t\t\t<h5 class=\"sow-cta-subtitle\">Le jet d'encre est synonyme de libert\u00e9 digitale. DJM est s\u00fbr de fournir une solution jet d'encre qui correspond aux besoins de votre entreprise et de vos clients.<\/h5>\n\t\t<\/div>\n\n\t\t<div class=\"so-widget-sow-button so-widget-sow-button-atom-b4f6b6b19f96\"><div class=\"ow-button-base ow-button-align-center\">\n\t<a href=\"mailto:sales@djm.nl\" class=\"ow-icon-placement-left ow-button-hover\" \t\t>\n\t\t<span>\n\t\t\t\n\t\t\tContactez-nous\t\t<\/span>\n\t<\/a>\n<\/div>\n<\/div>\n\t<\/div>\n\n<\/div>\n<\/div><\/div><\/div><\/div><\/div>","protected":false},"excerpt":{"rendered":"<p>Pour les applications \u00e0 forte couverture d&rsquo;encre, DJM a d\u00e9velopp\u00e9 un syst\u00e8me d&rsquo;encre en vrac (BIS) pour les modules d&rsquo;impression HP (couleur). Le BIS est un moyen efficace de r\u00e9duire les co\u00fbts d&rsquo;impression ; il surveille et contr\u00f4le l&rsquo;alimentation en encre de plusieurs modules d&rsquo;impression couleur. Le syst\u00e8me mobile est con\u00e7u pour augmenter le temps [&hellip;]<\/p>\n","protected":false},"author":4,"featured_media":0,"parent":11141,"menu_order":0,"comment_status":"closed","ping_status":"closed","template":"","meta":{"footnotes":""},"class_list":["post-11363","page","type-page","status-publish","hentry"],"_links":{"self":[{"href":"https:\/\/www.djm.nl\/fr\/wp-json\/wp\/v2\/pages\/11363","targetHints":{"allow":["GET"]}}],"collection":[{"href":"https:\/\/www.djm.nl\/fr\/wp-json\/wp\/v2\/pages"}],"about":[{"href":"https:\/\/www.djm.nl\/fr\/wp-json\/wp\/v2\/types\/page"}],"author":[{"embeddable":true,"href":"https:\/\/www.djm.nl\/fr\/wp-json\/wp\/v2\/users\/4"}],"replies":[{"embeddable":true,"href":"https:\/\/www.djm.nl\/fr\/wp-json\/wp\/v2\/comments?post=11363"}],"version-history":[{"count":17,"href":"https:\/\/www.djm.nl\/fr\/wp-json\/wp\/v2\/pages\/11363\/revisions"}],"predecessor-version":[{"id":11567,"href":"https:\/\/www.djm.nl\/fr\/wp-json\/wp\/v2\/pages\/11363\/revisions\/11567"}],"up":[{"embeddable":true,"href":"https:\/\/www.djm.nl\/fr\/wp-json\/wp\/v2\/pages\/11141"}],"wp:attachment":[{"href":"https:\/\/www.djm.nl\/fr\/wp-json\/wp\/v2\/media?parent=11363"}],"curies":[{"name":"wp","href":"https:\/\/api.w.org\/{rel}","templated":true}]}}