{"id":11337,"date":"2020-02-11T12:11:04","date_gmt":"2020-02-11T11:11:04","guid":{"rendered":"https:\/\/www.djm.nl\/blogs\/"},"modified":"2022-10-05T13:07:19","modified_gmt":"2022-10-05T12:07:19","slug":"blogs","status":"publish","type":"page","link":"https:\/\/www.djm.nl\/fr\/blogs\/","title":{"rendered":"Blogs"},"content":{"rendered":"<div id=\"pl-11337\"  class=\"panel-layout\" ><div id=\"pg-11337-0\"  class=\"panel-grid panel-no-style\" ><div id=\"pgc-11337-0-0\"  class=\"panel-grid-cell\" ><div id=\"panel-11337-0-0-0\" class=\"so-panel widget widget_sow-editor panel-first-child panel-last-child\" data-index=\"0\" ><div class=\"so-widget-sow-editor so-widget-sow-editor-base\"><h3 class=\"widget-title\">L'int\u00e9gration du jet d'encre monte en fl\u00e8che<\/h3>\n<div class=\"siteorigin-widget-tinymce textwidget\">\n\t<p><a href=\"https:\/\/www.djm.nl\/inkjet-integration-is-skyrocketing\/\" target=\"_blank\" rel=\"noopener\"><img loading=\"lazy\" decoding=\"async\" class=\"alignleft wp-image-7077\" src=\"https:\/\/www.djm.nl\/wp-content\/uploads\/2021\/08\/blogpost-image-inkjet-integration-300x183.png\" alt=\"\" width=\"350\" height=\"213\" srcset=\"https:\/\/www.djm.nl\/wp-content\/uploads\/2021\/08\/blogpost-image-inkjet-integration-300x183.png 300w, https:\/\/www.djm.nl\/wp-content\/uploads\/2021\/08\/blogpost-image-inkjet-integration-1024x624.png 1024w, https:\/\/www.djm.nl\/wp-content\/uploads\/2021\/08\/blogpost-image-inkjet-integration-768x468.png 768w, https:\/\/www.djm.nl\/wp-content\/uploads\/2021\/08\/blogpost-image-inkjet-integration-1536x935.png 1536w, https:\/\/www.djm.nl\/wp-content\/uploads\/2021\/08\/blogpost-image-inkjet-integration-200x122.png 200w, https:\/\/www.djm.nl\/wp-content\/uploads\/2021\/08\/blogpost-image-inkjet-integration-250x152.png 250w, https:\/\/www.djm.nl\/wp-content\/uploads\/2021\/08\/blogpost-image-inkjet-integration-150x91.png 150w, https:\/\/www.djm.nl\/wp-content\/uploads\/2021\/08\/blogpost-image-inkjet-integration.png 1821w\" sizes=\"auto, (max-width: 350px) 100vw, 350px\" \/><\/a><\/p>\n<\/div>\n<\/div><\/div><\/div><div id=\"pgc-11337-0-1\"  class=\"panel-grid-cell\" ><div id=\"panel-11337-0-1-0\" class=\"so-panel widget widget_sow-editor panel-first-child panel-last-child\" data-index=\"1\" ><div class=\"so-widget-sow-editor so-widget-sow-editor-base\"><h3 class=\"widget-title\">Comment choisir la \"bonne\" t\u00eate d'impression...<\/h3>\n<div class=\"siteorigin-widget-tinymce textwidget\">\n\t<p><a href=\"https:\/\/www.djm.nl\/how-to-select-the-right-printhead\/\"><img loading=\"lazy\" decoding=\"async\" class=\"alignnone wp-image-5921\" src=\"https:\/\/www.djm.nl\/wp-content\/uploads\/2020\/02\/blog-300x183.png\" alt=\"\" width=\"350\" height=\"213\" srcset=\"https:\/\/www.djm.nl\/wp-content\/uploads\/2020\/02\/blog-300x183.png 300w, https:\/\/www.djm.nl\/wp-content\/uploads\/2020\/02\/blog-1024x624.png 1024w, https:\/\/www.djm.nl\/wp-content\/uploads\/2020\/02\/blog-768x468.png 768w, https:\/\/www.djm.nl\/wp-content\/uploads\/2020\/02\/blog-1536x935.png 1536w, https:\/\/www.djm.nl\/wp-content\/uploads\/2020\/02\/blog-200x122.png 200w, https:\/\/www.djm.nl\/wp-content\/uploads\/2020\/02\/blog-250x152.png 250w, https:\/\/www.djm.nl\/wp-content\/uploads\/2020\/02\/blog-150x91.png 150w, https:\/\/www.djm.nl\/wp-content\/uploads\/2020\/02\/blog.png 1821w\" sizes=\"auto, (max-width: 350px) 100vw, 350px\" \/><\/a><\/p>\n<\/div>\n<\/div><\/div><\/div><div id=\"pgc-11337-0-2\"  class=\"panel-grid-cell\" ><div id=\"panel-11337-0-2-0\" class=\"so-panel widget widget_sow-editor panel-first-child panel-last-child\" data-index=\"2\" ><div class=\"panel-widget-style panel-widget-style-for-11337-0-2-0\" ><div class=\"so-widget-sow-editor so-widget-sow-editor-base\"><h3 class=\"widget-title\">Le Triangle d'Or, o\u00f9 toute la \"magie\" se passe...<\/h3>\n<div class=\"siteorigin-widget-tinymce textwidget\">\n\t<p><a href=\"https:\/\/www.djm.nl\/the-golden-triangle-where-all-the-magic-happens\"><img loading=\"lazy\" decoding=\"async\" class=\"alignleft wp-image-6286\" src=\"https:\/\/www.djm.nl\/wp-content\/uploads\/2020\/05\/golden-triangle-1821x1109-1.png\" alt=\"\" width=\"350\" height=\"213\" \/><\/a><\/p>\n<\/div>\n<\/div><\/div><\/div><\/div><\/div><div id=\"pg-11337-1\"  class=\"panel-grid panel-no-style\" ><div id=\"pgc-11337-1-0\"  class=\"panel-grid-cell\" ><div id=\"panel-11337-1-0-0\" class=\"so-panel widget widget_sow-cta panel-first-child panel-last-child\" data-index=\"3\" ><div class=\"so-widget-sow-cta so-widget-sow-cta-default-4208922e6c26-11337\"><div class=\"sow-cta-base\">\n\n\t<div class=\"sow-cta-wrapper\">\n\n\t\t<div class=\"sow-cta-text\">\n\t\t\t<h4 class=\"sow-cta-title\">Voulez-vous en savoir plus sur la technologie du jet d'encre, les t\u00eates d'impression, les jeux d'encre, les syst\u00e8mes de gestion de l'encre, les logiciels de contr\u00f4le et les pilotes \u00e9lectroniques ?<\/h4>\n\t\t\t<h5 class=\"sow-cta-subtitle\">Contactez un de nos innovateurs passionn\u00e9s !<\/h5>\n\t\t<\/div>\n\n\t\t<div class=\"so-widget-sow-button so-widget-sow-button-atom-b4f6b6b19f96\"><div class=\"ow-button-base ow-button-align-center\">\n\t<a href=\"mailto:sales@djm.nl\" class=\"ow-icon-placement-left ow-button-hover\" \t\t>\n\t\t<span>\n\t\t\t\n\t\t\tcontactez-nous\t\t<\/span>\n\t<\/a>\n<\/div>\n<\/div>\n\t<\/div>\n\n<\/div>\n<\/div><\/div><\/div><\/div><\/div>","protected":false},"excerpt":{"rendered":"<p>L&rsquo;int\u00e9gration du jet d&rsquo;encre monte en fl\u00e8che Comment choisir la \u00ab\u00a0bonne\u00a0\u00bb t\u00eate d&rsquo;impression&#8230; Le Triangle d&rsquo;Or, o\u00f9 toute la \u00ab\u00a0magie\u00a0\u00bb se passe&#8230; Voulez-vous en savoir plus sur la technologie du jet d&rsquo;encre, les t\u00eates d&rsquo;impression, les jeux d&rsquo;encre, les syst\u00e8mes de gestion de l&rsquo;encre, les logiciels de contr\u00f4le et les pilotes \u00e9lectroniques ? Contactez un [&hellip;]<\/p>\n","protected":false},"author":4,"featured_media":0,"parent":0,"menu_order":0,"comment_status":"closed","ping_status":"closed","template":"","meta":{"footnotes":""},"class_list":["post-11337","page","type-page","status-publish","hentry"],"_links":{"self":[{"href":"https:\/\/www.djm.nl\/fr\/wp-json\/wp\/v2\/pages\/11337","targetHints":{"allow":["GET"]}}],"collection":[{"href":"https:\/\/www.djm.nl\/fr\/wp-json\/wp\/v2\/pages"}],"about":[{"href":"https:\/\/www.djm.nl\/fr\/wp-json\/wp\/v2\/types\/page"}],"author":[{"embeddable":true,"href":"https:\/\/www.djm.nl\/fr\/wp-json\/wp\/v2\/users\/4"}],"replies":[{"embeddable":true,"href":"https:\/\/www.djm.nl\/fr\/wp-json\/wp\/v2\/comments?post=11337"}],"version-history":[{"count":4,"href":"https:\/\/www.djm.nl\/fr\/wp-json\/wp\/v2\/pages\/11337\/revisions"}],"predecessor-version":[{"id":11588,"href":"https:\/\/www.djm.nl\/fr\/wp-json\/wp\/v2\/pages\/11337\/revisions\/11588"}],"wp:attachment":[{"href":"https:\/\/www.djm.nl\/fr\/wp-json\/wp\/v2\/media?parent=11337"}],"curies":[{"name":"wp","href":"https:\/\/api.w.org\/{rel}","templated":true}]}}