{"id":11328,"date":"2020-05-01T08:27:22","date_gmt":"2020-05-01T07:27:22","guid":{"rendered":"https:\/\/www.djm.nl\/contact-details\/"},"modified":"2025-02-04T08:15:29","modified_gmt":"2025-02-04T07:15:29","slug":"contact-details","status":"publish","type":"page","link":"https:\/\/www.djm.nl\/fr\/contact-details\/","title":{"rendered":"Informations de contact"},"content":{"rendered":"<div id=\"pl-11328\"  class=\"panel-layout\" ><div id=\"pg-11328-0\"  class=\"panel-grid panel-no-style\" ><div id=\"pgc-11328-0-0\"  class=\"panel-grid-cell\" ><div id=\"panel-11328-0-0-0\" class=\"so-panel widget widget_sow-editor panel-first-child\" data-index=\"0\" ><div class=\"so-widget-sow-editor so-widget-sow-editor-base\">\n<div class=\"siteorigin-widget-tinymce textwidget\">\n\t<p>Contactez-nous pour \u00e9largir votre offre d'impression. Remplissez le formulaire pour obtenir plus d'informations sur les solutions jet d'encre industrielles qui r\u00e9pondent \u00e0 vos besoins d'impression.<\/p>\n<h3><strong>DJM BV<\/strong><\/h3>\n<p><strong><img loading=\"lazy\" decoding=\"async\" class=\"alignright wp-image-7486\" src=\"https:\/\/www.djm.nl\/wp-content\/uploads\/2021\/12\/LinkedIn-post-kopie-250x131.png\" alt=\"\" width=\"500\" height=\"262\" srcset=\"https:\/\/www.djm.nl\/wp-content\/uploads\/2021\/12\/LinkedIn-post-kopie-250x131.png 250w, https:\/\/www.djm.nl\/wp-content\/uploads\/2021\/12\/LinkedIn-post-kopie-300x157.png 300w, https:\/\/www.djm.nl\/wp-content\/uploads\/2021\/12\/LinkedIn-post-kopie-1024x536.png 1024w, https:\/\/www.djm.nl\/wp-content\/uploads\/2021\/12\/LinkedIn-post-kopie-768x402.png 768w, https:\/\/www.djm.nl\/wp-content\/uploads\/2021\/12\/LinkedIn-post-kopie-200x105.png 200w, https:\/\/www.djm.nl\/wp-content\/uploads\/2021\/12\/LinkedIn-post-kopie-150x79.png 150w, https:\/\/www.djm.nl\/wp-content\/uploads\/2021\/12\/LinkedIn-post-kopie.png 1200w\" sizes=\"auto, (max-width: 500px) 100vw, 500px\" \/>Adresse<\/strong><br \/>\nNobelstraat 38<br \/>\n3846 CG HARDERWIJK<br \/>\nThe Netherlands<br \/>\nTel: +31 341 43 70 00<br \/>\nEmail: <a href=\"mailto:info@djm.nl\">info@djm.nl<\/a><\/p>\n<p><strong>Support technique<\/strong><br \/>\n<a href=\"mailto:support@djm.nl\">support@djm.nl<\/a><\/p>\n<p><strong>Consommables et pi\u00e8ces d\u00e9tach\u00e9es<\/strong><br \/>\n<a href=\"mailto:purchase@djm.nl\">purchase@djm.nl<\/a><\/p>\n<p>Bank: NL87ABNA0875159184<br \/>\nVAT number: NL 820417269.B01<br \/>\nChamber of Commerce: 08189241<br \/>\nIBAN code: NL87ABNA<br \/>\nBIC\/SWIFT code: ABNANL2A<\/p>\n<p>Les conditions de livraison telles que d\u00e9pos\u00e9es aupr\u00e8s de la Chambre de Commerce d'Apeldoorn sous le num\u00e9ro 2219, en date du 16 novembre 1999, s'appliquent \u00e0 toutes nos offres et conventions. Vous pouvez \u00e9galement consulter nos conditions g\u00e9n\u00e9rales de vente ci-dessous.<\/p>\n<\/div>\n<\/div><\/div><div id=\"panel-11328-0-0-1\" class=\"so-panel widget widget_sow-button panel-last-child\" data-index=\"1\" ><div class=\"so-widget-sow-button so-widget-sow-button-atom-b4f6b6b19f96-11328\"><div class=\"ow-button-base ow-button-align-center\">\n\t<a href=\"https:\/\/www.djm.nl\/download\/6787\/\" class=\"ow-icon-placement-left ow-button-hover\" \t\t>\n\t\t<span>\n\t\t\t\n\t\t\tT\u00e9l\u00e9charger les conditions g\u00e9n\u00e9rales de vente\t\t<\/span>\n\t<\/a>\n<\/div>\n<\/div><\/div><\/div><\/div><div id=\"pg-11328-1\"  class=\"panel-grid panel-no-style\" ><div id=\"pgc-11328-1-0\"  class=\"panel-grid-cell\" ><div id=\"panel-11328-1-0-0\" class=\"so-panel widget widget_text panel-first-child panel-last-child\" data-index=\"2\" >\t\t\t<div class=\"textwidget\">\n<div class=\"wpcf7 no-js\" id=\"wpcf7-f12792-o1\" lang=\"en-US\" dir=\"ltr\" data-wpcf7-id=\"12792\">\n<div class=\"screen-reader-response\"><p role=\"status\" aria-live=\"polite\" aria-atomic=\"true\"><\/p> <ul><\/ul><\/div>\n<form action=\"\/fr\/wp-json\/wp\/v2\/pages\/11328#wpcf7-f12792-o1\" method=\"post\" class=\"wpcf7-form init\" aria-label=\"Contact form\" novalidate=\"novalidate\" data-status=\"init\">\n<fieldset class=\"hidden-fields-container\"><input type=\"hidden\" name=\"_wpcf7\" value=\"12792\" \/><input type=\"hidden\" name=\"_wpcf7_version\" value=\"6.1.5\" \/><input type=\"hidden\" name=\"_wpcf7_locale\" value=\"en_US\" \/><input type=\"hidden\" name=\"_wpcf7_unit_tag\" value=\"wpcf7-f12792-o1\" \/><input type=\"hidden\" name=\"_wpcf7_container_post\" value=\"0\" \/><input type=\"hidden\" name=\"_wpcf7_posted_data_hash\" value=\"\" \/><input type=\"hidden\" name=\"_wpcf7_recaptcha_response\" value=\"\" \/>\n<\/fieldset>\n<p><label> Entreprise (requis)<br \/>\n<span class=\"wpcf7-form-control-wrap\" data-name=\"your-company\"><input size=\"40\" maxlength=\"400\" class=\"wpcf7-form-control wpcf7-text wpcf7-validates-as-required\" aria-required=\"true\" aria-invalid=\"false\" value=\"\" type=\"text\" name=\"your-company\" \/><\/span> <\/label>\n<\/p>\n<p><label> Nom (requis)<br \/>\n<span class=\"wpcf7-form-control-wrap\" data-name=\"your-name\"><input size=\"40\" maxlength=\"400\" class=\"wpcf7-form-control wpcf7-text wpcf7-validates-as-required\" aria-required=\"true\" aria-invalid=\"false\" value=\"\" type=\"text\" name=\"your-name\" \/><\/span> <\/label>\n<\/p>\n<p><label> Adresse e-mail (requis)<br \/>\n<span class=\"wpcf7-form-control-wrap\" data-name=\"your-email\"><input size=\"40\" maxlength=\"400\" class=\"wpcf7-form-control wpcf7-email wpcf7-validates-as-required wpcf7-text wpcf7-validates-as-email\" aria-required=\"true\" aria-invalid=\"false\" value=\"\" type=\"email\" name=\"your-email\" \/><\/span> <\/label>\n<\/p>\n<p><label> Num\u00e9ro de t\u00e9l\u00e9phone (requis)<br \/>\n<span class=\"wpcf7-form-control-wrap\" data-name=\"your-phone\"><input size=\"40\" maxlength=\"400\" class=\"wpcf7-form-control wpcf7-text wpcf7-validates-as-required\" aria-required=\"true\" aria-invalid=\"false\" value=\"\" type=\"text\" name=\"your-phone\" \/><\/span> <\/label>\n<\/p>\n<p><label> Pays (requis)<br \/>\n<span class=\"wpcf7-form-control-wrap\" data-name=\"your-country\"><input size=\"40\" maxlength=\"400\" class=\"wpcf7-form-control wpcf7-text wpcf7-validates-as-required\" aria-required=\"true\" aria-invalid=\"false\" value=\"\" type=\"text\" name=\"your-country\" \/><\/span> <\/label>\n<\/p>\n<p><label> URL<br \/>\n<span class=\"wpcf7-form-control-wrap\" data-name=\"your-url\"><input size=\"40\" maxlength=\"400\" class=\"wpcf7-form-control wpcf7-text\" aria-invalid=\"false\" value=\"\" type=\"text\" name=\"your-url\" \/><\/span> <\/label>\n<\/p>\n<p><label> Description de l'emploi<br \/>\n<span class=\"wpcf7-form-control-wrap\" data-name=\"your-job-description\"><input size=\"40\" maxlength=\"400\" class=\"wpcf7-form-control wpcf7-text\" aria-invalid=\"false\" value=\"\" type=\"text\" name=\"your-job-description\" \/><\/span> <\/label>\n<\/p>\n<p><label> Int\u00e9r\u00eats <\/label><br \/>\n<span class=\"wpcf7-form-control-wrap\" data-name=\"checkbox-interests\"><span class=\"wpcf7-form-control wpcf7-checkbox\"><span class=\"wpcf7-list-item first\"><input type=\"checkbox\" name=\"checkbox-interests[]\" value=\"Impression jet d&#039;encre\" \/><span class=\"wpcf7-list-item-label\">Impression jet d&#039;encre<\/span><\/span><span class=\"wpcf7-list-item\"><input type=\"checkbox\" name=\"checkbox-interests[]\" value=\"Noir &amp; blanc\" \/><span class=\"wpcf7-list-item-label\">Noir &amp; blanc<\/span><\/span><span class=\"wpcf7-list-item\"><input type=\"checkbox\" name=\"checkbox-interests[]\" value=\"Couleur d&#039;accompagnement\" \/><span class=\"wpcf7-list-item-label\">Couleur d&#039;accompagnement<\/span><\/span><span class=\"wpcf7-list-item last\"><input type=\"checkbox\" name=\"checkbox-interests[]\" value=\"Pleine couleur\" \/><span class=\"wpcf7-list-item-label\">Pleine couleur<\/span><\/span><\/span><\/span>\n<\/p>\n<p><label> Segment de march\u00e9 <\/label><br \/>\n<span class=\"wpcf7-form-control-wrap\" data-name=\"checkbox-applications\"><span class=\"wpcf7-form-control wpcf7-checkbox\"><span class=\"wpcf7-list-item first\"><input type=\"checkbox\" name=\"checkbox-applications[]\" value=\"Loterie et bingo\" \/><span class=\"wpcf7-list-item-label\">Loterie et bingo<\/span><\/span><span class=\"wpcf7-list-item\"><input type=\"checkbox\" name=\"checkbox-applications[]\" value=\"Chiffres et codes-barres\" \/><span class=\"wpcf7-list-item-label\">Chiffres et codes-barres<\/span><\/span><span class=\"wpcf7-list-item\"><input type=\"checkbox\" name=\"checkbox-applications[]\" value=\"Personnalisation\" \/><span class=\"wpcf7-list-item-label\">Personnalisation<\/span><\/span><span class=\"wpcf7-list-item\"><input type=\"checkbox\" name=\"checkbox-applications[]\" value=\"Emballage\" \/><span class=\"wpcf7-list-item-label\">Emballage<\/span><\/span><span class=\"wpcf7-list-item\"><input type=\"checkbox\" name=\"checkbox-applications[]\" value=\"Impression de donn\u00e9es variables\" \/><span class=\"wpcf7-list-item-label\">Impression de donn\u00e9es variables<\/span><\/span><span class=\"wpcf7-list-item last\"><input type=\"checkbox\" name=\"checkbox-applications[]\" value=\"Autre int\u00e9r\u00eat\" \/><span class=\"wpcf7-list-item-label\">Autre int\u00e9r\u00eat<\/span><\/span><\/span><\/span>\n<\/p>\n<p><label> Message<br \/>\n<span class=\"wpcf7-form-control-wrap\" data-name=\"your-message\"><textarea cols=\"40\" rows=\"10\" maxlength=\"2000\" class=\"wpcf7-form-control wpcf7-textarea\" aria-invalid=\"false\" name=\"your-message\"><\/textarea><\/span> <\/label>\n<\/p>\n<p><input class=\"wpcf7-form-control wpcf7-submit has-spinner\" type=\"submit\" value=\"Envoyer\" \/>\n<\/p><div class=\"wpcf7-response-output\" aria-hidden=\"true\"><\/div>\n<\/form>\n<\/div>\n\n<\/div>\n\t\t<\/div><\/div><div id=\"pgc-11328-1-1\"  class=\"panel-grid-cell\" ><div id=\"panel-11328-1-1-0\" class=\"widget_text so-panel widget widget_custom_html panel-first-child panel-last-child\" data-index=\"3\" ><div class=\"textwidget custom-html-widget\"><iframe id=\"contact-map\" src=\"https:\/\/www.google.com\/maps\/embed?pb=!1m18!1m12!1m3!1d38979.309107600646!2d5.611409515275861!3d52.36666975523419!2m3!1f0!2f0!3f0!3m2!1i1024!2i768!4f13.1!3m3!1m2!1s0x47c63247b5d43685%3A0xc0a3c7ba4ec1f404!2sNobelstraat+38%2C+3846+CG+Harderwijk!5e0!3m2!1sen!2snl!4v1513980977516\" frameborder=\"0\" style=\"border:0; width: 100%; height: calc(100vw\/2);\" allowfullscreen><\/iframe><\/div><\/div><\/div><\/div><\/div>","protected":false},"excerpt":{"rendered":"<p>Contactez-nous pour \u00e9largir votre offre d&rsquo;impression. Remplissez le formulaire pour obtenir plus d&rsquo;informations sur les solutions jet d&rsquo;encre industrielles qui r\u00e9pondent \u00e0 vos besoins d&rsquo;impression. DJM BV Adresse Nobelstraat 38 3846 CG HARDERWIJK The Netherlands Tel: +31 341 43 70 00 Email: info@djm.nl Support technique support@djm.nl Consommables et pi\u00e8ces d\u00e9tach\u00e9es purchase@djm.nl Bank: NL87ABNA0875159184 VAT number: [&hellip;]<\/p>\n","protected":false},"author":4,"featured_media":0,"parent":0,"menu_order":0,"comment_status":"closed","ping_status":"closed","template":"","meta":{"footnotes":""},"class_list":["post-11328","page","type-page","status-publish","hentry"],"_links":{"self":[{"href":"https:\/\/www.djm.nl\/fr\/wp-json\/wp\/v2\/pages\/11328","targetHints":{"allow":["GET"]}}],"collection":[{"href":"https:\/\/www.djm.nl\/fr\/wp-json\/wp\/v2\/pages"}],"about":[{"href":"https:\/\/www.djm.nl\/fr\/wp-json\/wp\/v2\/types\/page"}],"author":[{"embeddable":true,"href":"https:\/\/www.djm.nl\/fr\/wp-json\/wp\/v2\/users\/4"}],"replies":[{"embeddable":true,"href":"https:\/\/www.djm.nl\/fr\/wp-json\/wp\/v2\/comments?post=11328"}],"version-history":[{"count":5,"href":"https:\/\/www.djm.nl\/fr\/wp-json\/wp\/v2\/pages\/11328\/revisions"}],"predecessor-version":[{"id":14043,"href":"https:\/\/www.djm.nl\/fr\/wp-json\/wp\/v2\/pages\/11328\/revisions\/14043"}],"wp:attachment":[{"href":"https:\/\/www.djm.nl\/fr\/wp-json\/wp\/v2\/media?parent=11328"}],"curies":[{"name":"wp","href":"https:\/\/api.w.org\/{rel}","templated":true}]}}