{"id":11321,"date":"2019-02-12T14:06:49","date_gmt":"2019-02-12T13:06:49","guid":{"rendered":"https:\/\/www.djm.nl\/contact-2\/"},"modified":"2022-09-29T15:17:21","modified_gmt":"2022-09-29T14:17:21","slug":"contact-2","status":"publish","type":"page","link":"https:\/\/www.djm.nl\/fr\/markets\/contact-2\/","title":{"rendered":"Informations de contact"},"content":{"rendered":"<div id=\"pl-11321\"  class=\"panel-layout\" ><div id=\"pg-11321-0\"  class=\"panel-grid panel-no-style\" ><div id=\"pgc-11321-0-0\"  class=\"panel-grid-cell\" ><div id=\"panel-11321-0-0-0\" class=\"so-panel widget widget_sow-editor panel-first-child panel-last-child\" data-index=\"0\" ><div class=\"so-widget-sow-editor so-widget-sow-editor-base\">\n<div class=\"siteorigin-widget-tinymce textwidget\">\n\t<p>Contactez nous chez DJM inkjet solutions pour augmenter les possibilit\u00e9s d'impression. Remplissez le formulaire pour obtenir plus d'informations sur les solutions jet d'encre industrielles r\u00e9pondant \u00e0 vos besoins d'impression.<\/p>\n<p><strong>DJM BV<br \/>\nAdresse de visite<\/strong><br \/>\nNobelstraat 38<br \/>\n3846 CG HARDERWIJK<br \/>\nThe Netherlands<br \/>\nPhone: +31 341 43 70 00<br \/>\nEmail:\u00a0<a href=\"mailto:info@djm.nl\">info@djm.nl<\/a><\/p>\n<p><strong>Support technique<\/strong><br \/>\n<a href=\"mailto:support@djm.nl\">support@djm.nl<\/a><\/p>\n<p><strong>Consommables &amp; pi\u00e8ces d\u00e9tach\u00e9es<\/strong><br \/>\n<a href=\"mailto:purchase@djm.nl\">purchase@djm.nl<\/a><\/p>\n<p><strong>\u4e2d\u56fd\u5ba2\u670d<\/strong><\/p>\n<p><img loading=\"lazy\" decoding=\"async\" class=\"alignnone wp-image-3724 size-custom-size-200\" src=\"https:\/\/www.djm.nl\/wp-content\/uploads\/2019\/02\/wechat-198x200.png\" alt=\"\" width=\"198\" height=\"200\" srcset=\"https:\/\/www.djm.nl\/wp-content\/uploads\/2019\/02\/wechat-198x200.png 198w, https:\/\/www.djm.nl\/wp-content\/uploads\/2019\/02\/wechat-297x300.png 297w, https:\/\/www.djm.nl\/wp-content\/uploads\/2019\/02\/wechat-247x250.png 247w, https:\/\/www.djm.nl\/wp-content\/uploads\/2019\/02\/wechat-148x150.png 148w, https:\/\/www.djm.nl\/wp-content\/uploads\/2019\/02\/wechat.png 509w\" sizes=\"auto, (max-width: 198px) 100vw, 198px\" \/><\/p>\n<hr class=\"wp-block-separator\" \/>\n<p>Deutsche\u00a0Bank: IBAN NL53DEUT0400906546<br \/>\nVAT number:\u00a0<span lang=\"NL\">NL\u00a0<\/span>8204.17.269.B.01<br \/>\nChamber of Commerce: 08189241<\/p>\n<p>Sur tous nos devis et contrats, les conditions de livraison ont \u00e9t\u00e9 d\u00e9pos\u00e9es aupr\u00e8s de la Chambre de Commerce d'Apeldoorn aux Pays-Bas sous le num\u00e9ro 2219, en date du 16 novembre 1999. Veuillez lire nos conditions g\u00e9n\u00e9rales. . <u>Please read our General Conditions.<\/u><\/p>\n<\/div>\n<\/div><\/div><\/div><\/div><div id=\"pg-11321-1\"  class=\"panel-grid panel-no-style\" ><div id=\"pgc-11321-1-0\"  class=\"panel-grid-cell\" ><div id=\"panel-11321-1-0-0\" class=\"so-panel widget widget_sow-editor panel-first-child panel-last-child\" data-index=\"1\" ><div class=\"so-widget-sow-editor so-widget-sow-editor-base\">\n<div class=\"siteorigin-widget-tinymce textwidget\">\n\t\n<div class=\"wpcf7 no-js\" id=\"wpcf7-f14-o1\" lang=\"en-US\" dir=\"ltr\" data-wpcf7-id=\"14\">\n<div class=\"screen-reader-response\"><p role=\"status\" aria-live=\"polite\" aria-atomic=\"true\"><\/p> <ul><\/ul><\/div>\n<form action=\"\/fr\/wp-json\/wp\/v2\/pages\/11321#wpcf7-f14-o1\" method=\"post\" class=\"wpcf7-form init\" aria-label=\"Contact form\" novalidate=\"novalidate\" data-status=\"init\">\n<fieldset class=\"hidden-fields-container\"><input type=\"hidden\" name=\"_wpcf7\" value=\"14\" \/><input type=\"hidden\" name=\"_wpcf7_version\" value=\"6.1.5\" \/><input type=\"hidden\" name=\"_wpcf7_locale\" value=\"en_US\" \/><input type=\"hidden\" name=\"_wpcf7_unit_tag\" value=\"wpcf7-f14-o1\" \/><input type=\"hidden\" name=\"_wpcf7_container_post\" value=\"0\" \/><input type=\"hidden\" name=\"_wpcf7_posted_data_hash\" value=\"\" \/><input type=\"hidden\" name=\"_wpcf7_recaptcha_response\" value=\"\" \/>\n<\/fieldset>\n<p><label> Company (required)<br \/>\n<span class=\"wpcf7-form-control-wrap\" data-name=\"your-company\"><input size=\"40\" maxlength=\"400\" class=\"wpcf7-form-control wpcf7-text wpcf7-validates-as-required\" aria-required=\"true\" aria-invalid=\"false\" value=\"\" type=\"text\" name=\"your-company\" \/><\/span> <\/label>\n<\/p>\n<p><label> Name (required)<br \/>\n<span class=\"wpcf7-form-control-wrap\" data-name=\"your-name\"><input size=\"40\" maxlength=\"400\" class=\"wpcf7-form-control wpcf7-text wpcf7-validates-as-required\" aria-required=\"true\" aria-invalid=\"false\" value=\"\" type=\"text\" name=\"your-name\" \/><\/span> <\/label>\n<\/p>\n<p><label> Email address (required)<br \/>\n<span class=\"wpcf7-form-control-wrap\" data-name=\"your-email\"><input size=\"40\" maxlength=\"400\" class=\"wpcf7-form-control wpcf7-email wpcf7-validates-as-required wpcf7-text wpcf7-validates-as-email\" aria-required=\"true\" aria-invalid=\"false\" value=\"\" type=\"email\" name=\"your-email\" \/><\/span> <\/label>\n<\/p>\n<p><label> Phone number (required)<br \/>\n<span class=\"wpcf7-form-control-wrap\" data-name=\"your-phone\"><input size=\"40\" maxlength=\"400\" class=\"wpcf7-form-control wpcf7-text wpcf7-validates-as-required\" aria-required=\"true\" aria-invalid=\"false\" value=\"\" type=\"text\" name=\"your-phone\" \/><\/span> <\/label>\n<\/p>\n<p><label> Country (required)<br \/>\n<span class=\"wpcf7-form-control-wrap\" data-name=\"your-country\"><input size=\"40\" maxlength=\"400\" class=\"wpcf7-form-control wpcf7-text wpcf7-validates-as-required\" aria-required=\"true\" aria-invalid=\"false\" value=\"\" type=\"text\" name=\"your-country\" \/><\/span> <\/label>\n<\/p>\n<p><label> URL<br \/>\n<span class=\"wpcf7-form-control-wrap\" data-name=\"your-url\"><input size=\"40\" maxlength=\"400\" class=\"wpcf7-form-control wpcf7-text\" aria-invalid=\"false\" value=\"\" type=\"text\" name=\"your-url\" \/><\/span> <\/label>\n<\/p>\n<p><label> Job description<br \/>\n<span class=\"wpcf7-form-control-wrap\" data-name=\"your-job-description\"><input size=\"40\" maxlength=\"400\" class=\"wpcf7-form-control wpcf7-text\" aria-invalid=\"false\" value=\"\" type=\"text\" name=\"your-job-description\" \/><\/span> <\/label>\n<\/p>\n<p><label> Interests <\/label><br \/>\n<span class=\"wpcf7-form-control-wrap\" data-name=\"checkbox-interests\"><span class=\"wpcf7-form-control wpcf7-checkbox\"><span class=\"wpcf7-list-item first\"><input type=\"checkbox\" name=\"checkbox-interests[]\" value=\"Inkjet printing\" \/><span class=\"wpcf7-list-item-label\">Inkjet printing<\/span><\/span><span class=\"wpcf7-list-item\"><input type=\"checkbox\" name=\"checkbox-interests[]\" value=\"Black &amp; White\" \/><span class=\"wpcf7-list-item-label\">Black &amp; White<\/span><\/span><span class=\"wpcf7-list-item\"><input type=\"checkbox\" name=\"checkbox-interests[]\" value=\"Spot color\" \/><span class=\"wpcf7-list-item-label\">Spot color<\/span><\/span><span class=\"wpcf7-list-item last\"><input type=\"checkbox\" name=\"checkbox-interests[]\" value=\"Full color\" \/><span class=\"wpcf7-list-item-label\">Full color<\/span><\/span><\/span><\/span>\n<\/p>\n<p><label> Market segment <\/label><br \/>\n<span class=\"wpcf7-form-control-wrap\" data-name=\"checkbox-applications\"><span class=\"wpcf7-form-control wpcf7-checkbox\"><span class=\"wpcf7-list-item first\"><input type=\"checkbox\" name=\"checkbox-applications[]\" value=\"Lottery and bingo\" \/><span class=\"wpcf7-list-item-label\">Lottery and bingo<\/span><\/span><span class=\"wpcf7-list-item\"><input type=\"checkbox\" name=\"checkbox-applications[]\" value=\"Numbers and barcodes\" \/><span class=\"wpcf7-list-item-label\">Numbers and barcodes<\/span><\/span><span class=\"wpcf7-list-item\"><input type=\"checkbox\" name=\"checkbox-applications[]\" value=\"Personalization\" \/><span class=\"wpcf7-list-item-label\">Personalization<\/span><\/span><span class=\"wpcf7-list-item\"><input type=\"checkbox\" name=\"checkbox-applications[]\" value=\"Packaging\" \/><span class=\"wpcf7-list-item-label\">Packaging<\/span><\/span><span class=\"wpcf7-list-item\"><input type=\"checkbox\" name=\"checkbox-applications[]\" value=\"Variable data printing\" \/><span class=\"wpcf7-list-item-label\">Variable data printing<\/span><\/span><span class=\"wpcf7-list-item last\"><input type=\"checkbox\" name=\"checkbox-applications[]\" value=\"Other interest\" \/><span class=\"wpcf7-list-item-label\">Other interest<\/span><\/span><\/span><\/span>\n<\/p>\n<p><label> Message<br \/>\n<span class=\"wpcf7-form-control-wrap\" data-name=\"your-message\"><textarea cols=\"40\" rows=\"10\" maxlength=\"2000\" class=\"wpcf7-form-control wpcf7-textarea\" aria-invalid=\"false\" name=\"your-message\"><\/textarea><\/span> <\/label>\n<\/p>\n<p><input class=\"wpcf7-form-control wpcf7-submit has-spinner\" type=\"submit\" value=\"Send\" \/>\n<\/p><div class=\"wpcf7-response-output\" aria-hidden=\"true\"><\/div>\n<\/form>\n<\/div>\n\n<\/div>\n<\/div><\/div><\/div><div id=\"pgc-11321-1-1\"  class=\"panel-grid-cell\" ><div id=\"panel-11321-1-1-0\" class=\"so-panel widget widget_sow-editor panel-first-child panel-last-child\" data-index=\"2\" ><div class=\"so-widget-sow-editor so-widget-sow-editor-base\">\n<div class=\"siteorigin-widget-tinymce textwidget\">\n\t<div class=\"textwidget custom-html-widget\"><iframe id=\"contact-map\" src=\"https:\/\/www.google.com\/maps\/embed?pb=!1m18!1m12!1m3!1d38979.309107600646!2d5.611409515275861!3d52.36666975523419!2m3!1f0!2f0!3f0!3m2!1i1024!2i768!4f13.1!3m3!1m2!1s0x47c63247b5d43685%3A0xc0a3c7ba4ec1f404!2sNobelstraat+38%2C+3846+CG+Harderwijk!5e0!3m2!1sen!2snl!4v1513980977516\" frameborder=\"0\" style=\"border:0; width: 100%; height: calc(100vw\/2);\" allowfullscreen><\/iframe><\/div>\n<\/div>\n<\/div><\/div><\/div><\/div><\/div>","protected":false},"excerpt":{"rendered":"<p>Contactez nous chez DJM inkjet solutions pour augmenter les possibilit\u00e9s d&rsquo;impression. Remplissez le formulaire pour obtenir plus d&rsquo;informations sur les solutions jet d&rsquo;encre industrielles r\u00e9pondant \u00e0 vos besoins d&rsquo;impression. DJM BV Adresse de visite Nobelstraat 38 3846 CG HARDERWIJK The Netherlands Phone: +31 341 43 70 00 Email:\u00a0info@djm.nl Support technique support@djm.nl Consommables &amp; pi\u00e8ces d\u00e9tach\u00e9es [&hellip;]<\/p>\n","protected":false},"author":4,"featured_media":0,"parent":11107,"menu_order":2,"comment_status":"closed","ping_status":"closed","template":"","meta":{"footnotes":""},"class_list":["post-11321","page","type-page","status-publish","hentry"],"_links":{"self":[{"href":"https:\/\/www.djm.nl\/fr\/wp-json\/wp\/v2\/pages\/11321","targetHints":{"allow":["GET"]}}],"collection":[{"href":"https:\/\/www.djm.nl\/fr\/wp-json\/wp\/v2\/pages"}],"about":[{"href":"https:\/\/www.djm.nl\/fr\/wp-json\/wp\/v2\/types\/page"}],"author":[{"embeddable":true,"href":"https:\/\/www.djm.nl\/fr\/wp-json\/wp\/v2\/users\/4"}],"replies":[{"embeddable":true,"href":"https:\/\/www.djm.nl\/fr\/wp-json\/wp\/v2\/comments?post=11321"}],"version-history":[{"count":6,"href":"https:\/\/www.djm.nl\/fr\/wp-json\/wp\/v2\/pages\/11321\/revisions"}],"predecessor-version":[{"id":11327,"href":"https:\/\/www.djm.nl\/fr\/wp-json\/wp\/v2\/pages\/11321\/revisions\/11327"}],"up":[{"embeddable":true,"href":"https:\/\/www.djm.nl\/fr\/wp-json\/wp\/v2\/pages\/11107"}],"wp:attachment":[{"href":"https:\/\/www.djm.nl\/fr\/wp-json\/wp\/v2\/media?parent=11321"}],"curies":[{"name":"wp","href":"https:\/\/api.w.org\/{rel}","templated":true}]}}