{"id":11311,"date":"2019-06-11T11:08:30","date_gmt":"2019-06-11T10:08:30","guid":{"rendered":"https:\/\/www.djm.nl\/tailored-solutions\/"},"modified":"2022-09-29T13:11:52","modified_gmt":"2022-09-29T12:11:52","slug":"tailored-solutions","status":"publish","type":"page","link":"https:\/\/www.djm.nl\/fr\/tailored-solutions\/","title":{"rendered":"Des solutions personnalis\u00e9es"},"content":{"rendered":"<div id=\"pl-11311\"  class=\"panel-layout\" ><div id=\"pg-11311-0\"  class=\"panel-grid panel-no-style\" ><div id=\"pgc-11311-0-0\"  class=\"panel-grid-cell\" ><div id=\"panel-11311-0-0-0\" class=\"so-panel widget widget_sow-editor panel-first-child\" data-index=\"0\" ><div class=\"so-widget-sow-editor so-widget-sow-editor-base\">\n<div class=\"siteorigin-widget-tinymce textwidget\">\n\t<h1>Votre vision digitale personnalis\u00e9e<\/h1>\n<p>Int\u00e9gration du jet d'encre dans votre flux de travail existant. Impression \u00e0 la forme et \u00e0 la taille requises. Probl\u00e8mes li\u00e9s aux substrats tels que l'adh\u00e9rence de l'encre. Gestion des couleurs. Aucun travail d'impression n'est identique. Vous recherchez des solutions jet d'encre pr\u00eates \u00e0 l'emploi pour r\u00e9pondre \u00e0 votre vision num\u00e9rique ? Ou des techniques sur mesure parce que les imprimantes standard du secteur ne r\u00e9pondent pas \u00e0 vos exigences ? Alors, ne cherchez pas plus loin.<\/p>\n<h2>Partenariat de la cr\u00e9ation<\/h2>\n<p><img loading=\"lazy\" decoding=\"async\" class=\"alignright wp-image-4593\" src=\"https:\/\/www.djm.nl\/wp-content\/uploads\/2019\/06\/Schermafbeelding-2019-06-11-om-12.05.28-300x167.png\" alt=\"\" width=\"500\" height=\"278\" srcset=\"https:\/\/www.djm.nl\/wp-content\/uploads\/2019\/06\/Schermafbeelding-2019-06-11-om-12.05.28-300x167.png 300w, https:\/\/www.djm.nl\/wp-content\/uploads\/2019\/06\/Schermafbeelding-2019-06-11-om-12.05.28-768x427.png 768w, https:\/\/www.djm.nl\/wp-content\/uploads\/2019\/06\/Schermafbeelding-2019-06-11-om-12.05.28-200x111.png 200w, https:\/\/www.djm.nl\/wp-content\/uploads\/2019\/06\/Schermafbeelding-2019-06-11-om-12.05.28-250x139.png 250w, https:\/\/www.djm.nl\/wp-content\/uploads\/2019\/06\/Schermafbeelding-2019-06-11-om-12.05.28-150x83.png 150w, https:\/\/www.djm.nl\/wp-content\/uploads\/2019\/06\/Schermafbeelding-2019-06-11-om-12.05.28.png 963w\" sizes=\"auto, (max-width: 500px) 100vw, 500px\" \/><\/p>\n<p>Qu'il s'agisse de d\u00e9veloppement ou d'int\u00e9gration de syst\u00e8mes jet d'encre, nous vous \u00e9coutons \u00e0 chaque \u00e9tape du processus. Savoir ce que vous voulez r\u00e9aliser, votre vision, partager nos connaissances : nous inspirons pour combiner les forces professionnelles afin de cr\u00e9er les meilleurs r\u00e9sultats. La combinaison unique de solutions hybrides mat\u00e9rielles et logicielles de DJM cr\u00e9e des possibilit\u00e9s infinies en mati\u00e8re de jet d'encre \u00e0 la demande. Nous nous assurons que chaque goutte est bien en place.<\/p>\n<p>Nos techniciens en dessin et nos ing\u00e9nieurs logiciels apportent leur exp\u00e9rience et leur expertise technique au processus de conception. Nous assemblons ensuite le mat\u00e9riel de mani\u00e8re professionnelle, transformant un puzzle complexe en une solution simple gr\u00e2ce \u00e0 un logiciel de contr\u00f4le adapt\u00e9. Nous savons ce qu'il faut faire pour g\u00e9rer efficacement et correctement les bases de donn\u00e9es pour l'impression de donn\u00e9es variables, d'un travail \u00e0 l'autre.<\/p>\n<h3>Allez-y, lancez-nous un d\u00e9fi !<\/h3>\n<\/div>\n<\/div><\/div><div id=\"panel-11311-0-0-1\" class=\"so-panel widget widget_sow-cta panel-last-child\" data-index=\"1\" ><div class=\"so-widget-sow-cta so-widget-sow-cta-default-4208922e6c26-11311\"><div class=\"sow-cta-base\">\n\n\t<div class=\"sow-cta-wrapper\">\n\n\t\t<div class=\"sow-cta-text\">\n\t\t\t<h4 class=\"sow-cta-title\">Soyez notre partenaire pour d\u00e9velopper la nouvelle technologie du jet d'encre<\/h4>\n\t\t\t<h5 class=\"sow-cta-subtitle\">Gr\u00e2ce \u00e0 une technologie d'impression jet d'encre inspir\u00e9e, DJM personnalise les emballages secondaires, les campagnes de publipostage, les loteries et les jeux, les programmes de fid\u00e9lit\u00e9 et bien d'autres choses encore. Et notre plateforme logicielle hybride unique rend tout cela facile \u00e0 utiliser. Notre expertise respect\u00e9e en mati\u00e8re d'impression jet d'encre aide les imprimeries \u00e0 se d\u00e9velopper. Alors parlons-en, par t\u00e9l\u00e9phone, ou mieux encore ...... personnellement !<\/h5>\n\t\t<\/div>\n\n\t\t<div class=\"so-widget-sow-button so-widget-sow-button-atom-b4f6b6b19f96\"><div class=\"ow-button-base ow-button-align-center\">\n\t<a href=\"mailto:sales@djm.nl\" class=\"ow-icon-placement-left ow-button-hover\" \t\t>\n\t\t<span>\n\t\t\t\n\t\t\tContactez-nous\t\t<\/span>\n\t<\/a>\n<\/div>\n<\/div>\n\t<\/div>\n\n<\/div>\n<\/div><\/div><\/div><\/div><\/div>","protected":false},"excerpt":{"rendered":"<p>Votre vision digitale personnalis\u00e9e Int\u00e9gration du jet d&rsquo;encre dans votre flux de travail existant. Impression \u00e0 la forme et \u00e0 la taille requises. Probl\u00e8mes li\u00e9s aux substrats tels que l&rsquo;adh\u00e9rence de l&rsquo;encre. Gestion des couleurs. Aucun travail d&rsquo;impression n&rsquo;est identique. Vous recherchez des solutions jet d&rsquo;encre pr\u00eates \u00e0 l&#8217;emploi pour r\u00e9pondre \u00e0 votre vision num\u00e9rique [&hellip;]<\/p>\n","protected":false},"author":4,"featured_media":0,"parent":0,"menu_order":0,"comment_status":"closed","ping_status":"closed","template":"","meta":{"footnotes":""},"class_list":["post-11311","page","type-page","status-publish","hentry"],"_links":{"self":[{"href":"https:\/\/www.djm.nl\/fr\/wp-json\/wp\/v2\/pages\/11311","targetHints":{"allow":["GET"]}}],"collection":[{"href":"https:\/\/www.djm.nl\/fr\/wp-json\/wp\/v2\/pages"}],"about":[{"href":"https:\/\/www.djm.nl\/fr\/wp-json\/wp\/v2\/types\/page"}],"author":[{"embeddable":true,"href":"https:\/\/www.djm.nl\/fr\/wp-json\/wp\/v2\/users\/4"}],"replies":[{"embeddable":true,"href":"https:\/\/www.djm.nl\/fr\/wp-json\/wp\/v2\/comments?post=11311"}],"version-history":[{"count":3,"href":"https:\/\/www.djm.nl\/fr\/wp-json\/wp\/v2\/pages\/11311\/revisions"}],"predecessor-version":[{"id":11314,"href":"https:\/\/www.djm.nl\/fr\/wp-json\/wp\/v2\/pages\/11311\/revisions\/11314"}],"wp:attachment":[{"href":"https:\/\/www.djm.nl\/fr\/wp-json\/wp\/v2\/media?parent=11311"}],"curies":[{"name":"wp","href":"https:\/\/api.w.org\/{rel}","templated":true}]}}