{"id":11216,"date":"2022-09-28T13:47:24","date_gmt":"2022-09-28T12:47:24","guid":{"rendered":"https:\/\/www.djm.nl\/?page_id=11216"},"modified":"2024-01-09T00:53:42","modified_gmt":"2024-01-08T23:53:42","slug":"bienvenue-a-djm","status":"publish","type":"page","link":"https:\/\/www.djm.nl\/fr\/","title":{"rendered":"Bienvenue"},"content":{"rendered":"<div id=\"pl-11216\"  class=\"panel-layout\" ><div id=\"pg-11216-0\"  class=\"panel-grid panel-no-style\" ><div id=\"pgc-11216-0-0\"  class=\"panel-grid-cell\" ><div id=\"panel-11216-0-0-0\" class=\"so-panel widget widget_sow-editor panel-first-child panel-last-child\" data-index=\"0\" ><div class=\"so-widget-sow-editor so-widget-sow-editor-base\">\n<div class=\"siteorigin-widget-tinymce textwidget\">\n\t<h2>Un partenaire fiable pour les syst\u00e8mes \u00e0 jet d'encre industriels<\/h2>\n<p>Vous voulez qu'un partenaire commercial soit fiable, d\u00e9vou\u00e9 et qualifi\u00e9. Qu'il promette et tienne ses promesses. Chez DJM, nous sommes sp\u00e9cialis\u00e9s dans le jet d'encre. Avec plus de 20 ans d'exp\u00e9rience, nous poussons la technologie jet d'encre industrielle \u00e0 ses limites. Les leaders de l'industrie de l'impression du monde entier se sont tourn\u00e9s vers DJM pour leurs solutions jet d'encre parce qu'ils appr\u00e9cient notre approche personnelle et notre ing\u00e9nierie solide. Notre objectif est de vous fournir les meilleures solutions d'impression jet d'encre pour une sortie de donn\u00e9es variables de qualit\u00e9 et une efficacit\u00e9 accrue.<\/p>\n<h2>Vos r\u00eaves num\u00e9riques personalived<\/h2>\n<p>R\u00e9pondez \u00e0 la demande croissante de communication personnalis\u00e9e en mati\u00e8re d'impression gr\u00e2ce aux solutions jet d'encre. Aidez vos clients \u00e0 fid\u00e9liser leur client\u00e8le et \u00e0 augmenter leurs ventes. Tout simplement parce que les gens sont des personnes, vos clients ont besoin de s'engager et de se connecter avec l'individu. Les solutions jet d'encre industrielles mat\u00e9rielles et logicielles de DJM pour les professionnels de l'industrie de l'impression personnalisent les besoins des clients.<\/p>\n<h2>Des solutions d'impression jet d'encre industrielle flexibles<\/h2>\n<p>Une solution d'impression num\u00e9rique qui compl\u00e8te votre flux de travail ne peut jamais \u00eatre basique. Nous investissons tous nos efforts, notre temps et nos fonds pour d\u00e9velopper et fournir les syst\u00e8mes les plus fiables du march\u00e9. En tant que partenaire respect\u00e9, nous faisons passer au niveau sup\u00e9rieur la technologie jet d'encre \u00e0 la demande de soci\u00e9t\u00e9s de haute technologie telles que HP et Fujifilm Dimatix. Notre approche modulaire combine ces technologies avec un logiciel de contr\u00f4le hybride convivial, pour vous offrir une grande vari\u00e9t\u00e9 de solutions d'impression et une flexibilit\u00e9 ultime.<\/p>\n<style>\r\n\r\n#wpsm_counter_b_row_12523 .wpsm_counterbox\r\n{\r\n\ttext-align:center;\r\n\tmargin-top:50px;\r\n\tmargin-bottom:50px;\r\n}\r\n#wpsm_counter_b_row_12523 .wpsm_counterbox .wpsm_count-icon{\r\n\tdisplay:block;\r\n\tmargin-top:20px;\r\n\tpadding-top:0px;\r\n\tpadding-bottom:0px;\r\n\tmargin-bottom:0px;\r\n\tmargin:0 auto;\r\n}\r\n#wpsm_counter_b_row_12523 .wpsm_counterbox .wpsm_count-icon i{\r\n\tfont-size:68px;\r\n\tcolor:#042f70;\r\n}\r\n#wpsm_counter_b_row_12523 .wpsm_counterbox .wpsm_number{\r\n\tfont-size:55px;\r\n\tfont-weight:400;\r\n\tcolor:#e57936;\r\n\tfont-family:'Arial Black';\r\n\tletter-spacing:2px;\r\n\tmargin-top:20px;\r\n\tline-height: 1.3em;\r\n\tpadding-top:0px;\r\n\tpadding-bottom:0px;\r\n\tmargin-bottom:0px;\r\n}\r\n#wpsm_counter_b_row_12523 .wpsm_counterbox .wpsm_count-title{\r\n    font-size:30px;\r\n\tfont-weight:bolder;\r\n\tfont-family:'Arial Black';\r\n\tletter-spacing:2px;\r\n    color: #0c0c0c;\r\n\tfont-weight:400;\r\n\tmargin-top:20px;\r\n\tpadding-top:0px;\r\n\tpadding-bottom:0px;\r\n\tmargin-bottom:0px;\r\n\tline-height: 1.3em;\r\n}\r\n\r\n<\/style> \r\n\t\t \r\n\t\t\r\n\t\t<style>\r\n\t\t#wpsm_counter_b_row_12523\t\t\t{\r\n\t\t\t\t\r\n\t\t\t\tposition:relative;\r\n\t\t\t\twidth:100%;\r\n\t\t\t\toverflow:hidden;\r\n\t\t\t\ttext-align:center;\r\n\t\t\t}\r\n\t\t\t \r\n\t\t\t#wpsm_counter_b_row_12523 .wpsm_row{\r\n\t\t\toverflow:hidden;\r\n\t\t\tdisplay:block;\r\n\t\t\twidth:100%;\r\n\t\t\t} \r\n\t\t\t \r\n\t\t\t#wpsm_counter_b_row_12523 .wpsm_row{\r\n\t\t\toverflow:visible;\r\n\t\t\t} \r\n\t\t\t \r\n\t\t\t#wpsm_counter_b_row_12523 .wpsm_counterbox .wpsm_count-title{\r\n\t\t\tmin-height:56px;\r\n\t\t\t}}\r\n\t\t\t \r\n\t\t<\/style>\r\n\t\t\r\n\t\t<div class=\"wpsm_counter_b_row\" id=\"wpsm_counter_b_row_12523\">\r\n\t\t\t<div>\r\n\t\t\t\t<div class=\"wpsm_row\">\r\n\t\t\r\n\t\t\t\t\t\t<div class=\"wpsm_col-md-4 wpsm_col-sm-6\">\r\n\t\t\t\t\t<div class=\"wpsm_counterbox\">\r\n\t\t\t\t\t\t \r\n\t\t\t\t\t\t<div class=\"wpsm_count-icon\"><i #042f70 class=\"fa fa-globe\"><\/i><\/div>\r\n\t\t\t\t\t\t\t\t\t\t\t\t<div class=\"wpsm_number\" style=\"#e57936\" >\r\n\t\t\t\t\t\t   <span class=\"counter\">28\t\t\t\t\t\t   <\/span>\r\n\t\t\t\t\t\t    \r\n\t\t\t\t\t    <\/div>\r\n\t\t\t\t\t\t<h3 class=\"wpsm_count-title\" #0c0c0c> Pays<\/h3>\r\n\t\t\t\t\t\t \r\n\t\t\t\t\t<\/div>\r\n\t\t\t\t<\/div>\r\n\t\t\t\t\t\t\t\t\t<div class=\"wpsm_col-md-4 wpsm_col-sm-6\">\r\n\t\t\t\t\t<div class=\"wpsm_counterbox\">\r\n\t\t\t\t\t\t \r\n\t\t\t\t\t\t<div class=\"wpsm_count-icon\"><i #042f70 class=\"fa fa-check\"><\/i><\/div>\r\n\t\t\t\t\t\t\t\t\t\t\t\t<div class=\"wpsm_number\" style=\"#e57936\" >\r\n\t\t\t\t\t\t   <span class=\"counter\">308\t\t\t\t\t\t   <\/span>\r\n\t\t\t\t\t\t    \r\n\t\t\t\t\t    <\/div>\r\n\t\t\t\t\t\t<h3 class=\"wpsm_count-title\" #0c0c0c> Installations<\/h3>\r\n\t\t\t\t\t\t \r\n\t\t\t\t\t<\/div>\r\n\t\t\t\t<\/div>\r\n\t\t\t\t\t\t\t\t\t<div class=\"wpsm_col-md-4 wpsm_col-sm-6\">\r\n\t\t\t\t\t<div class=\"wpsm_counterbox\">\r\n\t\t\t\t\t\t \r\n\t\t\t\t\t\t<div class=\"wpsm_count-icon\"><i #042f70 class=\"fa fa-percent\"><\/i><\/div>\r\n\t\t\t\t\t\t\t\t\t\t\t\t<div class=\"wpsm_number\" style=\"#e57936\" >\r\n\t\t\t\t\t\t   <span class=\"counter\">99\t\t\t\t\t\t   <\/span>\r\n\t\t\t\t\t\t    \r\n\t\t\t\t\t    <\/div>\r\n\t\t\t\t\t\t<h3 class=\"wpsm_count-title\" #0c0c0c> Temps de disponibilit\u00e9<\/h3>\r\n\t\t\t\t\t\t \r\n\t\t\t\t\t<\/div>\r\n\t\t\t\t<\/div>\r\n\t\t\t\t\t\t<\/div>\r\n\t\t\t<div class=\"wpsm_row\">\r\n\t\t\t\t\t\t\r\n\t\t\t<\/div>\t\t\t\t<\/div>\r\n\t\t<\/div>\r\n\t\t\r\n\t\n<\/div>\n<\/div><\/div><\/div><\/div><\/div>","protected":false},"excerpt":{"rendered":"<p>Un partenaire fiable pour les syst\u00e8mes \u00e0 jet d&rsquo;encre industriels Vous voulez qu&rsquo;un partenaire commercial soit fiable, d\u00e9vou\u00e9 et qualifi\u00e9. Qu&rsquo;il promette et tienne ses promesses. Chez DJM, nous sommes sp\u00e9cialis\u00e9s dans le jet d&rsquo;encre. Avec plus de 20 ans d&rsquo;exp\u00e9rience, nous poussons la technologie jet d&rsquo;encre industrielle \u00e0 ses limites. Les leaders de l&rsquo;industrie [&hellip;]<\/p>\n","protected":false},"author":9,"featured_media":0,"parent":0,"menu_order":0,"comment_status":"closed","ping_status":"closed","template":"","meta":{"footnotes":""},"class_list":["post-11216","page","type-page","status-publish","hentry"],"_links":{"self":[{"href":"https:\/\/www.djm.nl\/fr\/wp-json\/wp\/v2\/pages\/11216","targetHints":{"allow":["GET"]}}],"collection":[{"href":"https:\/\/www.djm.nl\/fr\/wp-json\/wp\/v2\/pages"}],"about":[{"href":"https:\/\/www.djm.nl\/fr\/wp-json\/wp\/v2\/types\/page"}],"author":[{"embeddable":true,"href":"https:\/\/www.djm.nl\/fr\/wp-json\/wp\/v2\/users\/9"}],"replies":[{"embeddable":true,"href":"https:\/\/www.djm.nl\/fr\/wp-json\/wp\/v2\/comments?post=11216"}],"version-history":[{"count":10,"href":"https:\/\/www.djm.nl\/fr\/wp-json\/wp\/v2\/pages\/11216\/revisions"}],"predecessor-version":[{"id":12524,"href":"https:\/\/www.djm.nl\/fr\/wp-json\/wp\/v2\/pages\/11216\/revisions\/12524"}],"wp:attachment":[{"href":"https:\/\/www.djm.nl\/fr\/wp-json\/wp\/v2\/media?parent=11216"}],"curies":[{"name":"wp","href":"https:\/\/api.w.org\/{rel}","templated":true}]}}