{"id":11212,"date":"2018-02-02T16:15:59","date_gmt":"2018-02-02T15:15:59","guid":{"rendered":"https:\/\/www.djm.nl\/system-components\/"},"modified":"2024-05-23T11:27:02","modified_gmt":"2024-05-23T10:27:02","slug":"system-components","status":"publish","type":"page","link":"https:\/\/www.djm.nl\/fr\/system-components\/","title":{"rendered":"Composants du syst\u00e8me"},"content":{"rendered":"<div id=\"pl-11212\"  class=\"panel-layout\" ><div id=\"pg-11212-0\"  class=\"panel-grid panel-no-style\" ><div id=\"pgc-11212-0-0\"  class=\"panel-grid-cell\" ><div id=\"panel-11212-0-0-0\" class=\"so-panel widget widget_sow-editor panel-first-child panel-last-child\" data-index=\"0\" ><div class=\"so-widget-sow-editor so-widget-sow-editor-base\">\n<div class=\"siteorigin-widget-tinymce textwidget\">\n\t<h3>Des composants de syst\u00e8mes jet d'encre solides pour optimiser votre solution jet d'encre industrielle. DJM d\u00e9veloppe des composants de syst\u00e8me de haute qualit\u00e9 et durables.<\/h3>\n<h4>La fiabilit\u00e9 de votre jet d'encre est personalived<\/h4>\n<p>Vous cherchez \u00e0 investir dans une solution jet d'encre rentable pour d\u00e9velopper vos opportunit\u00e9s commerciales. Il doit s'agir d'un syst\u00e8me fiable pour maximiser les performances de la ligne. La fiabilit\u00e9 du syst\u00e8me repose sur la fa\u00e7on dont le syst\u00e8me final est configur\u00e9. Pour vous assurer que votre syst\u00e8me fonctionne au mieux, nous n'\u00e9conomisons pas sur les composants des syst\u00e8mes jet d'encre industriels. DJM investit du temps, des efforts et des fonds pour d\u00e9velopper la technologie jet d'encre industrielle la plus fiable du march\u00e9. Tous les composants des syst\u00e8mes jet d'encre doivent \u00eatre solides et d\u00e9velopp\u00e9s pour r\u00e9pondre au mieux aux besoins des syst\u00e8mes jet d'encre. Quelques exemples de d\u00e9veloppements DJM:<\/p>\n<\/div>\n<\/div><\/div><\/div><\/div><div id=\"pg-11212-1\"  class=\"panel-grid panel-has-style\" ><div class=\"zebra panel-row-style panel-row-style-for-11212-1\" ><div id=\"pgc-11212-1-0\"  class=\"panel-grid-cell\" ><div id=\"panel-11212-1-0-0\" class=\"so-panel widget widget_sow-editor panel-first-child\" data-index=\"1\" ><div class=\"so-widget-sow-editor so-widget-sow-editor-base\">\n<div class=\"siteorigin-widget-tinymce textwidget\">\n\t<h2><img loading=\"lazy\" decoding=\"async\" class=\"size-medium wp-image-12737 alignright\" src=\"https:\/\/www.djm.nl\/wp-content\/uploads\/2024\/01\/IDS2-1-200x300.jpg\" alt=\"\" width=\"200\" height=\"300\" srcset=\"https:\/\/www.djm.nl\/wp-content\/uploads\/2024\/01\/IDS2-1-200x300.jpg 200w, https:\/\/www.djm.nl\/wp-content\/uploads\/2024\/01\/IDS2-1-683x1024.jpg 683w, https:\/\/www.djm.nl\/wp-content\/uploads\/2024\/01\/IDS2-1-768x1152.jpg 768w, https:\/\/www.djm.nl\/wp-content\/uploads\/2024\/01\/IDS2-1-1024x1536.jpg 1024w, https:\/\/www.djm.nl\/wp-content\/uploads\/2024\/01\/IDS2-1-1365x2048.jpg 1365w, https:\/\/www.djm.nl\/wp-content\/uploads\/2024\/01\/IDS2-1-133x200.jpg 133w, https:\/\/www.djm.nl\/wp-content\/uploads\/2024\/01\/IDS2-1-167x250.jpg 167w, https:\/\/www.djm.nl\/wp-content\/uploads\/2024\/01\/IDS2-1-100x150.jpg 100w, https:\/\/www.djm.nl\/wp-content\/uploads\/2024\/01\/IDS2-1-scaled.jpg 1707w\" sizes=\"auto, (max-width: 200px) 100vw, 200px\" \/><\/h2>\n<h3>Ink Delivery Systems<\/h3>\n<p>Pour maximiser l'efficacit\u00e9 du syst\u00e8me d'impression jet d'encre choisi, lInk Delivery System (IDS)\u00a0 sont essentiels. En fonction du type d'encre, du nombre de modules d'impression et de la consommation d'encre, DJM d\u00e9veloppe les diff\u00e9rents <a href=\"https:\/\/www.djm.nl\/fr\/produits\/bulk-ink-system-4-color-bis\/\">ink supply systems<\/a>, de la bouteille au vrac.<\/p>\n<p>Un Syst\u00e8me de Distribution d'Encre adapt\u00e9 assure un temps de fonctionnement maximal du syst\u00e8me, une distribution optimale de l'encre et am\u00e9liore le TCO.<\/p>\n<\/div>\n<\/div><\/div><div id=\"panel-11212-1-0-1\" class=\"so-panel widget widget_sow-editor\" data-index=\"2\" ><div class=\"so-widget-sow-editor so-widget-sow-editor-base\">\n<div class=\"siteorigin-widget-tinymce textwidget\">\n\t<p>&nbsp;<\/p>\n<h3><img loading=\"lazy\" decoding=\"async\" class=\"alignleft wp-image-7335\" src=\"https:\/\/www.djm.nl\/wp-content\/uploads\/2021\/12\/standalone-frame-1-300x167.png\" alt=\"\" width=\"400\" height=\"222\" srcset=\"https:\/\/www.djm.nl\/wp-content\/uploads\/2021\/12\/standalone-frame-1-300x167.png 300w, https:\/\/www.djm.nl\/wp-content\/uploads\/2021\/12\/standalone-frame-1-1024x568.png 1024w, https:\/\/www.djm.nl\/wp-content\/uploads\/2021\/12\/standalone-frame-1-768x426.png 768w, https:\/\/www.djm.nl\/wp-content\/uploads\/2021\/12\/standalone-frame-1-1536x853.png 1536w, https:\/\/www.djm.nl\/wp-content\/uploads\/2021\/12\/standalone-frame-1-200x111.png 200w, https:\/\/www.djm.nl\/wp-content\/uploads\/2021\/12\/standalone-frame-1-250x139.png 250w, https:\/\/www.djm.nl\/wp-content\/uploads\/2021\/12\/standalone-frame-1-150x83.png 150w, https:\/\/www.djm.nl\/wp-content\/uploads\/2021\/12\/standalone-frame-1.png 1872w\" sizes=\"auto, (max-width: 400px) 100vw, 400px\" \/>Tours d'impression jet d'encre pour applications web autonomes<\/h3>\n<p>Pour les applications Web autonomes, DJM a d\u00e9velopp\u00e9 une tour \u00e0 jet d'encre sp\u00e9ciale pour le Web. La tour est con\u00e7ue en fonction des exigences de l'application (monochrome\/pleine couleur et simplex\/duplex). Pour un transport optimal du papier, les tours sont \u00e9quip\u00e9es d'une section de guidage de la bande et de plusieurs modules de tension de la bande. Les tours \u00e0 jet d'encre peuvent \u00eatre connect\u00e9es \u00e0 des \u00e9quipements de pr\u00e9- et post-traitement.<\/p>\n<\/div>\n<\/div><\/div><div id=\"panel-11212-1-0-2\" class=\"so-panel widget widget_sow-editor\" data-index=\"3\" ><div class=\"so-widget-sow-editor so-widget-sow-editor-base\">\n<div class=\"siteorigin-widget-tinymce textwidget\">\n\t<h3><img loading=\"lazy\" decoding=\"async\" class=\"alignright size-medium wp-image-1569\" src=\"https:\/\/www.djm.nl\/wp-content\/uploads\/2018\/08\/components-support-frame-300x200.jpg\" alt=\"\" width=\"300\" height=\"200\" srcset=\"https:\/\/www.djm.nl\/wp-content\/uploads\/2018\/08\/components-support-frame-300x200.jpg 300w, https:\/\/www.djm.nl\/wp-content\/uploads\/2018\/08\/components-support-frame-200x133.jpg 200w, https:\/\/www.djm.nl\/wp-content\/uploads\/2018\/08\/components-support-frame-250x167.jpg 250w, https:\/\/www.djm.nl\/wp-content\/uploads\/2018\/08\/components-support-frame-150x100.jpg 150w, https:\/\/www.djm.nl\/wp-content\/uploads\/2018\/08\/components-support-frame-272x182.jpg 272w, https:\/\/www.djm.nl\/wp-content\/uploads\/2018\/08\/components-support-frame.jpg 600w\" sizes=\"auto, (max-width: 300px) 100vw, 300px\" \/>Cadres de support<\/h3>\n<p>Le cadre de support du papier est con\u00e7u pour un transport optimal du papier, afin de minimiser les vibrations et de maximiser les performances de la t\u00eate d'impression. DJM d\u00e9veloppe diff\u00e9rents types de cadres de support, en fonction du type d'int\u00e9gration et du processus de production.<\/p>\n<\/div>\n<\/div><\/div><div id=\"panel-11212-1-0-3\" class=\"so-panel widget widget_sow-editor\" data-index=\"4\" ><div class=\"so-widget-sow-editor so-widget-sow-editor-base\">\n<div class=\"siteorigin-widget-tinymce textwidget\">\n\t<h3><img loading=\"lazy\" decoding=\"async\" class=\"alignnone wp-image-1473\" src=\"https:\/\/www.djm.nl\/wp-content\/uploads\/2018\/06\/head-bracket-200x152.png\" alt=\"\" width=\"263\" height=\"200\" srcset=\"https:\/\/www.djm.nl\/wp-content\/uploads\/2018\/06\/head-bracket-200x152.png 200w, https:\/\/www.djm.nl\/wp-content\/uploads\/2018\/06\/head-bracket-300x228.png 300w, https:\/\/www.djm.nl\/wp-content\/uploads\/2018\/06\/head-bracket-768x583.png 768w, https:\/\/www.djm.nl\/wp-content\/uploads\/2018\/06\/head-bracket-1024x778.png 1024w, https:\/\/www.djm.nl\/wp-content\/uploads\/2018\/06\/head-bracket-250x190.png 250w, https:\/\/www.djm.nl\/wp-content\/uploads\/2018\/06\/head-bracket-150x114.png 150w, https:\/\/www.djm.nl\/wp-content\/uploads\/2018\/06\/head-bracket.png 1981w\" sizes=\"auto, (max-width: 263px) 100vw, 263px\" \/>Supports de t\u00eate<\/h3>\n<p>Pour une utilisation optimale, DJM d\u00e9veloppe des supports de t\u00eate sp\u00e9ciaux pour chaque module d'impression. Les supports de t\u00eate sont n\u00e9cessaires pour monter le module d'impression sur des machines ou des syst\u00e8mes de transport existants. Le support de t\u00eate soutient le module d'impression et permet un positionnement correct du module d'impression sur la bande. Sur demande, le support de t\u00eate peut \u00eatre \u00e9quip\u00e9 d'un mouvement lat\u00e9ral motoris\u00e9.<\/p>\n<\/div>\n<\/div><\/div><div id=\"panel-11212-1-0-4\" class=\"so-panel widget widget_sow-editor\" data-index=\"5\" ><div class=\"so-widget-sow-editor so-widget-sow-editor-base\">\n<div class=\"siteorigin-widget-tinymce textwidget\">\n\t<h3><img loading=\"lazy\" decoding=\"async\" class=\"wp-image-12935 size-medium alignright\" src=\"https:\/\/www.djm.nl\/wp-content\/uploads\/2024\/01\/PSU-FreeWeb-300x146.png\" alt=\"\" width=\"300\" height=\"146\" srcset=\"https:\/\/www.djm.nl\/wp-content\/uploads\/2024\/01\/PSU-FreeWeb-300x146.png 300w, https:\/\/www.djm.nl\/wp-content\/uploads\/2024\/01\/PSU-FreeWeb-1024x497.png 1024w, https:\/\/www.djm.nl\/wp-content\/uploads\/2024\/01\/PSU-FreeWeb-768x373.png 768w, https:\/\/www.djm.nl\/wp-content\/uploads\/2024\/01\/PSU-FreeWeb-1536x745.png 1536w, https:\/\/www.djm.nl\/wp-content\/uploads\/2024\/01\/PSU-FreeWeb-2048x994.png 2048w, https:\/\/www.djm.nl\/wp-content\/uploads\/2024\/01\/PSU-FreeWeb-200x97.png 200w, https:\/\/www.djm.nl\/wp-content\/uploads\/2024\/01\/PSU-FreeWeb-250x121.png 250w, https:\/\/www.djm.nl\/wp-content\/uploads\/2024\/01\/PSU-FreeWeb-150x73.png 150w\" sizes=\"auto, (max-width: 300px) 100vw, 300px\" \/>Alimentation du module d'impression<\/h3>\n<p>Pour un fonctionnement optimal du module d'impression, nous avons con\u00e7u un module d'alimentation \u00e9lectrique. Ce module est construit dans un rack de 19 pouces, ce qui permet de le ranger facilement dans une armoire.<\/p>\n<\/div>\n<\/div><\/div><div id=\"panel-11212-1-0-5\" class=\"so-panel widget widget_sow-editor\" data-index=\"6\" ><div class=\"so-widget-sow-editor so-widget-sow-editor-base\">\n<div class=\"siteorigin-widget-tinymce textwidget\">\n\t<h3><img loading=\"lazy\" decoding=\"async\" class=\"wp-image-12930 size-medium alignright\" src=\"https:\/\/www.djm.nl\/wp-content\/uploads\/2024\/01\/LC3-FreeWeb-300x130.png\" alt=\"\" width=\"300\" height=\"130\" srcset=\"https:\/\/www.djm.nl\/wp-content\/uploads\/2024\/01\/LC3-FreeWeb-300x130.png 300w, https:\/\/www.djm.nl\/wp-content\/uploads\/2024\/01\/LC3-FreeWeb-1024x445.png 1024w, https:\/\/www.djm.nl\/wp-content\/uploads\/2024\/01\/LC3-FreeWeb-768x334.png 768w, https:\/\/www.djm.nl\/wp-content\/uploads\/2024\/01\/LC3-FreeWeb-1536x668.png 1536w, https:\/\/www.djm.nl\/wp-content\/uploads\/2024\/01\/LC3-FreeWeb-2048x890.png 2048w, https:\/\/www.djm.nl\/wp-content\/uploads\/2024\/01\/LC3-FreeWeb-200x87.png 200w, https:\/\/www.djm.nl\/wp-content\/uploads\/2024\/01\/LC3-FreeWeb-250x109.png 250w, https:\/\/www.djm.nl\/wp-content\/uploads\/2024\/01\/LC3-FreeWeb-150x65.png 150w\" sizes=\"auto, (max-width: 300px) 100vw, 300px\" \/>Logic Controller<\/h3>\n<p>Pour optimiser les performances de la ligne, DJM a d\u00e9velopp\u00e9 une gamme de contr\u00f4leurs logiques. Le contr\u00f4leur logique de base (V1) offre des fonctionnalit\u00e9s telles que le d\u00e9marrage synchronis\u00e9 lors de l'utilisation de plusieurs modules d'impression, m\u00eame avec des technologies mixtes, assurant un d\u00e9marrage facile de la t\u00e2che d'impression et permettant de gagner du temps lors de la configuration. Il est \u00e9galement possible de saisir des param\u00e8tres tels que le d\u00e9lai d'impression, ce qui permet de r\u00e9duire les temps de pr\u00e9paration d'un travail \u00e0 l'autre.\u00a0 Pour maximiser la flexibilit\u00e9 de la production, le Logic Controller V2 peut \u00e9galement g\u00e9n\u00e9rer des rep\u00e8res sur la taille des portions, compenser les rep\u00e8res manquants ou g\u00e9n\u00e9rer des rep\u00e8res virtuels pour les processus de papier blanc (sans rep\u00e8res). Des fonctionnalit\u00e9s avanc\u00e9es telles que le contr\u00f4le de la d\u00e9tection des \u00e9pissures, la correction de la vitesse en temps et la compensation du retard en temps sont disponibles avec le Logic Controller V3.<\/p>\n<\/div>\n<\/div><\/div><div id=\"panel-11212-1-0-6\" class=\"so-panel widget widget_sow-editor\" data-index=\"7\" ><div class=\"so-widget-sow-editor so-widget-sow-editor-base\">\n<div class=\"siteorigin-widget-tinymce textwidget\">\n\t<h3><img loading=\"lazy\" decoding=\"async\" class=\"alignright wp-image-1563 size-medium\" src=\"https:\/\/www.djm.nl\/wp-content\/uploads\/2018\/08\/components-industrial-cable-set-300x200.jpg\" alt=\"\" width=\"300\" height=\"200\" srcset=\"https:\/\/www.djm.nl\/wp-content\/uploads\/2018\/08\/components-industrial-cable-set-300x200.jpg 300w, https:\/\/www.djm.nl\/wp-content\/uploads\/2018\/08\/components-industrial-cable-set-200x133.jpg 200w, https:\/\/www.djm.nl\/wp-content\/uploads\/2018\/08\/components-industrial-cable-set-250x167.jpg 250w, https:\/\/www.djm.nl\/wp-content\/uploads\/2018\/08\/components-industrial-cable-set-150x100.jpg 150w, https:\/\/www.djm.nl\/wp-content\/uploads\/2018\/08\/components-industrial-cable-set-272x182.jpg 272w, https:\/\/www.djm.nl\/wp-content\/uploads\/2018\/08\/components-industrial-cable-set.jpg 600w\" sizes=\"auto, (max-width: 300px) 100vw, 300px\" \/>Kits de c\u00e2bles industriels (kit de connexion)<\/h3>\n<p>Pour une utilisation optimale et sans probl\u00e8me, DJM a d\u00e9velopp\u00e9 des kits de c\u00e2bles industriels. Ces c\u00e2bles sp\u00e9cialement con\u00e7us sont \u00e9quip\u00e9s de tout le c\u00e2blage n\u00e9cessaire dans le c\u00e2ble, comme la fibre de verre, les c\u00e2bles d'alimentation, les c\u00e2bles de donn\u00e9es, etc. Ce c\u00e2ble industriel est prot\u00e9g\u00e9 par un harnais robuste et des connecteurs industriels, et assure une utilisation \u00e0 long terme.<\/p>\n<\/div>\n<\/div><\/div><div id=\"panel-11212-1-0-7\" class=\"so-panel widget widget_sow-editor panel-last-child\" data-index=\"8\" ><div class=\"so-widget-sow-editor so-widget-sow-editor-base\">\n<div class=\"siteorigin-widget-tinymce textwidget\">\n\t<p><img loading=\"lazy\" decoding=\"async\" class=\"alignnone wp-image-1472\" src=\"https:\/\/www.djm.nl\/wp-content\/uploads\/2018\/06\/dryers-250x180.jpg\" alt=\"\" width=\"278\" height=\"200\" srcset=\"https:\/\/www.djm.nl\/wp-content\/uploads\/2018\/06\/dryers-250x180.jpg 250w, https:\/\/www.djm.nl\/wp-content\/uploads\/2018\/06\/dryers-300x216.jpg 300w, https:\/\/www.djm.nl\/wp-content\/uploads\/2018\/06\/dryers-200x144.jpg 200w, https:\/\/www.djm.nl\/wp-content\/uploads\/2018\/06\/dryers-150x108.jpg 150w, https:\/\/www.djm.nl\/wp-content\/uploads\/2018\/06\/dryers.jpg 500w\" sizes=\"auto, (max-width: 278px) 100vw, 278px\" \/><\/p>\n<h3>S\u00e9cheurs pour encres \u00e0 base d'eau et d'UV<\/h3>\n<p>Selon le substrat, le type d'encre, la couche d'encre, la r\u00e9solution, la vitesse d'impression et les exigences de finition en ligne, un s\u00e9chage suppl\u00e9mentaire peut \u00eatre n\u00e9cessaire.<\/p>\n<p>Pour cela, nous proposons une large gamme de s\u00e9cheurs diff\u00e9rents, de l'infrarouge \u00e0 l'UV. Pour les UV, nous utilisons des dispositifs de s\u00e9chage \u00e0 base de LED pour le pinning et le full cure.\u00a0Pour ce faire, nous travaillons en partenariat avec les principaux fabricants mondiaux de syst\u00e8mes de s\u00e9chage.<\/p>\n<\/div>\n<\/div><\/div><\/div><\/div><\/div><div id=\"pg-11212-2\"  class=\"panel-grid panel-no-style\" ><div id=\"pgc-11212-2-0\"  class=\"panel-grid-cell\" ><div id=\"panel-11212-2-0-0\" class=\"so-panel widget widget_sow-cta panel-first-child panel-last-child\" data-index=\"9\" ><div class=\"so-widget-sow-cta so-widget-sow-cta-default-4208922e6c26-11212\"><div class=\"sow-cta-base\">\n\n\t<div class=\"sow-cta-wrapper\">\n\n\t\t<div class=\"sow-cta-text\">\n\t\t\t<h4 class=\"sow-cta-title\">Vous souhaitez savoir comment nos \u00e9quipements sp\u00e9cialement con\u00e7us maximisent les performances de votre syst\u00e8me \u00e0 jet d'encre ?<\/h4>\n\t\t\t<h5 class=\"sow-cta-subtitle\">Nous vous informons sur 'nos outils' pour optimiser votre production !<\/h5>\n\t\t<\/div>\n\n\t\t<div class=\"so-widget-sow-button so-widget-sow-button-atom-b4f6b6b19f96\"><div class=\"ow-button-base ow-button-align-center\">\n\t<a href=\"mailto:sales@djm.nl\" class=\"ow-icon-placement-left ow-button-hover\" \t\t>\n\t\t<span>\n\t\t\t\n\t\t\tContactez-nous\t\t<\/span>\n\t<\/a>\n<\/div>\n<\/div>\n\t<\/div>\n\n<\/div>\n<\/div><\/div><\/div><\/div><\/div>","protected":false},"excerpt":{"rendered":"<p>Des composants de syst\u00e8mes jet d&rsquo;encre solides pour optimiser votre solution jet d&rsquo;encre industrielle. DJM d\u00e9veloppe des composants de syst\u00e8me de haute qualit\u00e9 et durables. La fiabilit\u00e9 de votre jet d&rsquo;encre est personalived Vous cherchez \u00e0 investir dans une solution jet d&rsquo;encre rentable pour d\u00e9velopper vos opportunit\u00e9s commerciales. Il doit s&rsquo;agir d&rsquo;un syst\u00e8me fiable pour [&hellip;]<\/p>\n","protected":false},"author":9,"featured_media":0,"parent":0,"menu_order":0,"comment_status":"closed","ping_status":"closed","template":"","meta":{"footnotes":""},"class_list":["post-11212","page","type-page","status-publish","hentry"],"_links":{"self":[{"href":"https:\/\/www.djm.nl\/fr\/wp-json\/wp\/v2\/pages\/11212","targetHints":{"allow":["GET"]}}],"collection":[{"href":"https:\/\/www.djm.nl\/fr\/wp-json\/wp\/v2\/pages"}],"about":[{"href":"https:\/\/www.djm.nl\/fr\/wp-json\/wp\/v2\/types\/page"}],"author":[{"embeddable":true,"href":"https:\/\/www.djm.nl\/fr\/wp-json\/wp\/v2\/users\/9"}],"replies":[{"embeddable":true,"href":"https:\/\/www.djm.nl\/fr\/wp-json\/wp\/v2\/comments?post=11212"}],"version-history":[{"count":16,"href":"https:\/\/www.djm.nl\/fr\/wp-json\/wp\/v2\/pages\/11212\/revisions"}],"predecessor-version":[{"id":13624,"href":"https:\/\/www.djm.nl\/fr\/wp-json\/wp\/v2\/pages\/11212\/revisions\/13624"}],"wp:attachment":[{"href":"https:\/\/www.djm.nl\/fr\/wp-json\/wp\/v2\/media?parent=11212"}],"curies":[{"name":"wp","href":"https:\/\/api.w.org\/{rel}","templated":true}]}}