{"id":11206,"date":"2019-06-11T13:50:01","date_gmt":"2019-06-11T12:50:01","guid":{"rendered":"https:\/\/www.djm.nl\/products\/controller\/"},"modified":"2024-05-23T10:09:38","modified_gmt":"2024-05-23T09:09:38","slug":"logiciel-de-controle","status":"publish","type":"page","link":"https:\/\/www.djm.nl\/fr\/produits\/logiciel-de-controle\/","title":{"rendered":"Logiciel de contr\u00f4le"},"content":{"rendered":"<div id=\"pl-11206\"  class=\"panel-layout\" ><div id=\"pg-11206-0\"  class=\"panel-grid panel-no-style\" ><div id=\"pgc-11206-0-0\"  class=\"panel-grid-cell\" ><div id=\"panel-11206-0-0-0\" class=\"so-panel widget widget_sow-editor panel-first-child\" data-index=\"0\" ><div class=\"so-widget-sow-editor so-widget-sow-editor-base\">\n<div class=\"siteorigin-widget-tinymce textwidget\">\n\t<h3>En tant que prestataire de services d'impression, vous cherchez toujours \u00e0 rationaliser votre flux de travail, afin de pouvoir offrir \u00e0 vos clients un acc\u00e8s rapide au march\u00e9. Que diriez-vous d'\u00e9conomiser du temps de fonctionnement et de formation gr\u00e2ce \u00e0 notre logiciel de contr\u00f4le d'impression jet d'encre facile \u00e0 utiliser?<\/h3>\n<h4>Votre flux de travail personalived<\/h4>\n<div id=\"attachment_12753\" style=\"width: 310px\" class=\"wp-caption alignright\"><img aria-describedby=\"caption-attachment-12753\" loading=\"lazy\" decoding=\"async\" class=\"wp-image-12753 size-medium\" src=\"https:\/\/www.djm.nl\/wp-content\/uploads\/2024\/01\/controller-300x296.png\" alt=\"\" width=\"300\" height=\"296\" srcset=\"https:\/\/www.djm.nl\/wp-content\/uploads\/2024\/01\/controller-300x296.png 300w, https:\/\/www.djm.nl\/wp-content\/uploads\/2024\/01\/controller-1024x1012.png 1024w, https:\/\/www.djm.nl\/wp-content\/uploads\/2024\/01\/controller-768x759.png 768w, https:\/\/www.djm.nl\/wp-content\/uploads\/2024\/01\/controller-200x198.png 200w, https:\/\/www.djm.nl\/wp-content\/uploads\/2024\/01\/controller-250x247.png 250w, https:\/\/www.djm.nl\/wp-content\/uploads\/2024\/01\/controller-150x148.png 150w, https:\/\/www.djm.nl\/wp-content\/uploads\/2024\/01\/controller.png 1271w\" sizes=\"auto, (max-width: 300px) 100vw, 300px\" \/><p id=\"caption-attachment-12753\" class=\"wp-caption-text\">DJM Data Station avec le logiciel OctiPus<\/p><\/div>\n<p>La plate-forme logicielle du contr\u00f4leur DJM est flexible, adaptable et ind\u00e9pendante de la technologie jet d'encre. Gr\u00e2ce \u00e0 notre philosophie de rippage en temps r\u00e9el, elle contr\u00f4le et combine diverses technologies d'impression jet d'encre ind\u00e9pendantes ou plusieurs syst\u00e8mes en harmonie. Elle est dot\u00e9e d'une interface utilisateur intuitive, efficace et pilot\u00e9e par des ic\u00f4nes. Ses qualit\u00e9s simples, claires et coh\u00e9rentes rendent le logiciel de gestion des impressions jet d'encre facile \u00e0 utiliser et \u00e0 adopter. Il laisse du temps \u00e0 votre personnel op\u00e9rateur pour faire la diff\u00e9rence.<\/p>\n<h4>Facile \u00e0 utiliser, modulaire et \u00e0 la demande<\/h4>\n<p>Le logiciel de contr\u00f4le doit \u00eatre un investissement durable. Nous veillons \u00e0 ce que l'application soit continuellement mise \u00e0 jour en fonction des technologies jet d'encre actuelles et futures. Et comme l'imagination se d\u00e9cline en diff\u00e9rents formats, la plate-forme logicielle vous aide \u00e0 r\u00e9pondre aux besoins sp\u00e9cifiques des clients. Ses qualit\u00e9s hybrides la rendent compatible avec votre syst\u00e8me frontal pour un traitement sans effort de divers flux et formats de donn\u00e9es.<\/p>\n<h4>Saisie flexible des donn\u00e9es<\/h4>\n<p>La plateforme logicielle du contr\u00f4leur DJM prend en charge une vari\u00e9t\u00e9 de formats de donn\u00e9es, comme PDF, IJDPS, CSV, TIFF, BMP, ce qui vous donne la possibilit\u00e9 d'ex\u00e9cuter des travaux sans pr\u00e9paration fastidieuse.<\/p>\n<h4>Approche modulaire<\/h4>\n<p>La plate-forme vous permet de choisir le module qui convient le mieux \u00e0 votre travail d'impression.<\/p>\n<h4>Designer<\/h4>\n<p>Des travaux d'impression pr\u00e9cis et attrayants sont une n\u00e9cessit\u00e9 absolue. Le cr\u00e9ateur de mise en page sp\u00e9cifique \u00e0 chaque t\u00e2che vous permet de r\u00e9pondre \u00e0 la demande. Choisissez parmi le vaste ensemble de polices et la biblioth\u00e8que de codes-barres et importez facilement vos donn\u00e9es \u00e0 partir d'un fichier CSV. Les travaux d'impression de codes-barres, d'adressage et d'\u00e9tiquetage sont r\u00e9alis\u00e9s conform\u00e9ment \u00e0 votre mise en page sur mesure.<\/p>\n<h4>Lire &amp; Imprimer<\/h4>\n<p>L'int\u00e9grit\u00e9 des donn\u00e9es est importante pour votre client, car elle lui permet de gagner et de conserver sa confiance. Lorsqu'une t\u00e2che d'impression doit correspondre \u00e0 une t\u00e2che pr\u00e9-imprim\u00e9e, le module Read &amp; Print est la solution. En scannant un code-barres sur le document pr\u00e9-imprim\u00e9, le logiciel imprimera le document correspondant.<\/p>\n<h4>Impression de fichiers<\/h4>\n<p>Pas de probl\u00e8me d'image. Imprimez un dossier de fichiers d'images de diff\u00e9rentes extensions en un seul travail d'impression. Fonctionne \u00e9galement de mani\u00e8re autonome.<\/p>\n<h4>Master Slave<strong><br \/>\n<\/strong><\/h4>\n<p>Contr\u00f4le facile de plusieurs imprimantes ? Master-Slave est une interface permettant de configurer plusieurs t\u00eates d'impression et de lancer votre application d'impression en une seule touche. C'est facile.<\/p>\n<h4>Interfaces personnalis\u00e9es<\/h4>\n<p>Nous proposons des options d'interface personnalis\u00e9es pour les partenaires de solutions. Cela permet de garantir que notre technologie d'impression \u00e0 jet d'encre est int\u00e9gr\u00e9e de mani\u00e8re optimale pour des performances maximales et une facilit\u00e9 d'utilisation optimale.<\/p>\n<p>&nbsp;<\/p>\n<\/div>\n<\/div><\/div><div id=\"panel-11206-0-0-1\" class=\"so-panel widget widget_sow-editor\" data-index=\"1\" ><div class=\"so-widget-sow-editor so-widget-sow-editor-base\">\n<div class=\"siteorigin-widget-tinymce textwidget\">\n\t<h4>Gagner en contr\u00f4le d'impression<\/h4>\n<h4>Avantages du OctiPus contr\u00f4leur DJM<\/h4>\n<ul>\n<li>Hybride<\/li>\n<li>Facile \u00e0 utiliser<\/li>\n<li>Ind\u00e9pendant de la technologie jet d'encre<\/li>\n<li>Gain de temps<\/li>\n<\/ul>\n<\/div>\n<\/div><\/div><div id=\"panel-11206-0-0-2\" class=\"so-panel widget widget_sow-cta panel-last-child\" data-index=\"2\" ><div class=\"so-widget-sow-cta so-widget-sow-cta-default-4208922e6c26-11206\"><div class=\"sow-cta-base\">\n\n\t<div class=\"sow-cta-wrapper\">\n\n\t\t<div class=\"sow-cta-text\">\n\t\t\t<h4 class=\"sow-cta-title\">Vous \u00eates \u00e0 la recherche d'une plateforme logicielle de contr\u00f4le de pointe qui pousse votre syst\u00e8me d'impression \u00e0 jet d'encre \u00e0 ses limites ?<\/h4>\n\t\t\t<h5 class=\"sow-cta-subtitle\">Ne cherchez pas plus loin, nous pouvons vous fournir une solution sur mesure qui d\u00e9passe vos attentes !<\/h5>\n\t\t<\/div>\n\n\t\t<div class=\"so-widget-sow-button so-widget-sow-button-atom-b4f6b6b19f96\"><div class=\"ow-button-base ow-button-align-center\">\n\t<a href=\"mailto:sales@djm.nl\" class=\"ow-icon-placement-left ow-button-hover\" \t\t>\n\t\t<span>\n\t\t\t\n\t\t\tContactez-nous\t\t<\/span>\n\t<\/a>\n<\/div>\n<\/div>\n\t<\/div>\n\n<\/div>\n<\/div><\/div><\/div><\/div><\/div>","protected":false},"excerpt":{"rendered":"<p>En tant que prestataire de services d&rsquo;impression, vous cherchez toujours \u00e0 rationaliser votre flux de travail, afin de pouvoir offrir \u00e0 vos clients un acc\u00e8s rapide au march\u00e9. Que diriez-vous d&rsquo;\u00e9conomiser du temps de fonctionnement et de formation gr\u00e2ce \u00e0 notre logiciel de contr\u00f4le d&rsquo;impression jet d&rsquo;encre facile \u00e0 utiliser? Votre flux de travail personalived [&hellip;]<\/p>\n","protected":false},"author":4,"featured_media":0,"parent":11141,"menu_order":0,"comment_status":"closed","ping_status":"closed","template":"","meta":{"footnotes":""},"class_list":["post-11206","page","type-page","status-publish","hentry"],"_links":{"self":[{"href":"https:\/\/www.djm.nl\/fr\/wp-json\/wp\/v2\/pages\/11206","targetHints":{"allow":["GET"]}}],"collection":[{"href":"https:\/\/www.djm.nl\/fr\/wp-json\/wp\/v2\/pages"}],"about":[{"href":"https:\/\/www.djm.nl\/fr\/wp-json\/wp\/v2\/types\/page"}],"author":[{"embeddable":true,"href":"https:\/\/www.djm.nl\/fr\/wp-json\/wp\/v2\/users\/4"}],"replies":[{"embeddable":true,"href":"https:\/\/www.djm.nl\/fr\/wp-json\/wp\/v2\/comments?post=11206"}],"version-history":[{"count":12,"href":"https:\/\/www.djm.nl\/fr\/wp-json\/wp\/v2\/pages\/11206\/revisions"}],"predecessor-version":[{"id":13611,"href":"https:\/\/www.djm.nl\/fr\/wp-json\/wp\/v2\/pages\/11206\/revisions\/13611"}],"up":[{"embeddable":true,"href":"https:\/\/www.djm.nl\/fr\/wp-json\/wp\/v2\/pages\/11141"}],"wp:attachment":[{"href":"https:\/\/www.djm.nl\/fr\/wp-json\/wp\/v2\/media?parent=11206"}],"curies":[{"name":"wp","href":"https:\/\/api.w.org\/{rel}","templated":true}]}}