{"id":11179,"date":"2019-11-19T10:27:49","date_gmt":"2019-11-19T09:27:49","guid":{"rendered":"https:\/\/www.djm.nl\/products\/toucan\/"},"modified":"2025-06-02T09:22:54","modified_gmt":"2025-06-02T08:22:54","slug":"toucan","status":"publish","type":"page","link":"https:\/\/www.djm.nl\/fr\/produits\/toucan\/","title":{"rendered":"Toucan"},"content":{"rendered":"<div id=\"pl-11179\"  class=\"panel-layout\" ><div id=\"pg-11179-0\"  class=\"panel-grid panel-no-style\" ><div id=\"pgc-11179-0-0\"  class=\"panel-grid-cell\" ><div id=\"panel-11179-0-0-0\" class=\"so-panel widget widget_sow-editor panel-first-child panel-last-child\" data-index=\"0\" ><div class=\"so-widget-sow-editor so-widget-sow-editor-base\">\n<div class=\"siteorigin-widget-tinymce textwidget\">\n\t<div class=\"page\" title=\"Page 1\">\n<div class=\"layoutArea\">\n<div class=\"column\">\n<h3>Le module d'impression Toucan est un module d'impression couleur id\u00e9al pour la production d'emballages en petites s\u00e9ries.<\/h3>\n<h4>Prise en charge d'une grande vari\u00e9t\u00e9 d'applications<\/h4>\n<div id=\"attachment_7265\" style=\"width: 310px\" class=\"wp-caption alignright\"><img aria-describedby=\"caption-attachment-7265\" loading=\"lazy\" decoding=\"async\" class=\"wp-image-7265 size-medium\" src=\"https:\/\/www.djm.nl\/wp-content\/uploads\/2021\/12\/Toucan-rond-300x298.png\" alt=\"\" width=\"300\" height=\"298\" srcset=\"https:\/\/www.djm.nl\/wp-content\/uploads\/2021\/12\/Toucan-rond-300x298.png 300w, https:\/\/www.djm.nl\/wp-content\/uploads\/2021\/12\/Toucan-rond-1024x1018.png 1024w, https:\/\/www.djm.nl\/wp-content\/uploads\/2021\/12\/Toucan-rond-150x150.png 150w, https:\/\/www.djm.nl\/wp-content\/uploads\/2021\/12\/Toucan-rond-768x764.png 768w, https:\/\/www.djm.nl\/wp-content\/uploads\/2021\/12\/Toucan-rond-200x200.png 200w, https:\/\/www.djm.nl\/wp-content\/uploads\/2021\/12\/Toucan-rond.png 1030w\" sizes=\"auto, (max-width: 300px) 100vw, 300px\" \/><p id=\"caption-attachment-7265\" class=\"wp-caption-text\">Module d'impression Toucan mont\u00e9 sur un convoyeur \u00e0 aspiration.<\/p><\/div>\n<p>Le module d'impression<strong> Toucan<\/strong> est un module d'impression couleur bas\u00e9 sur HP et constitue la solution parfaite pour la production de courts tirages. La combinaison de la largeur d'impression et de l'encre pigment\u00e9e rend le module d'impression <strong>Toucan<\/strong> parfait pour une grande vari\u00e9t\u00e9 d'applications. Gr\u00e2ce \u00e0 ses dimensions compactes, le module d'impression <strong>Toucan<\/strong> peut \u00eatre facilement int\u00e9gr\u00e9 dans les lignes de production existantes ou utilis\u00e9 de mani\u00e8re autonome.<\/p>\n<h4>T\u00eate d'impression haute sp\u00e9cification<\/h4>\n<p>Le module d'impression Toucan utilise la technologie de t\u00eate d'impression PageWide de HP et offre une haute r\u00e9solution de 1 200 dpi associ\u00e9e \u00e0 une largeur d'impression de 297 mm et une longueur d'image pouvant atteindre 914 mm.<\/p>\n<h4>Couleurs vibrantes et durables<\/h4>\n<p>Le module d'impression Toucan utilise des encres pigment\u00e9es \u00e0 base d'eau et offre une durabilit\u00e9 sur une grande vari\u00e9t\u00e9 de types de supports poreux. Il a \u00e9t\u00e9 test\u00e9 pour sa r\u00e9sistance \u00e0 la lumi\u00e8re, \u00e0 l'eau et aux rayures.<\/p>\n<h4>Simplicit\u00e9 d'utilisation<\/h4>\n<p>Le module d'impression <strong>Toucan<\/strong> dispose d'une station d'entretien de la t\u00eate d'impression int\u00e9gr\u00e9e et assure le bouchage, le nettoyage et l'essuyage de la t\u00eate d'impression.Cette routine automatis\u00e9e est contr\u00f4l\u00e9e \u00e0 partir du logiciel Toucan, ce qui garantit une facilit\u00e9 d'utilisation maximale et des temps de mise en route r\u00e9duits. Le module d'impression Toucan dispose d'un syst\u00e8me d'encre interne bas\u00e9 sur l'utilisation de cartouches.<\/p>\n<h4>Utilisation \u00e0 long terme<\/h4>\n<p>Le module d'impression <strong>Toucan<\/strong> est bas\u00e9 sur le principe du \"Bar-in-Box\" et comprend la t\u00eate d'impression et le syst\u00e8me d'encre. La t\u00eate d'impression peut durer jusqu'\u00e0 12 litres par couleur, mais cela d\u00e9pend de l'utilisation des couleurs et de la taille de l'image. Lorsque la t\u00eate d'impression arrive en fin de vie, l'unit\u00e9 compl\u00e8te \"Bar-in-Box\", dont la t\u00eate d'impression fait partie, doit \u00eatre remplac\u00e9e. Il s'agit d'une proc\u00e9dure simple qui peut \u00eatre effectu\u00e9e par l'op\u00e9rateur.<\/p>\n<h4>Commencer \u00e0 int\u00e9grer l'excellence digitale<\/h4>\n<p>&nbsp;<\/p>\n<h4><strong>Avantages de la Toucan<\/strong><\/h4>\n<ul>\n<li>Grande largeur d'impression 297 mm<\/li>\n<li>Couleurs<\/li>\n<li>Encre pigment\u00e9e durable<\/li>\n<li>Entretien automatis\u00e9<\/li>\n<\/ul>\n<p>&nbsp;<\/p>\n<\/div>\n<\/div>\n<\/div>\n<\/div>\n<\/div><\/div><\/div><\/div><div id=\"pg-11179-1\"  class=\"panel-grid panel-no-style\" ><div id=\"pgc-11179-1-0\"  class=\"panel-grid-cell\" ><div id=\"panel-11179-1-0-0\" class=\"so-panel widget widget_sow-editor panel-first-child panel-last-child\" data-index=\"1\" ><div class=\"so-widget-sow-editor so-widget-sow-editor-base\">\n<div class=\"siteorigin-widget-tinymce textwidget\">\n\t<h3>Imprim\u00e9 avec Toucan<\/h3>\n<\/div>\n<\/div><\/div><\/div><\/div><div id=\"pg-11179-2\"  class=\"panel-grid panel-no-style\" ><div id=\"pgc-11179-2-0\"  class=\"panel-grid-cell\" ><div id=\"panel-11179-2-0-0\" class=\"so-panel widget widget_sow-editor panel-first-child panel-last-child\" data-index=\"2\" ><div class=\"so-widget-sow-editor so-widget-sow-editor-base\">\n<div class=\"siteorigin-widget-tinymce textwidget\">\n\t<p><img loading=\"lazy\" decoding=\"async\" class=\"alignnone wp-image-6074\" src=\"https:\/\/www.djm.nl\/wp-content\/uploads\/2020\/03\/4.png\" alt=\"\" width=\"246\" height=\"150\" \/><\/p>\n<\/div>\n<\/div><\/div><\/div><div id=\"pgc-11179-2-1\"  class=\"panel-grid-cell\" ><div id=\"panel-11179-2-1-0\" class=\"so-panel widget widget_sow-editor panel-first-child panel-last-child\" data-index=\"3\" ><div class=\"so-widget-sow-editor so-widget-sow-editor-base\">\n<div class=\"siteorigin-widget-tinymce textwidget\">\n\t<p><img loading=\"lazy\" decoding=\"async\" class=\"alignnone wp-image-6069\" src=\"https:\/\/www.djm.nl\/wp-content\/uploads\/2020\/03\/3.png\" alt=\"\" width=\"246\" height=\"150\" \/><\/p>\n<\/div>\n<\/div><\/div><\/div><div id=\"pgc-11179-2-2\"  class=\"panel-grid-cell\" ><div id=\"panel-11179-2-2-0\" class=\"so-panel widget widget_sow-editor panel-first-child panel-last-child\" data-index=\"4\" ><div class=\"so-widget-sow-editor so-widget-sow-editor-base\">\n<div class=\"siteorigin-widget-tinymce textwidget\">\n\t<p><img loading=\"lazy\" decoding=\"async\" class=\"wp-image-6059 alignnone\" src=\"https:\/\/www.djm.nl\/wp-content\/uploads\/2020\/03\/1.png\" alt=\"\" width=\"246\" height=\"150\" \/><\/p>\n<\/div>\n<\/div><\/div><\/div><div id=\"pgc-11179-2-3\"  class=\"panel-grid-cell\" ><div id=\"panel-11179-2-3-0\" class=\"so-panel widget widget_sow-editor panel-first-child panel-last-child\" data-index=\"5\" ><div class=\"so-widget-sow-editor so-widget-sow-editor-base\">\n<div class=\"siteorigin-widget-tinymce textwidget\">\n\t<p><img loading=\"lazy\" decoding=\"async\" class=\"alignnone wp-image-6064\" src=\"https:\/\/www.djm.nl\/wp-content\/uploads\/2020\/03\/2.png\" alt=\"\" width=\"246\" height=\"150\" \/><\/p>\n<\/div>\n<\/div><\/div><\/div><\/div><div id=\"pg-11179-3\"  class=\"panel-grid panel-no-style\" ><div id=\"pgc-11179-3-0\"  class=\"panel-grid-cell\" ><div id=\"panel-11179-3-0-0\" class=\"so-panel widget widget_sow-cta panel-first-child panel-last-child\" data-index=\"6\" ><div class=\"so-widget-sow-cta so-widget-sow-cta-default-4208922e6c26-11179\"><div class=\"sow-cta-base\">\n\n\t<div class=\"sow-cta-wrapper\">\n\n\t\t<div class=\"sow-cta-text\">\n\t\t\t<h4 class=\"sow-cta-title\">Vous recherchez une solution d'impression jet d'encre couleur compacte ?<\/h4>\n\t\t\t<h5 class=\"sow-cta-subtitle\">Ne cherchez pas plus loin, nous pouvons vous fournir une solution sur mesure qui d\u00e9passe vos attentes !<\/h5>\n\t\t<\/div>\n\n\t\t<div class=\"so-widget-sow-button so-widget-sow-button-atom-b4f6b6b19f96\"><div class=\"ow-button-base ow-button-align-center\">\n\t<a href=\"mailto:sales@djm.nl\" class=\"ow-icon-placement-left ow-button-hover\" download=\"\" \t\t>\n\t\t<span>\n\t\t\t\n\t\t\tContactez-nous\t\t<\/span>\n\t<\/a>\n<\/div>\n<\/div>\n\t<\/div>\n\n<\/div>\n<\/div><\/div><\/div><\/div><\/div>","protected":false},"excerpt":{"rendered":"<p>Proud to present our new #inkjet module!<br \/>\nThe Toucan is our latest full-color inkjet print module and based on HP&rsquo;s PageWide technology.<\/p>\n<p>The Toucan print module supports, with its printing width of 11.7 inch and image length up to 900 mm, a wide range of applications. From short run envelopes, labels, paper bags, to cardboard displays or boxes.<\/p>\n","protected":false},"author":4,"featured_media":10891,"parent":11141,"menu_order":0,"comment_status":"closed","ping_status":"closed","template":"","meta":{"footnotes":""},"class_list":["post-11179","page","type-page","status-publish","has-post-thumbnail","hentry"],"_links":{"self":[{"href":"https:\/\/www.djm.nl\/fr\/wp-json\/wp\/v2\/pages\/11179","targetHints":{"allow":["GET"]}}],"collection":[{"href":"https:\/\/www.djm.nl\/fr\/wp-json\/wp\/v2\/pages"}],"about":[{"href":"https:\/\/www.djm.nl\/fr\/wp-json\/wp\/v2\/types\/page"}],"author":[{"embeddable":true,"href":"https:\/\/www.djm.nl\/fr\/wp-json\/wp\/v2\/users\/4"}],"replies":[{"embeddable":true,"href":"https:\/\/www.djm.nl\/fr\/wp-json\/wp\/v2\/comments?post=11179"}],"version-history":[{"count":12,"href":"https:\/\/www.djm.nl\/fr\/wp-json\/wp\/v2\/pages\/11179\/revisions"}],"predecessor-version":[{"id":14252,"href":"https:\/\/www.djm.nl\/fr\/wp-json\/wp\/v2\/pages\/11179\/revisions\/14252"}],"up":[{"embeddable":true,"href":"https:\/\/www.djm.nl\/fr\/wp-json\/wp\/v2\/pages\/11141"}],"wp:featuredmedia":[{"embeddable":true,"href":"https:\/\/www.djm.nl\/fr\/wp-json\/wp\/v2\/media\/10891"}],"wp:attachment":[{"href":"https:\/\/www.djm.nl\/fr\/wp-json\/wp\/v2\/media?parent=11179"}],"curies":[{"name":"wp","href":"https:\/\/api.w.org\/{rel}","templated":true}]}}