{"id":11174,"date":"2019-09-03T10:11:46","date_gmt":"2019-09-03T09:11:46","guid":{"rendered":"https:\/\/www.djm.nl\/products\/ultra-high-definition\/"},"modified":"2024-05-23T08:39:03","modified_gmt":"2024-05-23T07:39:03","slug":"ultra-high-definition","status":"publish","type":"page","link":"https:\/\/www.djm.nl\/fr\/produits\/ultra-high-definition\/","title":{"rendered":"Ultra High-Definition WB"},"content":{"rendered":"<div id=\"pl-11174\"  class=\"panel-layout\" ><div id=\"pg-11174-0\"  class=\"panel-grid panel-no-style\" ><div id=\"pgc-11174-0-0\"  class=\"panel-grid-cell\" ><div id=\"panel-11174-0-0-0\" class=\"so-panel widget widget_sow-editor panel-first-child\" data-index=\"0\" ><div class=\"so-widget-sow-editor so-widget-sow-editor-base\">\n<div class=\"siteorigin-widget-tinymce textwidget\">\n\t<h3>Augmentez votre d\u00e9bit et votre temps de fonctionnement pour une meilleure rentabilit\u00e9 gr\u00e2ce \u00e0 la technologie des modules d'impression Ultra High-Definition de DJM<\/h3>\n<h4>Derni\u00e8re technologie de t\u00eate d'impression<\/h4>\n<div id=\"attachment_7274\" style=\"width: 310px\" class=\"wp-caption alignright\"><img aria-describedby=\"caption-attachment-7274\" loading=\"lazy\" decoding=\"async\" class=\"wp-image-7274 size-medium\" src=\"https:\/\/www.djm.nl\/wp-content\/uploads\/2021\/12\/Ultra-HD-300x300.png\" alt=\"\" width=\"300\" height=\"300\" srcset=\"https:\/\/www.djm.nl\/wp-content\/uploads\/2021\/12\/Ultra-HD-300x300.png 300w, https:\/\/www.djm.nl\/wp-content\/uploads\/2021\/12\/Ultra-HD-1024x1024.png 1024w, https:\/\/www.djm.nl\/wp-content\/uploads\/2021\/12\/Ultra-HD-150x150.png 150w, https:\/\/www.djm.nl\/wp-content\/uploads\/2021\/12\/Ultra-HD-768x768.png 768w, https:\/\/www.djm.nl\/wp-content\/uploads\/2021\/12\/Ultra-HD-1536x1536.png 1536w, https:\/\/www.djm.nl\/wp-content\/uploads\/2021\/12\/Ultra-HD-2048x2048.png 2048w, https:\/\/www.djm.nl\/wp-content\/uploads\/2021\/12\/Ultra-HD-200x200.png 200w, https:\/\/www.djm.nl\/wp-content\/uploads\/2021\/12\/Ultra-HD-250x250.png 250w\" sizes=\"auto, (max-width: 300px) 100vw, 300px\" \/><p id=\"caption-attachment-7274\" class=\"wp-caption-text\">Quatre modules d'impression Ultra High-Definition pour l'impression en couleur sur une application de rouleau \u00e0 rouleau.<\/p><\/div>\n<p>La technologie du module d'impression<strong> Ultra High-Definition<\/strong> utilise la toute derni\u00e8re t\u00eate d'impression pi\u00e9zo\u00e9lectrique de 1.200 dpi de Kyocera. Cette t\u00eate d'impression se caract\u00e9rise par une haute r\u00e9solution, une excellente rectitude du jet, une construction solide avec une plaque de buse en acier. La t\u00eate d'impression est \u00e9quip\u00e9e d'une recirculation interne de l'encre, ce qui permet d'augmenter le temps d'ouverture de l'encre et donc de r\u00e9duire le nettoyage de la t\u00eate d'impression. En outre, une grande vari\u00e9t\u00e9 de jeux d'encre \u00e0 base d'eau est disponible pour le syst\u00e8me, de sorte qu'une encre appropri\u00e9e est disponible pour chaque application.<\/p>\n<p>Le module d'impression <strong>Ultra High-Definition<\/strong> peut \u00eatre utilis\u00e9 pour une large gamme d'applications. Selon la r\u00e9solution d'impression requise pour l'application, des vitesses d'impression allant jusqu'\u00e0 200 m\u00e8tres par minute sont possibles (\u00e0 une r\u00e9solution de 1.200 x 600 dpi).<\/p>\n<h4>\u00c9volutivit\u00e9<\/h4>\n<p>La largeur d'impression du module d'impression <strong>Ultra High-Definition<\/strong> est configur\u00e9e en fonction des exigences de l'application souhait\u00e9e. Le module d'impression <strong>Ultra High-Definition<\/strong> peut \u00eatre configur\u00e9 avec une seule t\u00eate d'impression, ou avec plusieurs t\u00eates d'impression qui, ensemble, forment une barre d'impression d\u00e9cal\u00e9e allant jusqu'\u00e0 100 pouces.<\/p>\n<h4>Mode de d\u00e9veloppement<\/h4>\n<div id=\"attachment_7305\" style=\"width: 310px\" class=\"wp-caption alignright\"><img aria-describedby=\"caption-attachment-7305\" loading=\"lazy\" decoding=\"async\" class=\"wp-image-7305 size-medium\" src=\"https:\/\/www.djm.nl\/wp-content\/uploads\/2021\/12\/KC-scalable-platform-300x143.png\" alt=\"\" width=\"300\" height=\"143\" srcset=\"https:\/\/www.djm.nl\/wp-content\/uploads\/2021\/12\/KC-scalable-platform-300x143.png 300w, https:\/\/www.djm.nl\/wp-content\/uploads\/2021\/12\/KC-scalable-platform-1024x487.png 1024w, https:\/\/www.djm.nl\/wp-content\/uploads\/2021\/12\/KC-scalable-platform-768x365.png 768w, https:\/\/www.djm.nl\/wp-content\/uploads\/2021\/12\/KC-scalable-platform-200x95.png 200w, https:\/\/www.djm.nl\/wp-content\/uploads\/2021\/12\/KC-scalable-platform-250x119.png 250w, https:\/\/www.djm.nl\/wp-content\/uploads\/2021\/12\/KC-scalable-platform-150x71.png 150w, https:\/\/www.djm.nl\/wp-content\/uploads\/2021\/12\/KC-scalable-platform.png 1452w\" sizes=\"auto, (max-width: 300px) 100vw, 300px\" \/><p id=\"caption-attachment-7305\" class=\"wp-caption-text\">La plateforme Ultra Haute D\u00e9finition est \u00e9volutive en termes de largeur d'impression et de nombre de couleurs.<\/p><\/div>\n<p>Les modules d'impression <strong>Ultra High-Definition<\/strong> ont \u00e9t\u00e9 d\u00e9velopp\u00e9s pour une utilisation flexible. Un syst\u00e8me monochrome peut \u00eatre \u00e9tendu \u00e0 un syst\u00e8me couleur, ou m\u00eame \u00e0 des couleurs suppl\u00e9mentaires telles que OVG ou RGB pour une gamme de couleurs plus \u00e9tendue. Vous avez ainsi la possibilit\u00e9 de faire \u00e9voluer le syst\u00e8me d'impression en fonction des besoins de votre entreprise et de prot\u00e9ger votre investissement.<\/p>\n<h4>Utilisation flexible<\/h4>\n<p>Les modules d'impression <strong>Ultra High-Definition<\/strong> sont faciles \u00e0 int\u00e9grer, mais peuvent \u00e9galement \u00eatre utilis\u00e9s comme solution autonome. Afin de tirer le meilleur parti de votre configuration d'impression en termes de flexibilit\u00e9, d'efficacit\u00e9 et de rentabilit\u00e9, nous appliquons des principes tels que le rendement maximal, la fiabilit\u00e9 et la facilit\u00e9 d'utilisation dans chaque projet.<\/p>\n<p>Pour le contr\u00f4le des impressions telles que les codes 1D et 2D, nous proposons des syst\u00e8mes d'inspection par cam\u00e9ra.<\/p>\n<h4>Avantages et \u00e9conomies<\/h4>\n<p>La technologie du module d'impression <strong>Ultra High-Definition<\/strong> pr\u00e9sente de nombreux avantages et permet de r\u00e9aliser des \u00e9conomies, tels qu'un temps de fonctionnement plus \u00e9lev\u00e9, un temps de configuration plus rapide, une qualit\u00e9 d'image \u00e9lev\u00e9e, une flexibilit\u00e9 de l'encre, l'absence de co\u00fbt de remise \u00e0 neuf, etc. <a href=\"https:\/\/www.djm.nl\/fr\/benefits-and-cost-savings\/\">Lire la suite<\/a><\/p>\n<h4>\u00a0Partenaire fiable<\/h4>\n<p>Vous voulez un partenaire commercial qui soit fiable, engag\u00e9 et qualifi\u00e9. Promesse et r\u00e9alisation. DJM est sp\u00e9cialis\u00e9 dans le jet d'encre. Avec plus de 30 ans d'exp\u00e9rience, nous poussons la technologie jet d'encre industrielle \u00e0 ses limites. Les leaders de l'industrie de l'impression du monde entier se sont tourn\u00e9s vers DJM pour leurs solutions jet d'encre car ils appr\u00e9cient notre approche personnelle et notre ing\u00e9nierie solide. Notre objectif est de vous apporter les meilleures solutions d'impression jet d'encre pour une sortie de donn\u00e9es variables de haute qualit\u00e9 et une efficacit\u00e9 accrue.\u00a0 <a href=\"https:\/\/www.djm.nl\/fr\/our-promise\/\">Lisez notre promesse ici.<\/a><\/p>\n<h4>Commencer \u00e0 int\u00e9grer l'excellence digitale<\/h4>\n<p>&nbsp;<\/p>\n<h4>Avantages de l'Ultra High-Definition<\/h4>\n<ul>\n<li>Haute qualit\u00e9 d'image 1.200 dpi<\/li>\n<li>Vitesse \u00e9lev\u00e9e - jusqu'\u00e0 200 m\/min<\/li>\n<li>Largeur extensible - jusqu'\u00e0 100 pouces de large<\/li>\n<li>Flexibilit\u00e9 de l'encre \u00e0 base d'eau<\/li>\n<li>Rentabilit\u00e9<\/li>\n<\/ul>\n<\/div>\n<\/div><\/div><div id=\"panel-11174-0-0-1\" class=\"so-panel widget widget_sow-cta panel-last-child\" data-index=\"1\" ><div class=\"so-widget-sow-cta so-widget-sow-cta-default-4208922e6c26-11174\"><div class=\"sow-cta-base\">\n\n\t<div class=\"sow-cta-wrapper\">\n\n\t\t<div class=\"sow-cta-text\">\n\t\t\t<h4 class=\"sow-cta-title\">Vous recherchez une solution compl\u00e8te d'impression jet d'encre haute d\u00e9finition pour votre application ?<\/h4>\n\t\t\t<h5 class=\"sow-cta-subtitle\">Ne cherchez pas plus loin, nous pouvons vous fournir une solution sur mesure qui d\u00e9passe vos attentes !<\/h5>\n\t\t<\/div>\n\n\t\t<div class=\"so-widget-sow-button so-widget-sow-button-atom-b4f6b6b19f96\"><div class=\"ow-button-base ow-button-align-center\">\n\t<a href=\"mailto:sales@djm.nl\" class=\"ow-icon-placement-left ow-button-hover\" \t\t>\n\t\t<span>\n\t\t\t\n\t\t\tContactez-nous\t\t<\/span>\n\t<\/a>\n<\/div>\n<\/div>\n\t<\/div>\n\n<\/div>\n<\/div><\/div><\/div><\/div><\/div>","protected":false},"excerpt":{"rendered":"<p>Augmentez votre d\u00e9bit et votre temps de fonctionnement pour une meilleure rentabilit\u00e9 gr\u00e2ce \u00e0 la technologie des modules d&rsquo;impression Ultra High-Definition de DJM Derni\u00e8re technologie de t\u00eate d&rsquo;impression La technologie du module d&rsquo;impression Ultra High-Definition utilise la toute derni\u00e8re t\u00eate d&rsquo;impression pi\u00e9zo\u00e9lectrique de 1.200 dpi de Kyocera. Cette t\u00eate d&rsquo;impression se caract\u00e9rise par une haute [&hellip;]<\/p>\n","protected":false},"author":4,"featured_media":0,"parent":11141,"menu_order":0,"comment_status":"closed","ping_status":"closed","template":"","meta":{"footnotes":""},"class_list":["post-11174","page","type-page","status-publish","hentry"],"_links":{"self":[{"href":"https:\/\/www.djm.nl\/fr\/wp-json\/wp\/v2\/pages\/11174","targetHints":{"allow":["GET"]}}],"collection":[{"href":"https:\/\/www.djm.nl\/fr\/wp-json\/wp\/v2\/pages"}],"about":[{"href":"https:\/\/www.djm.nl\/fr\/wp-json\/wp\/v2\/types\/page"}],"author":[{"embeddable":true,"href":"https:\/\/www.djm.nl\/fr\/wp-json\/wp\/v2\/users\/4"}],"replies":[{"embeddable":true,"href":"https:\/\/www.djm.nl\/fr\/wp-json\/wp\/v2\/comments?post=11174"}],"version-history":[{"count":6,"href":"https:\/\/www.djm.nl\/fr\/wp-json\/wp\/v2\/pages\/11174\/revisions"}],"predecessor-version":[{"id":13560,"href":"https:\/\/www.djm.nl\/fr\/wp-json\/wp\/v2\/pages\/11174\/revisions\/13560"}],"up":[{"embeddable":true,"href":"https:\/\/www.djm.nl\/fr\/wp-json\/wp\/v2\/pages\/11141"}],"wp:attachment":[{"href":"https:\/\/www.djm.nl\/fr\/wp-json\/wp\/v2\/media?parent=11174"}],"curies":[{"name":"wp","href":"https:\/\/api.w.org\/{rel}","templated":true}]}}