{"id":11168,"date":"2019-09-03T09:44:26","date_gmt":"2019-09-03T08:44:26","guid":{"rendered":"https:\/\/www.djm.nl\/products\/ultra-high-speed\/"},"modified":"2024-05-23T08:30:26","modified_gmt":"2024-05-23T07:30:26","slug":"ultra-high-speed-fr","status":"publish","type":"page","link":"https:\/\/www.djm.nl\/fr\/produits\/ultra-high-speed-fr\/","title":{"rendered":"Ultra High-Speed WB"},"content":{"rendered":"<div id=\"pl-11168\"  class=\"panel-layout\" ><div id=\"pg-11168-0\"  class=\"panel-grid panel-no-style\" ><div id=\"pgc-11168-0-0\"  class=\"panel-grid-cell\" ><div id=\"panel-11168-0-0-0\" class=\"so-panel widget widget_sow-editor panel-first-child\" data-index=\"0\" ><div class=\"so-widget-sow-editor so-widget-sow-editor-base\">\n<div class=\"siteorigin-widget-tinymce textwidget\">\n\t<h3>Augmentez votre d\u00e9bit et votre temps de fonctionnement pour une meilleure rentabilit\u00e9 gr\u00e2ce au module d'impression Ultra High-Speed de DJM<\/h3>\n<h4>La derni\u00e8re technologie de t\u00eate d'impression<\/h4>\n<div id=\"attachment_11832\" style=\"width: 310px\" class=\"wp-caption alignright\"><img aria-describedby=\"caption-attachment-11832\" loading=\"lazy\" decoding=\"async\" class=\"wp-image-11832\" src=\"https:\/\/www.djm.nl\/wp-content\/uploads\/2023\/01\/Ultra-PM108-200x200.png\" alt=\"\" width=\"300\" height=\"298\" srcset=\"https:\/\/www.djm.nl\/wp-content\/uploads\/2023\/01\/Ultra-PM108-200x200.png 200w, https:\/\/www.djm.nl\/wp-content\/uploads\/2023\/01\/Ultra-PM108-150x150.png 150w, https:\/\/www.djm.nl\/wp-content\/uploads\/2023\/01\/Ultra-PM108-250x248.png 250w, https:\/\/www.djm.nl\/wp-content\/uploads\/2023\/01\/Ultra-PM108.png 283w\" sizes=\"auto, (max-width: 300px) 100vw, 300px\" \/><p id=\"caption-attachment-11832\" class=\"wp-caption-text\">Le module d'impression Ultra High-Speed int\u00e9gr\u00e9 dans une cha\u00eene de production web.<\/p><\/div>\n<p>La technologie du module d'impression <strong>Ultra High-Speed<\/strong> utilise la toute derni\u00e8re t\u00eate d'impression pi\u00e9zo\u00e9lectrique de 600 dpi de Kyocera. Cette t\u00eate d'impression se caract\u00e9rise par une excellente rectitude du jet, une construction solide avec une plaque de buse en acier. La t\u00eate d'impression est \u00e9quip\u00e9e d'une recirculation interne de l'encre, ce qui permet d'augmenter le temps d'ouverture de l'encre et donc de moins la nettoyer. En outre, une grande vari\u00e9t\u00e9 de jeux d'encre \u00e0 base d'eau est disponible pour le syst\u00e8me, de mani\u00e8re \u00e0 ce qu'une encre appropri\u00e9e soit disponible pour chaque application.<\/p>\n<p>Le module d'impression <strong>Ultra High-Speed<\/strong> est \u00e9quip\u00e9 de deux t\u00eates d'impression entrelac\u00e9es et peut \u00eatre utilis\u00e9 pour une large gamme d'applications \u00e0 grande vitesse. En fonction de la r\u00e9solution d'impression requise pour l'application,des vitesses d'impression allant jusqu'\u00e0 400 m\u00e8tres par minute sont envisageables (\u00e0 une r\u00e9solution de 600 x 300 dpi).<\/p>\n<h4>\u00c9volutivit\u00e9<\/h4>\n<p>La largeur d'impression du module d'impression Ultra High-Speed est configur\u00e9e en fonction des exigences de l'application souhait\u00e9e. Le module d'impression Ultra High-Speed peut \u00eatre configur\u00e9 avec une seule t\u00eate d'impression ou avec plusieurs t\u00eates d'impression qui, ensemble, forment une barre d'impression d\u00e9cal\u00e9e pouvant atteindre 100 pouces.<\/p>\n<h4>Mode de d\u00e9veloppement<\/h4>\n<div id=\"attachment_7295\" style=\"width: 310px\" class=\"wp-caption alignright\"><img aria-describedby=\"caption-attachment-7295\" loading=\"lazy\" decoding=\"async\" class=\"size-medium wp-image-7295\" src=\"https:\/\/www.djm.nl\/wp-content\/uploads\/2021\/12\/2PH-interlaced-300x200.png\" alt=\"\" width=\"300\" height=\"200\" srcset=\"https:\/\/www.djm.nl\/wp-content\/uploads\/2021\/12\/2PH-interlaced-300x200.png 300w, https:\/\/www.djm.nl\/wp-content\/uploads\/2021\/12\/2PH-interlaced-200x133.png 200w, https:\/\/www.djm.nl\/wp-content\/uploads\/2021\/12\/2PH-interlaced-250x167.png 250w, https:\/\/www.djm.nl\/wp-content\/uploads\/2021\/12\/2PH-interlaced-150x100.png 150w, https:\/\/www.djm.nl\/wp-content\/uploads\/2021\/12\/2PH-interlaced-272x182.png 272w, https:\/\/www.djm.nl\/wp-content\/uploads\/2021\/12\/2PH-interlaced.png 418w\" sizes=\"auto, (max-width: 300px) 100vw, 300px\" \/><p id=\"caption-attachment-7295\" class=\"wp-caption-text\">Les deux t\u00eates d'impression entrelac\u00e9es sont mont\u00e9es sur une plaque de montage sp\u00e9cialement con\u00e7ue.<\/p><\/div>\n<p>Les modules d'impression<strong> Ultra High-Speed<\/strong> ont \u00e9t\u00e9 d\u00e9velopp\u00e9s pour une utilisation flexible. Un syst\u00e8me monochrome peut \u00eatre \u00e9tendu \u00e0 un syst\u00e8me couleur complet, ou m\u00eame \u00e0 des couleurs suppl\u00e9mentaires telles que OVG ou RGB pour une gamme de couleurs plus \u00e9tendue. Vous avez ainsi la possibilit\u00e9 d'adapter le syst\u00e8me d'impression aux besoins de votre entreprise et de pr\u00e9server votre investissement.<\/p>\n<h4>Utilisation flexible<\/h4>\n<p>Les modules d'impression <strong>Ultra High-Speed<\/strong> sont faciles \u00e0 int\u00e9grer, mais peuvent \u00e9galement \u00eatre utilis\u00e9s comme solution autonome. Afin de maximiser la configuration de votre syst\u00e8me d'impression en termes de flexibilit\u00e9, d'efficacit\u00e9 et de rentabilit\u00e9, nous appliquons des principes tels que le rendement maximal, la fiabilit\u00e9 et la facilit\u00e9 d'utilisation dans chaque projet.<\/p>\n<p>Pour le contr\u00f4le des produits imprim\u00e9s tels que les codes 1D et 2D, nous proposons des syst\u00e8mes d'inspection par cam\u00e9ra.<\/p>\n<h4>Avantages et r\u00e9duction des co\u00fbts<\/h4>\n<p>La technologie du module d'impression <strong>Ultra High-Speed<\/strong> pr\u00e9sente de nombreux avantages et permet de r\u00e9aliser des \u00e9conomies, tels qu'un temps de fonctionnement plus \u00e9lev\u00e9, un temps de configuration plus rapide, une qualit\u00e9 d'image sup\u00e9rieure, la flexibilit\u00e9 de l'encre, l'absence de co\u00fbt de remise \u00e0 neuf, etc.\u00a0 \u00a0<a href=\"https:\/\/www.djm.nl\/fr\/benefits-and-cost-savings\/\">Lire plus<\/a><\/p>\n<h4>Partenaire fiable<\/h4>\n<p>Vous voulez un partenaire commercial qui soit fiable, engag\u00e9 et qualifi\u00e9. Promesse et r\u00e9alisation. Avec plus de 28 ans d'exp\u00e9rience, nous poussons la technologie jet d'encre industrielle \u00e0 ses limites. Les responsables de l'industrie de l'impression du monde entier se sont tourn\u00e9s vers DJM pour des solutions jet d'encre car ils appr\u00e9cient notre approche personnelle et notre ing\u00e9nierie solide. Notre objectif est de vous apporter les meilleures solutions d'impression \u00e0 jet d'encre pour une sortie de donn\u00e9es variables de haute qualit\u00e9 et une efficacit\u00e9 accrue.\u00a0 <a href=\"https:\/\/www.djm.nl\/fr\/our-promise\/\">Lire notre engagement ici\u00a0<\/a><\/p>\n<h4>Commencer \u00e0 int\u00e9grer l'excellence digitale<\/h4>\n<p>&nbsp;<\/p>\n<h4>Avantages de l'Ultra High-Speed<\/h4>\n<ul>\n<li>Vitesse d'impression \u00e9lev\u00e9e - jusqu'\u00e0 400 m\/min<\/li>\n<li>Facilit\u00e9 d'int\u00e9gration<\/li>\n<li>Flexibilit\u00e9 de l'encre \u00e0 base d'eau<\/li>\n<li>Extensible - jusqu'\u00e0 100 pouces de large<\/li>\n<li>Rentabilit\u00e9<\/li>\n<\/ul>\n<\/div>\n<\/div><\/div><div id=\"panel-11168-0-0-1\" class=\"so-panel widget widget_sow-cta panel-last-child\" data-index=\"1\" ><div class=\"so-widget-sow-cta so-widget-sow-cta-default-4208922e6c26-11168\"><div class=\"sow-cta-base\">\n\n\t<div class=\"sow-cta-wrapper\">\n\n\t\t<div class=\"sow-cta-text\">\n\t\t\t<h4 class=\"sow-cta-title\">Vous recherchez une solution compl\u00e8te d'impression jet d'encre \u00e0 grande vitesse pour votre application ?<\/h4>\n\t\t\t<h5 class=\"sow-cta-subtitle\">Ne cherchez pas plus loin, nous pouvons vous fournir une solution sur mesure qui d\u00e9passe vos attentes !<\/h5>\n\t\t<\/div>\n\n\t\t<div class=\"so-widget-sow-button so-widget-sow-button-atom-b4f6b6b19f96\"><div class=\"ow-button-base ow-button-align-center\">\n\t<a href=\"mailto:sales@djm.nl\" class=\"ow-icon-placement-left ow-button-hover\" \t\t>\n\t\t<span>\n\t\t\t\n\t\t\tContactez-nous\t\t<\/span>\n\t<\/a>\n<\/div>\n<\/div>\n\t<\/div>\n\n<\/div>\n<\/div><\/div><\/div><\/div><\/div>","protected":false},"excerpt":{"rendered":"<p>Augmentez votre d\u00e9bit et votre temps de fonctionnement pour une meilleure rentabilit\u00e9 gr\u00e2ce au module d&rsquo;impression Ultra High-Speed de DJM La derni\u00e8re technologie de t\u00eate d&rsquo;impression La technologie du module d&rsquo;impression Ultra High-Speed utilise la toute derni\u00e8re t\u00eate d&rsquo;impression pi\u00e9zo\u00e9lectrique de 600 dpi de Kyocera. Cette t\u00eate d&rsquo;impression se caract\u00e9rise par une excellente rectitude du [&hellip;]<\/p>\n","protected":false},"author":4,"featured_media":0,"parent":11141,"menu_order":0,"comment_status":"closed","ping_status":"closed","template":"","meta":{"footnotes":""},"class_list":["post-11168","page","type-page","status-publish","hentry"],"_links":{"self":[{"href":"https:\/\/www.djm.nl\/fr\/wp-json\/wp\/v2\/pages\/11168","targetHints":{"allow":["GET"]}}],"collection":[{"href":"https:\/\/www.djm.nl\/fr\/wp-json\/wp\/v2\/pages"}],"about":[{"href":"https:\/\/www.djm.nl\/fr\/wp-json\/wp\/v2\/types\/page"}],"author":[{"embeddable":true,"href":"https:\/\/www.djm.nl\/fr\/wp-json\/wp\/v2\/users\/4"}],"replies":[{"embeddable":true,"href":"https:\/\/www.djm.nl\/fr\/wp-json\/wp\/v2\/comments?post=11168"}],"version-history":[{"count":14,"href":"https:\/\/www.djm.nl\/fr\/wp-json\/wp\/v2\/pages\/11168\/revisions"}],"predecessor-version":[{"id":13555,"href":"https:\/\/www.djm.nl\/fr\/wp-json\/wp\/v2\/pages\/11168\/revisions\/13555"}],"up":[{"embeddable":true,"href":"https:\/\/www.djm.nl\/fr\/wp-json\/wp\/v2\/pages\/11141"}],"wp:attachment":[{"href":"https:\/\/www.djm.nl\/fr\/wp-json\/wp\/v2\/media?parent=11168"}],"curies":[{"name":"wp","href":"https:\/\/api.w.org\/{rel}","templated":true}]}}