{"id":11141,"date":"2019-06-20T15:51:32","date_gmt":"2019-06-20T14:51:32","guid":{"rendered":"https:\/\/www.djm.nl\/products\/"},"modified":"2024-05-23T16:21:29","modified_gmt":"2024-05-23T15:21:29","slug":"produits","status":"publish","type":"page","link":"https:\/\/www.djm.nl\/fr\/produits\/","title":{"rendered":"Produits"},"content":{"rendered":"<div id=\"pl-11141\"  class=\"panel-layout\" ><div id=\"pg-11141-0\"  class=\"panel-grid panel-no-style\" ><div id=\"pgc-11141-0-0\"  class=\"panel-grid-cell\" ><div id=\"panel-11141-0-0-0\" class=\"so-panel widget widget_sow-editor panel-first-child\" data-index=\"0\" ><div class=\"so-widget-sow-editor so-widget-sow-editor-base\">\n<div class=\"siteorigin-widget-tinymce textwidget\">\n\t<h3><strong>Un large catalogue \u00a0avec une strat\u00e9gie de \"meilleure solution pour chaque application\"<\/strong><\/h3>\n<p>L'impression \u00e0 jet d'encre est la technologie permettant d'imprimer des donn\u00e9es variables. Elle a eu un impact consid\u00e9rable sur diff\u00e9rents march\u00e9s, processus de production et applications.<\/p>\n<p>Les donn\u00e9es variables sont utilis\u00e9es pour l'impression, par exemple, des codes de suivi, la personnalisation, les changements de langue, l'adressage, etc. En outre, il existe une demande croissante de production en petites s\u00e9ries, par exemple pour rendre la cha\u00eene d'approvisionnement plus flexible en mettant en place une production en fonction de la demande.<\/p>\n<h4><strong>Perspectives diff\u00e9rentes <\/strong><\/h4>\n<p>L'impression variable suscite un int\u00e9r\u00eat tout au long de la cha\u00eene d'approvisionnement - des fabricants, transformateurs et reconditionneurs aux propri\u00e9taires de marques - tout le monde y voit les avantages.<\/p>\n<h4><strong>Chaque projet est diff\u00e9rent<\/strong><\/h4>\n<p>Du point de vue du jet d'encre, chaque projet est diff\u00e9rent si l'on consid\u00e8re le support (poreux ou non), l'encre (encre \u00e0 base d'eau, encre UV, encre invisible, encre comestible), la vitesse d'impression, le nombre de couleurs, etc.<\/p>\n<h4><strong>La solution optimale pour chaque application<\/strong><\/h4>\n<p>Pour r\u00e9pondre \u00e0 toutes ces exigences, DJM a constitu\u00e9 un vaste catalogue bas\u00e9 sur diverses technologies d'impression \u00e0 jet d'encre.<\/p>\n<p>&nbsp;<\/p>\n<\/div>\n<\/div><\/div><div id=\"panel-11141-0-0-1\" class=\"so-panel widget widget_sow-editor panel-last-child\" data-index=\"1\" ><div class=\"so-widget-sow-editor so-widget-sow-editor-base\">\n<div class=\"siteorigin-widget-tinymce textwidget\">\n\t<p><img loading=\"lazy\" decoding=\"async\" class=\"aligncenter wp-image-13629\" src=\"https:\/\/www.djm.nl\/wp-content\/uploads\/2024\/05\/overview-the-range.jpg\" alt=\"\" width=\"1199\" height=\"665\" srcset=\"https:\/\/www.djm.nl\/wp-content\/uploads\/2024\/05\/overview-the-range.jpg 898w, https:\/\/www.djm.nl\/wp-content\/uploads\/2024\/05\/overview-the-range-300x166.jpg 300w, https:\/\/www.djm.nl\/wp-content\/uploads\/2024\/05\/overview-the-range-768x426.jpg 768w, https:\/\/www.djm.nl\/wp-content\/uploads\/2024\/05\/overview-the-range-200x111.jpg 200w, https:\/\/www.djm.nl\/wp-content\/uploads\/2024\/05\/overview-the-range-250x139.jpg 250w, https:\/\/www.djm.nl\/wp-content\/uploads\/2024\/05\/overview-the-range-150x83.jpg 150w\" sizes=\"auto, (max-width: 1199px) 100vw, 1199px\" \/><\/p>\n<\/div>\n<\/div><\/div><\/div><\/div><div id=\"pg-11141-1\"  class=\"panel-grid panel-no-style\" ><div id=\"pgc-11141-1-0\"  class=\"panel-grid-cell\" ><div id=\"panel-11141-1-0-0\" class=\"so-panel widget widget_sow-editor panel-first-child\" data-index=\"2\" ><div class=\"so-widget-sow-editor so-widget-sow-editor-base\">\n<div class=\"siteorigin-widget-tinymce textwidget\">\n\t<h3 style=\"text-align: center;\">Eureka<img loading=\"lazy\" decoding=\"async\" class=\"aligncenter wp-image-13502 size-custom-size-250\" src=\"https:\/\/www.djm.nl\/wp-content\/uploads\/2024\/05\/eureka-module-image-250x250.png\" alt=\"\" width=\"250\" height=\"250\" srcset=\"https:\/\/www.djm.nl\/wp-content\/uploads\/2024\/05\/eureka-module-image-250x250.png 250w, https:\/\/www.djm.nl\/wp-content\/uploads\/2024\/05\/eureka-module-image-300x300.png 300w, https:\/\/www.djm.nl\/wp-content\/uploads\/2024\/05\/eureka-module-image-150x150.png 150w, https:\/\/www.djm.nl\/wp-content\/uploads\/2024\/05\/eureka-module-image-200x200.png 200w, https:\/\/www.djm.nl\/wp-content\/uploads\/2024\/05\/eureka-module-image.png 508w\" sizes=\"auto, (max-width: 250px) 100vw, 250px\" \/><\/h3>\n<p style=\"text-align: center;\"><a class=\"submit\" href=\"https:\/\/www.djm.nl\/fr\/products\/ultra-WB\">Lire la suite<\/a><\/p>\n<\/div>\n<\/div><\/div><div id=\"panel-11141-1-0-1\" class=\"so-panel widget widget_sow-editor\" data-index=\"3\" ><div class=\"so-widget-sow-editor so-widget-sow-editor-base\">\n<div class=\"siteorigin-widget-tinymce textwidget\">\n\t<h3 style=\"text-align: center;\">Ultra WB High-Speed<img loading=\"lazy\" decoding=\"async\" class=\"aligncenter wp-image-13001 size-custom-size-250\" src=\"https:\/\/www.djm.nl\/wp-content\/uploads\/2024\/01\/UltraTransp-250x250.png\" alt=\"\" width=\"250\" height=\"250\" srcset=\"https:\/\/www.djm.nl\/wp-content\/uploads\/2024\/01\/UltraTransp-250x250.png 250w, https:\/\/www.djm.nl\/wp-content\/uploads\/2024\/01\/UltraTransp-300x300.png 300w, https:\/\/www.djm.nl\/wp-content\/uploads\/2024\/01\/UltraTransp-150x150.png 150w, https:\/\/www.djm.nl\/wp-content\/uploads\/2024\/01\/UltraTransp-768x768.png 768w, https:\/\/www.djm.nl\/wp-content\/uploads\/2024\/01\/UltraTransp-200x200.png 200w, https:\/\/www.djm.nl\/wp-content\/uploads\/2024\/01\/UltraTransp.png 829w\" sizes=\"auto, (max-width: 250px) 100vw, 250px\" \/><\/h3>\n<p style=\"text-align: center;\"><a class=\"submit\" href=\"https:\/\/www.djm.nl\/fr\/produits\/ultra-high-speed\/\">Lire la suite<\/a><\/p>\n<\/div>\n<\/div><\/div><div id=\"panel-11141-1-0-2\" class=\"so-panel widget widget_sow-editor\" data-index=\"4\" ><div class=\"so-widget-sow-editor so-widget-sow-editor-base\">\n<div class=\"siteorigin-widget-tinymce textwidget\">\n\t<h3 style=\"text-align: center;\">Toucan <img loading=\"lazy\" decoding=\"async\" class=\"aligncenter wp-image-7265 size-custom-size-250\" src=\"https:\/\/www.djm.nl\/wp-content\/uploads\/2021\/12\/Toucan-rond-250x250.png\" alt=\"\" width=\"250\" height=\"250\" srcset=\"https:\/\/www.djm.nl\/wp-content\/uploads\/2021\/12\/Toucan-rond-250x250.png 250w, https:\/\/www.djm.nl\/wp-content\/uploads\/2021\/12\/Toucan-rond-1024x1018.png 1024w, https:\/\/www.djm.nl\/wp-content\/uploads\/2021\/12\/Toucan-rond-150x150.png 150w, https:\/\/www.djm.nl\/wp-content\/uploads\/2021\/12\/Toucan-rond-768x764.png 768w, https:\/\/www.djm.nl\/wp-content\/uploads\/2021\/12\/Toucan-rond-200x200.png 200w, https:\/\/www.djm.nl\/wp-content\/uploads\/2021\/12\/Toucan-rond.png 1030w\" sizes=\"auto, (max-width: 250px) 100vw, 250px\" \/><\/h3>\n<p style=\"text-align: center;\"><a class=\"submit\" href=\"https:\/\/www.djm.nl\/fr\/produits\/toucan\/\">Lire la suite<\/a><\/p>\n<\/div>\n<\/div><\/div><div id=\"panel-11141-1-0-3\" class=\"so-panel widget widget_sow-editor panel-last-child\" data-index=\"5\" ><div class=\"so-widget-sow-editor so-widget-sow-editor-base\">\n<div class=\"siteorigin-widget-tinymce textwidget\">\n\t<h3 style=\"text-align: center;\">Sparrow <img loading=\"lazy\" decoding=\"async\" class=\"aligncenter wp-image-7243 size-custom-size-250\" src=\"https:\/\/www.djm.nl\/wp-content\/uploads\/2021\/12\/Sparrow-image-rond-250x250.png\" alt=\"\" width=\"250\" height=\"250\" srcset=\"https:\/\/www.djm.nl\/wp-content\/uploads\/2021\/12\/Sparrow-image-rond-250x250.png 250w, https:\/\/www.djm.nl\/wp-content\/uploads\/2021\/12\/Sparrow-image-rond-300x300.png 300w, https:\/\/www.djm.nl\/wp-content\/uploads\/2021\/12\/Sparrow-image-rond-150x150.png 150w, https:\/\/www.djm.nl\/wp-content\/uploads\/2021\/12\/Sparrow-image-rond-768x766.png 768w, https:\/\/www.djm.nl\/wp-content\/uploads\/2021\/12\/Sparrow-image-rond-200x200.png 200w, https:\/\/www.djm.nl\/wp-content\/uploads\/2021\/12\/Sparrow-image-rond.png 1023w\" sizes=\"auto, (max-width: 250px) 100vw, 250px\" \/><\/h3>\n<p style=\"text-align: center;\"><a class=\"submit\" href=\"https:\/\/www.djm.nl\/fr\/products\/sparrow\/\">Lire la suite<\/a><\/p>\n<\/div>\n<\/div><\/div><\/div><div id=\"pgc-11141-1-1\"  class=\"panel-grid-cell\" ><div id=\"panel-11141-1-1-0\" class=\"so-panel widget widget_sow-editor panel-first-child\" data-index=\"6\" ><div class=\"so-widget-sow-editor so-widget-sow-editor-base\">\n<div class=\"siteorigin-widget-tinymce textwidget\">\n\t<h3 style=\"text-align: center;\">Ultra WB<img loading=\"lazy\" decoding=\"async\" class=\"aligncenter wp-image-13001 size-custom-size-250\" src=\"https:\/\/www.djm.nl\/wp-content\/uploads\/2024\/01\/UltraTransp-250x250.png\" alt=\"\" width=\"250\" height=\"250\" srcset=\"https:\/\/www.djm.nl\/wp-content\/uploads\/2024\/01\/UltraTransp-250x250.png 250w, https:\/\/www.djm.nl\/wp-content\/uploads\/2024\/01\/UltraTransp-300x300.png 300w, https:\/\/www.djm.nl\/wp-content\/uploads\/2024\/01\/UltraTransp-150x150.png 150w, https:\/\/www.djm.nl\/wp-content\/uploads\/2024\/01\/UltraTransp-768x768.png 768w, https:\/\/www.djm.nl\/wp-content\/uploads\/2024\/01\/UltraTransp-200x200.png 200w, https:\/\/www.djm.nl\/wp-content\/uploads\/2024\/01\/UltraTransp.png 829w\" sizes=\"auto, (max-width: 250px) 100vw, 250px\" \/><\/h3>\n<p style=\"text-align: center;\"><a class=\"submit\" href=\"https:\/\/www.djm.nl\/fr\/products\/ultra-WB\">Lire la suite<\/a><\/p>\n<\/div>\n<\/div><\/div><div id=\"panel-11141-1-1-1\" class=\"so-panel widget widget_sow-editor\" data-index=\"7\" ><div class=\"so-widget-sow-editor so-widget-sow-editor-base\">\n<div class=\"siteorigin-widget-tinymce textwidget\">\n\t<h3 style=\"text-align: center;\">Ultra WB High-Definition <img loading=\"lazy\" decoding=\"async\" class=\"aligncenter wp-image-7274 size-custom-size-250\" src=\"https:\/\/www.djm.nl\/wp-content\/uploads\/2021\/12\/Ultra-HD-250x250.png\" alt=\"\" width=\"250\" height=\"250\" srcset=\"https:\/\/www.djm.nl\/wp-content\/uploads\/2021\/12\/Ultra-HD-250x250.png 250w, https:\/\/www.djm.nl\/wp-content\/uploads\/2021\/12\/Ultra-HD-300x300.png 300w, https:\/\/www.djm.nl\/wp-content\/uploads\/2021\/12\/Ultra-HD-1024x1024.png 1024w, https:\/\/www.djm.nl\/wp-content\/uploads\/2021\/12\/Ultra-HD-150x150.png 150w, https:\/\/www.djm.nl\/wp-content\/uploads\/2021\/12\/Ultra-HD-768x768.png 768w, https:\/\/www.djm.nl\/wp-content\/uploads\/2021\/12\/Ultra-HD-1536x1536.png 1536w, https:\/\/www.djm.nl\/wp-content\/uploads\/2021\/12\/Ultra-HD-2048x2048.png 2048w, https:\/\/www.djm.nl\/wp-content\/uploads\/2021\/12\/Ultra-HD-200x200.png 200w\" sizes=\"auto, (max-width: 250px) 100vw, 250px\" \/><\/h3>\n<p style=\"text-align: center;\"><a class=\"submit\" href=\"https:\/\/www.djm.nl\/fr\/produits\/ultra-high-definition\">Lire la suite<\/a><\/p>\n<\/div>\n<\/div><\/div><div id=\"panel-11141-1-1-2\" class=\"so-panel widget widget_sow-editor\" data-index=\"8\" ><div class=\"so-widget-sow-editor so-widget-sow-editor-base\">\n<div class=\"siteorigin-widget-tinymce textwidget\">\n\t<h3 style=\"text-align: center;\">HP mono<img loading=\"lazy\" decoding=\"async\" class=\"aligncenter wp-image-7260 size-custom-size-250\" src=\"https:\/\/www.djm.nl\/wp-content\/uploads\/2021\/12\/print-module-rond-250x250.png\" alt=\"\" width=\"250\" height=\"250\" srcset=\"https:\/\/www.djm.nl\/wp-content\/uploads\/2021\/12\/print-module-rond-250x250.png 250w, https:\/\/www.djm.nl\/wp-content\/uploads\/2021\/12\/print-module-rond-300x300.png 300w, https:\/\/www.djm.nl\/wp-content\/uploads\/2021\/12\/print-module-rond-1021x1024.png 1021w, https:\/\/www.djm.nl\/wp-content\/uploads\/2021\/12\/print-module-rond-150x150.png 150w, https:\/\/www.djm.nl\/wp-content\/uploads\/2021\/12\/print-module-rond-768x771.png 768w, https:\/\/www.djm.nl\/wp-content\/uploads\/2021\/12\/print-module-rond-200x200.png 200w, https:\/\/www.djm.nl\/wp-content\/uploads\/2021\/12\/print-module-rond.png 1171w\" sizes=\"auto, (max-width: 250px) 100vw, 250px\" \/><\/h3>\n<p style=\"text-align: center;\"><a class=\"submit\" href=\"https:\/\/www.djm.nl\/fr\/hp-monochrome-print-modules-m500-m800\/\">Lire la suite<\/a><\/p>\n<\/div>\n<\/div><\/div><div id=\"panel-11141-1-1-3\" class=\"so-panel widget widget_sow-editor panel-last-child\" data-index=\"9\" ><div class=\"so-widget-sow-editor so-widget-sow-editor-base\">\n<div class=\"siteorigin-widget-tinymce textwidget\">\n\t<h3 style=\"text-align: center;\">Logiciel de contr\u00f4le<br \/>\n<img loading=\"lazy\" decoding=\"async\" class=\"aligncenter wp-image-12753 size-custom-size-250\" src=\"https:\/\/www.djm.nl\/wp-content\/uploads\/2024\/01\/controller-250x247.png\" alt=\"\" width=\"250\" height=\"247\" srcset=\"https:\/\/www.djm.nl\/wp-content\/uploads\/2024\/01\/controller-250x247.png 250w, https:\/\/www.djm.nl\/wp-content\/uploads\/2024\/01\/controller-300x296.png 300w, https:\/\/www.djm.nl\/wp-content\/uploads\/2024\/01\/controller-1024x1012.png 1024w, https:\/\/www.djm.nl\/wp-content\/uploads\/2024\/01\/controller-768x759.png 768w, https:\/\/www.djm.nl\/wp-content\/uploads\/2024\/01\/controller-200x198.png 200w, https:\/\/www.djm.nl\/wp-content\/uploads\/2024\/01\/controller-150x148.png 150w, https:\/\/www.djm.nl\/wp-content\/uploads\/2024\/01\/controller.png 1271w\" sizes=\"auto, (max-width: 250px) 100vw, 250px\" \/><\/h3>\n<p style=\"text-align: center;\"><a class=\"submit\" href=\"https:\/\/www.djm.nl\/fr\/products\/logiciel-de-controle\/\">Lire la suite<\/a><\/p>\n<\/div>\n<\/div><\/div><\/div><div id=\"pgc-11141-1-2\"  class=\"panel-grid-cell\" ><div id=\"panel-11141-1-2-0\" class=\"so-panel widget widget_sow-editor panel-first-child\" data-index=\"10\" ><div class=\"so-widget-sow-editor so-widget-sow-editor-base\">\n<div class=\"siteorigin-widget-tinymce textwidget\">\n\t<h3 style=\"text-align: center;\">Ultra UV<img loading=\"lazy\" decoding=\"async\" class=\"aligncenter wp-image-13001 size-custom-size-250\" src=\"https:\/\/www.djm.nl\/wp-content\/uploads\/2024\/01\/UltraTransp-250x250.png\" alt=\"\" width=\"250\" height=\"250\" srcset=\"https:\/\/www.djm.nl\/wp-content\/uploads\/2024\/01\/UltraTransp-250x250.png 250w, https:\/\/www.djm.nl\/wp-content\/uploads\/2024\/01\/UltraTransp-300x300.png 300w, https:\/\/www.djm.nl\/wp-content\/uploads\/2024\/01\/UltraTransp-150x150.png 150w, https:\/\/www.djm.nl\/wp-content\/uploads\/2024\/01\/UltraTransp-768x768.png 768w, https:\/\/www.djm.nl\/wp-content\/uploads\/2024\/01\/UltraTransp-200x200.png 200w, https:\/\/www.djm.nl\/wp-content\/uploads\/2024\/01\/UltraTransp.png 829w\" sizes=\"auto, (max-width: 250px) 100vw, 250px\" \/><\/h3>\n<p style=\"text-align: center;\"><a class=\"submit\" href=\"https:\/\/www.djm.nl\/fr\/ultra-uv\/\">Lire la suite<\/a><\/p>\n<\/div>\n<\/div><\/div><div id=\"panel-11141-1-2-1\" class=\"so-panel widget widget_sow-editor\" data-index=\"11\" ><div class=\"so-widget-sow-editor so-widget-sow-editor-base\">\n<div class=\"siteorigin-widget-tinymce textwidget\">\n\t<h3 style=\"text-align: center;\">Samba <img loading=\"lazy\" decoding=\"async\" class=\"aligncenter wp-image-7288 size-custom-size-250\" src=\"https:\/\/www.djm.nl\/wp-content\/uploads\/2021\/12\/Samba-244x250.png\" alt=\"\" width=\"244\" height=\"250\" srcset=\"https:\/\/www.djm.nl\/wp-content\/uploads\/2021\/12\/Samba-244x250.png 244w, https:\/\/www.djm.nl\/wp-content\/uploads\/2021\/12\/Samba-292x300.png 292w, https:\/\/www.djm.nl\/wp-content\/uploads\/2021\/12\/Samba-998x1024.png 998w, https:\/\/www.djm.nl\/wp-content\/uploads\/2021\/12\/Samba-768x788.png 768w, https:\/\/www.djm.nl\/wp-content\/uploads\/2021\/12\/Samba-195x200.png 195w, https:\/\/www.djm.nl\/wp-content\/uploads\/2021\/12\/Samba-146x150.png 146w, https:\/\/www.djm.nl\/wp-content\/uploads\/2021\/12\/Samba.png 1268w\" sizes=\"auto, (max-width: 244px) 100vw, 244px\" \/><\/h3>\n<p style=\"text-align: center;\"><a class=\"submit\" href=\"https:\/\/www.djm.nl\/fr\/products\/samba\/\">Lire la suite<\/a><\/p>\n<\/div>\n<\/div><\/div><div id=\"panel-11141-1-2-2\" class=\"so-panel widget widget_sow-editor\" data-index=\"12\" ><div class=\"so-widget-sow-editor so-widget-sow-editor-base\">\n<div class=\"siteorigin-widget-tinymce textwidget\">\n\t<h3 style=\"text-align: center;\">HP color<img loading=\"lazy\" decoding=\"async\" class=\"aligncenter wp-image-7260 size-custom-size-250\" src=\"https:\/\/www.djm.nl\/wp-content\/uploads\/2021\/12\/print-module-rond-250x250.png\" alt=\"\" width=\"250\" height=\"250\" srcset=\"https:\/\/www.djm.nl\/wp-content\/uploads\/2021\/12\/print-module-rond-250x250.png 250w, https:\/\/www.djm.nl\/wp-content\/uploads\/2021\/12\/print-module-rond-300x300.png 300w, https:\/\/www.djm.nl\/wp-content\/uploads\/2021\/12\/print-module-rond-1021x1024.png 1021w, https:\/\/www.djm.nl\/wp-content\/uploads\/2021\/12\/print-module-rond-150x150.png 150w, https:\/\/www.djm.nl\/wp-content\/uploads\/2021\/12\/print-module-rond-768x771.png 768w, https:\/\/www.djm.nl\/wp-content\/uploads\/2021\/12\/print-module-rond-200x200.png 200w, https:\/\/www.djm.nl\/wp-content\/uploads\/2021\/12\/print-module-rond.png 1171w\" sizes=\"auto, (max-width: 250px) 100vw, 250px\" \/><\/h3>\n<p style=\"text-align: center;\"><a class=\"submit\" href=\"https:\/\/www.djm.nl\/fr\/hp-color-print-modules-c500-c800\/\">Lire la suite\u00a0<\/a><\/p>\n<\/div>\n<\/div><\/div><div id=\"panel-11141-1-2-3\" class=\"so-panel widget widget_sow-editor panel-last-child\" data-index=\"13\" ><div class=\"so-widget-sow-editor so-widget-sow-editor-base\">\n<div class=\"siteorigin-widget-tinymce textwidget\">\n\t<h3 style=\"text-align: center;\">Composants du syst\u00e8me<br \/>\n<img loading=\"lazy\" decoding=\"async\" class=\"aligncenter wp-image-13013 size-custom-size-250\" src=\"https:\/\/www.djm.nl\/wp-content\/uploads\/2024\/01\/CircTransp-250x250.png\" alt=\"\" width=\"250\" height=\"250\" srcset=\"https:\/\/www.djm.nl\/wp-content\/uploads\/2024\/01\/CircTransp-250x250.png 250w, https:\/\/www.djm.nl\/wp-content\/uploads\/2024\/01\/CircTransp-300x300.png 300w, https:\/\/www.djm.nl\/wp-content\/uploads\/2024\/01\/CircTransp-150x150.png 150w, https:\/\/www.djm.nl\/wp-content\/uploads\/2024\/01\/CircTransp-200x200.png 200w, https:\/\/www.djm.nl\/wp-content\/uploads\/2024\/01\/CircTransp.png 762w\" sizes=\"auto, (max-width: 250px) 100vw, 250px\" \/><\/h3>\n<p style=\"text-align: center;\"><a class=\"submit\" href=\"https:\/\/www.djm.nl\/fr\/system-components\/\">Lire la suite<\/a><\/p>\n<\/div>\n<\/div><\/div><\/div><\/div><div id=\"pg-11141-2\"  class=\"panel-grid panel-no-style\" ><div id=\"pgc-11141-2-0\"  class=\"panel-grid-cell\" ><div id=\"panel-11141-2-0-0\" class=\"so-panel widget widget_sow-cta panel-first-child panel-last-child\" data-index=\"14\" ><div class=\"so-widget-sow-cta so-widget-sow-cta-default-4208922e6c26-11141\"><div class=\"sow-cta-base\">\n\n\t<div class=\"sow-cta-wrapper\">\n\n\t\t<div class=\"sow-cta-text\">\n\t\t\t<h4 class=\"sow-cta-title\">Vous souhaitez obtenir plus d'informations sur une ou plusieurs solutions ?<\/h4>\n\t\t\t<h5 class=\"sow-cta-subtitle\">Contactez-nous, on sera ravis de vous en parler !<\/h5>\n\t\t<\/div>\n\n\t\t<div class=\"so-widget-sow-button so-widget-sow-button-atom-b4f6b6b19f96\"><div class=\"ow-button-base ow-button-align-center\">\n\t<a href=\"mailto:sales@djm.nl\" class=\"ow-icon-placement-left ow-button-hover\" \t\t>\n\t\t<span>\n\t\t\t\n\t\t\tcontactez-nous\t\t<\/span>\n\t<\/a>\n<\/div>\n<\/div>\n\t<\/div>\n\n<\/div>\n<\/div><\/div><\/div><\/div><\/div>","protected":false},"excerpt":{"rendered":"<p>Un large catalogue \u00a0avec une strat\u00e9gie de \u00ab\u00a0meilleure solution pour chaque application\u00a0\u00bb L&rsquo;impression \u00e0 jet d&rsquo;encre est la technologie permettant d&rsquo;imprimer des donn\u00e9es variables. Elle a eu un impact consid\u00e9rable sur diff\u00e9rents march\u00e9s, processus de production et applications. Les donn\u00e9es variables sont utilis\u00e9es pour l&rsquo;impression, par exemple, des codes de suivi, la personnalisation, les changements [&hellip;]<\/p>\n","protected":false},"author":4,"featured_media":10891,"parent":0,"menu_order":0,"comment_status":"closed","ping_status":"closed","template":"","meta":{"footnotes":""},"class_list":["post-11141","page","type-page","status-publish","has-post-thumbnail","hentry"],"_links":{"self":[{"href":"https:\/\/www.djm.nl\/fr\/wp-json\/wp\/v2\/pages\/11141","targetHints":{"allow":["GET"]}}],"collection":[{"href":"https:\/\/www.djm.nl\/fr\/wp-json\/wp\/v2\/pages"}],"about":[{"href":"https:\/\/www.djm.nl\/fr\/wp-json\/wp\/v2\/types\/page"}],"author":[{"embeddable":true,"href":"https:\/\/www.djm.nl\/fr\/wp-json\/wp\/v2\/users\/4"}],"replies":[{"embeddable":true,"href":"https:\/\/www.djm.nl\/fr\/wp-json\/wp\/v2\/comments?post=11141"}],"version-history":[{"count":30,"href":"https:\/\/www.djm.nl\/fr\/wp-json\/wp\/v2\/pages\/11141\/revisions"}],"predecessor-version":[{"id":13679,"href":"https:\/\/www.djm.nl\/fr\/wp-json\/wp\/v2\/pages\/11141\/revisions\/13679"}],"wp:featuredmedia":[{"embeddable":true,"href":"https:\/\/www.djm.nl\/fr\/wp-json\/wp\/v2\/media\/10891"}],"wp:attachment":[{"href":"https:\/\/www.djm.nl\/fr\/wp-json\/wp\/v2\/media?parent=11141"}],"curies":[{"name":"wp","href":"https:\/\/api.w.org\/{rel}","templated":true}]}}