{"id":11136,"date":"2019-06-11T14:52:16","date_gmt":"2019-06-11T13:52:16","guid":{"rendered":"https:\/\/www.djm.nl\/sparrow\/"},"modified":"2024-05-23T09:03:19","modified_gmt":"2024-05-23T08:03:19","slug":"sparrow","status":"publish","type":"page","link":"https:\/\/www.djm.nl\/fr\/produits\/sparrow\/","title":{"rendered":"Sparrow"},"content":{"rendered":"<div id=\"pl-11136\"  class=\"panel-layout\" ><div id=\"pg-11136-0\"  class=\"panel-grid panel-no-style\" ><div id=\"pgc-11136-0-0\"  class=\"panel-grid-cell\" ><div id=\"panel-11136-0-0-0\" class=\"so-panel widget widget_sow-editor panel-first-child\" data-index=\"0\" ><div class=\"so-widget-sow-editor so-widget-sow-editor-base\">\n<div class=\"siteorigin-widget-tinymce textwidget\">\n\t<h3>Le module d'impression Sparrow de DJM est une solution d'entr\u00e9e de gamme \u00e0 fort potentiel et facile d'utilisation<\/h3>\n<h4>Technologie des t\u00eates d'impression<\/h4>\n<div id=\"attachment_7243\" style=\"width: 260px\" class=\"wp-caption alignright\"><img aria-describedby=\"caption-attachment-7243\" loading=\"lazy\" decoding=\"async\" class=\"wp-image-7243 size-custom-size-250\" src=\"https:\/\/www.djm.nl\/wp-content\/uploads\/2021\/12\/Sparrow-image-rond-250x250.png\" alt=\"\" width=\"250\" height=\"250\" srcset=\"https:\/\/www.djm.nl\/wp-content\/uploads\/2021\/12\/Sparrow-image-rond-250x250.png 250w, https:\/\/www.djm.nl\/wp-content\/uploads\/2021\/12\/Sparrow-image-rond-300x300.png 300w, https:\/\/www.djm.nl\/wp-content\/uploads\/2021\/12\/Sparrow-image-rond-150x150.png 150w, https:\/\/www.djm.nl\/wp-content\/uploads\/2021\/12\/Sparrow-image-rond-768x766.png 768w, https:\/\/www.djm.nl\/wp-content\/uploads\/2021\/12\/Sparrow-image-rond-200x200.png 200w, https:\/\/www.djm.nl\/wp-content\/uploads\/2021\/12\/Sparrow-image-rond.png 1023w\" sizes=\"auto, (max-width: 250px) 100vw, 250px\" \/><p id=\"caption-attachment-7243\" class=\"wp-caption-text\">Module d'impression Sparrow avec 4 t\u00eates d'impression cr\u00e9ant une largeur d'impression de 50,8 mm.<\/p><\/div>\n<p>Le module d'impression <strong>Sparrow<\/strong> utilise la technologie de t\u00eate d'impression thermique TIJ2.5 de HP et se caract\u00e9rise par sa simplicit\u00e9 et sa polyvalence. La t\u00eate d'impression, qui contient \u00e9galement l'alimentation en encre, est disponible en plusieurs versions et encres - du noir, bleu ou rouge \u00e0 base d'eau aux encres UV et de s\u00e9curit\u00e9 - ce qui rend le syst\u00e8me adapt\u00e9 \u00e0 de nombreuses applications. Le nettoyage de la t\u00eate d'impression se fait manuellement. Avec une r\u00e9solution d'impression s\u00e9lectionnable, la vitesse d'impression peut \u00eatre adapt\u00e9e \u00e0 l'application.<\/p>\n<h4>\u00c9volutivit\u00e9<\/h4>\n<p>Le module d'impression <strong>Sparrow<\/strong> est disponible en diff\u00e9rentes versions, d'un module d'impression avec une seule t\u00eate d'impression \u00e0 un module d'impression plus \u00e9tendu avec 4, 8, 12 ou m\u00eame 16 t\u00eates d'impression. Avec une largeur d'impression de 12,7 mm par t\u00eate d'impression, la largeur totale d'impression peut aller de 12,7 mm (0,5 pouce) \u00e0 203,2 mm (8 pouces).<\/p>\n<h4>Flexible et facile \u00e0 utiliser<\/h4>\n<p>Si la t\u00eate d'impression doit \u00eatre remplac\u00e9e, il s'agit d'une op\u00e9ration simple qui peut \u00eatre effectu\u00e9e par l'op\u00e9rateur. Elle permet \u00e9galement de passer rapidement d'un type d'encre \u00e0 un autre. Le module d'impression <strong>Sparrow<\/strong> peut \u00e9galement \u00eatre utilis\u00e9 sur le c\u00f4t\u00e9, ce qui permet d'imprimer sur le c\u00f4t\u00e9 de bo\u00eetes par exemple. Les modules d'impression<strong> Sparrow<\/strong> sont faciles \u00e0 int\u00e9grer, mais peuvent aussi \u00eatre utilis\u00e9s comme solution autonome. Pour tirer le meilleur parti de votre installation d'impression en termes de flexibilit\u00e9, d'efficacit\u00e9 et de rentabilit\u00e9, nous appliquons des principes tels que le rendement maximal, la fiabilit\u00e9 et la facilit\u00e9 d'utilisation dans chaque projet.<\/p>\n<h4>Avantages et \u00e9conomies<\/h4>\n<p>La technologie du module d'impression <strong>Sparrow<\/strong> pr\u00e9sente de nombreux avantages et permet de r\u00e9aliser des \u00e9conomies, tels qu'un temps de fonctionnement plus \u00e9lev\u00e9, un temps de configuration plus rapide, une qualit\u00e9 d'image \u00e9lev\u00e9e, une flexibilit\u00e9 en mati\u00e8re d'encre, l'absence de frais de remise \u00e0 neuf, etc. <a href=\"https:\/\/www.djm.nl\/fr\/benefits-and-cost-savings\/\">\u00a0Lire la suite<\/a><\/p>\n<h4>Partenaire fiable<\/h4>\n<p>Vous voulez un partenaire commercial qui soit fiable, engag\u00e9 et qualifi\u00e9. Promesse et r\u00e9alisation. DJM est sp\u00e9cialis\u00e9 dans le jet d'encre. Avec plus de 30 ans d'exp\u00e9rience, nous poussons la technologie jet d'encre industrielle \u00e0 ses limites. Les leaders de l'industrie de l'impression du monde entier se sont tourn\u00e9s vers DJM pour leurs solutions jet d'encre car ils appr\u00e9cient notre approche personnelle et notre ing\u00e9nierie solide. Notre objectif est de vous apporter les meilleures solutions d'impression jet d'encre pour une sortie de donn\u00e9es variables de haute qualit\u00e9 et une efficacit\u00e9 accrue. <a href=\"https:\/\/www.djm.nl\/fr\/our-promise\/\">Lisez notre promesse ici.<\/a><\/p>\n<h4>Commencer \u00e0 int\u00e9grer l'excellence digitale<\/h4>\n<p>&nbsp;<\/p>\n<h4>Avantages de Sparrow<\/h4>\n<ul>\n<li>Faible investissement<\/li>\n<li>Int\u00e9gration facile<\/li>\n<li>Large choix d'encres<\/li>\n<li>Facilit\u00e9 d'utilisation<\/li>\n<\/ul>\n<\/div>\n<\/div><\/div><div id=\"panel-11136-0-0-1\" class=\"so-panel widget widget_sow-cta panel-last-child\" data-index=\"1\" ><div class=\"so-widget-sow-cta so-widget-sow-cta-default-4208922e6c26-11136\"><div class=\"sow-cta-base\">\n\n\t<div class=\"sow-cta-wrapper\">\n\n\t\t<div class=\"sow-cta-text\">\n\t\t\t<h4 class=\"sow-cta-title\">Vous recherchez une solution d'impression jet d'encre compacte et facile \u00e0 int\u00e9grer ?<\/h4>\n\t\t\t<h5 class=\"sow-cta-subtitle\">Ne cherchez pas plus loin, nous pouvons vous fournir une solution sur mesure qui d\u00e9passe vos attentes !<\/h5>\n\t\t<\/div>\n\n\t\t<div class=\"so-widget-sow-button so-widget-sow-button-atom-b4f6b6b19f96\"><div class=\"ow-button-base ow-button-align-center\">\n\t<a href=\"mailto:sales@djm.nl\" class=\"ow-icon-placement-left ow-button-hover\" \t\t>\n\t\t<span>\n\t\t\t\n\t\t\tContactez-nous\t\t<\/span>\n\t<\/a>\n<\/div>\n<\/div>\n\t<\/div>\n\n<\/div>\n<\/div><\/div><\/div><\/div><\/div>","protected":false},"excerpt":{"rendered":"<p>Le module d&rsquo;impression Sparrow de DJM est une solution d&rsquo;entr\u00e9e de gamme \u00e0 fort potentiel et facile d&rsquo;utilisation Technologie des t\u00eates d&rsquo;impression Le module d&rsquo;impression Sparrow utilise la technologie de t\u00eate d&rsquo;impression thermique TIJ2.5 de HP et se caract\u00e9rise par sa simplicit\u00e9 et sa polyvalence. La t\u00eate d&rsquo;impression, qui contient \u00e9galement l&rsquo;alimentation en encre, est [&hellip;]<\/p>\n","protected":false},"author":4,"featured_media":0,"parent":11141,"menu_order":0,"comment_status":"closed","ping_status":"closed","template":"","meta":{"footnotes":""},"class_list":["post-11136","page","type-page","status-publish","hentry"],"_links":{"self":[{"href":"https:\/\/www.djm.nl\/fr\/wp-json\/wp\/v2\/pages\/11136","targetHints":{"allow":["GET"]}}],"collection":[{"href":"https:\/\/www.djm.nl\/fr\/wp-json\/wp\/v2\/pages"}],"about":[{"href":"https:\/\/www.djm.nl\/fr\/wp-json\/wp\/v2\/types\/page"}],"author":[{"embeddable":true,"href":"https:\/\/www.djm.nl\/fr\/wp-json\/wp\/v2\/users\/4"}],"replies":[{"embeddable":true,"href":"https:\/\/www.djm.nl\/fr\/wp-json\/wp\/v2\/comments?post=11136"}],"version-history":[{"count":10,"href":"https:\/\/www.djm.nl\/fr\/wp-json\/wp\/v2\/pages\/11136\/revisions"}],"predecessor-version":[{"id":13580,"href":"https:\/\/www.djm.nl\/fr\/wp-json\/wp\/v2\/pages\/11136\/revisions\/13580"}],"up":[{"embeddable":true,"href":"https:\/\/www.djm.nl\/fr\/wp-json\/wp\/v2\/pages\/11141"}],"wp:attachment":[{"href":"https:\/\/www.djm.nl\/fr\/wp-json\/wp\/v2\/media?parent=11136"}],"curies":[{"name":"wp","href":"https:\/\/api.w.org\/{rel}","templated":true}]}}