{"id":11122,"date":"2019-05-16T09:41:59","date_gmt":"2019-05-16T08:41:59","guid":{"rendered":"https:\/\/www.djm.nl\/our-promise\/"},"modified":"2022-10-19T10:22:17","modified_gmt":"2022-10-19T09:22:17","slug":"our-promise","status":"publish","type":"page","link":"https:\/\/www.djm.nl\/fr\/our-promise\/","title":{"rendered":"Nos engagements"},"content":{"rendered":"<div id=\"pl-11122\"  class=\"panel-layout\" ><div id=\"pg-11122-0\"  class=\"panel-grid panel-has-style\" ><div class=\"zebra panel-row-style panel-row-style-for-11122-0\" ><div id=\"pgc-11122-0-0\"  class=\"panel-grid-cell\" ><div id=\"panel-11122-0-0-0\" class=\"so-panel widget widget_sow-editor panel-first-child\" data-index=\"0\" ><div class=\"so-widget-sow-editor so-widget-sow-editor-base\">\n<div class=\"siteorigin-widget-tinymce textwidget\">\n\t<h2 style=\"text-align: left;\">Expertise en jet d'encre<img loading=\"lazy\" decoding=\"async\" class=\"alignright wp-image-4220 size-custom-size-200\" src=\"https:\/\/www.djm.nl\/wp-content\/uploads\/2019\/05\/pic1-3-200x200.png\" alt=\"\" width=\"200\" height=\"200\" srcset=\"https:\/\/www.djm.nl\/wp-content\/uploads\/2019\/05\/pic1-3-200x200.png 200w, https:\/\/www.djm.nl\/wp-content\/uploads\/2019\/05\/pic1-3-150x150.png 150w, https:\/\/www.djm.nl\/wp-content\/uploads\/2019\/05\/pic1-3-300x300.png 300w, https:\/\/www.djm.nl\/wp-content\/uploads\/2019\/05\/pic1-3-768x768.png 768w, https:\/\/www.djm.nl\/wp-content\/uploads\/2019\/05\/pic1-3-250x250.png 250w, https:\/\/www.djm.nl\/wp-content\/uploads\/2019\/05\/pic1-3.png 1000w\" sizes=\"auto, (max-width: 200px) 100vw, 200px\" \/><\/h2>\n<p style=\"text-align: left;\">La sp\u00e9cialit\u00e9 de DJM est de d\u00e9velopper et d'am\u00e9liorer la technologie d'impression \u00e0 jet d'encre. Du d\u00e9veloppement des modules d'impression, de l'\u00e9lectronique de pilotage au logiciel de contr\u00f4le, tout est r\u00e9alis\u00e9 en interne par une \u00e9quipe de sp\u00e9cialistes.<\/p>\n<h4 style=\"text-align: left;\"><span style=\"color: #00ccff;\">Notre exp\u00e9rience vous donne un avantage concurrentiel !<\/span><\/h4>\n<p>&nbsp;<\/p>\n<\/div>\n<\/div><\/div><div id=\"panel-11122-0-0-1\" class=\"so-panel widget widget_sow-editor\" data-index=\"1\" ><div class=\"so-widget-sow-editor so-widget-sow-editor-base\">\n<div class=\"siteorigin-widget-tinymce textwidget\">\n\t<h2 style=\"text-align: left;\">D\u00e9veloppement interne<img loading=\"lazy\" decoding=\"async\" class=\"wp-image-4227 size-custom-size-200 alignleft\" src=\"https:\/\/www.djm.nl\/wp-content\/uploads\/2019\/05\/pic2-2-200x200.png\" alt=\"\" width=\"200\" height=\"200\" srcset=\"https:\/\/www.djm.nl\/wp-content\/uploads\/2019\/05\/pic2-2-200x200.png 200w, https:\/\/www.djm.nl\/wp-content\/uploads\/2019\/05\/pic2-2-150x150.png 150w, https:\/\/www.djm.nl\/wp-content\/uploads\/2019\/05\/pic2-2-300x300.png 300w, https:\/\/www.djm.nl\/wp-content\/uploads\/2019\/05\/pic2-2-768x768.png 768w, https:\/\/www.djm.nl\/wp-content\/uploads\/2019\/05\/pic2-2-250x250.png 250w, https:\/\/www.djm.nl\/wp-content\/uploads\/2019\/05\/pic2-2.png 1000w\" sizes=\"auto, (max-width: 200px) 100vw, 200px\" \/><\/h2>\n<p style=\"text-align: left;\">Pour atteindre le niveau de fiabilit\u00e9 des syst\u00e8mes, DJM a pris en main l'ensemble du processus de d\u00e9veloppement. Avec notre propre d\u00e9partement de R&amp;D dans le domaine de l'\u00e9lectronique, de la m\u00e9catronique et des logiciels, nous stimulons au maximum les technologies jet d'encre et assurons les performances sur le terrain.En apprenant chaque jour de nos clients, nous savons quel est leur d\u00e9fi. Nous pouvons utiliser ces informations pour d\u00e9velopper de nouveaux outils logiciels et de nouvelles fonctionnalit\u00e9s.<\/p>\n<h4 style=\"text-align: left;\"><span style=\"color: #00ccff;\">Notre qu\u00eate de la meilleure solution vous pousse \u00e0 aller plus loin!<\/span><\/h4>\n<\/div>\n<\/div><\/div><div id=\"panel-11122-0-0-2\" class=\"so-panel widget widget_sow-editor\" data-index=\"2\" ><div class=\"so-widget-sow-editor so-widget-sow-editor-base\">\n<div class=\"siteorigin-widget-tinymce textwidget\">\n\t<h2>Diff\u00e9rentes technologies jet d'encre<img loading=\"lazy\" decoding=\"async\" class=\"alignright wp-image-4232 size-custom-size-200\" src=\"https:\/\/www.djm.nl\/wp-content\/uploads\/2019\/05\/pic3-2-200x200.png\" sizes=\"auto, (max-width: 200px) 100vw, 200px\" srcset=\"https:\/\/www.djm.nl\/wp-content\/uploads\/2019\/05\/pic3-2-200x200.png 200w, https:\/\/www.djm.nl\/wp-content\/uploads\/2019\/05\/pic3-2-150x150.png 150w, https:\/\/www.djm.nl\/wp-content\/uploads\/2019\/05\/pic3-2-300x300.png 300w, https:\/\/www.djm.nl\/wp-content\/uploads\/2019\/05\/pic3-2-768x768.png 768w, https:\/\/www.djm.nl\/wp-content\/uploads\/2019\/05\/pic3-2-250x250.png 250w, https:\/\/www.djm.nl\/wp-content\/uploads\/2019\/05\/pic3-2.png 1000w\" alt=\"\" width=\"200\" height=\"200\" \/><\/h2>\n<p>Avec la philosophie \"\u00e0 chaque application sa solution\", DJM dispose d'une large gamme de technologies diff\u00e9rentes parmi lesquelles vous pouvez choisir. D'une solution d'entr\u00e9e de gamme \u00e0 des solutions jet d'encre industrielles tr\u00e8s performantes.<\/p>\n<h4><span style=\"color: #00ccff;\">Soyez pr\u00eat pour l'avenir et choisissez un partenaire qui comprend vos besoins actuels et futurs !<\/span><\/h4>\n<p>&nbsp;<\/p>\n<\/div>\n<\/div><\/div><div id=\"panel-11122-0-0-3\" class=\"so-panel widget widget_sow-editor\" data-index=\"3\" ><div class=\"so-widget-sow-editor so-widget-sow-editor-base\">\n<div class=\"siteorigin-widget-tinymce textwidget\">\n\t<h2 style=\"text-align: left;\">Partenaire des leaders de l'industrie<img loading=\"lazy\" decoding=\"async\" class=\"alignright wp-image-4237 size-custom-size-200\" src=\"https:\/\/www.djm.nl\/wp-content\/uploads\/2019\/05\/pic4-2-200x200.png\" alt=\"\" width=\"200\" height=\"200\" srcset=\"https:\/\/www.djm.nl\/wp-content\/uploads\/2019\/05\/pic4-2-200x200.png 200w, https:\/\/www.djm.nl\/wp-content\/uploads\/2019\/05\/pic4-2-150x150.png 150w, https:\/\/www.djm.nl\/wp-content\/uploads\/2019\/05\/pic4-2-300x300.png 300w, https:\/\/www.djm.nl\/wp-content\/uploads\/2019\/05\/pic4-2-768x768.png 768w, https:\/\/www.djm.nl\/wp-content\/uploads\/2019\/05\/pic4-2-250x250.png 250w, https:\/\/www.djm.nl\/wp-content\/uploads\/2019\/05\/pic4-2.png 1000w\" sizes=\"auto, (max-width: 200px) 100vw, 200px\" \/><\/h2>\n<p style=\"text-align: left;\">DJM est un partenaire strat\u00e9gique de Kyocera, HP et Fujifilm Dimatix. Avec ces partenaires, DJM dispose des meilleures technologies de jet d'encre thermique et pi\u00e9zo\u00e9lectrique disponibles.<\/p>\n<h4 style=\"text-align: left;\"><span style=\"color: #00ccff;\">Nous nous appuyons sur les meilleurs partenaires, vous le pouvez aussi !<\/span><\/h4>\n<\/div>\n<\/div><\/div><div id=\"panel-11122-0-0-4\" class=\"so-panel widget widget_sow-editor\" data-index=\"4\" ><div class=\"so-widget-sow-editor so-widget-sow-editor-base\">\n<div class=\"siteorigin-widget-tinymce textwidget\">\n\t<h2 style=\"text-align: left;\">Sp\u00e9cialiste de l'int\u00e9gration<\/h2>\n<p>Au cours des 28 derni\u00e8res ann\u00e9es, nous avons r\u00e9alis\u00e9 de nombreux projets d'int\u00e9gration du jet d'encre, par exemple avec des presses offset ou flexo, des lignes de finition rotatives, des encarteuses, etc. Afin de maximiser les performances globales de la ligne, chaque d\u00e9tail est examin\u00e9, les signaux \u00e9chang\u00e9s entre les syst\u00e8mes, l'int\u00e9gration technique.<\/p>\n<h2 style=\"text-align: left;\"><img loading=\"lazy\" decoding=\"async\" class=\"alignright wp-image-4242 size-custom-size-200\" src=\"https:\/\/www.djm.nl\/wp-content\/uploads\/2019\/05\/pic5-2-200x200.png\" alt=\"\" width=\"200\" height=\"200\" srcset=\"https:\/\/www.djm.nl\/wp-content\/uploads\/2019\/05\/pic5-2-200x200.png 200w, https:\/\/www.djm.nl\/wp-content\/uploads\/2019\/05\/pic5-2-150x150.png 150w, https:\/\/www.djm.nl\/wp-content\/uploads\/2019\/05\/pic5-2-300x300.png 300w, https:\/\/www.djm.nl\/wp-content\/uploads\/2019\/05\/pic5-2-768x768.png 768w, https:\/\/www.djm.nl\/wp-content\/uploads\/2019\/05\/pic5-2-250x250.png 250w, https:\/\/www.djm.nl\/wp-content\/uploads\/2019\/05\/pic5-2.png 1000w\" sizes=\"auto, (max-width: 200px) 100vw, 200px\" \/><\/h2>\n<h4><span style=\"color: #00ccff;\">Notre exp\u00e9rience en mati\u00e8re d'int\u00e9gration vous donne l'assurance d'avoir la meilleure solution int\u00e9gr\u00e9e !<\/span><\/h4>\n<\/div>\n<\/div><\/div><div id=\"panel-11122-0-0-5\" class=\"so-panel widget widget_sow-editor\" data-index=\"5\" ><div class=\"so-widget-sow-editor so-widget-sow-editor-base\">\n<div class=\"siteorigin-widget-tinymce textwidget\">\n\t<h2 style=\"text-align: left;\">Logiciel contr\u00f4leur intelligent<img loading=\"lazy\" decoding=\"async\" class=\"alignleft wp-image-4247 size-custom-size-200\" src=\"https:\/\/www.djm.nl\/wp-content\/uploads\/2019\/05\/pic6-2-200x200.png\" alt=\"\" width=\"200\" height=\"200\" srcset=\"https:\/\/www.djm.nl\/wp-content\/uploads\/2019\/05\/pic6-2-200x200.png 200w, https:\/\/www.djm.nl\/wp-content\/uploads\/2019\/05\/pic6-2-150x150.png 150w, https:\/\/www.djm.nl\/wp-content\/uploads\/2019\/05\/pic6-2-300x300.png 300w, https:\/\/www.djm.nl\/wp-content\/uploads\/2019\/05\/pic6-2-768x768.png 768w, https:\/\/www.djm.nl\/wp-content\/uploads\/2019\/05\/pic6-2-250x250.png 250w, https:\/\/www.djm.nl\/wp-content\/uploads\/2019\/05\/pic6-2.png 1000w\" sizes=\"auto, (max-width: 200px) 100vw, 200px\" \/><\/h2>\n<p style=\"text-align: left;\">Le logiciel du contr\u00f4leur est d\u00e9velopp\u00e9 par le propre d\u00e9partement logiciel de DJM. En programmant le logiciel en interne, nous pouvons r\u00e9pondre rapidement et efficacement aux changements. Le moteur de d\u00e9chiffrage est bas\u00e9 sur un logiciel et d\u00e9chiffre les donn\u00e9es \u00e0 la demande, ce qui rend votre production plus flexible. Le contr\u00f4leur est flexible et adaptatif car il contr\u00f4le et combine diverses technologies d'impression \u00e0 jet d'encre. Il met en valeur une interface utilisateur intuitive, efficace et pilot\u00e9e par des ic\u00f4nes<\/p>\n<h4 style=\"text-align: left;\"><span style=\"color: #00ccff;\">Le contr\u00f4leur vous donne la flexibilit\u00e9 que vous avez besoin pour <\/span><span style=\"color: #00ccff;\">d\u00e9velopper votre activit\u00e9!<\/span><\/h4>\n<\/div>\n<\/div><\/div><div id=\"panel-11122-0-0-6\" class=\"so-panel widget widget_sow-editor\" data-index=\"6\" ><div class=\"so-widget-sow-editor so-widget-sow-editor-base\">\n<div class=\"siteorigin-widget-tinymce textwidget\">\n\t<h2>Philosophie du design industriel<img loading=\"lazy\" decoding=\"async\" class=\"alignright wp-image-4252 size-custom-size-200\" src=\"https:\/\/www.djm.nl\/wp-content\/uploads\/2019\/05\/pic7-2-200x200.png\" alt=\"\" width=\"200\" height=\"200\" srcset=\"https:\/\/www.djm.nl\/wp-content\/uploads\/2019\/05\/pic7-2-200x200.png 200w, https:\/\/www.djm.nl\/wp-content\/uploads\/2019\/05\/pic7-2-150x150.png 150w, https:\/\/www.djm.nl\/wp-content\/uploads\/2019\/05\/pic7-2-300x300.png 300w, https:\/\/www.djm.nl\/wp-content\/uploads\/2019\/05\/pic7-2-768x768.png 768w, https:\/\/www.djm.nl\/wp-content\/uploads\/2019\/05\/pic7-2-250x250.png 250w, https:\/\/www.djm.nl\/wp-content\/uploads\/2019\/05\/pic7-2.png 1000w\" sizes=\"auto, (max-width: 200px) 100vw, 200px\" \/><\/h2>\n<p>Nous comprenons que nos solutions doivent \u00eatre rentables pour nos clients. Plus le syst\u00e8me est performant - en termes de productivit\u00e9, de fiabilit\u00e9 et de flexibilit\u00e9 - plus le b\u00e9n\u00e9fice est \u00e9lev\u00e9. Nous appliquons une philosophie de conception industrielle claire qui garantit un syst\u00e8me fiable et facile \u00e0 entretenir.<\/p>\n<h4><span style=\"color: #00ccff;\">Nous sommes convaincus que la fiabilit\u00e9 est la cl\u00e9 de la rentabilit\u00e9 de l'impression de donn\u00e9es variables !<\/span><\/h4>\n<\/div>\n<\/div><\/div><div id=\"panel-11122-0-0-7\" class=\"so-panel widget widget_sow-editor\" data-index=\"7\" ><div class=\"so-widget-sow-editor so-widget-sow-editor-base\">\n<div class=\"siteorigin-widget-tinymce textwidget\">\n\t<h2>Base de clients mondiale<img loading=\"lazy\" decoding=\"async\" class=\"alignright wp-image-4257 size-custom-size-200\" src=\"https:\/\/www.djm.nl\/wp-content\/uploads\/2019\/05\/pic8-2-200x200.png\" alt=\"\" width=\"200\" height=\"200\" srcset=\"https:\/\/www.djm.nl\/wp-content\/uploads\/2019\/05\/pic8-2-200x200.png 200w, https:\/\/www.djm.nl\/wp-content\/uploads\/2019\/05\/pic8-2-150x150.png 150w, https:\/\/www.djm.nl\/wp-content\/uploads\/2019\/05\/pic8-2-300x300.png 300w, https:\/\/www.djm.nl\/wp-content\/uploads\/2019\/05\/pic8-2-768x768.png 768w, https:\/\/www.djm.nl\/wp-content\/uploads\/2019\/05\/pic8-2-250x250.png 250w, https:\/\/www.djm.nl\/wp-content\/uploads\/2019\/05\/pic8-2.png 1000w\" sizes=\"auto, (max-width: 200px) 100vw, 200px\" \/><\/h2>\n<p>Nos solutions d'impression \u00e0 jet d'encre sont appr\u00e9ci\u00e9es par nos clients du monde entier. En cas d'exigences sp\u00e9cifiques, nous fabriquons une solution sur mesure, bas\u00e9e sur la description du projet et les attentes de nos clients. Fournir une solution qui d\u00e9passe les attentes de nos clients, c'est ce qui nous motive !<\/p>\n<h4><span style=\"color: #00ccff;\">Nos clients du monde entier font confiance \u00e0 nos solutions et \u00e0 notre expertise, alors vous aussi !<\/span><\/h4>\n<\/div>\n<\/div><\/div><div id=\"panel-11122-0-0-8\" class=\"so-panel widget widget_sow-editor panel-last-child\" data-index=\"8\" ><div class=\"so-widget-sow-editor so-widget-sow-editor-base\">\n<div class=\"siteorigin-widget-tinymce textwidget\">\n\t<h2>Partenaire de r\u00e9f\u00e9rence en mati\u00e8re de jet d'encre<img loading=\"lazy\" decoding=\"async\" class=\"alignright wp-image-4262 size-custom-size-200\" src=\"https:\/\/www.djm.nl\/wp-content\/uploads\/2019\/05\/pic9-200x200.png\" alt=\"\" width=\"200\" height=\"200\" srcset=\"https:\/\/www.djm.nl\/wp-content\/uploads\/2019\/05\/pic9-200x200.png 200w, https:\/\/www.djm.nl\/wp-content\/uploads\/2019\/05\/pic9-150x150.png 150w, https:\/\/www.djm.nl\/wp-content\/uploads\/2019\/05\/pic9-300x300.png 300w, https:\/\/www.djm.nl\/wp-content\/uploads\/2019\/05\/pic9-768x768.png 768w, https:\/\/www.djm.nl\/wp-content\/uploads\/2019\/05\/pic9-250x250.png 250w, https:\/\/www.djm.nl\/wp-content\/uploads\/2019\/05\/pic9.png 1000w\" sizes=\"auto, (max-width: 200px) 100vw, 200px\" \/><\/h2>\n<p>Avec plus de 28 ans d'exp\u00e9rience dans le domaine du jet d'encre, nous sommes un partenaire dot\u00e9 de beaucoup d'expertise et de savoir-faire. Nous pouvons contribuer \u00e0 la r\u00e9ussite de votre projet et vous fournir toutes les informations n\u00e9cessaires.<\/p>\n<h4><span style=\"color: #00ccff;\">Nous donnerons notre maximum pour vous fournir une solution jet d'encre qui d\u00e9passe vos attentes !<\/span><\/h4>\n<\/div>\n<\/div><\/div><\/div><\/div><\/div><div id=\"pg-11122-1\"  class=\"panel-grid panel-no-style\" ><div id=\"pgc-11122-1-0\"  class=\"panel-grid-cell\" ><div id=\"panel-11122-1-0-0\" class=\"so-panel widget widget_sow-cta panel-first-child panel-last-child\" data-index=\"9\" ><div class=\"so-widget-sow-cta so-widget-sow-cta-default-4208922e6c26-11122\"><div class=\"sow-cta-base\">\n\n\t<div class=\"sow-cta-wrapper\">\n\n\t\t<div class=\"sow-cta-text\">\n\t\t\t<h4 class=\"sow-cta-title\">Avec plus de 28 ans d'exp\u00e9rience dans le domaine du jet d'encre \u00e0 notre actif, nous disposons des connaissances n\u00e9cessaires pour r\u00e9ussir tous vos projets.<\/h4>\n\t\t\t<h5 class=\"sow-cta-subtitle\">Laissez-nous participer au v\u00f4tre !<\/h5>\n\t\t<\/div>\n\n\t\t<div class=\"so-widget-sow-button so-widget-sow-button-atom-b4f6b6b19f96\"><div class=\"ow-button-base ow-button-align-center\">\n\t<a href=\"http:\/\/mailto@sales@djm.nl\" class=\"ow-icon-placement-left ow-button-hover\" \t\t>\n\t\t<span>\n\t\t\t\n\t\t\tContactez-nous\t\t<\/span>\n\t<\/a>\n<\/div>\n<\/div>\n\t<\/div>\n\n<\/div>\n<\/div><\/div><\/div><\/div><\/div>","protected":false},"excerpt":{"rendered":"<p>Expertise en jet d&rsquo;encre La sp\u00e9cialit\u00e9 de DJM est de d\u00e9velopper et d&rsquo;am\u00e9liorer la technologie d&rsquo;impression \u00e0 jet d&rsquo;encre. Du d\u00e9veloppement des modules d&rsquo;impression, de l&rsquo;\u00e9lectronique de pilotage au logiciel de contr\u00f4le, tout est r\u00e9alis\u00e9 en interne par une \u00e9quipe de sp\u00e9cialistes. Notre exp\u00e9rience vous donne un avantage concurrentiel ! &nbsp; D\u00e9veloppement interne Pour atteindre [&hellip;]<\/p>\n","protected":false},"author":4,"featured_media":0,"parent":0,"menu_order":0,"comment_status":"closed","ping_status":"closed","template":"","meta":{"footnotes":""},"class_list":["post-11122","page","type-page","status-publish","hentry"],"_links":{"self":[{"href":"https:\/\/www.djm.nl\/fr\/wp-json\/wp\/v2\/pages\/11122","targetHints":{"allow":["GET"]}}],"collection":[{"href":"https:\/\/www.djm.nl\/fr\/wp-json\/wp\/v2\/pages"}],"about":[{"href":"https:\/\/www.djm.nl\/fr\/wp-json\/wp\/v2\/types\/page"}],"author":[{"embeddable":true,"href":"https:\/\/www.djm.nl\/fr\/wp-json\/wp\/v2\/users\/4"}],"replies":[{"embeddable":true,"href":"https:\/\/www.djm.nl\/fr\/wp-json\/wp\/v2\/comments?post=11122"}],"version-history":[{"count":87,"href":"https:\/\/www.djm.nl\/fr\/wp-json\/wp\/v2\/pages\/11122\/revisions"}],"predecessor-version":[{"id":11632,"href":"https:\/\/www.djm.nl\/fr\/wp-json\/wp\/v2\/pages\/11122\/revisions\/11632"}],"wp:attachment":[{"href":"https:\/\/www.djm.nl\/fr\/wp-json\/wp\/v2\/media?parent=11122"}],"curies":[{"name":"wp","href":"https:\/\/api.w.org\/{rel}","templated":true}]}}