{"id":11118,"date":"2019-05-15T08:59:40","date_gmt":"2019-05-15T07:59:40","guid":{"rendered":"https:\/\/www.djm.nl\/benefits-and-cost-savings\/"},"modified":"2022-09-29T10:00:25","modified_gmt":"2022-09-29T09:00:25","slug":"benefits-and-cost-savings","status":"publish","type":"page","link":"https:\/\/www.djm.nl\/fr\/benefits-and-cost-savings\/","title":{"rendered":"Avantages et \u00e9conomies"},"content":{"rendered":"<div id=\"pl-11118\"  class=\"panel-layout\"><div id=\"pg-11118-0\"  class=\"panel-grid panel-has-style\"><div class=\"zebra panel-row-style panel-row-style-for-11118-0\"><div id=\"pgc-11118-0-0\"  class=\"panel-grid-cell\"><div id=\"panel-11118-0-0-0\" class=\"so-panel widget widget_sow-editor panel-first-child\" data-index=\"0\"><div class=\"so-widget-sow-editor so-widget-sow-editor-base\">\n<div class=\"siteorigin-widget-tinymce textwidget\">\n\t<h2>Temps de disponibilit\u00e9<img loading=\"lazy\" decoding=\"async\" class=\"alignright wp-image-4166 size-custom-size-200\" src=\"https:\/\/www.djm.nl\/wp-content\/uploads\/2019\/05\/pic1-200x200.png\" alt=\"\" width=\"200\" height=\"200\" srcset=\"https:\/\/www.djm.nl\/wp-content\/uploads\/2019\/05\/pic1-200x200.png 200w, https:\/\/www.djm.nl\/wp-content\/uploads\/2019\/05\/pic1-150x150.png 150w, https:\/\/www.djm.nl\/wp-content\/uploads\/2019\/05\/pic1-300x300.png 300w, https:\/\/www.djm.nl\/wp-content\/uploads\/2019\/05\/pic1-768x768.png 768w, https:\/\/www.djm.nl\/wp-content\/uploads\/2019\/05\/pic1-250x250.png 250w, https:\/\/www.djm.nl\/wp-content\/uploads\/2019\/05\/pic1.png 1000w\" sizes=\"auto, (max-width: 200px) 100vw, 200px\" \/><\/h2>\n<p>Avec le syst\u00e8me d'impression \u00e0 jet d'encre DJM, vous disposez d'une disponibilit\u00e9 maximale de votre \u00e9quipement. La proc\u00e9dure de nettoyage se limite \u00e0 la purge et au trempage de la barre d'impression et ne prend pas plus de quelques minutes par \u00e9quipe de 8 heures. Vous pouvez vous attendre \u00e0 une disponibilit\u00e9 de votre syst\u00e8me de 99%.<\/p>\n<p><\/p><\/div><\/div><\/div><\/div><\/div><\/div><\/div><p> <a href=\"https:\/\/www.djm.nl\/fr\/benefits-and-cost-savings\/#more-11118\" class=\"more-link\">Lire la suite<\/a><\/p>","protected":false},"excerpt":{"rendered":"<p>Temps de disponibilit\u00e9 Avec le syst\u00e8me d&rsquo;impression \u00e0 jet d&rsquo;encre DJM, vous disposez d&rsquo;une disponibilit\u00e9 maximale de votre \u00e9quipement. La proc\u00e9dure de nettoyage se limite \u00e0 la purge et au trempage de la barre d&rsquo;impression et ne prend pas plus de quelques minutes par \u00e9quipe de 8 heures. Vous pouvez vous attendre \u00e0 une disponibilit\u00e9 [&hellip;]<\/p>\n","protected":false},"author":4,"featured_media":0,"parent":0,"menu_order":0,"comment_status":"closed","ping_status":"closed","template":"","meta":{"footnotes":""},"class_list":["post-11118","page","type-page","status-publish","hentry"],"_links":{"self":[{"href":"https:\/\/www.djm.nl\/fr\/wp-json\/wp\/v2\/pages\/11118","targetHints":{"allow":["GET"]}}],"collection":[{"href":"https:\/\/www.djm.nl\/fr\/wp-json\/wp\/v2\/pages"}],"about":[{"href":"https:\/\/www.djm.nl\/fr\/wp-json\/wp\/v2\/types\/page"}],"author":[{"embeddable":true,"href":"https:\/\/www.djm.nl\/fr\/wp-json\/wp\/v2\/users\/4"}],"replies":[{"embeddable":true,"href":"https:\/\/www.djm.nl\/fr\/wp-json\/wp\/v2\/comments?post=11118"}],"version-history":[{"count":23,"href":"https:\/\/www.djm.nl\/fr\/wp-json\/wp\/v2\/pages\/11118\/revisions"}],"predecessor-version":[{"id":11250,"href":"https:\/\/www.djm.nl\/fr\/wp-json\/wp\/v2\/pages\/11118\/revisions\/11250"}],"wp:attachment":[{"href":"https:\/\/www.djm.nl\/fr\/wp-json\/wp\/v2\/media?parent=11118"}],"curies":[{"name":"wp","href":"https:\/\/api.w.org\/{rel}","templated":true}]}}