{"id":11107,"date":"2018-02-18T23:41:57","date_gmt":"2018-02-18T22:41:57","guid":{"rendered":"https:\/\/www.djm.nl\/markets\/"},"modified":"2024-01-17T13:22:49","modified_gmt":"2024-01-17T12:22:49","slug":"markets","status":"publish","type":"page","link":"https:\/\/www.djm.nl\/fr\/markets\/","title":{"rendered":"March\u00e9s"},"content":{"rendered":"<div id=\"pl-11107\"  class=\"panel-layout\" ><div id=\"pg-11107-0\"  class=\"panel-grid panel-no-style\" ><div id=\"pgc-11107-0-0\"  class=\"panel-grid-cell\" ><div id=\"panel-11107-0-0-0\" class=\"so-panel widget widget_sow-editor panel-first-child panel-last-child\" data-index=\"0\" ><div class=\"so-widget-sow-editor so-widget-sow-editor-base\">\n<div class=\"siteorigin-widget-tinymce textwidget\">\n\t<h1>Votre segment de march\u00e9 est personalived<\/h1>\n<p>Les projets d'impression sont tr\u00e8s vari\u00e9s. Vous avez besoin d'une technologie jet d'encre qui contribue \u00e0 la rentabilit\u00e9.<\/p>\n<p>DJM d\u00e9veloppe des solutions jet d'encre qui r\u00e9pondent aux caract\u00e9ristiques de production de votre segment de march\u00e9. DJM dispose d'un large portefeuille de solutions jet d'encre industrielles pour des secteurs tels que : L'emballage (ondul\u00e9 et souple), le codage et l'inspection, le publipostage, les programmes de fid\u00e9lisation, la loterie et les jeux &amp; l'\u00e9tiquetage et l'adressage.<\/p>\n<\/div>\n<\/div><\/div><\/div><\/div><div id=\"pg-11107-1\"  class=\"panel-grid panel-has-style\" ><div class=\"zebra markets panel-row-style panel-row-style-for-11107-1\" ><div id=\"pgc-11107-1-0\"  class=\"panel-grid-cell\" ><div id=\"panel-11107-1-0-0\" class=\"so-panel widget widget_sow-editor panel-first-child\" data-index=\"1\" ><div id=\"packaging\" class=\"panel-widget-style panel-widget-style-for-11107-1-0-0\" ><div class=\"so-widget-sow-editor so-widget-sow-editor-base\">\n<div class=\"siteorigin-widget-tinymce textwidget\">\n\t<h2><img loading=\"lazy\" decoding=\"async\" class=\"alignright wp-image-1545 size-custom-size-200\" src=\"https:\/\/www.djm.nl\/wp-content\/uploads\/2018\/08\/market-segments-packaging-1000-200x200.jpg\" alt=\"\" width=\"200\" height=\"200\" srcset=\"https:\/\/www.djm.nl\/wp-content\/uploads\/2018\/08\/market-segments-packaging-1000-200x200.jpg 200w, https:\/\/www.djm.nl\/wp-content\/uploads\/2018\/08\/market-segments-packaging-1000-150x150.jpg 150w, https:\/\/www.djm.nl\/wp-content\/uploads\/2018\/08\/market-segments-packaging-1000-300x300.jpg 300w, https:\/\/www.djm.nl\/wp-content\/uploads\/2018\/08\/market-segments-packaging-1000-768x768.jpg 768w, https:\/\/www.djm.nl\/wp-content\/uploads\/2018\/08\/market-segments-packaging-1000-250x250.jpg 250w, https:\/\/www.djm.nl\/wp-content\/uploads\/2018\/08\/market-segments-packaging-1000.jpg 1000w\" sizes=\"auto, (max-width: 200px) 100vw, 200px\" \/><\/h2>\n<h2>Emballage<\/h2>\n<p>Cr\u00e9ez une valeur attractive et vendez plus. Un emballage attrayant est plus important que jamais car il contribue \u00e0 vendre le produit. La technologie d'impression jet d'encre est de plus en plus utilis\u00e9e pour optimiser la communication des emballages car elle apporte une valeur ajout\u00e9e commerciale. Gr\u00e2ce aux solutions jet d'encre et aux options d'int\u00e9gration de DJM, l'impression de donn\u00e9es variables devient accessible aux fabricants d'emballages.<\/p>\n<p>DJM dispose de diff\u00e9rents modules d'impression faciles \u00e0 int\u00e9grer, ce qui rend l'impression hybride adapt\u00e9e \u00e0 l'impression de liners. Pour l'impression directe sur carton ondul\u00e9, DJM propose des modules d'impression dot\u00e9s de t\u00eates d'impression robustes, afin que vous puissiez travailler en toute transparence avec votre application d'impression directe.<\/p>\n<\/div>\n<\/div><\/div><\/div><div id=\"panel-11107-1-0-1\" class=\"so-panel widget widget_sow-editor\" data-index=\"2\" ><div id=\"coding\" class=\"panel-widget-style panel-widget-style-for-11107-1-0-1\" ><div class=\"so-widget-sow-editor so-widget-sow-editor-base\">\n<div class=\"siteorigin-widget-tinymce textwidget\">\n\t<h2><img loading=\"lazy\" decoding=\"async\" class=\"alignright wp-image-1548 size-custom-size-250\" src=\"https:\/\/www.djm.nl\/wp-content\/uploads\/2018\/08\/market-segments-coding-1000-250x250.jpg\" alt=\"\" width=\"250\" height=\"250\" srcset=\"https:\/\/www.djm.nl\/wp-content\/uploads\/2018\/08\/market-segments-coding-1000-250x250.jpg 250w, https:\/\/www.djm.nl\/wp-content\/uploads\/2018\/08\/market-segments-coding-1000-150x150.jpg 150w, https:\/\/www.djm.nl\/wp-content\/uploads\/2018\/08\/market-segments-coding-1000-300x300.jpg 300w, https:\/\/www.djm.nl\/wp-content\/uploads\/2018\/08\/market-segments-coding-1000-768x768.jpg 768w, https:\/\/www.djm.nl\/wp-content\/uploads\/2018\/08\/market-segments-coding-1000-200x200.jpg 200w, https:\/\/www.djm.nl\/wp-content\/uploads\/2018\/08\/market-segments-coding-1000.jpg 1000w\" sizes=\"auto, (max-width: 250px) 100vw, 250px\" \/>Codage, contr\u00f4le et marquage<\/h2>\n<p>Le codage et le marquage des emballages assurent la s\u00e9curit\u00e9 et la tra\u00e7abilit\u00e9. Une analyse minutieuse des substrats d'emballage est n\u00e9cessaire pour une qualit\u00e9 constante. DJM offre aux fournisseurs d'emballages des conseils d'experts et des services de R&amp;D pour fournir la solution de codage et de marquage \u00e0 jet d'encre num\u00e9rique ad\u00e9quate. Des techniques durables avec une vitesse et un d\u00e9bit \u00e9lev\u00e9s.<\/p>\n<p>DJM dispose \u00e9galement d'une gamme de syst\u00e8mes d'inspection par cam\u00e9ra qui peuvent valider le code 1D ou 2D en ligne avec le processus d'impression. Dans le cas d'un code rejet\u00e9, un petit syst\u00e8me d'impression peut marquer le produit imprim\u00e9.<\/p>\n<\/div>\n<\/div><\/div><\/div><div id=\"panel-11107-1-0-2\" class=\"so-panel widget widget_sow-editor\" data-index=\"3\" ><div class=\"so-widget-sow-editor so-widget-sow-editor-base\">\n<div class=\"siteorigin-widget-tinymce textwidget\">\n\t<h2>Emballage flexible<br \/><img loading=\"lazy\" decoding=\"async\" class=\"alignright wp-image-4875 size-custom-size-250\" src=\"https:\/\/www.djm.nl\/wp-content\/uploads\/2019\/06\/23539307780_33f0924b5c_b-250x250.png\" alt=\"\" width=\"250\" height=\"250\" srcset=\"https:\/\/www.djm.nl\/wp-content\/uploads\/2019\/06\/23539307780_33f0924b5c_b-250x250.png 250w, https:\/\/www.djm.nl\/wp-content\/uploads\/2019\/06\/23539307780_33f0924b5c_b-150x150.png 150w, https:\/\/www.djm.nl\/wp-content\/uploads\/2019\/06\/23539307780_33f0924b5c_b-300x300.png 300w, https:\/\/www.djm.nl\/wp-content\/uploads\/2019\/06\/23539307780_33f0924b5c_b-200x200.png 200w, https:\/\/www.djm.nl\/wp-content\/uploads\/2019\/06\/23539307780_33f0924b5c_b.png 394w\" sizes=\"auto, (max-width: 250px) 100vw, 250px\" \/><\/h2>\n<p>L'emballage flexible est l'un des segments de l'industrie de l'emballage qui conna\u00eet la croissance la plus rapide. Il combine les meilleures qualit\u00e9s du plastique, du film, du papier et de la feuille d'aluminium pour offrir un large \u00e9ventail de propri\u00e9t\u00e9s protectrices tout en utilisant un minimum de mat\u00e9riau. L'emballage flexible est rapidement devenu un choix populaire parmi les consommateurs et les producteurs de biens de consommation en raison de sa rentabilit\u00e9 et de sa commodit\u00e9. Les solutions de DJM sont d\u00e9sormais \u00e9galement un bon choix pour imprimer des donn\u00e9es variables sur les emballages flexibles.<\/p>\n<\/div>\n<\/div><\/div><div id=\"panel-11107-1-0-3\" class=\"so-panel widget widget_sow-editor\" data-index=\"4\" ><div id=\"directmail\" class=\"panel-widget-style panel-widget-style-for-11107-1-0-3\" ><div class=\"so-widget-sow-editor so-widget-sow-editor-base\">\n<div class=\"siteorigin-widget-tinymce textwidget\">\n\t<h2><img loading=\"lazy\" decoding=\"async\" class=\"alignright wp-image-1527 size-custom-size-250\" src=\"https:\/\/www.djm.nl\/wp-content\/uploads\/2018\/08\/market-segments-direct-mailing-1000-250x250.jpg\" alt=\"\" width=\"250\" height=\"250\" srcset=\"https:\/\/www.djm.nl\/wp-content\/uploads\/2018\/08\/market-segments-direct-mailing-1000-250x250.jpg 250w, https:\/\/www.djm.nl\/wp-content\/uploads\/2018\/08\/market-segments-direct-mailing-1000-150x150.jpg 150w, https:\/\/www.djm.nl\/wp-content\/uploads\/2018\/08\/market-segments-direct-mailing-1000-300x300.jpg 300w, https:\/\/www.djm.nl\/wp-content\/uploads\/2018\/08\/market-segments-direct-mailing-1000-768x768.jpg 768w, https:\/\/www.djm.nl\/wp-content\/uploads\/2018\/08\/market-segments-direct-mailing-1000-200x200.jpg 200w, https:\/\/www.djm.nl\/wp-content\/uploads\/2018\/08\/market-segments-direct-mailing-1000.jpg 1000w\" sizes=\"auto, (max-width: 250px) 100vw, 250px\" \/>Courrier direct<\/h2>\n<p>Voulez-vous aider vos clients exigeants \u00e0 transformer leurs campagnes num\u00e9riques en impressions de publipostage exceptionnelles et hautement personnalis\u00e9es ? Ajoutez de la valeur et transformez un article de courrier en transaction pour g\u00e9n\u00e9rer de l'argent. Notre expertise en mati\u00e8re de jet d'encre de haute technologie permet d'imprimer avec une grande vari\u00e9t\u00e9 de modules d'impression et d'encres sur une grande vari\u00e9t\u00e9 de substrats, dans de nombreuses formes et tailles.<\/p>\n<\/div>\n<\/div><\/div><\/div><div id=\"panel-11107-1-0-4\" class=\"so-panel widget widget_sow-editor\" data-index=\"5\" ><div class=\"so-widget-sow-editor so-widget-sow-editor-base\">\n<div class=\"siteorigin-widget-tinymce textwidget\">\n\t<h2><img loading=\"lazy\" decoding=\"async\" class=\"alignright wp-image-12957 size-custom-size-250\" src=\"https:\/\/www.djm.nl\/wp-content\/uploads\/2024\/01\/Square-LoremIpsum-250x250.jpg\" alt=\"\" width=\"250\" height=\"250\" srcset=\"https:\/\/www.djm.nl\/wp-content\/uploads\/2024\/01\/Square-LoremIpsum-250x250.jpg 250w, https:\/\/www.djm.nl\/wp-content\/uploads\/2024\/01\/Square-LoremIpsum-300x300.jpg 300w, https:\/\/www.djm.nl\/wp-content\/uploads\/2024\/01\/Square-LoremIpsum-1024x1024.jpg 1024w, https:\/\/www.djm.nl\/wp-content\/uploads\/2024\/01\/Square-LoremIpsum-150x150.jpg 150w, https:\/\/www.djm.nl\/wp-content\/uploads\/2024\/01\/Square-LoremIpsum-768x768.jpg 768w, https:\/\/www.djm.nl\/wp-content\/uploads\/2024\/01\/Square-LoremIpsum-1536x1536.jpg 1536w, https:\/\/www.djm.nl\/wp-content\/uploads\/2024\/01\/Square-LoremIpsum-200x200.jpg 200w, https:\/\/www.djm.nl\/wp-content\/uploads\/2024\/01\/Square-LoremIpsum.jpg 1554w\" sizes=\"auto, (max-width: 250px) 100vw, 250px\" \/>Impression de livres<\/h2>\n<p>Adaptez-vous \u00e0 l'impression de livres \u00e0 la demande et soyez pr\u00eat au bon moment, au bon endroit, \u00e0 la bonne qualit\u00e9 et au bon prix. Sp\u00e9cialement pour les imprimeurs de livres et les \u00e9diteurs, DJM a d\u00e9velopp\u00e9 des solutions d'impression \u00e0 jet d'encre en noir et blanc et en couleur et s'appuie sur les derni\u00e8res t\u00eates d'impression haute d\u00e9finition. R\u00e9duisez le co\u00fbt de votre cha\u00eene d'approvisionnement de bout en bout gr\u00e2ce aux solutions d'impression de livres de DJM.<\/p>\n<\/div>\n<\/div><\/div><div id=\"panel-11107-1-0-5\" class=\"so-panel widget widget_sow-editor\" data-index=\"6\" ><div class=\"so-widget-sow-editor so-widget-sow-editor-base\">\n<div class=\"siteorigin-widget-tinymce textwidget\">\n\t<h2><img loading=\"lazy\" decoding=\"async\" class=\"alignright wp-image-1530 size-custom-size-250\" src=\"https:\/\/www.djm.nl\/wp-content\/uploads\/2018\/08\/market-segments-envelop-printing-1000-250x250.png\" alt=\"\" width=\"250\" height=\"250\" srcset=\"https:\/\/www.djm.nl\/wp-content\/uploads\/2018\/08\/market-segments-envelop-printing-1000-250x250.png 250w, https:\/\/www.djm.nl\/wp-content\/uploads\/2018\/08\/market-segments-envelop-printing-1000-150x150.png 150w, https:\/\/www.djm.nl\/wp-content\/uploads\/2018\/08\/market-segments-envelop-printing-1000-300x300.png 300w, https:\/\/www.djm.nl\/wp-content\/uploads\/2018\/08\/market-segments-envelop-printing-1000-768x768.png 768w, https:\/\/www.djm.nl\/wp-content\/uploads\/2018\/08\/market-segments-envelop-printing-1000-200x200.png 200w, https:\/\/www.djm.nl\/wp-content\/uploads\/2018\/08\/market-segments-envelop-printing-1000.png 1000w\" sizes=\"auto, (max-width: 250px) 100vw, 250px\" \/>Impression d'enveloppes<\/h2>\n<p>Ajoutez de la valeur \u00e0 votre mailing avec des messages cibl\u00e9s sur les enveloppes. Le mailing s\u00e9duira davantage de consommateurs et convertira les offres en nouvelles opportunit\u00e9s commerciales. Nos solutions jet d'encre couleur sont facilement int\u00e9grables pour cr\u00e9er un flux de travail optimis\u00e9 avec une grande flexibilit\u00e9.<\/p>\n<\/div>\n<\/div><\/div><div id=\"panel-11107-1-0-6\" class=\"so-panel widget widget_sow-editor\" data-index=\"7\" ><div id=\"loyalty\" class=\"panel-widget-style panel-widget-style-for-11107-1-0-6\" ><div class=\"so-widget-sow-editor so-widget-sow-editor-base\">\n<div class=\"siteorigin-widget-tinymce textwidget\">\n\t<h2><img loading=\"lazy\" decoding=\"async\" class=\"wp-image-12874 size-custom-size-250 alignright\" src=\"https:\/\/www.djm.nl\/wp-content\/uploads\/2024\/01\/market-segments-loyalty-1000-250x250.jpg\" alt=\"\" width=\"250\" height=\"250\" srcset=\"https:\/\/www.djm.nl\/wp-content\/uploads\/2024\/01\/market-segments-loyalty-1000-250x250.jpg 250w, https:\/\/www.djm.nl\/wp-content\/uploads\/2024\/01\/market-segments-loyalty-1000-300x300.jpg 300w, https:\/\/www.djm.nl\/wp-content\/uploads\/2024\/01\/market-segments-loyalty-1000-150x150.jpg 150w, https:\/\/www.djm.nl\/wp-content\/uploads\/2024\/01\/market-segments-loyalty-1000-768x768.jpg 768w, https:\/\/www.djm.nl\/wp-content\/uploads\/2024\/01\/market-segments-loyalty-1000-200x200.jpg 200w, https:\/\/www.djm.nl\/wp-content\/uploads\/2024\/01\/market-segments-loyalty-1000.jpg 1000w\" sizes=\"auto, (max-width: 250px) 100vw, 250px\" \/>Programmes de fid\u00e9lisation<\/h2>\n<p>R\u00e9alisez des programmes de fid\u00e9lisation des clients personnalis\u00e9s et cr\u00e9atifs gr\u00e2ce \u00e0 nos solutions d'impression jet d'encre flexibles. Les solutions jet d'encre de DJM vous offrent la flexibilit\u00e9 d'imprimer des offres et des coupons uniques et personnalis\u00e9s de mani\u00e8re rapide et fiable. L'impression de donn\u00e9es variables \u00e0 son meilleur.<\/p>\n<\/div>\n<\/div><\/div><\/div><div id=\"panel-11107-1-0-7\" class=\"so-panel widget widget_sow-editor\" data-index=\"8\" ><div id=\"selfmailers\" class=\"panel-widget-style panel-widget-style-for-11107-1-0-7\" ><div class=\"so-widget-sow-editor so-widget-sow-editor-base\">\n<div class=\"siteorigin-widget-tinymce textwidget\">\n\t<h2><img loading=\"lazy\" decoding=\"async\" class=\"alignnone wp-image-12866 size-medium\" src=\"https:\/\/www.djm.nl\/wp-content\/uploads\/2024\/01\/DJM_self_mailers-300x300.png\" alt=\"\" width=\"300\" height=\"300\" srcset=\"https:\/\/www.djm.nl\/wp-content\/uploads\/2024\/01\/DJM_self_mailers-300x300.png 300w, https:\/\/www.djm.nl\/wp-content\/uploads\/2024\/01\/DJM_self_mailers-150x150.png 150w, https:\/\/www.djm.nl\/wp-content\/uploads\/2024\/01\/DJM_self_mailers-768x768.png 768w, https:\/\/www.djm.nl\/wp-content\/uploads\/2024\/01\/DJM_self_mailers-200x200.png 200w, https:\/\/www.djm.nl\/wp-content\/uploads\/2024\/01\/DJM_self_mailers-250x250.png 250w, https:\/\/www.djm.nl\/wp-content\/uploads\/2024\/01\/DJM_self_mailers.png 1024w\" sizes=\"auto, (max-width: 300px) 100vw, 300px\" \/>Self-Mailers<\/h2>\n<p>Gardez les self-mailers abordables gr\u00e2ce \u00e0 une personnalisation en ligne efficace ou \u00e0 l'impression de donn\u00e9es variables. DJM ajoute de mani\u00e8re experte des modules d'impression \u00e0 jet d'encre \u00e0 votre ligne de finition de bandes ou de feuilles. Des adresses en noir et blanc aux graphiques color\u00e9s, les solutions jet d'encre de DJM peuvent tout g\u00e9rer.<\/p>\n<\/div>\n<\/div><\/div><\/div><div id=\"panel-11107-1-0-8\" class=\"so-panel widget widget_sow-editor\" data-index=\"9\" ><div class=\"so-widget-sow-editor so-widget-sow-editor-base\">\n<div class=\"siteorigin-widget-tinymce textwidget\">\n\t<h2><img loading=\"lazy\" decoding=\"async\" class=\"alignright wp-image-1536 size-custom-size-250\" src=\"https:\/\/www.djm.nl\/wp-content\/uploads\/2018\/08\/market-segments-security-print-1000-2-250x250.jpg\" alt=\"\" width=\"250\" height=\"250\" srcset=\"https:\/\/www.djm.nl\/wp-content\/uploads\/2018\/08\/market-segments-security-print-1000-2-250x250.jpg 250w, https:\/\/www.djm.nl\/wp-content\/uploads\/2018\/08\/market-segments-security-print-1000-2-150x150.jpg 150w, https:\/\/www.djm.nl\/wp-content\/uploads\/2018\/08\/market-segments-security-print-1000-2-300x300.jpg 300w, https:\/\/www.djm.nl\/wp-content\/uploads\/2018\/08\/market-segments-security-print-1000-2-768x767.jpg 768w, https:\/\/www.djm.nl\/wp-content\/uploads\/2018\/08\/market-segments-security-print-1000-2-200x200.jpg 200w, https:\/\/www.djm.nl\/wp-content\/uploads\/2018\/08\/market-segments-security-print-1000-2.jpg 1000w\" sizes=\"auto, (max-width: 250px) 100vw, 250px\" \/>Impression de s\u00e9curit\u00e9<\/h2>\n<p>Produisez des billets de banque, des ch\u00e8ques, des authentifications de produits, des \u00e9tiquettes fiscales et des passeports qui r\u00e9sistent \u00e0 l'\u00e9preuve. Pour garantir l'authenticit\u00e9, un m\u00e9lange de technologies est utilis\u00e9, comme des substrats sp\u00e9ciaux (par exemple le papier thermique, les fibres sp\u00e9ciales ou le coton), des encres (\u00e0 s\u00e9chage UV, invisibles, \u00e9clairantes ou taggantes), du micro texte et des codes 2D.<\/p>\n<p>Gr\u00e2ce \u00e0 la large gamme de technologies jet d'encre de DJM, combin\u00e9e aux diff\u00e9rentes options d'encre, il existe une solution adapt\u00e9e \u00e0 chacun.<\/p>\n<\/div>\n<\/div><\/div><div id=\"panel-11107-1-0-9\" class=\"so-panel widget widget_sow-editor\" data-index=\"10\" ><div id=\"lottery\" class=\"panel-widget-style panel-widget-style-for-11107-1-0-9\" ><div class=\"so-widget-sow-editor so-widget-sow-editor-base\">\n<div class=\"siteorigin-widget-tinymce textwidget\">\n\t<h2><img loading=\"lazy\" decoding=\"async\" class=\"wp-image-12903 size-custom-size-250 alignright\" src=\"https:\/\/www.djm.nl\/wp-content\/uploads\/2024\/01\/market-segments-lottery-1000-250x250.jpg\" alt=\"\" width=\"250\" height=\"250\" srcset=\"https:\/\/www.djm.nl\/wp-content\/uploads\/2024\/01\/market-segments-lottery-1000-250x250.jpg 250w, https:\/\/www.djm.nl\/wp-content\/uploads\/2024\/01\/market-segments-lottery-1000-300x300.jpg 300w, https:\/\/www.djm.nl\/wp-content\/uploads\/2024\/01\/market-segments-lottery-1000-150x150.jpg 150w, https:\/\/www.djm.nl\/wp-content\/uploads\/2024\/01\/market-segments-lottery-1000-768x768.jpg 768w, https:\/\/www.djm.nl\/wp-content\/uploads\/2024\/01\/market-segments-lottery-1000-200x200.jpg 200w, https:\/\/www.djm.nl\/wp-content\/uploads\/2024\/01\/market-segments-lottery-1000.jpg 1000w\" sizes=\"auto, (max-width: 250px) 100vw, 250px\" \/>Loterie et jeux<\/h2>\n<p>Il est essentiel de fournir \u00e0 vos clients des billets de loterie et de jeu authentiques. Pour garantir l'int\u00e9grit\u00e9 des tickets, un m\u00e9lange de technologies est utilis\u00e9, comme des substrats sp\u00e9ciaux, des encres, du micro texte et des donn\u00e9es variables. Gr\u00e2ce \u00e0 la large gamme de technologies jet d'encre de DJM, combin\u00e9e aux diff\u00e9rentes options d'encre, il existe une solution adapt\u00e9e \u00e0 chacun.<\/p>\n<\/div>\n<\/div><\/div><\/div><div id=\"panel-11107-1-0-10\" class=\"so-panel widget widget_sow-editor\" data-index=\"11\" ><div class=\"so-widget-sow-editor so-widget-sow-editor-base\">\n<div class=\"siteorigin-widget-tinymce textwidget\">\n\t<h2><img loading=\"lazy\" decoding=\"async\" class=\"alignright wp-image-1542 size-custom-size-250\" src=\"https:\/\/www.djm.nl\/wp-content\/uploads\/2018\/08\/market-segments-parking-en-public-transport-1000-250x250.jpg\" alt=\"\" width=\"250\" height=\"250\" srcset=\"https:\/\/www.djm.nl\/wp-content\/uploads\/2018\/08\/market-segments-parking-en-public-transport-1000-250x250.jpg 250w, https:\/\/www.djm.nl\/wp-content\/uploads\/2018\/08\/market-segments-parking-en-public-transport-1000-150x150.jpg 150w, https:\/\/www.djm.nl\/wp-content\/uploads\/2018\/08\/market-segments-parking-en-public-transport-1000-300x300.jpg 300w, https:\/\/www.djm.nl\/wp-content\/uploads\/2018\/08\/market-segments-parking-en-public-transport-1000-768x768.jpg 768w, https:\/\/www.djm.nl\/wp-content\/uploads\/2018\/08\/market-segments-parking-en-public-transport-1000-200x200.jpg 200w, https:\/\/www.djm.nl\/wp-content\/uploads\/2018\/08\/market-segments-parking-en-public-transport-1000.jpg 1000w\" sizes=\"auto, (max-width: 250px) 100vw, 250px\" \/>Tickets de stationnement, de transport public et de spectacles<\/h2>\n<p>Fournir des tickets de qualit\u00e9 et d\u00e9tectables est crucial pour les parkings, les transports publics, les salles de spectacles et les concerts. Pour assurer l'int\u00e9grit\u00e9 des tickets, un m\u00e9lange de technologies est utilis\u00e9, comme les substrats sp\u00e9cialis\u00e9s, les encres, le micro texte et les donn\u00e9es variables. Gr\u00e2ce \u00e0 la large gamme de technologies jet d'encre de DJM, combin\u00e9e aux diff\u00e9rentes options d'encre, il existe une solution adapt\u00e9e \u00e0 chacun.<\/p>\n<\/div>\n<\/div><\/div><div id=\"panel-11107-1-0-11\" class=\"so-panel widget widget_sow-editor\" data-index=\"12\" ><div id=\"labelling\" class=\"panel-widget-style panel-widget-style-for-11107-1-0-11\" ><div class=\"so-widget-sow-editor so-widget-sow-editor-base\">\n<div class=\"siteorigin-widget-tinymce textwidget\">\n\t<h2><img loading=\"lazy\" decoding=\"async\" class=\"wp-image-12892 size-custom-size-250 alignright\" src=\"https:\/\/www.djm.nl\/wp-content\/uploads\/2024\/01\/market-segments-labeling-1000-250x250.jpg\" alt=\"\" width=\"250\" height=\"250\" srcset=\"https:\/\/www.djm.nl\/wp-content\/uploads\/2024\/01\/market-segments-labeling-1000-250x250.jpg 250w, https:\/\/www.djm.nl\/wp-content\/uploads\/2024\/01\/market-segments-labeling-1000-300x300.jpg 300w, https:\/\/www.djm.nl\/wp-content\/uploads\/2024\/01\/market-segments-labeling-1000-150x150.jpg 150w, https:\/\/www.djm.nl\/wp-content\/uploads\/2024\/01\/market-segments-labeling-1000-768x768.jpg 768w, https:\/\/www.djm.nl\/wp-content\/uploads\/2024\/01\/market-segments-labeling-1000-200x200.jpg 200w, https:\/\/www.djm.nl\/wp-content\/uploads\/2024\/01\/market-segments-labeling-1000.jpg 1000w\" sizes=\"auto, (max-width: 250px) 100vw, 250px\" \/>\u00c9tiquetage<\/h2>\n<p>Plus les tirages diminuent, plus les versions et les variations sont nombreuses en mati\u00e8re d'\u00e9tiquetage. Nos solutions jet d'encre peuvent vous aider \u00e0 r\u00e9duire les d\u00e9lais de commercialisation et \u00e0 cr\u00e9er des solutions d'\u00e9tiquetage complexes et int\u00e9ressantes pour les clients exigeants.<\/p>\n<\/div>\n<\/div><\/div><\/div><div id=\"panel-11107-1-0-12\" class=\"so-panel widget widget_sow-editor panel-last-child\" data-index=\"13\" ><div id=\"addressing\" class=\"panel-widget-style panel-widget-style-for-11107-1-0-12\" ><div class=\"so-widget-sow-editor so-widget-sow-editor-base\">\n<div class=\"siteorigin-widget-tinymce textwidget\">\n\t<h2><img loading=\"lazy\" decoding=\"async\" class=\"wp-image-12887 size-custom-size-250 alignright\" src=\"https:\/\/www.djm.nl\/wp-content\/uploads\/2024\/01\/market-segments-adressing-1000-250x250.png\" alt=\"\" width=\"250\" height=\"250\" srcset=\"https:\/\/www.djm.nl\/wp-content\/uploads\/2024\/01\/market-segments-adressing-1000-250x250.png 250w, https:\/\/www.djm.nl\/wp-content\/uploads\/2024\/01\/market-segments-adressing-1000-300x300.png 300w, https:\/\/www.djm.nl\/wp-content\/uploads\/2024\/01\/market-segments-adressing-1000-150x150.png 150w, https:\/\/www.djm.nl\/wp-content\/uploads\/2024\/01\/market-segments-adressing-1000-768x768.png 768w, https:\/\/www.djm.nl\/wp-content\/uploads\/2024\/01\/market-segments-adressing-1000-200x200.png 200w, https:\/\/www.djm.nl\/wp-content\/uploads\/2024\/01\/market-segments-adressing-1000.png 1000w\" sizes=\"auto, (max-width: 250px) 100vw, 250px\" \/>Adressage<\/h2>\n<p>Que votre travail d'impression soit en monochrome, en bichromie ou en quadrichromie, vous pouvez montrer \u00e0 vos clients que l'adressage ne doit pas se r\u00e9sumer \u00e0 cela : une adresse. Les solutions jet d'encre de DJM d\u00e9montrent que toute la surface de l'enveloppe peut \u00eatre utilis\u00e9e. Images et messages personnalis\u00e9s, imprim\u00e9s en haute qualit\u00e9 et \u00e0 grande vitesse pour aider \u00e0 augmenter le taux d'ouverture des enveloppes de vos clients.<\/p>\n<p class=\"western\">\n<\/div>\n<\/div><\/div><\/div><\/div><\/div><\/div><div id=\"pg-11107-2\"  class=\"panel-grid panel-no-style\" ><div id=\"pgc-11107-2-0\"  class=\"panel-grid-cell\" ><div id=\"panel-11107-2-0-0\" class=\"so-panel widget widget_sow-cta panel-first-child panel-last-child\" data-index=\"14\" ><div class=\"so-widget-sow-cta so-widget-sow-cta-default-4208922e6c26-11107\"><div class=\"sow-cta-base\">\n\n\t<div class=\"sow-cta-wrapper\">\n\n\t\t<div class=\"sow-cta-text\">\n\t\t\t<h4 class=\"sow-cta-title\">Prenez contact avec nous<\/h4>\n\t\t\t<h5 class=\"sow-cta-subtitle\">Gr\u00e2ce \u00e0 une technologie d'impression jet d'encre innovante, DJM personnalise les campagnes de publipostage, les loteries et les jeux, les programmes de fid\u00e9lit\u00e9, les emballages et bien plus encore. Et notre logiciel hybride unique de contr\u00f4le du jet d'encre Octipus le rend facile \u00e0 utiliser. Notre expertise respect\u00e9e en mati\u00e8re de jet d'encre aide les imprimeurs \u00e0 se d\u00e9velopper. Alors, parlons-en, par t\u00e9l\u00e9phone, ou mieux encore... personnellement !<\/h5>\n\t\t<\/div>\n\n\t\t<div class=\"so-widget-sow-button so-widget-sow-button-atom-b4f6b6b19f96\"><div class=\"ow-button-base ow-button-align-center\">\n\t<a href=\"mailto:sales@djm.nl\" class=\"ow-icon-placement-left ow-button-hover\" download=\"\" \t\t>\n\t\t<span>\n\t\t\t\n\t\t\tContactez-nous\t\t<\/span>\n\t<\/a>\n<\/div>\n<\/div>\n\t<\/div>\n\n<\/div>\n<\/div><\/div><\/div><\/div><\/div>","protected":false},"excerpt":{"rendered":"<p>DJM provides industrial inkjet solutions for Direct Mail, Self-Mailers, Loyalty programs, Packaging, Lottery &#038; Gaming, Coding and Marking, Labelling &#038; Addressing.<\/p>\n","protected":false},"author":9,"featured_media":0,"parent":0,"menu_order":0,"comment_status":"closed","ping_status":"closed","template":"","meta":{"footnotes":""},"class_list":["post-11107","page","type-page","status-publish","hentry"],"_links":{"self":[{"href":"https:\/\/www.djm.nl\/fr\/wp-json\/wp\/v2\/pages\/11107","targetHints":{"allow":["GET"]}}],"collection":[{"href":"https:\/\/www.djm.nl\/fr\/wp-json\/wp\/v2\/pages"}],"about":[{"href":"https:\/\/www.djm.nl\/fr\/wp-json\/wp\/v2\/types\/page"}],"author":[{"embeddable":true,"href":"https:\/\/www.djm.nl\/fr\/wp-json\/wp\/v2\/users\/9"}],"replies":[{"embeddable":true,"href":"https:\/\/www.djm.nl\/fr\/wp-json\/wp\/v2\/comments?post=11107"}],"version-history":[{"count":26,"href":"https:\/\/www.djm.nl\/fr\/wp-json\/wp\/v2\/pages\/11107\/revisions"}],"predecessor-version":[{"id":12965,"href":"https:\/\/www.djm.nl\/fr\/wp-json\/wp\/v2\/pages\/11107\/revisions\/12965"}],"wp:attachment":[{"href":"https:\/\/www.djm.nl\/fr\/wp-json\/wp\/v2\/media?parent=11107"}],"curies":[{"name":"wp","href":"https:\/\/api.w.org\/{rel}","templated":true}]}}