{"id":11101,"date":"2019-05-24T09:00:03","date_gmt":"2019-05-24T08:00:03","guid":{"rendered":"https:\/\/www.djm.nl\/hp-monochrome-print-modules-m500-m800\/"},"modified":"2024-05-23T09:16:04","modified_gmt":"2024-05-23T08:16:04","slug":"hp-monochrome-print-modules-m500-m800","status":"publish","type":"page","link":"https:\/\/www.djm.nl\/fr\/hp-monochrome-print-modules-m500-m800\/","title":{"rendered":"HP monochrome"},"content":{"rendered":"<div id=\"pl-11101\"  class=\"panel-layout\" ><div id=\"pg-11101-0\"  class=\"panel-grid panel-no-style\" ><div id=\"pgc-11101-0-0\"  class=\"panel-grid-cell\" ><div id=\"panel-11101-0-0-0\" class=\"so-panel widget widget_sow-editor panel-first-child\" data-index=\"0\" ><div class=\"so-widget-sow-editor so-widget-sow-editor-base\">\n<div class=\"siteorigin-widget-tinymce textwidget\">\n\t<h3>Optimisez votre production gr\u00e2ce aux modules d'impression monochromes DJM HP, faciles \u00e0 utiliser et con\u00e7us pour \u00eatre int\u00e9gr\u00e9s<\/h3>\n<h4>Technologie de t\u00eate d'impression<\/h4>\n<p>Les modules d'impression monochrome HP utilisent la technologie de t\u00eate d'impression thermique TIJ4.0 de HP et se caract\u00e9risent par une qualit\u00e9 d'image \u00e9lev\u00e9e.\u00a0Les modules d'impression sont dot\u00e9s d'une station d'entretien de la t\u00eate d'impression int\u00e9gr\u00e9e et assurent le capsulage, le nettoyage et l'essuyage de la t\u00eate d'impression.\u00a0Cette routine automatis\u00e9e est contr\u00f4l\u00e9e \u00e0 partir du logiciel, ce qui garantit une facilit\u00e9 d'utilisation maximale et des temps d'installation courts.<\/p>\n<p><strong><img loading=\"lazy\" decoding=\"async\" class=\"alignright wp-image-7260 size-medium\" src=\"https:\/\/www.djm.nl\/wp-content\/uploads\/2021\/12\/print-module-rond-300x300.png\" alt=\"\" width=\"300\" height=\"300\" srcset=\"https:\/\/www.djm.nl\/wp-content\/uploads\/2021\/12\/print-module-rond-300x300.png 300w, https:\/\/www.djm.nl\/wp-content\/uploads\/2021\/12\/print-module-rond-1021x1024.png 1021w, https:\/\/www.djm.nl\/wp-content\/uploads\/2021\/12\/print-module-rond-150x150.png 150w, https:\/\/www.djm.nl\/wp-content\/uploads\/2021\/12\/print-module-rond-768x771.png 768w, https:\/\/www.djm.nl\/wp-content\/uploads\/2021\/12\/print-module-rond-200x200.png 200w, https:\/\/www.djm.nl\/wp-content\/uploads\/2021\/12\/print-module-rond-250x250.png 250w, https:\/\/www.djm.nl\/wp-content\/uploads\/2021\/12\/print-module-rond.png 1171w\" sizes=\"auto, (max-width: 300px) 100vw, 300px\" \/><\/strong><\/p>\n<h4>\u00c9volutivit\u00e9<\/h4>\n<p>Selon les besoins de votre application, plusieurs modules d'impression monochrome HP peuvent \u00eatre utilis\u00e9s pour \u00e9tendre la largeur d'impression. Deux versions sont disponibles et peuvent g\u00e9rer des vitesses allant jusqu'\u00e0 244 m\u00e8tres par minute.<\/p>\n<h4>Simplicit\u00e9 d'utilisation<\/h4>\n<p>Si la t\u00eate d'impression doit \u00eatre remplac\u00e9e, il s'agit d'une op\u00e9ration simple qui peut \u00eatre effectu\u00e9e par l'op\u00e9rateur. Le syst\u00e8me comprend un syst\u00e8me d'alimentation en encre externe bas\u00e9 sur des cartouches.<\/p>\n<p>Le syst\u00e8me contient deux cartouches, ce qui le rend redondant. Les cartouches peuvent \u00eatre chang\u00e9es en cours de production.<\/p>\n<p>Pour les configurations multiples des modules d'impression monochromes HP, DJM a d\u00e9velopp\u00e9 un syst\u00e8me d'alimentation de l'encre en vrac (<a href=\"https:\/\/www.djm.nl\/fr\/products\/bulk-ink-system-4-color-bis\/\">Bulk Ink System<\/a> ) qui permet l'utilisation de l'encre \u00e0 partir de conteneurs et rend la production encore plus rentable.<\/p>\n<h4>Une utilisation flexible<\/h4>\n<p>Les modules d'impression <strong>monochromes HP<\/strong> sont faciles \u00e0 int\u00e9grer, mais peuvent \u00e9galement \u00eatre utilis\u00e9s comme solution autonome. Pour obtenir le meilleur de votre configuration d'impression en termes de flexibilit\u00e9, d'efficacit\u00e9 et de rentabilit\u00e9, nous appliquons des principes tels que le rendement maximal, la fiabilit\u00e9 et la facilit\u00e9 d'utilisation dans chaque projet.<\/p>\n<h4>Partenaire fiable<\/h4>\n<p>Vous voulez un partenaire commercial qui soit fiable, engag\u00e9 et qualifi\u00e9. Promesse et r\u00e9alisation. Avec plus de 30 ans d'exp\u00e9rience, nous poussons la technologie jet d'encre industrielle \u00e0 ses limites. Les responsables de l'industrie de l'impression du monde entier se sont tourn\u00e9s vers DJM pour des solutions jet d'encre car ils appr\u00e9cient notre approche personnelle et notre ing\u00e9nierie solide. Notre objectif est de vous apporter les meilleures solutions d'impression \u00e0 jet d'encre pour une sortie de donn\u00e9es variables de haute qualit\u00e9 et une efficacit\u00e9 accrue. <a href=\"https:\/\/www.djm.nl\/fr\/our-promise\/\">\u00a0Lire notre engagement ici<\/a><\/p>\n<h4>Commencez \u00e0 int\u00e9grer l'excellence digitale<\/h4>\n<p>&nbsp;<\/p>\n<h4>Avantages du module d'impression monochrome HP<\/h4>\n<ul>\n<li>Int\u00e9gration facile<\/li>\n<li>Nettoyage automatis\u00e9<\/li>\n<li>Facilit\u00e9 d'utilisation<\/li>\n<li>Haute qualit\u00e9 d'image<\/li>\n<\/ul>\n<\/div>\n<\/div><\/div><div id=\"panel-11101-0-0-1\" class=\"so-panel widget widget_sow-video panel-last-child\" data-index=\"1\" ><div class=\"so-widget-sow-video so-widget-sow-video-base\">\n<div class=\"sow-video-wrapper\">\n\t\t\t\t<\/div>\n<\/div><\/div><\/div><\/div><div id=\"pg-11101-1\"  class=\"panel-grid panel-no-style\" ><div id=\"pgc-11101-1-0\"  class=\"panel-grid-cell\" ><div id=\"panel-11101-1-0-0\" class=\"so-panel widget widget_sow-button panel-first-child panel-last-child\" data-index=\"2\" ><div class=\"so-widget-sow-button so-widget-sow-button-atom-26d68955a680-11101\"><div class=\"ow-button-base ow-button-align-left\">\n\t<a href=\"https:\/\/www.djm.nl\/download\/1331\/\" class=\"ow-icon-placement-left ow-button-hover\" \t\t>\n\t\t<span>\n\t\t\t\n\t\t\tT\u00e9l\u00e9charger la fiche technique du HP500\t\t<\/span>\n\t<\/a>\n<\/div>\n<\/div><\/div><\/div><div id=\"pgc-11101-1-1\"  class=\"panel-grid-cell\" ><div id=\"panel-11101-1-1-0\" class=\"so-panel widget widget_sow-button panel-first-child panel-last-child\" data-index=\"3\" ><div class=\"so-widget-sow-button so-widget-sow-button-atom-26d68955a680-11101\"><div class=\"ow-button-base ow-button-align-left\">\n\t<a href=\"https:\/\/www.djm.nl\/download\/1333\/\" class=\"ow-icon-placement-left ow-button-hover\" \t\t>\n\t\t<span>\n\t\t\t\n\t\t\tT\u00e9l\u00e9charger la fiche technique du HP800\t\t<\/span>\n\t<\/a>\n<\/div>\n<\/div><\/div><\/div><\/div><div id=\"pg-11101-2\"  class=\"panel-grid panel-no-style\" ><div id=\"pgc-11101-2-0\"  class=\"panel-grid-cell\" ><div id=\"panel-11101-2-0-0\" class=\"so-panel widget widget_sow-cta panel-first-child panel-last-child\" data-index=\"4\" ><div class=\"so-widget-sow-cta so-widget-sow-cta-default-4208922e6c26-11101\"><div class=\"sow-cta-base\">\n\n\t<div class=\"sow-cta-wrapper\">\n\n\t\t<div class=\"sow-cta-text\">\n\t\t\t<h4 class=\"sow-cta-title\">Vous recherchez un syst\u00e8me complet d'impression jet d'encre monochrome con\u00e7u pour une int\u00e9gration facile ?<\/h4>\n\t\t\t<h5 class=\"sow-cta-subtitle\">Ne cherchez pas plus loin, nous pouvons vous fournir une solution sur mesure qui d\u00e9passe vos attentes !<\/h5>\n\t\t<\/div>\n\n\t\t<div class=\"so-widget-sow-button so-widget-sow-button-atom-b4f6b6b19f96\"><div class=\"ow-button-base ow-button-align-center\">\n\t<a href=\"mailto:sales@djm.nl\" class=\"ow-icon-placement-left ow-button-hover\" \t\t>\n\t\t<span>\n\t\t\t\n\t\t\tContactez-nous\t\t<\/span>\n\t<\/a>\n<\/div>\n<\/div>\n\t<\/div>\n\n<\/div>\n<\/div><\/div><\/div><\/div><\/div>","protected":false},"excerpt":{"rendered":"<p>Optimisez votre production gr\u00e2ce aux modules d&rsquo;impression monochromes DJM HP, faciles \u00e0 utiliser et con\u00e7us pour \u00eatre int\u00e9gr\u00e9s Technologie de t\u00eate d&rsquo;impression Les modules d&rsquo;impression monochrome HP utilisent la technologie de t\u00eate d&rsquo;impression thermique TIJ4.0 de HP et se caract\u00e9risent par une qualit\u00e9 d&rsquo;image \u00e9lev\u00e9e.\u00a0Les modules d&rsquo;impression sont dot\u00e9s d&rsquo;une station d&rsquo;entretien de la t\u00eate [&hellip;]<\/p>\n","protected":false},"author":4,"featured_media":0,"parent":0,"menu_order":0,"comment_status":"closed","ping_status":"closed","template":"","meta":{"footnotes":""},"class_list":["post-11101","page","type-page","status-publish","hentry"],"_links":{"self":[{"href":"https:\/\/www.djm.nl\/fr\/wp-json\/wp\/v2\/pages\/11101","targetHints":{"allow":["GET"]}}],"collection":[{"href":"https:\/\/www.djm.nl\/fr\/wp-json\/wp\/v2\/pages"}],"about":[{"href":"https:\/\/www.djm.nl\/fr\/wp-json\/wp\/v2\/types\/page"}],"author":[{"embeddable":true,"href":"https:\/\/www.djm.nl\/fr\/wp-json\/wp\/v2\/users\/4"}],"replies":[{"embeddable":true,"href":"https:\/\/www.djm.nl\/fr\/wp-json\/wp\/v2\/comments?post=11101"}],"version-history":[{"count":10,"href":"https:\/\/www.djm.nl\/fr\/wp-json\/wp\/v2\/pages\/11101\/revisions"}],"predecessor-version":[{"id":13586,"href":"https:\/\/www.djm.nl\/fr\/wp-json\/wp\/v2\/pages\/11101\/revisions\/13586"}],"wp:attachment":[{"href":"https:\/\/www.djm.nl\/fr\/wp-json\/wp\/v2\/media?parent=11101"}],"curies":[{"name":"wp","href":"https:\/\/api.w.org\/{rel}","templated":true}]}}