{"id":11095,"date":"2018-04-19T10:35:26","date_gmt":"2018-04-19T09:35:26","guid":{"rendered":"https:\/\/www.djm.nl\/hp-color-print-modules-c500-c800\/"},"modified":"2024-05-23T09:26:16","modified_gmt":"2024-05-23T08:26:16","slug":"hp-color-print-modules-c500-c800","status":"publish","type":"page","link":"https:\/\/www.djm.nl\/fr\/hp-color-print-modules-c500-c800\/","title":{"rendered":"HP color"},"content":{"rendered":"<div id=\"pl-11095\"  class=\"panel-layout\" ><div id=\"pg-11095-0\"  class=\"panel-grid panel-no-style\" ><div id=\"pgc-11095-0-0\"  class=\"panel-grid-cell\" ><div id=\"panel-11095-0-0-0\" class=\"so-panel widget widget_sow-editor panel-first-child\" data-index=\"0\" ><div class=\"so-widget-sow-editor so-widget-sow-editor-base\">\n<div class=\"siteorigin-widget-tinymce textwidget\">\n\t<h3>Optimisez votre production avec les modules d'impression couleur DJM int\u00e9gr\u00e9s et faciles \u00e0 utiliser de HP<\/h3>\n<h3>Technologie de t\u00eate d'impression Module d'impression couleur HP<\/h3>\n<div id=\"attachment_7260\" style=\"width: 310px\" class=\"wp-caption alignright\"><img aria-describedby=\"caption-attachment-7260\" loading=\"lazy\" decoding=\"async\" class=\"wp-image-7260 size-medium\" src=\"https:\/\/www.djm.nl\/wp-content\/uploads\/2021\/12\/print-module-rond-300x300.png\" alt=\"\" width=\"300\" height=\"300\" srcset=\"https:\/\/www.djm.nl\/wp-content\/uploads\/2021\/12\/print-module-rond-300x300.png 300w, https:\/\/www.djm.nl\/wp-content\/uploads\/2021\/12\/print-module-rond-1021x1024.png 1021w, https:\/\/www.djm.nl\/wp-content\/uploads\/2021\/12\/print-module-rond-150x150.png 150w, https:\/\/www.djm.nl\/wp-content\/uploads\/2021\/12\/print-module-rond-768x771.png 768w, https:\/\/www.djm.nl\/wp-content\/uploads\/2021\/12\/print-module-rond-200x200.png 200w, https:\/\/www.djm.nl\/wp-content\/uploads\/2021\/12\/print-module-rond-250x250.png 250w, https:\/\/www.djm.nl\/wp-content\/uploads\/2021\/12\/print-module-rond.png 1171w\" sizes=\"auto, (max-width: 300px) 100vw, 300px\" \/><p id=\"caption-attachment-7260\" class=\"wp-caption-text\">Module d'impression couleur HP<\/p><\/div>\n<p>Les modules d'impression <strong>couleur HP<\/strong> utilisent la technologie de t\u00eate d'impression thermique TIJ4.0 de HP et offrent une qualit\u00e9 d'image \u00e9lev\u00e9e. Les modules d'impression disposent d'une station d'entretien int\u00e9gr\u00e9e pour la t\u00eate d'impression et assurent le bouchage, le nettoyage et l'essuyage de la t\u00eate d'impression. Cette routine automatis\u00e9e est contr\u00f4l\u00e9e par le logiciel, ce qui garantit une facilit\u00e9 d'utilisation maximale et des temps de configuration r\u00e9duits.<\/p>\n<h4>\u00c9volutivit\u00e9<\/h4>\n<p>En fonction des besoins de votre application, plusieurs modules d'impression <strong>couleur HP<\/strong> peuvent \u00eatre utilis\u00e9s pour \u00e9tendre la largeur d'impression. Trois versions sont disponibles et peuvent g\u00e9rer des vitesses allant jusqu'\u00e0 244 m\u00e8tres par minute.<\/p>\n<h4>Simplicit\u00e9 d'utilisation<\/h4>\n<p>Si la t\u00eate d'impression doit \u00eatre remplac\u00e9e, il s'agit d'une op\u00e9ration simple qui peut \u00eatre effectu\u00e9e par l'op\u00e9rateur. Le syst\u00e8me comprend un syst\u00e8me d'alimentation en encre externe bas\u00e9 sur des cartouches. Le syst\u00e8me contient deux cartouches par couleur, ce qui le rend redondant. Les cartouches peuvent \u00eatre chang\u00e9es en cours de production. Pour les configurations multiples des modules d'impression <strong>couleur HP<\/strong>, DJM a d\u00e9velopp\u00e9 un syst\u00e8me d'encre en vrac qui permet l'utilisation d'encre provenant de conteneurs et rend la production encore plus rentable.<\/p>\n<h4>Flexibilit\u00e9 d'utilisation<\/h4>\n<p>Les modules d'impression couleur HP sont faciles \u00e0 int\u00e9grer, mais peuvent \u00e9galement \u00eatre utilis\u00e9s comme une solution autonome. Pour tirer le meilleur parti de votre installation d'impression en termes de flexibilit\u00e9, d'efficacit\u00e9 et de rentabilit\u00e9, nous appliquons des principes tels que le rendement maximal, la fiabilit\u00e9 et la facilit\u00e9 d'utilisation dans chaque projet.<\/p>\n<h4>Un partenaire fiable<\/h4>\n<p>Vous voulez un partenaire commercial fiable, engag\u00e9 et qualifi\u00e9. Promesse et r\u00e9alisation. Avec plus de 30 ans d'exp\u00e9rience, nous poussons la technologie jet d'encre industrielle \u00e0 ses limites. Les leaders de l'industrie de l'impression du monde entier se sont tourn\u00e9s vers DJM pour leurs solutions jet d'encre parce qu'ils appr\u00e9cient notre approche personnelle et notre ing\u00e9nierie solide. Notre objectif est de vous apporter les meilleures solutions d'impression jet d'encre pour une sortie de donn\u00e9es variables de haute qualit\u00e9 et une efficacit\u00e9 accrue. <a href=\"https:\/\/www.djm.nl\/fr\/our-promise\/\">Lisez notre promesse ici<\/a><\/p>\n<h4>Commencez \u00e0 int\u00e9grer l'excellence digitale<\/h4>\n<p>&nbsp;<\/p>\n<h4>Avantages du module d'impression couleur HP<\/h4>\n<ul>\n<li>Int\u00e9gration facile<\/li>\n<li>Nettoyage automatis\u00e9<\/li>\n<li>Facilit\u00e9 d'utilisation<\/li>\n<li>Haute qualit\u00e9 d'image<\/li>\n<\/ul>\n<\/div>\n<\/div><\/div><div id=\"panel-11095-0-0-1\" class=\"so-panel widget widget_sow-video panel-last-child\" data-index=\"1\" ><div class=\"so-widget-sow-video so-widget-sow-video-base\">\n<div class=\"sow-video-wrapper\">\n\t\t\t\t<\/div>\n<\/div><\/div><\/div><\/div><div id=\"pg-11095-1\"  class=\"panel-grid panel-no-style\" ><div id=\"pgc-11095-1-0\"  class=\"panel-grid-cell\" ><div id=\"panel-11095-1-0-0\" class=\"so-panel widget widget_sow-editor panel-first-child panel-last-child\" data-index=\"2\" ><div class=\"so-widget-sow-editor so-widget-sow-editor-base\">\n<div class=\"siteorigin-widget-tinymce textwidget\">\n\t<h4>T\u00eate d'impression<\/h4>\n<p><img loading=\"lazy\" decoding=\"async\" class=\"size-custom-size-200 wp-image-9022 alignleft\" src=\"https:\/\/www.djm.nl\/wp-content\/uploads\/2022\/01\/PH-8-200x194.png\" alt=\"\" width=\"200\" height=\"194\" srcset=\"https:\/\/www.djm.nl\/wp-content\/uploads\/2022\/01\/PH-8-200x194.png 200w, https:\/\/www.djm.nl\/wp-content\/uploads\/2022\/01\/PH-8-300x291.png 300w, https:\/\/www.djm.nl\/wp-content\/uploads\/2022\/01\/PH-8-250x242.png 250w, https:\/\/www.djm.nl\/wp-content\/uploads\/2022\/01\/PH-8-150x145.png 150w, https:\/\/www.djm.nl\/wp-content\/uploads\/2022\/01\/PH-8.png 618w\" sizes=\"auto, (max-width: 200px) 100vw, 200px\" \/><\/p>\n<\/div>\n<\/div><\/div><\/div><div id=\"pgc-11095-1-1\"  class=\"panel-grid-cell\" ><div id=\"panel-11095-1-1-0\" class=\"so-panel widget widget_sow-editor panel-first-child panel-last-child\" data-index=\"3\" ><div class=\"so-widget-sow-editor so-widget-sow-editor-base\">\n<div class=\"siteorigin-widget-tinymce textwidget\">\n\t<h4>Cartouches d'encre<\/h4>\n<p><img loading=\"lazy\" decoding=\"async\" class=\"alignleft wp-image-9032 size-medium\" src=\"https:\/\/www.djm.nl\/wp-content\/uploads\/2022\/01\/Schermafbeelding-2018-05-29-om-09.06.27-300x143.png\" alt=\"\" width=\"300\" height=\"143\" srcset=\"https:\/\/www.djm.nl\/wp-content\/uploads\/2022\/01\/Schermafbeelding-2018-05-29-om-09.06.27-300x143.png 300w, https:\/\/www.djm.nl\/wp-content\/uploads\/2022\/01\/Schermafbeelding-2018-05-29-om-09.06.27-200x95.png 200w, https:\/\/www.djm.nl\/wp-content\/uploads\/2022\/01\/Schermafbeelding-2018-05-29-om-09.06.27-250x119.png 250w, https:\/\/www.djm.nl\/wp-content\/uploads\/2022\/01\/Schermafbeelding-2018-05-29-om-09.06.27-150x71.png 150w, https:\/\/www.djm.nl\/wp-content\/uploads\/2022\/01\/Schermafbeelding-2018-05-29-om-09.06.27.png 444w\" sizes=\"auto, (max-width: 300px) 100vw, 300px\" \/><\/p>\n<\/div>\n<\/div><\/div><\/div><div id=\"pgc-11095-1-2\"  class=\"panel-grid-cell\" ><div id=\"panel-11095-1-2-0\" class=\"so-panel widget widget_sow-editor panel-first-child panel-last-child\" data-index=\"4\" ><div class=\"so-widget-sow-editor so-widget-sow-editor-base\">\n<div class=\"siteorigin-widget-tinymce textwidget\">\n\t<h4>Essuyeur<\/h4>\n<p><img loading=\"lazy\" decoding=\"async\" class=\"size-custom-size-200 wp-image-9047 alignleft\" src=\"https:\/\/www.djm.nl\/wp-content\/uploads\/2022\/01\/cleaner-small-200x133.png\" alt=\"\" width=\"200\" height=\"133\" srcset=\"https:\/\/www.djm.nl\/wp-content\/uploads\/2022\/01\/cleaner-small-200x133.png 200w, https:\/\/www.djm.nl\/wp-content\/uploads\/2022\/01\/cleaner-small-300x199.png 300w, https:\/\/www.djm.nl\/wp-content\/uploads\/2022\/01\/cleaner-small-1024x679.png 1024w, https:\/\/www.djm.nl\/wp-content\/uploads\/2022\/01\/cleaner-small-768x509.png 768w, https:\/\/www.djm.nl\/wp-content\/uploads\/2022\/01\/cleaner-small-1536x1018.png 1536w, https:\/\/www.djm.nl\/wp-content\/uploads\/2022\/01\/cleaner-small-2048x1358.png 2048w, https:\/\/www.djm.nl\/wp-content\/uploads\/2022\/01\/cleaner-small-250x166.png 250w, https:\/\/www.djm.nl\/wp-content\/uploads\/2022\/01\/cleaner-small-150x99.png 150w, https:\/\/www.djm.nl\/wp-content\/uploads\/2022\/01\/cleaner-small-272x182.png 272w\" sizes=\"auto, (max-width: 200px) 100vw, 200px\" \/><\/p>\n<\/div>\n<\/div><\/div><\/div><\/div><div id=\"pg-11095-2\"  class=\"panel-grid panel-no-style\" ><div id=\"pgc-11095-2-0\"  class=\"panel-grid-cell\" ><div id=\"panel-11095-2-0-0\" class=\"so-panel widget widget_sow-button panel-first-child panel-last-child\" data-index=\"5\" ><div class=\"so-widget-sow-button so-widget-sow-button-atom-26d68955a680-11095\"><div class=\"ow-button-base ow-button-align-left\">\n\t<a href=\"https:\/\/www.djm.nl\/download\/1331\/\" class=\"ow-icon-placement-left ow-button-hover\" \t\t>\n\t\t<span>\n\t\t\t\n\t\t\tT\u00e9l\u00e9charger la fiche technique du HP500\t\t<\/span>\n\t<\/a>\n<\/div>\n<\/div><\/div><\/div><div id=\"pgc-11095-2-1\"  class=\"panel-grid-cell\" ><div id=\"panel-11095-2-1-0\" class=\"so-panel widget widget_sow-button panel-first-child panel-last-child\" data-index=\"6\" ><div class=\"so-widget-sow-button so-widget-sow-button-atom-26d68955a680-11095\"><div class=\"ow-button-base ow-button-align-left\">\n\t<a href=\"https:\/\/www.djm.nl\/download\/1333\/\" class=\"ow-icon-placement-left ow-button-hover\" \t\t>\n\t\t<span>\n\t\t\t\n\t\t\tT\u00e9l\u00e9charger la fiche technique du HP800\t\t<\/span>\n\t<\/a>\n<\/div>\n<\/div><\/div><\/div><\/div><div id=\"pg-11095-3\"  class=\"panel-grid panel-no-style\" ><div id=\"pgc-11095-3-0\"  class=\"panel-grid-cell\" ><div id=\"panel-11095-3-0-0\" class=\"so-panel widget widget_sow-cta panel-first-child panel-last-child\" data-index=\"7\" ><div class=\"so-widget-sow-cta so-widget-sow-cta-default-4208922e6c26-11095\"><div class=\"sow-cta-base\">\n\n\t<div class=\"sow-cta-wrapper\">\n\n\t\t<div class=\"sow-cta-text\">\n\t\t\t<h4 class=\"sow-cta-title\">Vous recherchez un syst\u00e8me d'impression jet d'encre couleur complet, con\u00e7u pour une int\u00e9gration facile ?<\/h4>\n\t\t\t<h5 class=\"sow-cta-subtitle\">Ne cherchez pas plus loin, nous pouvons vous fournir une solution sur mesure qui d\u00e9passe vos attentes !<\/h5>\n\t\t<\/div>\n\n\t\t<div class=\"so-widget-sow-button so-widget-sow-button-atom-b4f6b6b19f96\"><div class=\"ow-button-base ow-button-align-center\">\n\t<a href=\"mailto:sales@djm.nl\" class=\"ow-icon-placement-left ow-button-hover\" \t\t>\n\t\t<span>\n\t\t\t\n\t\t\tContactez-nous\t\t<\/span>\n\t<\/a>\n<\/div>\n<\/div>\n\t<\/div>\n\n<\/div>\n<\/div><\/div><\/div><\/div><\/div>","protected":false},"excerpt":{"rendered":"<p>Optimisez votre production avec les modules d&rsquo;impression couleur DJM int\u00e9gr\u00e9s et faciles \u00e0 utiliser de HP Technologie de t\u00eate d&rsquo;impression Module d&rsquo;impression couleur HP Les modules d&rsquo;impression couleur HP utilisent la technologie de t\u00eate d&rsquo;impression thermique TIJ4.0 de HP et offrent une qualit\u00e9 d&rsquo;image \u00e9lev\u00e9e. Les modules d&rsquo;impression disposent d&rsquo;une station d&rsquo;entretien int\u00e9gr\u00e9e pour la [&hellip;]<\/p>\n","protected":false},"author":9,"featured_media":0,"parent":0,"menu_order":0,"comment_status":"closed","ping_status":"closed","template":"","meta":{"footnotes":""},"class_list":["post-11095","page","type-page","status-publish","hentry"],"_links":{"self":[{"href":"https:\/\/www.djm.nl\/fr\/wp-json\/wp\/v2\/pages\/11095","targetHints":{"allow":["GET"]}}],"collection":[{"href":"https:\/\/www.djm.nl\/fr\/wp-json\/wp\/v2\/pages"}],"about":[{"href":"https:\/\/www.djm.nl\/fr\/wp-json\/wp\/v2\/types\/page"}],"author":[{"embeddable":true,"href":"https:\/\/www.djm.nl\/fr\/wp-json\/wp\/v2\/users\/9"}],"replies":[{"embeddable":true,"href":"https:\/\/www.djm.nl\/fr\/wp-json\/wp\/v2\/comments?post=11095"}],"version-history":[{"count":12,"href":"https:\/\/www.djm.nl\/fr\/wp-json\/wp\/v2\/pages\/11095\/revisions"}],"predecessor-version":[{"id":13592,"href":"https:\/\/www.djm.nl\/fr\/wp-json\/wp\/v2\/pages\/11095\/revisions\/13592"}],"wp:attachment":[{"href":"https:\/\/www.djm.nl\/fr\/wp-json\/wp\/v2\/media?parent=11095"}],"curies":[{"name":"wp","href":"https:\/\/api.w.org\/{rel}","templated":true}]}}