{"id":9644,"date":"2022-02-04T08:43:54","date_gmt":"2022-02-04T07:43:54","guid":{"rendered":"https:\/\/www.djm.nl\/?page_id=9644"},"modified":"2022-07-01T07:05:20","modified_gmt":"2022-07-01T06:05:20","slug":"blogs","status":"publish","type":"page","link":"https:\/\/www.djm.nl\/es\/blogs\/","title":{"rendered":"Blogs"},"content":{"rendered":"<div id=\"pl-9644\"  class=\"panel-layout\" ><div id=\"pg-9644-0\"  class=\"panel-grid panel-no-style\" ><div id=\"pgc-9644-0-0\"  class=\"panel-grid-cell\" ><div id=\"panel-9644-0-0-0\" class=\"so-panel widget widget_sow-editor panel-first-child panel-last-child\" data-index=\"0\" ><div class=\"so-widget-sow-editor so-widget-sow-editor-base\"><h3 class=\"widget-title\">La integraci\u00f3n del inkjet se dispara<\/h3>\n<div class=\"siteorigin-widget-tinymce textwidget\">\n\t<p><a href=\"https:\/\/www.djm.nl\/es\/la-integracion-del-inkjet-se-dispara\/\"><img loading=\"lazy\" decoding=\"async\" class=\"alignleft wp-image-7081\" src=\"https:\/\/www.djm.nl\/wp-content\/uploads\/2021\/08\/blogpost-image-inkjet-integration-200x122.png\" alt=\"\" width=\"350\" height=\"213\" srcset=\"https:\/\/www.djm.nl\/wp-content\/uploads\/2021\/08\/blogpost-image-inkjet-integration-200x122.png 200w, https:\/\/www.djm.nl\/wp-content\/uploads\/2021\/08\/blogpost-image-inkjet-integration-300x183.png 300w, https:\/\/www.djm.nl\/wp-content\/uploads\/2021\/08\/blogpost-image-inkjet-integration-1024x624.png 1024w, https:\/\/www.djm.nl\/wp-content\/uploads\/2021\/08\/blogpost-image-inkjet-integration-768x468.png 768w, https:\/\/www.djm.nl\/wp-content\/uploads\/2021\/08\/blogpost-image-inkjet-integration-1536x935.png 1536w, https:\/\/www.djm.nl\/wp-content\/uploads\/2021\/08\/blogpost-image-inkjet-integration-250x152.png 250w, https:\/\/www.djm.nl\/wp-content\/uploads\/2021\/08\/blogpost-image-inkjet-integration-150x91.png 150w, https:\/\/www.djm.nl\/wp-content\/uploads\/2021\/08\/blogpost-image-inkjet-integration.png 1821w\" sizes=\"auto, (max-width: 350px) 100vw, 350px\" \/><\/a><\/p>\n<\/div>\n<\/div><\/div><\/div><div id=\"pgc-9644-0-1\"  class=\"panel-grid-cell\" ><div id=\"panel-9644-0-1-0\" class=\"so-panel widget widget_sow-editor panel-first-child panel-last-child\" data-index=\"1\" ><div class=\"so-widget-sow-editor so-widget-sow-editor-base\"><h3 class=\"widget-title\">C\u00f3mo seleccionar el cabezal de impresi\u00f3n \"correcto\"...<\/h3>\n<div class=\"siteorigin-widget-tinymce textwidget\">\n\t<p><a href=\"https:\/\/www.djm.nl\/es\/como-seleccionar-el-cabezal-de-impresion-correcto\/\"><img loading=\"lazy\" decoding=\"async\" class=\"alignleft wp-image-5925\" src=\"https:\/\/www.djm.nl\/wp-content\/uploads\/2020\/02\/blog-200x122.png\" alt=\"\" width=\"350\" height=\"213\" srcset=\"https:\/\/www.djm.nl\/wp-content\/uploads\/2020\/02\/blog-200x122.png 200w, https:\/\/www.djm.nl\/wp-content\/uploads\/2020\/02\/blog-300x183.png 300w, https:\/\/www.djm.nl\/wp-content\/uploads\/2020\/02\/blog-1024x624.png 1024w, https:\/\/www.djm.nl\/wp-content\/uploads\/2020\/02\/blog-768x468.png 768w, https:\/\/www.djm.nl\/wp-content\/uploads\/2020\/02\/blog-1536x935.png 1536w, https:\/\/www.djm.nl\/wp-content\/uploads\/2020\/02\/blog-250x152.png 250w, https:\/\/www.djm.nl\/wp-content\/uploads\/2020\/02\/blog-150x91.png 150w, https:\/\/www.djm.nl\/wp-content\/uploads\/2020\/02\/blog.png 1821w\" sizes=\"auto, (max-width: 350px) 100vw, 350px\" \/><\/a><\/p>\n<\/div>\n<\/div><\/div><\/div><div id=\"pgc-9644-0-2\"  class=\"panel-grid-cell\" ><div id=\"panel-9644-0-2-0\" class=\"so-panel widget widget_sow-editor panel-first-child panel-last-child\" data-index=\"2\" ><div class=\"so-widget-sow-editor so-widget-sow-editor-base\"><h3 class=\"widget-title\">El tri\u00e1ngulo dorado, donde ocurre toda la 'magia'<\/h3>\n<div class=\"siteorigin-widget-tinymce textwidget\">\n\t<p><a href=\"https:\/\/www.djm.nl\/es\/9667\/\"><img loading=\"lazy\" decoding=\"async\" class=\"alignleft wp-image-6290\" src=\"https:\/\/www.djm.nl\/wp-content\/uploads\/2020\/05\/golden-triangle-1821x1109-1.png\" alt=\"\" width=\"350\" height=\"213\" \/><\/a><\/p>\n<\/div>\n<\/div><\/div><\/div><\/div><div id=\"pg-9644-1\"  class=\"panel-grid panel-no-style\" ><div id=\"pgc-9644-1-0\"  class=\"panel-grid-cell\" ><div id=\"panel-9644-1-0-0\" class=\"so-panel widget widget_sow-cta panel-first-child panel-last-child\" data-index=\"3\" ><div class=\"so-widget-sow-cta so-widget-sow-cta-default-4208922e6c26-9644\"><div class=\"sow-cta-base\">\n\n\t<div class=\"sow-cta-wrapper\">\n\n\t\t<div class=\"sow-cta-text\">\n\t\t\t<h4 class=\"sow-cta-title\">\u00bfQuiere saber m\u00e1s sobre la tecnolog\u00eda inkjet, los cabezales de impresi\u00f3n, los conjuntos de tintas, los sistemas de gesti\u00f3n de tinta, el software de impresi\u00f3n y la electr\u00f3nica del controlador?<\/h4>\n\t\t\t<h5 class=\"sow-cta-subtitle\">\u00a1P\u00f3ngase en contacto con uno de nuestros innovadores apasionados!<\/h5>\n\t\t<\/div>\n\n\t\t<div class=\"so-widget-sow-button so-widget-sow-button-atom-b4f6b6b19f96\"><div class=\"ow-button-base ow-button-align-center\">\n\t<a href=\"mailto:sales@djm.nl\" class=\"ow-icon-placement-left ow-button-hover\" \t\t>\n\t\t<span>\n\t\t\t\n\t\t\tCont\u00e1ctenos\t\t<\/span>\n\t<\/a>\n<\/div>\n<\/div>\n\t<\/div>\n\n<\/div>\n<\/div><\/div><\/div><\/div><\/div>","protected":false},"excerpt":{"rendered":"<p>La integraci\u00f3n del inkjet se dispara C\u00f3mo seleccionar el cabezal de impresi\u00f3n \u00abcorrecto\u00bb&#8230; El tri\u00e1ngulo dorado, donde ocurre toda la &#8216;magia&#8217; \u00bfQuiere saber m\u00e1s sobre la tecnolog\u00eda inkjet, los cabezales de impresi\u00f3n, los conjuntos de tintas, los sistemas de gesti\u00f3n de tinta, el software de impresi\u00f3n y la electr\u00f3nica del controlador? \u00a1P\u00f3ngase en contacto con [&hellip;]<\/p>\n","protected":false},"author":4,"featured_media":0,"parent":0,"menu_order":0,"comment_status":"closed","ping_status":"closed","template":"","meta":{"footnotes":""},"class_list":["post-9644","page","type-page","status-publish","hentry"],"_links":{"self":[{"href":"https:\/\/www.djm.nl\/es\/wp-json\/wp\/v2\/pages\/9644","targetHints":{"allow":["GET"]}}],"collection":[{"href":"https:\/\/www.djm.nl\/es\/wp-json\/wp\/v2\/pages"}],"about":[{"href":"https:\/\/www.djm.nl\/es\/wp-json\/wp\/v2\/types\/page"}],"author":[{"embeddable":true,"href":"https:\/\/www.djm.nl\/es\/wp-json\/wp\/v2\/users\/4"}],"replies":[{"embeddable":true,"href":"https:\/\/www.djm.nl\/es\/wp-json\/wp\/v2\/comments?post=9644"}],"version-history":[{"count":17,"href":"https:\/\/www.djm.nl\/es\/wp-json\/wp\/v2\/pages\/9644\/revisions"}],"predecessor-version":[{"id":10105,"href":"https:\/\/www.djm.nl\/es\/wp-json\/wp\/v2\/pages\/9644\/revisions\/10105"}],"wp:attachment":[{"href":"https:\/\/www.djm.nl\/es\/wp-json\/wp\/v2\/media?parent=9644"}],"curies":[{"name":"wp","href":"https:\/\/api.w.org\/{rel}","templated":true}]}}