{"id":9609,"date":"2022-02-03T11:08:19","date_gmt":"2022-02-03T10:08:19","guid":{"rendered":"https:\/\/www.djm.nl\/?page_id=9609"},"modified":"2022-07-01T07:04:18","modified_gmt":"2022-07-01T06:04:18","slug":"beneficios-y-ahorro-de-costos","status":"publish","type":"page","link":"https:\/\/www.djm.nl\/es\/beneficios-y-ahorro-de-costos\/","title":{"rendered":"Beneficios y ahorro de costos"},"content":{"rendered":"<div id=\"pl-9609\"  class=\"panel-layout\"><div id=\"pg-9609-0\"  class=\"panel-grid panel-has-style\"><div class=\"zebra panel-row-style panel-row-style-for-9609-0\"><div id=\"pgc-9609-0-0\"  class=\"panel-grid-cell\"><div id=\"panel-9609-0-0-0\" class=\"so-panel widget widget_sow-editor panel-first-child\" data-index=\"0\"><div class=\"so-widget-sow-editor so-widget-sow-editor-base\">\n<div class=\"siteorigin-widget-tinymce textwidget\">\n\t<h2>Tiempo de actividad<img loading=\"lazy\" decoding=\"async\" class=\"alignright size-custom-size-200 wp-image-4170\" src=\"https:\/\/www.djm.nl\/wp-content\/uploads\/2019\/05\/pic1-200x200.png\" alt=\"\" width=\"200\" height=\"200\" srcset=\"https:\/\/www.djm.nl\/wp-content\/uploads\/2019\/05\/pic1-200x200.png 200w, https:\/\/www.djm.nl\/wp-content\/uploads\/2019\/05\/pic1-150x150.png 150w, https:\/\/www.djm.nl\/wp-content\/uploads\/2019\/05\/pic1-300x300.png 300w, https:\/\/www.djm.nl\/wp-content\/uploads\/2019\/05\/pic1-768x768.png 768w, https:\/\/www.djm.nl\/wp-content\/uploads\/2019\/05\/pic1-250x250.png 250w, https:\/\/www.djm.nl\/wp-content\/uploads\/2019\/05\/pic1.png 1000w\" sizes=\"auto, (max-width: 200px) 100vw, 200px\" \/><\/h2>\n<p>Con el sistema de impresi\u00f3n inkjet de DJM tendr\u00e1 la m\u00e1xima disponibilidad de su equipo. El procedimiento de limpieza se limita a purgar y sumergir la barra de impresi\u00f3n y no le llevar\u00e1 m\u00e1s de un par de minutos cada turno de 8 horas. Puede esperar un tiempo de actividad de su sistema del 99%.<br \/>\n<\/p><\/div><\/div><\/div><\/div><\/div><\/div><\/div><p> <a href=\"https:\/\/www.djm.nl\/es\/beneficios-y-ahorro-de-costos\/#more-9609\" class=\"more-link\">Leer m\u00e1s<\/a><\/p>","protected":false},"excerpt":{"rendered":"<p>Tiempo de actividad Con el sistema de impresi\u00f3n inkjet de DJM tendr\u00e1 la m\u00e1xima disponibilidad de su equipo. El procedimiento de limpieza se limita a purgar y sumergir la barra de impresi\u00f3n y no le llevar\u00e1 m\u00e1s de un par de minutos cada turno de 8 horas. Puede esperar un tiempo de actividad de su [&hellip;]<\/p>\n","protected":false},"author":4,"featured_media":0,"parent":0,"menu_order":0,"comment_status":"closed","ping_status":"closed","template":"","meta":{"footnotes":""},"class_list":["post-9609","page","type-page","status-publish","hentry"],"_links":{"self":[{"href":"https:\/\/www.djm.nl\/es\/wp-json\/wp\/v2\/pages\/9609","targetHints":{"allow":["GET"]}}],"collection":[{"href":"https:\/\/www.djm.nl\/es\/wp-json\/wp\/v2\/pages"}],"about":[{"href":"https:\/\/www.djm.nl\/es\/wp-json\/wp\/v2\/types\/page"}],"author":[{"embeddable":true,"href":"https:\/\/www.djm.nl\/es\/wp-json\/wp\/v2\/users\/4"}],"replies":[{"embeddable":true,"href":"https:\/\/www.djm.nl\/es\/wp-json\/wp\/v2\/comments?post=9609"}],"version-history":[{"count":7,"href":"https:\/\/www.djm.nl\/es\/wp-json\/wp\/v2\/pages\/9609\/revisions"}],"predecessor-version":[{"id":10103,"href":"https:\/\/www.djm.nl\/es\/wp-json\/wp\/v2\/pages\/9609\/revisions\/10103"}],"wp:attachment":[{"href":"https:\/\/www.djm.nl\/es\/wp-json\/wp\/v2\/media?parent=9609"}],"curies":[{"name":"wp","href":"https:\/\/api.w.org\/{rel}","templated":true}]}}