{"id":9562,"date":"2022-02-03T09:48:59","date_gmt":"2022-02-03T08:48:59","guid":{"rendered":"https:\/\/www.djm.nl\/?page_id=9562"},"modified":"2025-06-02T09:26:37","modified_gmt":"2025-06-02T08:26:37","slug":"toucan-2","status":"publish","type":"page","link":"https:\/\/www.djm.nl\/es\/products\/toucan-2\/","title":{"rendered":"Toucan"},"content":{"rendered":"<div id=\"pl-9562\"  class=\"panel-layout\" ><div id=\"pg-9562-0\"  class=\"panel-grid panel-no-style\" ><div id=\"pgc-9562-0-0\"  class=\"panel-grid-cell\" ><div id=\"panel-9562-0-0-0\" class=\"so-panel widget widget_sow-editor panel-first-child panel-last-child\" data-index=\"0\" ><div class=\"so-widget-sow-editor so-widget-sow-editor-base\">\n<div class=\"siteorigin-widget-tinymce textwidget\">\n\t<h2>El m\u00f3dulo de impresi\u00f3n Toucan es un m\u00f3dulo de impresi\u00f3n a todo color que ofrece la soluci\u00f3n perfecta para la producci\u00f3n de envases en tiradas cortas<\/h2>\n<h3>Admite una gran variedad de aplicaciones<\/h3>\n<div id=\"attachment_7269\" style=\"width: 260px\" class=\"wp-caption alignright\"><img aria-describedby=\"caption-attachment-7269\" loading=\"lazy\" decoding=\"async\" class=\"wp-image-7269 size-custom-size-250\" src=\"https:\/\/www.djm.nl\/wp-content\/uploads\/2021\/12\/Toucan-rond-250x250.png\" alt=\"\" width=\"250\" height=\"250\" srcset=\"https:\/\/www.djm.nl\/wp-content\/uploads\/2021\/12\/Toucan-rond-250x250.png 250w, https:\/\/www.djm.nl\/wp-content\/uploads\/2021\/12\/Toucan-rond-1024x1018.png 1024w, https:\/\/www.djm.nl\/wp-content\/uploads\/2021\/12\/Toucan-rond-150x150.png 150w, https:\/\/www.djm.nl\/wp-content\/uploads\/2021\/12\/Toucan-rond-768x764.png 768w, https:\/\/www.djm.nl\/wp-content\/uploads\/2021\/12\/Toucan-rond-200x200.png 200w, https:\/\/www.djm.nl\/wp-content\/uploads\/2021\/12\/Toucan-rond.png 1030w\" sizes=\"auto, (max-width: 250px) 100vw, 250px\" \/><p id=\"caption-attachment-7269\" class=\"wp-caption-text\">M\u00f3dulo de impresi\u00f3n Toucan montado en transportador de vac\u00edo<\/p><\/div>\n<p>El m\u00f3dulo de impresi\u00f3n <strong>Toucan<\/strong> es un m\u00f3dulo de impression full color basado en HP y es la soluci\u00f3n perfecta para la producci\u00f3n de tiradas cortas. La combinaci\u00f3n del ancho de impresi\u00f3n y la tinta pigmentada hace que el m\u00f3dulo de impresi\u00f3n <strong>Toucan<\/strong> sea perfecto para una amplia variedad de aplicaciones. Debido a sus dimensiones compactas, el m\u00f3dulo de impresi\u00f3n <strong>Toucan<\/strong> puede integrarse f\u00e1cilmente en las l\u00edneas de producci\u00f3n existentes o utilizarse de forma independiente.<\/p>\n<h3><strong>Cabezal de impresi\u00f3n de alta especificaci\u00f3n<\/strong><\/h3>\n<p>El m\u00f3dulo de impresi\u00f3n <strong>Toucan<\/strong> utiliza la tecnolog\u00eda de cabezal de impresi\u00f3n PageWide de HP y cuenta con una alta resoluci\u00f3n de 1200 ppp combinada con un ancho de impresi\u00f3n de 297 mm y una longitud de imagen de hasta 914 mm.<\/p>\n<h3>Colores vibrantes y duraderos<\/h3>\n<p>El m\u00f3dulo de impresi\u00f3n<strong> Toucan<\/strong> utiliza tintas pigmentadas de base acuosa y proporciona durabilidad en una amplia variedad de soportes porosos. Se ha comprobado su resistencia a la luz, al agua y a los ara\u00f1azo.<\/p>\n<h3>F\u00e1cil de usar<\/h3>\n<p>El m\u00f3dulo de impresi\u00f3n <strong>Toucan<\/strong> cuenta con una estaci\u00f3n de servicio integrada a los cabezales de impresi\u00f3n y permite tapar y limpiar el cabezal de impresi\u00f3n. Esta rutina automatizada se controla desde el software de Toucan, lo que garantiza la m\u00e1xima facilidad de uso y tiempos de preparaci\u00f3n cortos. El m\u00f3dulo de impresi\u00f3n Toucan tiene un sistema de tinta interno basado en cartuchos.<\/p>\n<h3>Uso a largo plazo<\/h3>\n<p>El m\u00f3dulo de impresi\u00f3n <strong>Toucan<\/strong> se basa en el principio de 'Bar-in-Box' e incluye el cabezal de impresi\u00f3n y el sistema de tinta. El cabezal de impresi\u00f3n puede durar hasta 12 litros por color, pero depende del uso del color y el tama\u00f1o de la imagen. Cuando el cabezal de impresi\u00f3n llega al final de su vida \u00fatil, se debe reemplazar la unidad 'Bar-in-Box' completa de la que forma parte el cabezal de impresi\u00f3n. Este es un procedimiento simple y puede ser realizado por el operador.<\/p>\n<p><strong>Beneficios Toucan<\/strong><\/p>\n<ul>\n<li>Mayor ancho de impresi\u00f3n \u2013 297 mm<\/li>\n<li>Full-color<\/li>\n<li>Tinta pigmentada duradera<\/li>\n<li>Mantenimiento automatizado<\/li>\n<\/ul>\n<p>&nbsp;<\/p>\n<\/div>\n<\/div><\/div><\/div><\/div><div id=\"pg-9562-1\"  class=\"panel-grid panel-no-style\" ><div id=\"pgc-9562-1-0\"  class=\"panel-grid-cell\" ><div id=\"panel-9562-1-0-0\" class=\"so-panel widget widget_sow-editor panel-first-child panel-last-child\" data-index=\"1\" ><div class=\"so-widget-sow-editor so-widget-sow-editor-base\">\n<div class=\"siteorigin-widget-tinymce textwidget\">\n\t<h3>Impreso con Toucan<\/h3>\n<\/div>\n<\/div><\/div><\/div><\/div><div id=\"pg-9562-2\"  class=\"panel-grid panel-no-style\" ><div id=\"pgc-9562-2-0\"  class=\"panel-grid-cell\" ><div id=\"panel-9562-2-0-0\" class=\"so-panel widget widget_sow-editor panel-first-child panel-last-child\" data-index=\"2\" ><div class=\"so-widget-sow-editor so-widget-sow-editor-base\">\n<div class=\"siteorigin-widget-tinymce textwidget\">\n\t<p><img loading=\"lazy\" decoding=\"async\" class=\"alignnone wp-image-6078\" src=\"https:\/\/www.djm.nl\/wp-content\/uploads\/2020\/03\/4.png\" alt=\"\" width=\"246\" height=\"150\" \/><\/p>\n<\/div>\n<\/div><\/div><\/div><div id=\"pgc-9562-2-1\"  class=\"panel-grid-cell\" ><div id=\"panel-9562-2-1-0\" class=\"so-panel widget widget_sow-editor panel-first-child panel-last-child\" data-index=\"3\" ><div class=\"so-widget-sow-editor so-widget-sow-editor-base\">\n<div class=\"siteorigin-widget-tinymce textwidget\">\n\t<p><img loading=\"lazy\" decoding=\"async\" class=\"alignnone wp-image-6073\" src=\"https:\/\/www.djm.nl\/wp-content\/uploads\/2020\/03\/3.png\" alt=\"\" width=\"246\" height=\"150\" \/><\/p>\n<\/div>\n<\/div><\/div><\/div><div id=\"pgc-9562-2-2\"  class=\"panel-grid-cell\" ><div id=\"panel-9562-2-2-0\" class=\"so-panel widget widget_sow-editor panel-first-child panel-last-child\" data-index=\"4\" ><div class=\"so-widget-sow-editor so-widget-sow-editor-base\">\n<div class=\"siteorigin-widget-tinymce textwidget\">\n\t<p><img loading=\"lazy\" decoding=\"async\" class=\"alignnone wp-image-6063\" src=\"https:\/\/www.djm.nl\/wp-content\/uploads\/2020\/03\/1.png\" alt=\"\" width=\"246\" height=\"150\" \/><\/p>\n<\/div>\n<\/div><\/div><\/div><div id=\"pgc-9562-2-3\"  class=\"panel-grid-cell\" ><div id=\"panel-9562-2-3-0\" class=\"so-panel widget widget_sow-editor panel-first-child panel-last-child\" data-index=\"5\" ><div class=\"so-widget-sow-editor so-widget-sow-editor-base\">\n<div class=\"siteorigin-widget-tinymce textwidget\">\n\t<p><img loading=\"lazy\" decoding=\"async\" class=\"alignnone wp-image-6068\" src=\"https:\/\/www.djm.nl\/wp-content\/uploads\/2020\/03\/2.png\" alt=\"\" width=\"246\" height=\"150\" \/><\/p>\n<\/div>\n<\/div><\/div><\/div><\/div><div id=\"pg-9562-3\"  class=\"panel-grid panel-no-style\" ><div id=\"pgc-9562-3-0\"  class=\"panel-grid-cell\" ><div id=\"panel-9562-3-0-0\" class=\"so-panel widget widget_sow-cta panel-first-child panel-last-child\" data-index=\"6\" ><div class=\"so-widget-sow-cta so-widget-sow-cta-default-4208922e6c26-9562\"><div class=\"sow-cta-base\">\n\n\t<div class=\"sow-cta-wrapper\">\n\n\t\t<div class=\"sow-cta-text\">\n\t\t\t<h4 class=\"sow-cta-title\">\u00bfBusca una soluci\u00f3n compacta de impresi\u00f3n inkjet full color?<\/h4>\n\t\t\t<h5 class=\"sow-cta-subtitle\">\u00a1No busque m\u00e1s, podemos ofrecerle una soluci\u00f3n a medida que supere sus expectativas!<\/h5>\n\t\t<\/div>\n\n\t\t<div class=\"so-widget-sow-button so-widget-sow-button-atom-b4f6b6b19f96\"><div class=\"ow-button-base ow-button-align-center\">\n\t<a href=\"mailto:sales@djm.nl\" class=\"ow-icon-placement-left ow-button-hover\" \t\t>\n\t\t<span>\n\t\t\t\n\t\t\tCont\u00e1ctenos\t\t<\/span>\n\t<\/a>\n<\/div>\n<\/div>\n\t<\/div>\n\n<\/div>\n<\/div><\/div><\/div><\/div><\/div>","protected":false},"excerpt":{"rendered":"<p>El m\u00f3dulo de impresi\u00f3n Toucan es un m\u00f3dulo de impresi\u00f3n a todo color que ofrece la soluci\u00f3n perfecta para la producci\u00f3n de envases en tiradas cortas Admite una gran variedad de aplicaciones El m\u00f3dulo de impresi\u00f3n Toucan es un m\u00f3dulo de impression full color basado en HP y es la soluci\u00f3n perfecta para la producci\u00f3n [&hellip;]<\/p>\n","protected":false},"author":4,"featured_media":5945,"parent":4472,"menu_order":0,"comment_status":"closed","ping_status":"closed","template":"","meta":{"footnotes":""},"class_list":["post-9562","page","type-page","status-publish","has-post-thumbnail","hentry"],"_links":{"self":[{"href":"https:\/\/www.djm.nl\/es\/wp-json\/wp\/v2\/pages\/9562","targetHints":{"allow":["GET"]}}],"collection":[{"href":"https:\/\/www.djm.nl\/es\/wp-json\/wp\/v2\/pages"}],"about":[{"href":"https:\/\/www.djm.nl\/es\/wp-json\/wp\/v2\/types\/page"}],"author":[{"embeddable":true,"href":"https:\/\/www.djm.nl\/es\/wp-json\/wp\/v2\/users\/4"}],"replies":[{"embeddable":true,"href":"https:\/\/www.djm.nl\/es\/wp-json\/wp\/v2\/comments?post=9562"}],"version-history":[{"count":11,"href":"https:\/\/www.djm.nl\/es\/wp-json\/wp\/v2\/pages\/9562\/revisions"}],"predecessor-version":[{"id":14255,"href":"https:\/\/www.djm.nl\/es\/wp-json\/wp\/v2\/pages\/9562\/revisions\/14255"}],"up":[{"embeddable":true,"href":"https:\/\/www.djm.nl\/es\/wp-json\/wp\/v2\/pages\/4472"}],"wp:featuredmedia":[{"embeddable":true,"href":"https:\/\/www.djm.nl\/es\/wp-json\/wp\/v2\/media\/5945"}],"wp:attachment":[{"href":"https:\/\/www.djm.nl\/es\/wp-json\/wp\/v2\/media?parent=9562"}],"curies":[{"name":"wp","href":"https:\/\/api.w.org\/{rel}","templated":true}]}}