{"id":4610,"date":"2019-06-11T11:59:39","date_gmt":"2019-06-11T10:59:39","guid":{"rendered":"https:\/\/www.djm.nl\/?page_id=4610"},"modified":"2022-07-01T07:07:37","modified_gmt":"2022-07-01T06:07:37","slug":"soluciones-a-medida","status":"publish","type":"page","link":"https:\/\/www.djm.nl\/es\/soluciones-a-medida\/","title":{"rendered":"Soluciones a medida"},"content":{"rendered":"<div id=\"pl-4610\"  class=\"panel-layout\" ><div id=\"pg-4610-0\"  class=\"panel-grid panel-no-style\" ><div id=\"pgc-4610-0-0\"  class=\"panel-grid-cell\" ><div id=\"panel-4610-0-0-0\" class=\"so-panel widget widget_sow-editor panel-first-child\" data-index=\"0\" ><div class=\"so-widget-sow-editor so-widget-sow-editor-base\">\n<div class=\"siteorigin-widget-tinymce textwidget\">\n\t<h1>Su visi\u00f3n digital personalizada<\/h1>\n<p>Desea integrar inkjet en su flujo de trabajo existente. Los requisitos de forma y tama\u00f1o, la buena adhesi\u00f3n de la tinta al sustrato y la gesti\u00f3n del color son un reto. Ning\u00fan trabajo de impresi\u00f3n es igual. \u00bfBusca la soluci\u00f3n inkjet \u00a0adecuada para su visi\u00f3n digital? \u00bfBusca las t\u00e9cnicas adecuadas porque las soluciones est\u00e1ndar inkjet industrial no satisfacen sus necesidades?<\/p>\n<h2>Colaboraci\u00f3n en la creaci\u00f3n<\/h2>\n<p><img loading=\"lazy\" decoding=\"async\" class=\"alignright wp-image-4597\" src=\"https:\/\/www.djm.nl\/wp-content\/uploads\/2019\/06\/Schermafbeelding-2019-06-11-om-12.05.28-300x167.png\" alt=\"\" width=\"500\" height=\"278\" srcset=\"https:\/\/www.djm.nl\/wp-content\/uploads\/2019\/06\/Schermafbeelding-2019-06-11-om-12.05.28-300x167.png 300w, https:\/\/www.djm.nl\/wp-content\/uploads\/2019\/06\/Schermafbeelding-2019-06-11-om-12.05.28-768x427.png 768w, https:\/\/www.djm.nl\/wp-content\/uploads\/2019\/06\/Schermafbeelding-2019-06-11-om-12.05.28-200x111.png 200w, https:\/\/www.djm.nl\/wp-content\/uploads\/2019\/06\/Schermafbeelding-2019-06-11-om-12.05.28-250x139.png 250w, https:\/\/www.djm.nl\/wp-content\/uploads\/2019\/06\/Schermafbeelding-2019-06-11-om-12.05.28-150x83.png 150w, https:\/\/www.djm.nl\/wp-content\/uploads\/2019\/06\/Schermafbeelding-2019-06-11-om-12.05.28.png 963w\" sizes=\"auto, (max-width: 500px) 100vw, 500px\" \/><\/p>\n<p>Preguntas sobre el desarrollo o la integraci\u00f3n inkjet, DJM acompa\u00f1a en cada paso del camino. Sabiendo lo que quiere lograr, su visi\u00f3n, compartiendo nuestros conocimientos: nos inspiramos a combinar habilidades profesionales para lograr los mejores resultados. La combinaci\u00f3n \u00fanica de hardware y software h\u00edbrido de DJM crea infinitas posibilidades en la impresi\u00f3n drop on demand. Nos aseguramos de que cada gota est\u00e9 en el lugar correcto<\/p>\n<p>Nuestros t\u00e9cnicos e ingenieros de software aportan experiencia y conocimientos t\u00e9cnicos al proceso de dise\u00f1o. Basado en un dise\u00f1o bien pensado, compuesto de acuerdo a sus deseos, nuestros especialistas componen el hardware profesionalmente. Un rompecabezas complejo se convierte en una soluci\u00f3n simple, con el software de control que acompa\u00f1a. Saber lo que se necesita para ejecutar las bases de datos de manera eficiente y correcta para la impresi\u00f3n de datos variables, de un trabajo a otro.<\/p>\n<h3>\u00a1Adelante, desaf\u00edenos!<\/h3>\n<\/div>\n<\/div><\/div><div id=\"panel-4610-0-0-1\" class=\"so-panel widget widget_sow-cta panel-last-child\" data-index=\"1\" ><div class=\"so-widget-sow-cta so-widget-sow-cta-default-4208922e6c26-4610\"><div class=\"sow-cta-base\">\n\n\t<div class=\"sow-cta-wrapper\">\n\n\t\t<div class=\"sow-cta-text\">\n\t\t\t<h4 class=\"sow-cta-title\">As\u00f3ciese con nosotros para impulsar la nueva tecnolog\u00eda inkjet.<\/h4>\n\t\t\t<h5 class=\"sow-cta-subtitle\">A trav\u00e9s de la inspirada tecnolog\u00eda inkjet, DJM personaliza campa\u00f1as de direct mailing, loter\u00edas y juegos, programas de fidelizaci\u00f3n, packaging y mucho m\u00e1s. Y nuestro exclusivo software h\u00edbrido de impresi\u00f3n inkjet hace que todo sea f\u00e1cil de usar. Nuestra respetada experiencia en inkjet ayuda a las empresas de impresi\u00f3n a crecer. As\u00ed que hablemos, por tel\u00e9fono, o incluso mejor... \u00a1en persona!<\/h5>\n\t\t<\/div>\n\n\t\t<div class=\"so-widget-sow-button so-widget-sow-button-atom-b4f6b6b19f96\"><div class=\"ow-button-base ow-button-align-center\">\n\t<a href=\"mailto:sales@djm.nl\" class=\"ow-icon-placement-left ow-button-hover\" \t\t>\n\t\t<span>\n\t\t\t\n\t\t\t CONT\u00c1CTENOS\t\t<\/span>\n\t<\/a>\n<\/div>\n<\/div>\n\t<\/div>\n\n<\/div>\n<\/div><\/div><\/div><\/div><\/div>","protected":false},"excerpt":{"rendered":"<p>Su visi\u00f3n digital personalizada Desea integrar inkjet en su flujo de trabajo existente. Los requisitos de forma y tama\u00f1o, la buena adhesi\u00f3n de la tinta al sustrato y la gesti\u00f3n del color son un reto. Ning\u00fan trabajo de impresi\u00f3n es igual. \u00bfBusca la soluci\u00f3n inkjet \u00a0adecuada para su visi\u00f3n digital? \u00bfBusca las t\u00e9cnicas adecuadas porque [&hellip;]<\/p>\n","protected":false},"author":4,"featured_media":0,"parent":0,"menu_order":0,"comment_status":"closed","ping_status":"closed","template":"","meta":{"footnotes":""},"class_list":["post-4610","page","type-page","status-publish","hentry"],"_links":{"self":[{"href":"https:\/\/www.djm.nl\/es\/wp-json\/wp\/v2\/pages\/4610","targetHints":{"allow":["GET"]}}],"collection":[{"href":"https:\/\/www.djm.nl\/es\/wp-json\/wp\/v2\/pages"}],"about":[{"href":"https:\/\/www.djm.nl\/es\/wp-json\/wp\/v2\/types\/page"}],"author":[{"embeddable":true,"href":"https:\/\/www.djm.nl\/es\/wp-json\/wp\/v2\/users\/4"}],"replies":[{"embeddable":true,"href":"https:\/\/www.djm.nl\/es\/wp-json\/wp\/v2\/comments?post=4610"}],"version-history":[{"count":14,"href":"https:\/\/www.djm.nl\/es\/wp-json\/wp\/v2\/pages\/4610\/revisions"}],"predecessor-version":[{"id":10109,"href":"https:\/\/www.djm.nl\/es\/wp-json\/wp\/v2\/pages\/4610\/revisions\/10109"}],"wp:attachment":[{"href":"https:\/\/www.djm.nl\/es\/wp-json\/wp\/v2\/media?parent=4610"}],"curies":[{"name":"wp","href":"https:\/\/api.w.org\/{rel}","templated":true}]}}