{"id":4571,"date":"2019-06-11T10:47:41","date_gmt":"2019-06-11T09:47:41","guid":{"rendered":"https:\/\/www.djm.nl\/?page_id=4571"},"modified":"2024-01-18T13:35:56","modified_gmt":"2024-01-18T12:35:56","slug":"servicio-de-i-d","status":"publish","type":"page","link":"https:\/\/www.djm.nl\/es\/servicio-de-i-d\/","title":{"rendered":"Servicio de I + D"},"content":{"rendered":"<div id=\"pl-4571\"  class=\"panel-layout\" ><div id=\"pg-4571-0\"  class=\"panel-grid panel-no-style\" ><div id=\"pgc-4571-0-0\"  class=\"panel-grid-cell\" ><div id=\"panel-4571-0-0-0\" class=\"so-panel widget widget_sow-editor panel-first-child\" data-index=\"0\" ><div class=\"so-widget-sow-editor so-widget-sow-editor-base\">\n<div class=\"siteorigin-widget-tinymce textwidget\">\n\t<h1>Su innovaci\u00f3n personalizada<\/h1>\n<p><strong>\u00bfBusca tecnolog\u00eda\u00a0 inkjet \u00a0de alto nivel y un servicio excelente? F\u00e1cil integraci\u00f3n, mayor calidad en la salida de impresi\u00f3n y mayor velocidad? Como profesional de la impresi\u00f3n, necesita un socio para poder operar de forma m\u00e1s innovadora, m\u00e1s eficaz y con m\u00e1s visi\u00f3n de futuro.<\/strong><\/p>\n<h2><img loading=\"lazy\" decoding=\"async\" class=\"wp-image-13073 size-medium alignright\" src=\"https:\/\/www.djm.nl\/wp-content\/uploads\/2024\/01\/BJ3-2-200x300.jpg\" alt=\"\" width=\"200\" height=\"300\" srcset=\"https:\/\/www.djm.nl\/wp-content\/uploads\/2024\/01\/BJ3-2-200x300.jpg 200w, https:\/\/www.djm.nl\/wp-content\/uploads\/2024\/01\/BJ3-2-683x1024.jpg 683w, https:\/\/www.djm.nl\/wp-content\/uploads\/2024\/01\/BJ3-2-768x1152.jpg 768w, https:\/\/www.djm.nl\/wp-content\/uploads\/2024\/01\/BJ3-2-133x200.jpg 133w, https:\/\/www.djm.nl\/wp-content\/uploads\/2024\/01\/BJ3-2-167x250.jpg 167w, https:\/\/www.djm.nl\/wp-content\/uploads\/2024\/01\/BJ3-2-100x150.jpg 100w, https:\/\/www.djm.nl\/wp-content\/uploads\/2024\/01\/BJ3-2.jpg 804w\" sizes=\"auto, (max-width: 200px) 100vw, 200px\" \/><\/h2>\n<h2>Rompiendo moldes inkjet<\/h2>\n<p>A trav\u00e9s del conocimiento del cliente y de los conocimientos t\u00e9cnicos avanzados, el equipo de DJM trabaja en soluciones inkjet innovadora, funcional y de alta calidad. Combinamos materiales de hardware avanzado y duradero y un dise\u00f1o pr\u00e1ctico con software de control de impresi\u00f3n de \u00faltima generaci\u00f3n. Las tecnolog\u00edas inkjet son refinadas y simplificadas por nuestro equipo de I+D para darle una ventaja competitiva.<\/p>\n<p>Para estimular las nuevas tecnolog\u00edas inkjet, dedicamos mucho tiempo a intercambiar informaci\u00f3n con nuestros principales socios, clientes y proveedores. Ya sea que se trate de una integraci\u00f3n simple, una mayor calidad en la salida de impresi\u00f3n o una mayor velocidad: porque DJM se esfuerza por ser el mejor socio en soluciones inkjet, escuchamos, observamos, exploramos y creamos. Con una actitud pr\u00e1ctica continuamos actualizando las t\u00e9cnicas para hacerlas a\u00fan mejores.<\/p>\n<h2>Servicio a trav\u00e9s de I + D<img loading=\"lazy\" decoding=\"async\" class=\"wp-image-13078 size-medium alignright\" src=\"https:\/\/www.djm.nl\/wp-content\/uploads\/2024\/01\/SoftW2-300x200.jpg\" alt=\"\" width=\"300\" height=\"200\" srcset=\"https:\/\/www.djm.nl\/wp-content\/uploads\/2024\/01\/SoftW2-300x200.jpg 300w, https:\/\/www.djm.nl\/wp-content\/uploads\/2024\/01\/SoftW2-1024x682.jpg 1024w, https:\/\/www.djm.nl\/wp-content\/uploads\/2024\/01\/SoftW2-768x512.jpg 768w, https:\/\/www.djm.nl\/wp-content\/uploads\/2024\/01\/SoftW2-200x133.jpg 200w, https:\/\/www.djm.nl\/wp-content\/uploads\/2024\/01\/SoftW2-250x167.jpg 250w, https:\/\/www.djm.nl\/wp-content\/uploads\/2024\/01\/SoftW2-150x100.jpg 150w, https:\/\/www.djm.nl\/wp-content\/uploads\/2024\/01\/SoftW2-272x182.jpg 272w, https:\/\/www.djm.nl\/wp-content\/uploads\/2024\/01\/SoftW2.jpg 1100w\" sizes=\"auto, (max-width: 300px) 100vw, 300px\" \/><\/h2>\n<p>El servicio de impresi\u00f3n por inkjet \u00a0y la I+D van de la mano en DJM. Valoramos las ideas de nuestros clientes para la innovaci\u00f3n en la producci\u00f3n y el servicio. La retroalimentaci\u00f3n de nuestras consultas de servicio es cuidadosamente pensada y regulada por un soporte remoto seguro o directamente en el sitio. El mismo equipo que dise\u00f1a las tecnolog\u00edas de impresi\u00f3n inkjet \u00a0tambi\u00e9n estar\u00e1 disponible para sus consultas de servicio. Esta es una de las razones por las que nuestros constantes conocimientos t\u00e9cnicos y de programaci\u00f3n son altamente valorados en nuestra empresa.<\/p>\n<\/div>\n<\/div><\/div><div id=\"panel-4571-0-0-1\" class=\"so-panel widget widget_sow-cta panel-last-child\" data-index=\"1\" ><div class=\"so-widget-sow-cta so-widget-sow-cta-default-4208922e6c26-4571\"><div class=\"sow-cta-base\">\n\n\t<div class=\"sow-cta-wrapper\">\n\n\t\t<div class=\"sow-cta-text\">\n\t\t\t<h4 class=\"sow-cta-title\">\u00bfEst\u00e1 buscando la mejor opci\u00f3n para complementar sus trabajos de impresi\u00f3n digital?<\/h4>\n\t\t\t<h5 class=\"sow-cta-subtitle\">inkjet significa libertad digital. DJM est\u00e1 seguro de proporcionar una soluci\u00f3n inkjet para satisfacer tanto a sus empresas como a las necesidades de sus clientes.<\/h5>\n\t\t<\/div>\n\n\t\t<div class=\"so-widget-sow-button so-widget-sow-button-atom-b4f6b6b19f96\"><div class=\"ow-button-base ow-button-align-center\">\n\t<a href=\"\" class=\"ow-icon-placement-left ow-button-hover\" \t\t>\n\t\t<span>\n\t\t\t\n\t\t\tCont\u00e1ctenos\t\t<\/span>\n\t<\/a>\n<\/div>\n<\/div>\n\t<\/div>\n\n<\/div>\n<\/div><\/div><\/div><\/div><\/div>","protected":false},"excerpt":{"rendered":"<p>Su innovaci\u00f3n personalizada \u00bfBusca tecnolog\u00eda\u00a0 inkjet \u00a0de alto nivel y un servicio excelente? F\u00e1cil integraci\u00f3n, mayor calidad en la salida de impresi\u00f3n y mayor velocidad? Como profesional de la impresi\u00f3n, necesita un socio para poder operar de forma m\u00e1s innovadora, m\u00e1s eficaz y con m\u00e1s visi\u00f3n de futuro. Rompiendo moldes inkjet A trav\u00e9s del conocimiento [&hellip;]<\/p>\n","protected":false},"author":4,"featured_media":0,"parent":0,"menu_order":0,"comment_status":"closed","ping_status":"closed","template":"","meta":{"footnotes":""},"class_list":["post-4571","page","type-page","status-publish","hentry"],"_links":{"self":[{"href":"https:\/\/www.djm.nl\/es\/wp-json\/wp\/v2\/pages\/4571","targetHints":{"allow":["GET"]}}],"collection":[{"href":"https:\/\/www.djm.nl\/es\/wp-json\/wp\/v2\/pages"}],"about":[{"href":"https:\/\/www.djm.nl\/es\/wp-json\/wp\/v2\/types\/page"}],"author":[{"embeddable":true,"href":"https:\/\/www.djm.nl\/es\/wp-json\/wp\/v2\/users\/4"}],"replies":[{"embeddable":true,"href":"https:\/\/www.djm.nl\/es\/wp-json\/wp\/v2\/comments?post=4571"}],"version-history":[{"count":14,"href":"https:\/\/www.djm.nl\/es\/wp-json\/wp\/v2\/pages\/4571\/revisions"}],"predecessor-version":[{"id":13086,"href":"https:\/\/www.djm.nl\/es\/wp-json\/wp\/v2\/pages\/4571\/revisions\/13086"}],"wp:attachment":[{"href":"https:\/\/www.djm.nl\/es\/wp-json\/wp\/v2\/media?parent=4571"}],"curies":[{"name":"wp","href":"https:\/\/api.w.org\/{rel}","templated":true}]}}