{"id":4566,"date":"2019-06-11T10:25:36","date_gmt":"2019-06-11T09:25:36","guid":{"rendered":"https:\/\/www.djm.nl\/?page_id=4566"},"modified":"2019-06-14T15:28:23","modified_gmt":"2019-06-14T14:28:23","slug":"modulo-de-impresion-ultra-hs","status":"publish","type":"page","link":"https:\/\/www.djm.nl\/es\/modulo-de-impresion-ultra-hs\/","title":{"rendered":"M\u00f3dulo de impresi\u00f3n Ultra HS"},"content":{"rendered":"<div id=\"pl-4566\"  class=\"panel-layout\" ><div id=\"pg-4566-0\"  class=\"panel-grid panel-no-style\" ><div id=\"pgc-4566-0-0\"  class=\"panel-grid-cell\" ><div id=\"panel-4566-0-0-0\" class=\"so-panel widget widget_sow-editor panel-first-child\" data-index=\"0\" ><div class=\"so-widget-sow-editor so-widget-sow-editor-base\">\n<div class=\"siteorigin-widget-tinymce textwidget\">\n\t<p><strong>Incremente el rendimiento y el tiempo de operaci\u00f3n para obtener una mayor rentabilidad. La soluci\u00f3n de impresi\u00f3n inkjet Ultra HS ofrece a sus clientes ofertas personalizadas y conceptos de datos variables a la vida en forma r\u00e1pida y con alta calidad.<\/strong><\/p>\n<h1>Tu marketing personalived<img loading=\"lazy\" decoding=\"async\" class=\"alignright size-custom-size-250 wp-image-2538\" src=\"https:\/\/www.djm.nl\/wp-content\/uploads\/2018\/04\/SAMBA-UHS-vrijstaand-hor-250x163.png\" alt=\"\" width=\"250\" height=\"163\" srcset=\"https:\/\/www.djm.nl\/wp-content\/uploads\/2018\/04\/SAMBA-UHS-vrijstaand-hor-250x163.png 250w, https:\/\/www.djm.nl\/wp-content\/uploads\/2018\/04\/SAMBA-UHS-vrijstaand-hor-300x196.png 300w, https:\/\/www.djm.nl\/wp-content\/uploads\/2018\/04\/SAMBA-UHS-vrijstaand-hor-768x501.png 768w, https:\/\/www.djm.nl\/wp-content\/uploads\/2018\/04\/SAMBA-UHS-vrijstaand-hor-1024x668.png 1024w, https:\/\/www.djm.nl\/wp-content\/uploads\/2018\/04\/SAMBA-UHS-vrijstaand-hor-200x130.png 200w, https:\/\/www.djm.nl\/wp-content\/uploads\/2018\/04\/SAMBA-UHS-vrijstaand-hor-150x98.png 150w, https:\/\/www.djm.nl\/wp-content\/uploads\/2018\/04\/SAMBA-UHS-vrijstaand-hor.png 1500w\" sizes=\"auto, (max-width: 250px) 100vw, 250px\" \/><\/h1>\n<p>La soluci\u00f3n de impresi\u00f3n inkjet \u00a0Ultra HS est\u00e1 repleta de funciones integradas. Basado en el cabezal de impresi\u00f3n Fujifilm Dimatix Samba, combina los beneficios de las t\u00e9cnicas tradicionales inkjet. Impresi\u00f3n de calidad de hasta 1200 dpi, un alto rendimiento y flexibilidad operativa. Esta nueva y robusta tecnolog\u00eda piezoel\u00e9ctrica inkjet es extremadamente confiable. El Ultra HS proporciona una estabilidad, uniformidad, capacidad de mantenimiento y escalabilidad sin precedentes.<\/p>\n<p>Para ganar velocidad, DJM desarroll\u00f3 el Ultra HS (High Speed) y est\u00e1 equipado con una matriz doble. Esta tecnolog\u00eda de cabezal de impresi\u00f3n permite la integraci\u00f3n de barras de impresi\u00f3n con cabezales de impresi\u00f3n unidos. Con Ultra HS le ofrecemos soluciones inkjet independientes e integradas para aumentar las posibilidades de impresi\u00f3n.<\/p>\n<h2>Lo \u00faltimo en inkjet \u00a0en una sola tecnolog\u00eda<\/h2>\n<p><img loading=\"lazy\" decoding=\"async\" class=\"alignleft size-custom-size-250 wp-image-2541\" src=\"https:\/\/www.djm.nl\/wp-content\/uploads\/2018\/04\/Samba-UHS-vrijstaand-vert-242x250.png\" alt=\"\" width=\"242\" height=\"250\" srcset=\"https:\/\/www.djm.nl\/wp-content\/uploads\/2018\/04\/Samba-UHS-vrijstaand-vert-242x250.png 242w, https:\/\/www.djm.nl\/wp-content\/uploads\/2018\/04\/Samba-UHS-vrijstaand-vert-1487x1536.png 1487w, https:\/\/www.djm.nl\/wp-content\/uploads\/2018\/04\/Samba-UHS-vrijstaand-vert-291x300.png 291w, https:\/\/www.djm.nl\/wp-content\/uploads\/2018\/04\/Samba-UHS-vrijstaand-vert-768x793.png 768w, https:\/\/www.djm.nl\/wp-content\/uploads\/2018\/04\/Samba-UHS-vrijstaand-vert-992x1024.png 992w, https:\/\/www.djm.nl\/wp-content\/uploads\/2018\/04\/Samba-UHS-vrijstaand-vert-194x200.png 194w, https:\/\/www.djm.nl\/wp-content\/uploads\/2018\/04\/Samba-UHS-vrijstaand-vert-145x150.png 145w, https:\/\/www.djm.nl\/wp-content\/uploads\/2018\/04\/Samba-UHS-vrijstaand-vert.png 1500w\" sizes=\"auto, (max-width: 242px) 100vw, 242px\" \/>La Ultra HS se adaptaba a altas velocidades de procesamiento de hasta 300 metros por minuto a 1200 x 600 ppp, o 150 metros por minuto a 1200 x 1200 ppp.<\/p>\n<p>La recirculaci\u00f3n optimizada de la tinta alrededor de las boquillas reduce los fallos de estas y el tiempo de limpieza. No se necesitan conocimientos espec\u00edficos inkjet para operar un sistema equipado con la tecnolog\u00eda de impresi\u00f3n Ultra HS. Los consumibles de los cabezales de impresi\u00f3n son innecesarios y la sustituci\u00f3n ocasional de estos se pueden llevar a cabo sin ninguna dificultad.<\/p>\n<p>Los m\u00f3dulos de impresi\u00f3n Ultra HS son f\u00e1cilmente integrables en prensas offset de banda o pueden utilizarse como m\u00f3dulos independientes. DJM desarroll\u00f3 una torre para inkjet dise\u00f1ada espec\u00edficamente para los m\u00f3dulos de impresi\u00f3n Ultra HS. La torre inkjet cumple con las demandas de monocromo y full color y puede conectarse a equipos de pre y post producci\u00f3n para obtener un rendimiento optimizado.<\/p>\n<h2>Maximice su potencial digital<\/h2>\n<p><strong><img loading=\"lazy\" decoding=\"async\" class=\"alignleft size-thumbnail wp-image-2324\" src=\"https:\/\/www.djm.nl\/wp-content\/uploads\/2018\/02\/WEB-Marcel-Stomp-IMG_7962-150x150.jpg\" alt=\"\" width=\"150\" height=\"150\" srcset=\"https:\/\/www.djm.nl\/wp-content\/uploads\/2018\/02\/WEB-Marcel-Stomp-IMG_7962-150x150.jpg 150w, https:\/\/www.djm.nl\/wp-content\/uploads\/2018\/02\/WEB-Marcel-Stomp-IMG_7962-200x200.jpg 200w, https:\/\/www.djm.nl\/wp-content\/uploads\/2018\/02\/WEB-Marcel-Stomp-IMG_7962-250x250.jpg 250w, https:\/\/www.djm.nl\/wp-content\/uploads\/2018\/02\/WEB-Marcel-Stomp-IMG_7962.jpg 300w\" sizes=\"auto, (max-width: 150px) 100vw, 150px\" \/>Beneficios de Samba<\/strong><\/p>\n<ul>\n<li>Ultra-alta velocidad.<\/li>\n<li>Resoluci\u00f3n de nivel superior.<\/li>\n<li>Promueve el tiempo de operaci\u00f3n.<\/li>\n<li>Amigable para el usuario.<\/li>\n<\/ul>\n<\/div>\n<\/div><\/div><div id=\"panel-4566-0-0-1\" class=\"so-panel widget widget_sow-cta panel-last-child\" data-index=\"1\" ><div class=\"so-widget-sow-cta so-widget-sow-cta-default-4208922e6c26-4566\"><div class=\"sow-cta-base\">\n\n\t<div class=\"sow-cta-wrapper\">\n\n\t\t<div class=\"sow-cta-text\">\n\t\t\t<h4 class=\"sow-cta-title\">\u00bfEst\u00e1 buscando la mejor opci\u00f3n para complementar sus trabajos de impresi\u00f3n digital?<\/h4>\n\t\t\t<h5 class=\"sow-cta-subtitle\">inkjet significa libertad digital. DJM est\u00e1 seguro de proporcionar una soluci\u00f3n inkjet para satisfacer tanto a sus empresas como a las necesidades de sus clientes.<\/h5>\n\t\t<\/div>\n\n\t\t<div class=\"so-widget-sow-button so-widget-sow-button-atom-b4f6b6b19f96\"><div class=\"ow-button-base ow-button-align-center\">\n\t<a href=\"\" class=\"ow-icon-placement-left ow-button-hover\" \t\t>\n\t\t<span>\n\t\t\t\n\t\t\t CONT\u00c1CTENOS\t\t<\/span>\n\t<\/a>\n<\/div>\n<\/div>\n\t<\/div>\n\n<\/div>\n<\/div><\/div><\/div><\/div><\/div>","protected":false},"excerpt":{"rendered":"<p>Incremente el rendimiento y el tiempo de operaci\u00f3n para obtener una mayor rentabilidad. La soluci\u00f3n de impresi\u00f3n inkjet Ultra HS ofrece a sus clientes ofertas personalizadas y conceptos de datos variables a la vida en forma r\u00e1pida y con alta calidad. Tu marketing personalived La soluci\u00f3n de impresi\u00f3n inkjet \u00a0Ultra HS est\u00e1 repleta de funciones [&hellip;]<\/p>\n","protected":false},"author":4,"featured_media":0,"parent":0,"menu_order":0,"comment_status":"closed","ping_status":"closed","template":"","meta":{"footnotes":""},"class_list":["post-4566","page","type-page","status-publish","hentry"],"_links":{"self":[{"href":"https:\/\/www.djm.nl\/es\/wp-json\/wp\/v2\/pages\/4566","targetHints":{"allow":["GET"]}}],"collection":[{"href":"https:\/\/www.djm.nl\/es\/wp-json\/wp\/v2\/pages"}],"about":[{"href":"https:\/\/www.djm.nl\/es\/wp-json\/wp\/v2\/types\/page"}],"author":[{"embeddable":true,"href":"https:\/\/www.djm.nl\/es\/wp-json\/wp\/v2\/users\/4"}],"replies":[{"embeddable":true,"href":"https:\/\/www.djm.nl\/es\/wp-json\/wp\/v2\/comments?post=4566"}],"version-history":[{"count":8,"href":"https:\/\/www.djm.nl\/es\/wp-json\/wp\/v2\/pages\/4566\/revisions"}],"predecessor-version":[{"id":4847,"href":"https:\/\/www.djm.nl\/es\/wp-json\/wp\/v2\/pages\/4566\/revisions\/4847"}],"wp:attachment":[{"href":"https:\/\/www.djm.nl\/es\/wp-json\/wp\/v2\/media?parent=4566"}],"curies":[{"name":"wp","href":"https:\/\/api.w.org\/{rel}","templated":true}]}}