{"id":4561,"date":"2019-06-11T10:15:08","date_gmt":"2019-06-11T09:15:08","guid":{"rendered":"https:\/\/www.djm.nl\/?page_id=4561"},"modified":"2024-05-23T09:02:46","modified_gmt":"2024-05-23T08:02:46","slug":"modulo-de-impresion-sparrow","status":"publish","type":"page","link":"https:\/\/www.djm.nl\/es\/products\/modulo-de-impresion-sparrow\/","title":{"rendered":"Sparrow"},"content":{"rendered":"<div id=\"pl-4561\"  class=\"panel-layout\" ><div id=\"pg-4561-0\"  class=\"panel-grid panel-no-style\" ><div id=\"pgc-4561-0-0\"  class=\"panel-grid-cell\" ><div id=\"panel-4561-0-0-0\" class=\"so-panel widget widget_sow-editor panel-first-child\" data-index=\"0\" ><div class=\"so-widget-sow-editor so-widget-sow-editor-base\">\n<div class=\"siteorigin-widget-tinymce textwidget\">\n\t<h3>El m\u00f3dulo de impresi\u00f3n Sparrow de DJM es una soluci\u00f3n de nivel inicial con gran potencial y facilidad de uso<\/h3>\n<h4>Tecnolog\u00eda del cabezal de impresi\u00f3n<\/h4>\n<div id=\"attachment_7245\" style=\"width: 260px\" class=\"wp-caption alignright\"><img aria-describedby=\"caption-attachment-7245\" loading=\"lazy\" decoding=\"async\" class=\"wp-image-7245 size-custom-size-250\" src=\"https:\/\/www.djm.nl\/wp-content\/uploads\/2021\/12\/Sparrow-image-rond-250x250.png\" alt=\"\" width=\"250\" height=\"250\" srcset=\"https:\/\/www.djm.nl\/wp-content\/uploads\/2021\/12\/Sparrow-image-rond-250x250.png 250w, https:\/\/www.djm.nl\/wp-content\/uploads\/2021\/12\/Sparrow-image-rond-300x300.png 300w, https:\/\/www.djm.nl\/wp-content\/uploads\/2021\/12\/Sparrow-image-rond-150x150.png 150w, https:\/\/www.djm.nl\/wp-content\/uploads\/2021\/12\/Sparrow-image-rond-768x766.png 768w, https:\/\/www.djm.nl\/wp-content\/uploads\/2021\/12\/Sparrow-image-rond-200x200.png 200w, https:\/\/www.djm.nl\/wp-content\/uploads\/2021\/12\/Sparrow-image-rond.png 1023w\" sizes=\"auto, (max-width: 250px) 100vw, 250px\" \/><p id=\"caption-attachment-7245\" class=\"wp-caption-text\">M\u00f3dulo de impresi\u00f3n Sparrow con 4 cabezales de impresi\u00f3n que crean un ancho de impresi\u00f3n de 50,8 mm<\/p><\/div>\n<p>El m\u00f3dulo de impresi\u00f3n <strong>Sparrow<\/strong> utiliza la tecnolog\u00eda de cabezal de impresi\u00f3n t\u00e9rmica TIJ2.5 de HP y se caracteriza por su sencillez y versatilidad. El cabezal de impresi\u00f3n, que tambi\u00e9n contiene el suministro de tinta, est\u00e1 disponible en muchas versiones y tintas, desde negro, azul o rojo a base de agua hasta tintas UV y de seguridad, lo que hace que el sistema sea adecuado para muchas aplicaciones. La limpieza del cabezal de impresi\u00f3n se realiza manualmente. Con una resoluci\u00f3n de impresi\u00f3n seleccionable, la velocidad de impresi\u00f3n se puede adaptar a la aplicaci\u00f3n.<\/p>\n<h4>De 0.5 a 8 pulgadas de ancho<\/h4>\n<p>El m\u00f3dulo de impresi\u00f3n <strong>Sparrow<\/strong> est\u00e1 disponible en diferentes versiones, desde un m\u00f3dulo de impresi\u00f3n con un solo cabezal de impresi\u00f3n hasta un m\u00f3dulo de impresi\u00f3n m\u00e1s extenso con 4, 8, 12 o incluso 16 cabezales de impresi\u00f3n. Con un ancho de impresi\u00f3n de 12,7 mm por cabezal de impresi\u00f3n, el ancho total de impresi\u00f3n puede oscilar entre 12,7 mm (0,5 pulgadas) y 203,2 mm (8 pulgadas).<\/p>\n<h4>F\u00e1cil de usar<\/h4>\n<p>Si es necesario reemplazar el cabezal de impresi\u00f3n, esta es una operaci\u00f3n simple que puede realizar el operador. Tambi\u00e9n permite cambios r\u00e1pidos de un tipo de tinta a otro. El m\u00f3dulo de impresi\u00f3n <strong>Sparrow<\/strong> tambi\u00e9n se puede utilizar en lateral, lo que permite imprimir en el lateral de, por ejemplo, cajas<\/p>\n<h4>Uso Flexible<\/h4>\n<p>Los m\u00f3dulos de impresi\u00f3n <strong>Sparrow<\/strong> son f\u00e1ciles de integrar, pero tambi\u00e9n se pueden utilizar como una soluci\u00f3n independiente. Para aprovechar al m\u00e1ximo su configuraci\u00f3n de impresi\u00f3n en t\u00e9rminos de flexibilidad, eficacia y rentabilidad, aplicamos principios como el m\u00e1ximo rendimiento, la fiabilidad y la facilidad de uso en cada proyecto.<\/p>\n<h4>Software del controlador<\/h4>\n<p>Para impulsar la tecnolog\u00eda del m\u00f3dulo de impresi\u00f3n, hemos desarrollado una plataforma de software del controlador completamente nueva. Esta nueva plataforma se basa en un motor de ripeo de software, lo que facilita la actualizaci\u00f3n. La plataforma de software del controlador DJM es compatible con diversos formatos de datos, como PDF, CSV, TIFF y BMP, lo que le proporciona la flexibilidad necesaria para ejecutar trabajos sin necesidad de una larga preparaci\u00f3n.<a href=\"https:\/\/www.djm.nl\/es\/products\/software-del-controlador\/\"> Leer m\u00e1s<\/a><\/p>\n<h4>Socio confiable<\/h4>\n<p>Quiere un socio de negocios confiable, comprometido y calificado. Que prometa y cumpla. DJM es todo sobre inkjet. Con m\u00e1s de 30 a\u00f1os de experiencia, llevamos la tecnolog\u00eda inkjet industrial a sus l\u00edmites. Los l\u00edderes de la industria de la impresi\u00f3n de todo el mundo han recurrido a DJM para obtener soluciones inkjet porque aprecian nuestro enfoque personal y nuestra s\u00f3lida ingenier\u00eda. Nuestro objetivo es ofrecerle las mejores soluciones de impresi\u00f3n inkjet para una salida de datos variables de alta calidad y una mayor eficiencia. <a href=\"https:\/\/www.djm.nl\/es\/nuestras-promesas\/\">Lea nuestra promesa aqu\u00ed<\/a><\/p>\n<h4><\/h4>\n<h4>Beneficios Sparrow<\/h4>\n<ul>\n<li>Baja inversi\u00f3n<\/li>\n<li>F\u00e1cil integraci\u00f3n<\/li>\n<li>Amplia variedad de tintas<\/li>\n<li>F\u00e1cil de usar<\/li>\n<\/ul>\n<p>&nbsp;<\/p>\n<\/div>\n<\/div><\/div><div id=\"panel-4561-0-0-1\" class=\"so-panel widget widget_sow-cta panel-last-child\" data-index=\"1\" ><div class=\"so-widget-sow-cta so-widget-sow-cta-default-4208922e6c26-4561\"><div class=\"sow-cta-base\">\n\n\t<div class=\"sow-cta-wrapper\">\n\n\t\t<div class=\"sow-cta-text\">\n\t\t\t<h4 class=\"sow-cta-title\">\u00bfEst\u00e1 buscando la mejor opci\u00f3n para complementar sus trabajos de impresi\u00f3n digital?<\/h4>\n\t\t\t<h5 class=\"sow-cta-subtitle\">inkjet significa libertad digital. DJM est\u00e1 seguro de proporcionar una soluci\u00f3n inkjet para satisfacer tanto a sus empresas como a las necesidades de sus clientes.<\/h5>\n\t\t<\/div>\n\n\t\t<div class=\"so-widget-sow-button so-widget-sow-button-atom-b4f6b6b19f96\"><div class=\"ow-button-base ow-button-align-center\">\n\t<a href=\"mailto:sales@djm.nl\" class=\"ow-icon-placement-left ow-button-hover\" \t\t>\n\t\t<span>\n\t\t\t\n\t\t\t CONT\u00c1CTENOS\t\t<\/span>\n\t<\/a>\n<\/div>\n<\/div>\n\t<\/div>\n\n<\/div>\n<\/div><\/div><\/div><\/div><\/div>","protected":false},"excerpt":{"rendered":"<p>El m\u00f3dulo de impresi\u00f3n Sparrow de DJM es una soluci\u00f3n de nivel inicial con gran potencial y facilidad de uso Tecnolog\u00eda del cabezal de impresi\u00f3n El m\u00f3dulo de impresi\u00f3n Sparrow utiliza la tecnolog\u00eda de cabezal de impresi\u00f3n t\u00e9rmica TIJ2.5 de HP y se caracteriza por su sencillez y versatilidad. El cabezal de impresi\u00f3n, que tambi\u00e9n [&hellip;]<\/p>\n","protected":false},"author":4,"featured_media":0,"parent":4472,"menu_order":0,"comment_status":"closed","ping_status":"closed","template":"","meta":{"footnotes":""},"class_list":["post-4561","page","type-page","status-publish","hentry"],"_links":{"self":[{"href":"https:\/\/www.djm.nl\/es\/wp-json\/wp\/v2\/pages\/4561","targetHints":{"allow":["GET"]}}],"collection":[{"href":"https:\/\/www.djm.nl\/es\/wp-json\/wp\/v2\/pages"}],"about":[{"href":"https:\/\/www.djm.nl\/es\/wp-json\/wp\/v2\/types\/page"}],"author":[{"embeddable":true,"href":"https:\/\/www.djm.nl\/es\/wp-json\/wp\/v2\/users\/4"}],"replies":[{"embeddable":true,"href":"https:\/\/www.djm.nl\/es\/wp-json\/wp\/v2\/comments?post=4561"}],"version-history":[{"count":14,"href":"https:\/\/www.djm.nl\/es\/wp-json\/wp\/v2\/pages\/4561\/revisions"}],"predecessor-version":[{"id":13579,"href":"https:\/\/www.djm.nl\/es\/wp-json\/wp\/v2\/pages\/4561\/revisions\/13579"}],"up":[{"embeddable":true,"href":"https:\/\/www.djm.nl\/es\/wp-json\/wp\/v2\/pages\/4472"}],"wp:attachment":[{"href":"https:\/\/www.djm.nl\/es\/wp-json\/wp\/v2\/media?parent=4561"}],"curies":[{"name":"wp","href":"https:\/\/api.w.org\/{rel}","templated":true}]}}