{"id":4543,"date":"2019-06-11T10:00:55","date_gmt":"2019-06-11T09:00:55","guid":{"rendered":"https:\/\/www.djm.nl\/?page_id=4543"},"modified":"2024-05-23T11:25:10","modified_gmt":"2024-05-23T10:25:10","slug":"componentes-del-sistema","status":"publish","type":"page","link":"https:\/\/www.djm.nl\/es\/componentes-del-sistema\/","title":{"rendered":"Componentes del sistema"},"content":{"rendered":"<div id=\"pl-4543\"  class=\"panel-layout\" ><div id=\"pg-4543-0\"  class=\"panel-grid panel-no-style\" ><div id=\"pgc-4543-0-0\"  class=\"panel-grid-cell\" ><div id=\"panel-4543-0-0-0\" class=\"so-panel widget widget_sow-editor panel-first-child panel-last-child\" data-index=\"0\" ><div class=\"so-widget-sow-editor so-widget-sow-editor-base\">\n<div class=\"siteorigin-widget-tinymce textwidget\">\n\t<h3>Componentes s\u00f3lidos del sistema inkjet para obtener la mejor soluci\u00f3n inkjet industrial. DJM desarrolla y suministra componentes y consumibles duraderos.<\/h3>\n<h4>Su confiabilidad de inkjet personalizado<\/h4>\n<p>Est\u00e1 buscando invertir en una soluci\u00f3n inkjet rentable para ampliar sus oportunidades de negocio. Debe ser un sistema confiable para maximizar el rendimiento de la l\u00ednea. La confiabilidad del sistema se basa en la forma en que se configura el sistema final. Para asegurarnos de que su sistema funcione de la mejor manera, no economizamos en los componentes de los sistemas inkjet industriales. DJM invierte tiempo, esfuerzo y fondos para desarrollar la tecnolog\u00eda inkjet industrial m\u00e1s confiable del mercado. Todos los componentes deben ser s\u00f3lidos y estar dise\u00f1ados para cumplir con los requisitos del sistema inkjet. Algunos ejemplos de componentes del sistema desarrollados por DJM:<\/p>\n<\/div>\n<\/div><\/div><\/div><\/div><div id=\"pg-4543-1\"  class=\"panel-grid panel-has-style\" ><div class=\"zebra panel-row-style panel-row-style-for-4543-1\" ><div id=\"pgc-4543-1-0\"  class=\"panel-grid-cell\" ><div id=\"panel-4543-1-0-0\" class=\"so-panel widget widget_sow-editor panel-first-child\" data-index=\"1\" ><div class=\"so-widget-sow-editor so-widget-sow-editor-base\">\n<div class=\"siteorigin-widget-tinymce textwidget\">\n\t<h3>Sistemas de suministro de tinta<img loading=\"lazy\" decoding=\"async\" class=\"size-medium wp-image-12739 alignright\" src=\"https:\/\/www.djm.nl\/wp-content\/uploads\/2024\/01\/IDS2-1-200x300.jpg\" alt=\"\" width=\"200\" height=\"300\" srcset=\"https:\/\/www.djm.nl\/wp-content\/uploads\/2024\/01\/IDS2-1-200x300.jpg 200w, https:\/\/www.djm.nl\/wp-content\/uploads\/2024\/01\/IDS2-1-683x1024.jpg 683w, https:\/\/www.djm.nl\/wp-content\/uploads\/2024\/01\/IDS2-1-768x1152.jpg 768w, https:\/\/www.djm.nl\/wp-content\/uploads\/2024\/01\/IDS2-1-1024x1536.jpg 1024w, https:\/\/www.djm.nl\/wp-content\/uploads\/2024\/01\/IDS2-1-1365x2048.jpg 1365w, https:\/\/www.djm.nl\/wp-content\/uploads\/2024\/01\/IDS2-1-133x200.jpg 133w, https:\/\/www.djm.nl\/wp-content\/uploads\/2024\/01\/IDS2-1-167x250.jpg 167w, https:\/\/www.djm.nl\/wp-content\/uploads\/2024\/01\/IDS2-1-100x150.jpg 100w, https:\/\/www.djm.nl\/wp-content\/uploads\/2024\/01\/IDS2-1-scaled.jpg 1707w\" sizes=\"auto, (max-width: 200px) 100vw, 200px\" \/><\/h3>\n<p>Para maximizar la eficacia del sistema de impresi\u00f3n por inkjet seleccionado, los sistemas de suministro de tinta son vitales. Dependiendo del tipo de tinta, el n\u00famero de m\u00f3dulos de impresi\u00f3n y el consumo de tinta, DJM desarrolla diferentes <a href=\"https:\/\/www.djm.nl\/es\/products\/bulk-ink-system-bis-sistema-de-tinta-a-granel-a-4-colores\/\" target=\"_blank\" rel=\"noopener\">sistemas de suministro de tinta<\/a>, desde botellas hasta granel. El suministro de tinta adecuado garantiza el m\u00e1ximo tiempo de funcionamiento del sistema, una distribuci\u00f3n \u00f3ptima de la tinta y un mejor TCO.<\/p>\n<\/div>\n<\/div><\/div><div id=\"panel-4543-1-0-1\" class=\"so-panel widget widget_sow-editor\" data-index=\"2\" ><div class=\"so-widget-sow-editor so-widget-sow-editor-base\">\n<div class=\"siteorigin-widget-tinymce textwidget\">\n\t<h3>Torres inkjet de banda independiente<img loading=\"lazy\" decoding=\"async\" class=\"alignright wp-image-7332\" src=\"https:\/\/www.djm.nl\/wp-content\/uploads\/2021\/12\/standalone-frame-250x115.png\" alt=\"\" width=\"399\" height=\"184\" srcset=\"https:\/\/www.djm.nl\/wp-content\/uploads\/2021\/12\/standalone-frame-250x115.png 250w, https:\/\/www.djm.nl\/wp-content\/uploads\/2021\/12\/standalone-frame-300x138.png 300w, https:\/\/www.djm.nl\/wp-content\/uploads\/2021\/12\/standalone-frame-1024x472.png 1024w, https:\/\/www.djm.nl\/wp-content\/uploads\/2021\/12\/standalone-frame-768x354.png 768w, https:\/\/www.djm.nl\/wp-content\/uploads\/2021\/12\/standalone-frame-1536x708.png 1536w, https:\/\/www.djm.nl\/wp-content\/uploads\/2021\/12\/standalone-frame-200x92.png 200w, https:\/\/www.djm.nl\/wp-content\/uploads\/2021\/12\/standalone-frame-150x69.png 150w, https:\/\/www.djm.nl\/wp-content\/uploads\/2021\/12\/standalone-frame.png 1837w\" sizes=\"auto, (max-width: 399px) 100vw, 399px\" \/><\/h3>\n<p>Para aplicaciones de banda independientes, DJM desarroll\u00f3 una torre inkjet especial. La torre inkjet de banda est\u00e1 dise\u00f1ada para satisfacer los requisitos de aplicaci\u00f3n \u2013 monocromo\/full color y simplex\/d\u00faplex. Para un transporte \u00f3ptimo del papel, las torres est\u00e1n equipadas con una secci\u00f3n de gu\u00eda de banda y varios m\u00f3dulos de tensi\u00f3n de banda. Las torres inkjet pueden conectarse a equipos de pre y post procesamiento.<\/p>\n<\/div>\n<\/div><\/div><div id=\"panel-4543-1-0-2\" class=\"so-panel widget widget_sow-editor\" data-index=\"3\" ><div class=\"so-widget-sow-editor so-widget-sow-editor-base\">\n<div class=\"siteorigin-widget-tinymce textwidget\">\n\t<h3>Bastidor de soporte<img loading=\"lazy\" decoding=\"async\" class=\"alignright size-medium wp-image-2616\" src=\"https:\/\/www.djm.nl\/wp-content\/uploads\/2018\/08\/components-support-frame-300x200.jpg\" alt=\"\" width=\"300\" height=\"200\" srcset=\"https:\/\/www.djm.nl\/wp-content\/uploads\/2018\/08\/components-support-frame-300x200.jpg 300w, https:\/\/www.djm.nl\/wp-content\/uploads\/2018\/08\/components-support-frame-200x133.jpg 200w, https:\/\/www.djm.nl\/wp-content\/uploads\/2018\/08\/components-support-frame-250x167.jpg 250w, https:\/\/www.djm.nl\/wp-content\/uploads\/2018\/08\/components-support-frame-150x100.jpg 150w, https:\/\/www.djm.nl\/wp-content\/uploads\/2018\/08\/components-support-frame-272x182.jpg 272w, https:\/\/www.djm.nl\/wp-content\/uploads\/2018\/08\/components-support-frame.jpg 600w\" sizes=\"auto, (max-width: 300px) 100vw, 300px\" \/><\/h3>\n<p>El bastidor de soporte de papel est\u00e1 dise\u00f1ado para un transporte \u00f3ptimo, para minimizar la vibraci\u00f3n y maximizar el rendimiento del cabezal de impresi\u00f3n. DJM desarrolla diferentes tipos de bastidor de soporte, dependiendo del tipo de integraci\u00f3n y del proceso de producci\u00f3n.<\/p>\n<\/div>\n<\/div><\/div><div id=\"panel-4543-1-0-3\" class=\"so-panel widget widget_sow-editor\" data-index=\"4\" ><div class=\"so-widget-sow-editor so-widget-sow-editor-base\">\n<div class=\"siteorigin-widget-tinymce textwidget\">\n\t<h2>Soportes para cabezal<img loading=\"lazy\" decoding=\"async\" class=\"alignright size-medium wp-image-2553\" src=\"https:\/\/www.djm.nl\/wp-content\/uploads\/2018\/06\/head-bracket-300x228.png\" alt=\"\" width=\"300\" height=\"228\" srcset=\"https:\/\/www.djm.nl\/wp-content\/uploads\/2018\/06\/head-bracket-300x228.png 300w, https:\/\/www.djm.nl\/wp-content\/uploads\/2018\/06\/head-bracket-768x583.png 768w, https:\/\/www.djm.nl\/wp-content\/uploads\/2018\/06\/head-bracket-1024x778.png 1024w, https:\/\/www.djm.nl\/wp-content\/uploads\/2018\/06\/head-bracket-200x152.png 200w, https:\/\/www.djm.nl\/wp-content\/uploads\/2018\/06\/head-bracket-250x190.png 250w, https:\/\/www.djm.nl\/wp-content\/uploads\/2018\/06\/head-bracket-150x114.png 150w, https:\/\/www.djm.nl\/wp-content\/uploads\/2018\/06\/head-bracket.png 1981w\" sizes=\"auto, (max-width: 300px) 100vw, 300px\" \/><\/h2>\n<p>Para un uso \u00f3ptimo DJM desarrolla para cada m\u00f3dulo de impresi\u00f3n soportes especiales para cabezales. Para montar el m\u00f3dulo de impresi\u00f3n en m\u00e1quinas o sistemas de transporte existentes se necesitan soportes para cabezales. El soporte del cabezal sostiene el m\u00f3dulo de impresi\u00f3n y permite el correcto posicionamiento de este sobre la banda. Bajo pedido, el soporte para cabezal puede equiparse con un movimiento lateral motorizado.<\/p>\n<\/div>\n<\/div><\/div><div id=\"panel-4543-1-0-4\" class=\"so-panel widget widget_sow-editor\" data-index=\"5\" ><div class=\"so-widget-sow-editor so-widget-sow-editor-base\">\n<div class=\"siteorigin-widget-tinymce textwidget\">\n\t<h3>Alimentaci\u00f3n del m\u00f3dulo de impresi\u00f3n<img loading=\"lazy\" decoding=\"async\" class=\"wp-image-12937 size-medium alignright\" src=\"https:\/\/www.djm.nl\/wp-content\/uploads\/2024\/01\/PSU-FreeWeb-300x146.png\" alt=\"\" width=\"300\" height=\"146\" srcset=\"https:\/\/www.djm.nl\/wp-content\/uploads\/2024\/01\/PSU-FreeWeb-300x146.png 300w, https:\/\/www.djm.nl\/wp-content\/uploads\/2024\/01\/PSU-FreeWeb-1024x497.png 1024w, https:\/\/www.djm.nl\/wp-content\/uploads\/2024\/01\/PSU-FreeWeb-768x373.png 768w, https:\/\/www.djm.nl\/wp-content\/uploads\/2024\/01\/PSU-FreeWeb-1536x745.png 1536w, https:\/\/www.djm.nl\/wp-content\/uploads\/2024\/01\/PSU-FreeWeb-2048x994.png 2048w, https:\/\/www.djm.nl\/wp-content\/uploads\/2024\/01\/PSU-FreeWeb-200x97.png 200w, https:\/\/www.djm.nl\/wp-content\/uploads\/2024\/01\/PSU-FreeWeb-250x121.png 250w, https:\/\/www.djm.nl\/wp-content\/uploads\/2024\/01\/PSU-FreeWeb-150x73.png 150w\" sizes=\"auto, (max-width: 300px) 100vw, 300px\" \/><\/h3>\n<p>Para el funcionamiento m\u00e1ximo del m\u00f3dulo de impresi\u00f3n hemos dise\u00f1ado un m\u00f3dulo de alimentaci\u00f3n. Este m\u00f3dulo est\u00e1 construido en un rack de 19 pulgadas, por lo que puede almacenarse f\u00e1cilmente en el gabinete.<\/p>\n<\/div>\n<\/div><\/div><div id=\"panel-4543-1-0-5\" class=\"so-panel widget widget_sow-editor\" data-index=\"6\" ><div class=\"so-widget-sow-editor so-widget-sow-editor-base\">\n<div class=\"siteorigin-widget-tinymce textwidget\">\n\t<h3>Logic Controller<img loading=\"lazy\" decoding=\"async\" class=\"alignnone wp-image-12932 size-medium\" src=\"https:\/\/www.djm.nl\/wp-content\/uploads\/2024\/01\/LC3-FreeWeb-300x130.png\" alt=\"\" width=\"300\" height=\"130\" srcset=\"https:\/\/www.djm.nl\/wp-content\/uploads\/2024\/01\/LC3-FreeWeb-300x130.png 300w, https:\/\/www.djm.nl\/wp-content\/uploads\/2024\/01\/LC3-FreeWeb-1024x445.png 1024w, https:\/\/www.djm.nl\/wp-content\/uploads\/2024\/01\/LC3-FreeWeb-768x334.png 768w, https:\/\/www.djm.nl\/wp-content\/uploads\/2024\/01\/LC3-FreeWeb-1536x668.png 1536w, https:\/\/www.djm.nl\/wp-content\/uploads\/2024\/01\/LC3-FreeWeb-2048x890.png 2048w, https:\/\/www.djm.nl\/wp-content\/uploads\/2024\/01\/LC3-FreeWeb-200x87.png 200w, https:\/\/www.djm.nl\/wp-content\/uploads\/2024\/01\/LC3-FreeWeb-250x109.png 250w, https:\/\/www.djm.nl\/wp-content\/uploads\/2024\/01\/LC3-FreeWeb-150x65.png 150w\" sizes=\"auto, (max-width: 300px) 100vw, 300px\" \/><\/h3>\n<p>Para optimizar la productividad, DJM ha desarrollado una gama de controladores l\u00f3gicos. La funcionalidad de inicio sincronizado, con m\u00faltiples m\u00f3dulos de impresi\u00f3n, incluso con tecnolog\u00edas mixtas, garantiza un inicio sincronizado del trabajo de impresi\u00f3n y ahorra tiempo durante la configuraci\u00f3n. Para maximizar la flexibilidad de la producci\u00f3n, los controladores l\u00f3gicos tambi\u00e9n pueden generar marcas de referencia en tama\u00f1os de porciones, compensar las marcas de referencia que faltan o generar marcas de referencia virtuales para procesos de papel blanco (sin marcas).<\/p>\n<\/div>\n<\/div><\/div><div id=\"panel-4543-1-0-6\" class=\"so-panel widget widget_sow-editor\" data-index=\"7\" ><div class=\"so-widget-sow-editor so-widget-sow-editor-base\">\n<div class=\"siteorigin-widget-tinymce textwidget\">\n\t<h3>Conjunto de cables industriales (kit de conexi\u00f3n)<img loading=\"lazy\" decoding=\"async\" class=\"alignright size-medium wp-image-2610\" src=\"https:\/\/www.djm.nl\/wp-content\/uploads\/2018\/08\/components-industrial-cable-set-300x200.jpg\" alt=\"\" width=\"300\" height=\"200\" srcset=\"https:\/\/www.djm.nl\/wp-content\/uploads\/2018\/08\/components-industrial-cable-set-300x200.jpg 300w, https:\/\/www.djm.nl\/wp-content\/uploads\/2018\/08\/components-industrial-cable-set-200x133.jpg 200w, https:\/\/www.djm.nl\/wp-content\/uploads\/2018\/08\/components-industrial-cable-set-250x167.jpg 250w, https:\/\/www.djm.nl\/wp-content\/uploads\/2018\/08\/components-industrial-cable-set-150x100.jpg 150w, https:\/\/www.djm.nl\/wp-content\/uploads\/2018\/08\/components-industrial-cable-set-272x182.jpg 272w, https:\/\/www.djm.nl\/wp-content\/uploads\/2018\/08\/components-industrial-cable-set.jpg 600w\" sizes=\"auto, (max-width: 300px) 100vw, 300px\" \/><\/h3>\n<p>Para un uso m\u00e1ximo sin problemas, DJM ha desarrollado juegos de cables industriales. Estos cables especiales est\u00e1n equipados con todo el cableado necesario, como fibra de vidrio, cables de alimentaci\u00f3n, cables de datos, etc. Este cable industrial est\u00e1 protegido por un arn\u00e9s de alta resistencia y conectores industriales, y garantiza su empleabilidad a largo plazo.<\/p>\n<\/div>\n<\/div><\/div><div id=\"panel-4543-1-0-7\" class=\"so-panel widget widget_sow-editor\" data-index=\"8\" ><div class=\"so-widget-sow-editor so-widget-sow-editor-base\">\n<div class=\"siteorigin-widget-tinymce textwidget\">\n\t<h3>Secadores<img loading=\"lazy\" decoding=\"async\" class=\"alignright size-medium wp-image-2550\" src=\"https:\/\/www.djm.nl\/wp-content\/uploads\/2018\/06\/dryers-300x216.jpg\" alt=\"\" width=\"300\" height=\"216\" srcset=\"https:\/\/www.djm.nl\/wp-content\/uploads\/2018\/06\/dryers-300x216.jpg 300w, https:\/\/www.djm.nl\/wp-content\/uploads\/2018\/06\/dryers-200x144.jpg 200w, https:\/\/www.djm.nl\/wp-content\/uploads\/2018\/06\/dryers-250x180.jpg 250w, https:\/\/www.djm.nl\/wp-content\/uploads\/2018\/06\/dryers-150x108.jpg 150w, https:\/\/www.djm.nl\/wp-content\/uploads\/2018\/06\/dryers.jpg 500w\" sizes=\"auto, (max-width: 300px) 100vw, 300px\" \/><\/h3>\n<p>Bajo ciertas condiciones (substratos espec\u00edficos, tipo de tinta, velocidad de impresi\u00f3n y tratamiento posterior) pueden requerirse secado adicional (infrarrojo o UV). Para apoyar a nuestros clientes con soluciones globales, DJM se asocia con fabricantes l\u00edderes mundiales de sistemas de secado.<\/p>\n<\/div>\n<\/div><\/div><div id=\"panel-4543-1-0-8\" class=\"so-panel widget widget_sow-editor panel-last-child\" data-index=\"9\" ><div class=\"so-widget-sow-editor so-widget-sow-editor-base\">\n<div class=\"siteorigin-widget-tinymce textwidget\">\n\t<h3>Consumibles<strong><br \/>\n<\/strong><\/h3>\n<p>Cada sistema tiene su propio conjunto de consumibles. Estos son importantes para optimizar el rendimiento de sus sistemas. DJM proporciona a todos sus clientes tinta, cabezales de impresi\u00f3n de repuesto y limpiadores.<\/p>\n<\/div>\n<\/div><\/div><\/div><\/div><\/div><div id=\"pg-4543-2\"  class=\"panel-grid panel-no-style\" ><div id=\"pgc-4543-2-0\"  class=\"panel-grid-cell\" ><div id=\"panel-4543-2-0-0\" class=\"so-panel widget widget_sow-cta panel-first-child panel-last-child\" data-index=\"10\" ><div class=\"so-widget-sow-cta so-widget-sow-cta-default-4208922e6c26-4543\"><div class=\"sow-cta-base\">\n\n\t<div class=\"sow-cta-wrapper\">\n\n\t\t<div class=\"sow-cta-text\">\n\t\t\t<h4 class=\"sow-cta-title\">\u00bfEst\u00e1 buscando la mejor opci\u00f3n para complementar sus trabajos de impresi\u00f3n digital?<\/h4>\n\t\t\t<h5 class=\"sow-cta-subtitle\">inkjet significa libertad digital. DJM est\u00e1 seguro de proporcionar una soluci\u00f3n inkjet para satisfacer tanto a sus empresas como a las necesidades de sus clientes.<\/h5>\n\t\t<\/div>\n\n\t\t<div class=\"so-widget-sow-button so-widget-sow-button-atom-b4f6b6b19f96\"><div class=\"ow-button-base ow-button-align-center\">\n\t<a href=\"\" class=\"ow-icon-placement-left ow-button-hover\" \t\t>\n\t\t<span>\n\t\t\t\n\t\t\t CONT\u00c1CTENOS\t\t<\/span>\n\t<\/a>\n<\/div>\n<\/div>\n\t<\/div>\n\n<\/div>\n<\/div><\/div><\/div><\/div><\/div>","protected":false},"excerpt":{"rendered":"<p>Componentes s\u00f3lidos del sistema inkjet para obtener la mejor soluci\u00f3n inkjet industrial. DJM desarrolla y suministra componentes y consumibles duraderos. Su confiabilidad de inkjet personalizado Est\u00e1 buscando invertir en una soluci\u00f3n inkjet rentable para ampliar sus oportunidades de negocio. Debe ser un sistema confiable para maximizar el rendimiento de la l\u00ednea. La confiabilidad del sistema [&hellip;]<\/p>\n","protected":false},"author":4,"featured_media":0,"parent":0,"menu_order":0,"comment_status":"closed","ping_status":"closed","template":"","meta":{"footnotes":""},"class_list":["post-4543","page","type-page","status-publish","hentry"],"_links":{"self":[{"href":"https:\/\/www.djm.nl\/es\/wp-json\/wp\/v2\/pages\/4543","targetHints":{"allow":["GET"]}}],"collection":[{"href":"https:\/\/www.djm.nl\/es\/wp-json\/wp\/v2\/pages"}],"about":[{"href":"https:\/\/www.djm.nl\/es\/wp-json\/wp\/v2\/types\/page"}],"author":[{"embeddable":true,"href":"https:\/\/www.djm.nl\/es\/wp-json\/wp\/v2\/users\/4"}],"replies":[{"embeddable":true,"href":"https:\/\/www.djm.nl\/es\/wp-json\/wp\/v2\/comments?post=4543"}],"version-history":[{"count":19,"href":"https:\/\/www.djm.nl\/es\/wp-json\/wp\/v2\/pages\/4543\/revisions"}],"predecessor-version":[{"id":13622,"href":"https:\/\/www.djm.nl\/es\/wp-json\/wp\/v2\/pages\/4543\/revisions\/13622"}],"wp:attachment":[{"href":"https:\/\/www.djm.nl\/es\/wp-json\/wp\/v2\/media?parent=4543"}],"curies":[{"name":"wp","href":"https:\/\/api.w.org\/{rel}","templated":true}]}}