{"id":4539,"date":"2019-06-11T08:35:16","date_gmt":"2019-06-11T07:35:16","guid":{"rendered":"https:\/\/www.djm.nl\/?page_id=4539"},"modified":"2022-02-10T16:31:21","modified_gmt":"2022-02-10T15:31:21","slug":"samba","status":"publish","type":"page","link":"https:\/\/www.djm.nl\/es\/samba\/","title":{"rendered":"Samba"},"content":{"rendered":"<div id=\"pl-4539\"  class=\"panel-layout\" ><div id=\"pg-4539-0\"  class=\"panel-grid panel-no-style\" ><div id=\"pgc-4539-0-0\"  class=\"panel-grid-cell\" ><div id=\"panel-4539-0-0-0\" class=\"so-panel widget widget_sow-editor panel-first-child panel-last-child\" data-index=\"0\" ><div class=\"so-widget-sow-editor so-widget-sow-editor-base\">\n<div class=\"siteorigin-widget-tinymce textwidget\">\n\t<h2>Aumente su rendimiento y tiempo de actividad para una mayor rentabilidad con la tecnolog\u00eda del modulo de impresi\u00f3n Samba de DJM<\/h2>\n<h3>La \u00faltima tecnolog\u00eda en cabezales de impresi\u00f3n<\/h3>\n<div id=\"attachment_7292\" style=\"width: 254px\" class=\"wp-caption alignright\"><img aria-describedby=\"caption-attachment-7292\" loading=\"lazy\" decoding=\"async\" class=\"wp-image-7292 size-custom-size-250\" src=\"https:\/\/www.djm.nl\/wp-content\/uploads\/2021\/12\/Samba-244x250.png\" alt=\"\" width=\"244\" height=\"250\" srcset=\"https:\/\/www.djm.nl\/wp-content\/uploads\/2021\/12\/Samba-244x250.png 244w, https:\/\/www.djm.nl\/wp-content\/uploads\/2021\/12\/Samba-292x300.png 292w, https:\/\/www.djm.nl\/wp-content\/uploads\/2021\/12\/Samba-998x1024.png 998w, https:\/\/www.djm.nl\/wp-content\/uploads\/2021\/12\/Samba-768x788.png 768w, https:\/\/www.djm.nl\/wp-content\/uploads\/2021\/12\/Samba-195x200.png 195w, https:\/\/www.djm.nl\/wp-content\/uploads\/2021\/12\/Samba-146x150.png 146w, https:\/\/www.djm.nl\/wp-content\/uploads\/2021\/12\/Samba.png 1268w\" sizes=\"auto, (max-width: 244px) 100vw, 244px\" \/><p id=\"caption-attachment-7292\" class=\"wp-caption-text\">M\u00f3dulo de impresi\u00f3n Samba integrado en una rotativa offset<\/p><\/div>\n<p>La tecnolog\u00eda del m\u00f3dulo de impresi\u00f3n <strong>Samba<\/strong> utiliza el cabezal de impresi\u00f3n Samba piezoel\u00e9ctrico de 1.200 ppp de Fujifilm Dimatix. Este cabezal de impresi\u00f3n se caracteriza por la placa de boquillas en forma de paralelogramo que permite formar una barra de impresi\u00f3n recta. El cabezal de impresi\u00f3n est\u00e1 equipado con recirculaci\u00f3n de tinta interna y da como resultado un mayor tiempo de apertura de la tinta y, por lo tanto, se requiere menos limpieza del cabezal de impresi\u00f3n. Adem\u00e1s, hay disponible una amplia variedad de conjuntos de tintas a base de agua o UV para el sistema, por lo que hay disponible una tinta adecuada para cada aplicaci\u00f3n.<\/p>\n<p>El m\u00f3dulo de impresi\u00f3n <strong>Samba<\/strong> se puede utilizar para una amplia gama de aplicaciones. Dependiendo de la resoluci\u00f3n de impresi\u00f3n requerida por la aplicaci\u00f3n, son posibles velocidades de impresi\u00f3n de hasta 250 metros por minuto (a una resoluci\u00f3n de 1.200 x 600 ppp).<\/p>\n<h3>Escalabilidad<\/h3>\n<p>El ancho de impresi\u00f3n del m\u00f3dulo de impresi\u00f3n<strong> Samba<\/strong> se configura seg\u00fan los requisitos de aplicaci\u00f3n deseados. El m\u00f3dulo de impresi\u00f3n <strong>Samba<\/strong> se puede configurar con un solo cabezal de impresi\u00f3n o con m\u00faltiples cabezales de impresi\u00f3n que juntos forman una barra de impresi\u00f3n escalonada de hasta 100 pulgadas.<\/p>\n<h3>V\u00eda de crecimiento<\/h3>\n<p>Los m\u00f3dulos de impresi\u00f3n<strong> Samba<\/strong> se han desarrollado para un uso flexible. Un sistema monocromatico se puede expandir a un sistema full color, o incluso con colores adicionales como OVG o RGB para una gama de colores m\u00e1s amplia. Esto le brinda la oportunidad de hacer crecer el sistema de impresi\u00f3n con las necesidades de su negocio y proteger su inversi\u00f3n.<\/p>\n<h3>Uso flexible<\/h3>\n<p>Los m\u00f3dulos de impresi\u00f3n\u00a0<strong>Samba\u00a0<\/strong>son f\u00e1ciles de integrar, pero tambi\u00e9n se pueden utilizar como una soluci\u00f3n independiente.\u00a0Para sacar el m\u00e1ximo partido de su configuraci\u00f3n de impresi\u00f3n en t\u00e9rminos de flexibilidad, eficacia y rentabilidad, aplicamos principios como el m\u00e1ximo rendimiento, fiabilidad y facilidad de uso en cada proyecto.<\/p>\n<p>Para verificar la salida impresa, como c\u00f3digos 1D y 2D, ofrecemos sistemas de inspecci\u00f3n con c\u00e1mara.<\/p>\n<h3>Beneficios y ahorro de costos<\/h3>\n<p>La tecnolog\u00eda del m\u00f3dulo de impresi\u00f3n <strong>Samba<\/strong> viene con muchos beneficios y ahorros de costos, como mayor tiempo de actividad, tiempo de configuraci\u00f3n m\u00e1s r\u00e1pido, alta calidad de imagen, flexibilidad de tinta, sin costos de renovaci\u00f3n y muchos m\u00e1s.\u00a0 <a href=\"https:\/\/www.djm.nl\/es\/beneficios-y-ahorro-de-costos\/\">Leer m\u00e1s<\/a><\/p>\n<h3>Software del controlador<\/h3>\n<p>Para impulsar la tecnolog\u00eda del m\u00f3dulo de impresi\u00f3n, hemos desarrollado una plataforma de software del controlador completamente nueva. Esta nueva plataforma se basa en un motor de ripeo de software, lo que facilita la actualizaci\u00f3n. La plataforma de software del controlador DJM es compatible con diversos formatos de datos, como PDF, CSV, TIFF y BMP, lo que le proporciona la flexibilidad necesaria para ejecutar trabajos sin necesidad de una larga preparaci\u00f3n. <a href=\"https:\/\/www.djm.nl\/es\/products\/software-del-controlador\/\">Leer m\u00e1s<\/a><\/p>\n<h3>Socio confiable<\/h3>\n<p>Quiere un socio de negocios confiable, comprometido y calificado. Que prometa y cumpla. DJM es todo sobre inkjet. Con m\u00e1s de 28 a\u00f1os de experiencia, llevamos la tecnolog\u00eda inkjet industrial a sus l\u00edmites. Los l\u00edderes de la industria de la impresi\u00f3n de todo el mundo han recurrido a DJM para obtener soluciones inkjet porque aprecian nuestro enfoque personal y nuestra s\u00f3lida ingenier\u00eda. Nuestro objetivo es ofrecerle las mejores soluciones de impresi\u00f3n inkjet para una salida de datos variables de alta calidad y una mayor eficiencia. <a href=\"https:\/\/www.djm.nl\/es\/nuestras-promesas\/\">Lea nuestra promesa aqu\u00ed<\/a><\/p>\n<h3>Comience a integrar la excelencia digital<\/h3>\n<p><strong>Beneficios Samba<\/strong><\/p>\n<ul>\n<li>Alta calidad de imagen \u2013 1.200 ppp<\/li>\n<li>Alta velocidad \u2013 hasta 250 m\/min<\/li>\n<li>Flexibilidad de tintas<\/li>\n<li>Ancho escalable \u2013 hasta 100 pulgadas de ancho<\/li>\n<li>Costo efectivo<\/li>\n<\/ul>\n<p>&nbsp;<\/p>\n<\/div>\n<\/div><\/div><\/div><\/div><div id=\"pg-4539-1\"  class=\"panel-grid panel-no-style\" ><div id=\"pgc-4539-1-0\"  class=\"panel-grid-cell\" ><div id=\"panel-4539-1-0-0\" class=\"so-panel widget widget_sow-cta panel-first-child panel-last-child\" data-index=\"1\" ><div class=\"so-widget-sow-cta so-widget-sow-cta-default-4208922e6c26-4539\"><div class=\"sow-cta-base\">\n\n\t<div class=\"sow-cta-wrapper\">\n\n\t\t<div class=\"sow-cta-text\">\n\t\t\t<h4 class=\"sow-cta-title\">\u00bfEst\u00e1 buscando la mejor opci\u00f3n para complementar sus trabajos de impresi\u00f3n digital?<\/h4>\n\t\t\t<h5 class=\"sow-cta-subtitle\">inkjet significa libertad digital. DJM est\u00e1 seguro de proporcionar una soluci\u00f3n inkjet para satisfacer tanto a sus empresas como a las necesidades de sus clientes.<\/h5>\n\t\t<\/div>\n\n\t\t<div class=\"so-widget-sow-button so-widget-sow-button-atom-b4f6b6b19f96\"><div class=\"ow-button-base ow-button-align-center\">\n\t<a href=\"mailto:sales@djm.nl\" class=\"ow-icon-placement-left ow-button-hover\" \t\t>\n\t\t<span>\n\t\t\t\n\t\t\t CONT\u00c1CTENOS\t\t<\/span>\n\t<\/a>\n<\/div>\n<\/div>\n\t<\/div>\n\n<\/div>\n<\/div><\/div><\/div><\/div><\/div>","protected":false},"excerpt":{"rendered":"<p>Aumente su rendimiento y tiempo de actividad para una mayor rentabilidad con la tecnolog\u00eda del modulo de impresi\u00f3n Samba de DJM La \u00faltima tecnolog\u00eda en cabezales de impresi\u00f3n La tecnolog\u00eda del m\u00f3dulo de impresi\u00f3n Samba utiliza el cabezal de impresi\u00f3n Samba piezoel\u00e9ctrico de 1.200 ppp de Fujifilm Dimatix. Este cabezal de impresi\u00f3n se caracteriza por [&hellip;]<\/p>\n","protected":false},"author":4,"featured_media":0,"parent":0,"menu_order":0,"comment_status":"closed","ping_status":"closed","template":"","meta":{"footnotes":""},"class_list":["post-4539","page","type-page","status-publish","hentry"],"_links":{"self":[{"href":"https:\/\/www.djm.nl\/es\/wp-json\/wp\/v2\/pages\/4539","targetHints":{"allow":["GET"]}}],"collection":[{"href":"https:\/\/www.djm.nl\/es\/wp-json\/wp\/v2\/pages"}],"about":[{"href":"https:\/\/www.djm.nl\/es\/wp-json\/wp\/v2\/types\/page"}],"author":[{"embeddable":true,"href":"https:\/\/www.djm.nl\/es\/wp-json\/wp\/v2\/users\/4"}],"replies":[{"embeddable":true,"href":"https:\/\/www.djm.nl\/es\/wp-json\/wp\/v2\/comments?post=4539"}],"version-history":[{"count":11,"href":"https:\/\/www.djm.nl\/es\/wp-json\/wp\/v2\/pages\/4539\/revisions"}],"predecessor-version":[{"id":9802,"href":"https:\/\/www.djm.nl\/es\/wp-json\/wp\/v2\/pages\/4539\/revisions\/9802"}],"wp:attachment":[{"href":"https:\/\/www.djm.nl\/es\/wp-json\/wp\/v2\/media?parent=4539"}],"curies":[{"name":"wp","href":"https:\/\/api.w.org\/{rel}","templated":true}]}}