{"id":4529,"date":"2019-06-11T08:16:16","date_gmt":"2019-06-11T07:16:16","guid":{"rendered":"https:\/\/www.djm.nl\/?page_id=4529"},"modified":"2024-05-23T10:10:54","modified_gmt":"2024-05-23T09:10:54","slug":"software-de-impresion","status":"publish","type":"page","link":"https:\/\/www.djm.nl\/es\/products\/software-de-impresion\/","title":{"rendered":"Software de impresi\u00f3n"},"content":{"rendered":"<div id=\"pl-4529\"  class=\"panel-layout\" ><div id=\"pg-4529-0\"  class=\"panel-grid panel-no-style\" ><div id=\"pgc-4529-0-0\"  class=\"panel-grid-cell\" ><div id=\"panel-4529-0-0-0\" class=\"so-panel widget widget_sow-editor panel-first-child panel-last-child\" data-index=\"0\" ><div class=\"so-widget-sow-editor so-widget-sow-editor-base\">\n<div class=\"siteorigin-widget-tinymce textwidget\">\n\t<h3>Como proveedor de servicios de impresi\u00f3n, siempre se esfuerza por optimizar su flujo de trabajo para brindar a sus clientes una r\u00e1pida salida al mercado. \u00bfQu\u00e9 le parece ahorrar tiempo de operaci\u00f3n y capacitaci\u00f3n con nuestro software de impresi\u00f3n inkjet f\u00e1cil de usar?<\/h3>\n<h4>Su flujo de trabajo personalizado<\/h4>\n<div id=\"attachment_12755\" style=\"width: 310px\" class=\"wp-caption alignright\"><img aria-describedby=\"caption-attachment-12755\" loading=\"lazy\" decoding=\"async\" class=\"wp-image-12755 size-medium\" src=\"https:\/\/www.djm.nl\/wp-content\/uploads\/2024\/01\/controller-300x296.png\" alt=\"\" width=\"300\" height=\"296\" srcset=\"https:\/\/www.djm.nl\/wp-content\/uploads\/2024\/01\/controller-300x296.png 300w, https:\/\/www.djm.nl\/wp-content\/uploads\/2024\/01\/controller-1024x1012.png 1024w, https:\/\/www.djm.nl\/wp-content\/uploads\/2024\/01\/controller-768x759.png 768w, https:\/\/www.djm.nl\/wp-content\/uploads\/2024\/01\/controller-200x198.png 200w, https:\/\/www.djm.nl\/wp-content\/uploads\/2024\/01\/controller-250x247.png 250w, https:\/\/www.djm.nl\/wp-content\/uploads\/2024\/01\/controller-150x148.png 150w, https:\/\/www.djm.nl\/wp-content\/uploads\/2024\/01\/controller.png 1271w\" sizes=\"auto, (max-width: 300px) 100vw, 300px\" \/><p id=\"caption-attachment-12755\" class=\"wp-caption-text\">DJM Data Station con software OctiPus<\/p><\/div>\n<p>La <strong>OctiPus<\/strong> plataforma de software de impresi\u00f3n DJM es flexible, adaptable e \"independiente de la tecnolog\u00eda inkjet\". Con nuestra filosof\u00eda de ripeo en tiempo real, esta plataforma controla y combina varias tecnolog\u00edas de impresi\u00f3n inkjet independientes o sistemas m\u00faltiples en armon\u00eda. Cuenta con una interfaz de usuario eficiente e intuitiva basada en iconos. Las cualidades simples, claras y consistentes hacen que el software de administraci\u00f3n de impresi\u00f3n inkjet sea f\u00e1cil de usar y adoptar. Dejando tiempo para que el personal operativo marque la diferencia.<\/p>\n<h4>F\u00e1cil de usar, modular y on-the-fly<\/h4>\n<p>El software de impresi\u00f3n debe ser una inversi\u00f3n sostenible. Nos aseguramos de que la aplicaci\u00f3n se actualice continuamente de acuerdo con las tecnolog\u00edas inkjet actuales y futuras. Y debido a que la imaginaci\u00f3n viene en diferentes formatos, la plataforma de software lo ayuda a satisfacer las necesidades espec\u00edficas de los clientes. Sus cualidades h\u00edbridas lo hacen compatible con su sistema front-end para el procesamiento sin esfuerzo de varios flujos y formatos de datos.<\/p>\n<h4>Entrada de datos flexible<\/h4>\n<p>La plataforma de software de impresi\u00f3n DJM admite una variedad de formatos de datos, como PDF, CSV, TIFF, BMP, lo que le brinda la flexibilidad de ejecutar trabajos sin una preparaci\u00f3n que requiere mucho tiempo.<\/p>\n<h4>Administre su flujo de datos PDF<\/h4>\n<p>Para imprimir archivos PDF, el software de impresi\u00f3n debe tener el m\u00f3dulo de entrada PDF-RIP. Para optimizar la eficiencia de impresi\u00f3n para PDF, tenemos disponible el m\u00f3dulo Print Queue que permite operaciones como lote, pausa, reanudaci\u00f3n, cancelaci\u00f3n y el cambio de prioridad de los trabajos.<\/p>\n<h4>Crear dise\u00f1os de impresi\u00f3n con Designer<\/h4>\n<p>Los trabajos de impresi\u00f3n precisos y atractivos son una necesidad absoluta, crear dise\u00f1os espec\u00edficos para cada trabajo asegura de que pueda satisfacer la demanda. Con el m\u00f3dulo de entrada Designer puede hacer dise\u00f1os de impresi\u00f3n creativos basados en sus datos de entrada CSV, simplemente a\u00f1adiendo los diferentes frames (texto, c\u00f3digo de barras o imagen). Designer tiene una biblioteca de c\u00f3digos de barras incorporada con todos los c\u00f3digos 1D y 2D comunes.<\/p>\n<h4>Impresi\u00f3n de archivos<\/h4>\n<p>No hay problemas con las im\u00e1genes. Imprima una carpeta de archivos de imagen con diferentes extensiones en un trabajo de impresi\u00f3n. Tambi\u00e9n funciona de forma aut\u00f3noma.<\/p>\n<h4>Leer &amp; Imprimir<\/h4>\n<p>La integridad de los datos es importante para ganar y mantener la confianza de su cliente. Cuando un trabajo de impresi\u00f3n tiene que coincidir con un trabajo preimpreso, el m\u00f3dulo Leer e imprimir es el camino a seguir. Al escanear un c\u00f3digo de barras en el documento preimpreso, el software imprimir\u00e1 el documento correspondiente.<\/p>\n<h4>Maestro &amp; Esclavo<\/h4>\n<p>\u00bfControlar f\u00e1cilmente varias impresoras? Maestro-Esclavo es una interfaz para configurar m\u00faltiples cabezales de impresi\u00f3n e iniciar su aplicaci\u00f3n de impresi\u00f3n en un solo toque. Lo hace f\u00e1cilmente.<\/p>\n<h4>Interfaces personalizadas<\/h4>\n<p>Ofrecemos opciones de interfaz personalizadas para socios de soluciones. Esto garantiza que nuestra tecnolog\u00eda de impresi\u00f3n inkjet se integre de manera \u00f3ptima para obtener el m\u00e1ximo rendimiento y una facilidad de uso \u00f3ptima.<\/p>\n<p><strong>Beneficios OctiPus software<\/strong><\/p>\n<ul>\n<li>Desarrollado en casa<\/li>\n<li>PDF, CSV e imagenes<\/li>\n<li>Motor de ripeo basado en software<\/li>\n<li>Multi idioma<\/li>\n<li>Impulsado por iconos<\/li>\n<li>Herramientas de soporte remoto<\/li>\n<\/ul>\n<p>&nbsp;<\/p>\n<\/div>\n<\/div><\/div><\/div><\/div><div id=\"pg-4529-1\"  class=\"panel-grid panel-no-style\" ><div id=\"pgc-4529-1-0\"  class=\"panel-grid-cell\" ><div id=\"panel-4529-1-0-0\" class=\"so-panel widget widget_sow-cta panel-first-child panel-last-child\" data-index=\"1\" ><div class=\"so-widget-sow-cta so-widget-sow-cta-default-4208922e6c26-4529\"><div class=\"sow-cta-base\">\n\n\t<div class=\"sow-cta-wrapper\">\n\n\t\t<div class=\"sow-cta-text\">\n\t\t\t<h4 class=\"sow-cta-title\">\u00bfEst\u00e1 buscando la mejor opci\u00f3n para complementar sus trabajos de impresi\u00f3n digital?<\/h4>\n\t\t\t<h5 class=\"sow-cta-subtitle\">inkjet significa libertad digital. DJM est\u00e1 seguro de proporcionar una soluci\u00f3n inkjet para satisfacer tanto a su empresa como a las necesidades de sus clientes.<\/h5>\n\t\t<\/div>\n\n\t\t<div class=\"so-widget-sow-button so-widget-sow-button-atom-b4f6b6b19f96\"><div class=\"ow-button-base ow-button-align-center\">\n\t<a href=\"mailto:sales@djm.nl\" class=\"ow-icon-placement-left ow-button-hover\" \t\t>\n\t\t<span>\n\t\t\t\n\t\t\t CONT\u00c1CTENOS\t\t<\/span>\n\t<\/a>\n<\/div>\n<\/div>\n\t<\/div>\n\n<\/div>\n<\/div><\/div><\/div><\/div><\/div>","protected":false},"excerpt":{"rendered":"<p>Como proveedor de servicios de impresi\u00f3n, siempre se esfuerza por optimizar su flujo de trabajo para brindar a sus clientes una r\u00e1pida salida al mercado. \u00bfQu\u00e9 le parece ahorrar tiempo de operaci\u00f3n y capacitaci\u00f3n con nuestro software de impresi\u00f3n inkjet f\u00e1cil de usar? Su flujo de trabajo personalizado La OctiPus plataforma de software de impresi\u00f3n [&hellip;]<\/p>\n","protected":false},"author":4,"featured_media":0,"parent":4472,"menu_order":0,"comment_status":"closed","ping_status":"closed","template":"","meta":{"footnotes":""},"class_list":["post-4529","page","type-page","status-publish","hentry"],"_links":{"self":[{"href":"https:\/\/www.djm.nl\/es\/wp-json\/wp\/v2\/pages\/4529","targetHints":{"allow":["GET"]}}],"collection":[{"href":"https:\/\/www.djm.nl\/es\/wp-json\/wp\/v2\/pages"}],"about":[{"href":"https:\/\/www.djm.nl\/es\/wp-json\/wp\/v2\/types\/page"}],"author":[{"embeddable":true,"href":"https:\/\/www.djm.nl\/es\/wp-json\/wp\/v2\/users\/4"}],"replies":[{"embeddable":true,"href":"https:\/\/www.djm.nl\/es\/wp-json\/wp\/v2\/comments?post=4529"}],"version-history":[{"count":22,"href":"https:\/\/www.djm.nl\/es\/wp-json\/wp\/v2\/pages\/4529\/revisions"}],"predecessor-version":[{"id":13612,"href":"https:\/\/www.djm.nl\/es\/wp-json\/wp\/v2\/pages\/4529\/revisions\/13612"}],"up":[{"embeddable":true,"href":"https:\/\/www.djm.nl\/es\/wp-json\/wp\/v2\/pages\/4472"}],"wp:attachment":[{"href":"https:\/\/www.djm.nl\/es\/wp-json\/wp\/v2\/media?parent=4529"}],"curies":[{"name":"wp","href":"https:\/\/api.w.org\/{rel}","templated":true}]}}