{"id":4516,"date":"2019-06-06T12:45:56","date_gmt":"2019-06-06T11:45:56","guid":{"rendered":"https:\/\/www.djm.nl\/?page_id=4516"},"modified":"2024-05-23T09:24:07","modified_gmt":"2024-05-23T08:24:07","slug":"hp-color","status":"publish","type":"page","link":"https:\/\/www.djm.nl\/es\/hp-color\/","title":{"rendered":"HP color"},"content":{"rendered":"<div id=\"pl-4516\"  class=\"panel-layout\" ><div id=\"pg-4516-0\"  class=\"panel-grid panel-no-style\" ><div id=\"pgc-4516-0-0\"  class=\"panel-grid-cell\" ><div id=\"panel-4516-0-0-0\" class=\"so-panel widget widget_sow-editor panel-first-child\" data-index=\"0\" ><div class=\"so-widget-sow-editor so-widget-sow-editor-base\">\n<div class=\"siteorigin-widget-tinymce textwidget\">\n\t<h3>Maximice su producci\u00f3n con los m\u00f3dulos de impresi\u00f3n color HP DJM, f\u00e1ciles de usar y dise\u00f1ados para su integraci\u00f3n<\/h3>\n<h4>Tecnolog\u00eda del cabezal de impresi\u00f3n<\/h4>\n<div id=\"attachment_7264\" style=\"width: 260px\" class=\"wp-caption alignright\"><img aria-describedby=\"caption-attachment-7264\" loading=\"lazy\" decoding=\"async\" class=\"wp-image-7264 size-custom-size-250\" src=\"https:\/\/www.djm.nl\/wp-content\/uploads\/2021\/12\/print-module-rond-250x250.png\" alt=\"\" width=\"250\" height=\"250\" srcset=\"https:\/\/www.djm.nl\/wp-content\/uploads\/2021\/12\/print-module-rond-250x250.png 250w, https:\/\/www.djm.nl\/wp-content\/uploads\/2021\/12\/print-module-rond-300x300.png 300w, https:\/\/www.djm.nl\/wp-content\/uploads\/2021\/12\/print-module-rond-1021x1024.png 1021w, https:\/\/www.djm.nl\/wp-content\/uploads\/2021\/12\/print-module-rond-150x150.png 150w, https:\/\/www.djm.nl\/wp-content\/uploads\/2021\/12\/print-module-rond-768x771.png 768w, https:\/\/www.djm.nl\/wp-content\/uploads\/2021\/12\/print-module-rond-200x200.png 200w, https:\/\/www.djm.nl\/wp-content\/uploads\/2021\/12\/print-module-rond.png 1171w\" sizes=\"auto, (max-width: 250px) 100vw, 250px\" \/><p id=\"caption-attachment-7264\" class=\"wp-caption-text\">M\u00f3dulo de impresi\u00f3n en color HP de 4,25 pulgadas<\/p><\/div>\n<p>Los m\u00f3dulos de impresi\u00f3n color HP utilizan la tecnolog\u00eda de cabezal t\u00e9rmico TIJ4.0 de HP y se caracterizan por su alta calidad de imagen. Los m\u00f3dulos de impresi\u00f3n cuentan con una estaci\u00f3n de servicio integrada a los cabezales de impresi\u00f3n y permite tapar y limpiar el cabezal de impresi\u00f3n. Esta rutina automatizada se controla desde el software, lo que garantiza la m\u00e1xima facilidad de uso y tiempos cortos de preparaci\u00f3n.<\/p>\n<h4>Escalabilidad<\/h4>\n<p>El ancho de impresi\u00f3n de un solo m\u00f3dulo de impresi\u00f3n en <strong>color HP<\/strong> es de 4,25 pulgadas. Pero si su aplicaci\u00f3n lo requiere, se pueden usar m\u00faltiples m\u00f3dulos de impresi\u00f3n para aumentar el ancho de impresi\u00f3n. Hay tres versiones disponibles, <strong>C250<\/strong>, <strong>C500<\/strong> y <strong>C800<\/strong>, que pueden manejar velocidades de hasta 244 metros por minuto.<\/p>\n<h4>F\u00e1cil de usar<\/h4>\n<p>En caso de que sea necesario reemplazar un cabezal de impresi\u00f3n, es una operaci\u00f3n simple que puede realizar el operador. El sistema incluye un sistema de suministro de tinta externo basado en cartuchos. El sistema contiene dos cartuchos por color y lo hace redundante. Los cartuchos se pueden cambiar durante la producci\u00f3n.<\/p>\n<p>Para m\u00faltiples configuraciones de m\u00f3dulos de impresi\u00f3n color de HP, DJM ha desarrollado un sistema de suministro de tinta a granel que permite la integraci\u00f3n de contenedores de tinta y hace que la producci\u00f3n sea a\u00fan m\u00e1s rentable.<\/p>\n<h4>Uso Flexible<\/h4>\n<p>Los m\u00f3dulos de impresi\u00f3n <strong>color HP<\/strong> son f\u00e1ciles de integrar, pero tambi\u00e9n se pueden utilizar como una soluci\u00f3n independiente. Para aprovechar al m\u00e1ximo su configuraci\u00f3n de impresi\u00f3n en t\u00e9rminos de flexibilidad, eficacia y rentabilidad, aplicamos principios como el m\u00e1ximo rendimiento, la fiabilidad y la facilidad de uso en cada proyecto.<\/p>\n<h4>Software del controlador<\/h4>\n<p>Para impulsar la tecnolog\u00eda del m\u00f3dulo de impresi\u00f3n, hemos desarrollado una plataforma de software del controlador completamente nueva. Esta nueva plataforma se basa en un motor de ripeo de software, lo que facilita la actualizaci\u00f3n. La plataforma de software del controlador DJM es compatible con diversos formatos de datos, como PDF, CSV, TIFF y BMP, lo que le proporciona la flexibilidad necesaria para ejecutar trabajos sin necesidad de una larga preparaci\u00f3n. <a href=\"https:\/\/www.djm.nl\/es\/products\/software-del-controlador\/\">Leer m\u00e1s<\/a><\/p>\n<h4>Socio confiable<\/h4>\n<p>Quiere un socio de negocios confiable, comprometido y calificado. Que prometa y cumpla. DJM es todo sobre inkjet. Con m\u00e1s de 30 a\u00f1os de experiencia, llevamos la tecnolog\u00eda inkjet industrial a sus l\u00edmites. Los l\u00edderes de la industria de la impresi\u00f3n de todo el mundo han recurrido a DJM para obtener soluciones inkjet porque aprecian nuestro enfoque personal y nuestra s\u00f3lida ingenier\u00eda. Nuestro objetivo es ofrecerle las mejores soluciones de impresi\u00f3n inkjet para una salida de datos variables de alta calidad y una mayor eficiencia. <a href=\"https:\/\/www.djm.nl\/es\/nuestras-promesas\/\">Lea nuestra promesa aqu\u00ed<\/a><\/p>\n<h4><\/h4>\n<h4>Beneficios color HP<\/h4>\n<ul>\n<li>F\u00e1cil integraci\u00f3n<\/li>\n<li>Limpieza automatizada<\/li>\n<li>Productivo - hasta 244 m\/min<\/li>\n<li>F\u00e1cil de usar<\/li>\n<li>Alta calidad de imagen<\/li>\n<\/ul>\n<\/div>\n<\/div><\/div><div id=\"panel-4516-0-0-1\" class=\"so-panel widget widget_sow-video panel-last-child\" data-index=\"1\" ><div class=\"so-widget-sow-video so-widget-sow-video-base\">\n<div class=\"sow-video-wrapper\">\n\t\t\t<video\n\t\t\t\t\t\t\tid=\"sow-player-1\" \t\t\t\t\t\t\tclass=\"sow-video-widget\" \t\t\t\t\t\t\tpreload=\"auto\" \t\t\t\t\t\t\tstyle=\"width:100%;height:100%;\" \t\t\t\t\t\t\t\t>\n\t\t\t\t\t\t\t<source type=\"\" src=\"https:\/\/www.youtube.com\/watch?time_continue=8&#038;v=0FsoW8QiBlQ\"\/>\n\t\t\t\t\t<\/video>\n\t<\/div>\n<\/div><\/div><\/div><\/div><div id=\"pg-4516-1\"  class=\"panel-grid panel-no-style\" ><div id=\"pgc-4516-1-0\"  class=\"panel-grid-cell\" ><div id=\"panel-4516-1-0-0\" class=\"so-panel widget widget_sow-editor panel-first-child panel-last-child\" data-index=\"2\" ><div class=\"so-widget-sow-editor so-widget-sow-editor-base\">\n<div class=\"siteorigin-widget-tinymce textwidget\">\n\t<h3>Printhead<\/h3>\n<p><img loading=\"lazy\" decoding=\"async\" class=\"alignleft size-custom-size-200 wp-image-9026\" src=\"https:\/\/www.djm.nl\/wp-content\/uploads\/2022\/01\/PH-8-200x194.png\" alt=\"\" width=\"200\" height=\"194\" srcset=\"https:\/\/www.djm.nl\/wp-content\/uploads\/2022\/01\/PH-8-200x194.png 200w, https:\/\/www.djm.nl\/wp-content\/uploads\/2022\/01\/PH-8-300x291.png 300w, https:\/\/www.djm.nl\/wp-content\/uploads\/2022\/01\/PH-8-250x242.png 250w, https:\/\/www.djm.nl\/wp-content\/uploads\/2022\/01\/PH-8-150x145.png 150w, https:\/\/www.djm.nl\/wp-content\/uploads\/2022\/01\/PH-8.png 618w\" sizes=\"auto, (max-width: 200px) 100vw, 200px\" \/><\/p>\n<\/div>\n<\/div><\/div><\/div><div id=\"pgc-4516-1-1\"  class=\"panel-grid-cell\" ><div id=\"panel-4516-1-1-0\" class=\"so-panel widget widget_sow-editor panel-first-child panel-last-child\" data-index=\"3\" ><div class=\"so-widget-sow-editor so-widget-sow-editor-base\">\n<div class=\"siteorigin-widget-tinymce textwidget\">\n\t<h3>Cartuchos de tinta<\/h3>\n<p><img loading=\"lazy\" decoding=\"async\" class=\"alignleft wp-image-9036 size-custom-size-200\" src=\"https:\/\/www.djm.nl\/wp-content\/uploads\/2022\/01\/Schermafbeelding-2018-05-29-om-09.06.27-200x95.png\" alt=\"\" width=\"200\" height=\"95\" srcset=\"https:\/\/www.djm.nl\/wp-content\/uploads\/2022\/01\/Schermafbeelding-2018-05-29-om-09.06.27-200x95.png 200w, https:\/\/www.djm.nl\/wp-content\/uploads\/2022\/01\/Schermafbeelding-2018-05-29-om-09.06.27-300x143.png 300w, https:\/\/www.djm.nl\/wp-content\/uploads\/2022\/01\/Schermafbeelding-2018-05-29-om-09.06.27-250x119.png 250w, https:\/\/www.djm.nl\/wp-content\/uploads\/2022\/01\/Schermafbeelding-2018-05-29-om-09.06.27-150x71.png 150w, https:\/\/www.djm.nl\/wp-content\/uploads\/2022\/01\/Schermafbeelding-2018-05-29-om-09.06.27.png 444w\" sizes=\"auto, (max-width: 200px) 100vw, 200px\" \/><\/p>\n<\/div>\n<\/div><\/div><\/div><div id=\"pgc-4516-1-2\"  class=\"panel-grid-cell\" ><div id=\"panel-4516-1-2-0\" class=\"so-panel widget widget_sow-editor panel-first-child panel-last-child\" data-index=\"4\" ><div class=\"so-widget-sow-editor so-widget-sow-editor-base\">\n<div class=\"siteorigin-widget-tinymce textwidget\">\n\t<h3>Wiper<\/h3>\n<p><img loading=\"lazy\" decoding=\"async\" class=\"alignleft size-custom-size-200 wp-image-9051\" src=\"https:\/\/www.djm.nl\/wp-content\/uploads\/2022\/01\/cleaner-small-200x133.png\" alt=\"\" width=\"200\" height=\"133\" srcset=\"https:\/\/www.djm.nl\/wp-content\/uploads\/2022\/01\/cleaner-small-200x133.png 200w, https:\/\/www.djm.nl\/wp-content\/uploads\/2022\/01\/cleaner-small-300x199.png 300w, https:\/\/www.djm.nl\/wp-content\/uploads\/2022\/01\/cleaner-small-1024x679.png 1024w, https:\/\/www.djm.nl\/wp-content\/uploads\/2022\/01\/cleaner-small-768x509.png 768w, https:\/\/www.djm.nl\/wp-content\/uploads\/2022\/01\/cleaner-small-1536x1018.png 1536w, https:\/\/www.djm.nl\/wp-content\/uploads\/2022\/01\/cleaner-small-2048x1358.png 2048w, https:\/\/www.djm.nl\/wp-content\/uploads\/2022\/01\/cleaner-small-250x166.png 250w, https:\/\/www.djm.nl\/wp-content\/uploads\/2022\/01\/cleaner-small-150x99.png 150w, https:\/\/www.djm.nl\/wp-content\/uploads\/2022\/01\/cleaner-small-272x182.png 272w\" sizes=\"auto, (max-width: 200px) 100vw, 200px\" \/><\/p>\n<\/div>\n<\/div><\/div><\/div><\/div><div id=\"pg-4516-2\"  class=\"panel-grid panel-no-style\" ><div id=\"pgc-4516-2-0\"  class=\"panel-grid-cell\" ><div id=\"panel-4516-2-0-0\" class=\"so-panel widget widget_sow-cta panel-first-child panel-last-child\" data-index=\"5\" ><div class=\"so-widget-sow-cta so-widget-sow-cta-default-4208922e6c26-4516\"><div class=\"sow-cta-base\">\n\n\t<div class=\"sow-cta-wrapper\">\n\n\t\t<div class=\"sow-cta-text\">\n\t\t\t<h4 class=\"sow-cta-title\">\u00bfEst\u00e1 buscando la mejor opci\u00f3n para complementar sus trabajos de impresi\u00f3n digital?<\/h4>\n\t\t\t<h5 class=\"sow-cta-subtitle\">Inkjet significa libertad digital. DJM est\u00e1 seguro de proporcionar una soluci\u00f3n inkjet para satisfacer tanto a su empresa como a las necesidades de sus clientes.<\/h5>\n\t\t<\/div>\n\n\t\t<div class=\"so-widget-sow-button so-widget-sow-button-atom-b4f6b6b19f96\"><div class=\"ow-button-base ow-button-align-center\">\n\t<a href=\"mailto:sales@djm.nl\" class=\"ow-icon-placement-left ow-button-hover\" \t\t>\n\t\t<span>\n\t\t\t\n\t\t\tCont\u00e1ctenos\t\t<\/span>\n\t<\/a>\n<\/div>\n<\/div>\n\t<\/div>\n\n<\/div>\n<\/div><\/div><\/div><\/div><\/div>","protected":false},"excerpt":{"rendered":"<p>Maximice su producci\u00f3n con los m\u00f3dulos de impresi\u00f3n color HP DJM, f\u00e1ciles de usar y dise\u00f1ados para su integraci\u00f3n Tecnolog\u00eda del cabezal de impresi\u00f3n Los m\u00f3dulos de impresi\u00f3n color HP utilizan la tecnolog\u00eda de cabezal t\u00e9rmico TIJ4.0 de HP y se caracterizan por su alta calidad de imagen. Los m\u00f3dulos de impresi\u00f3n cuentan con una [&hellip;]<\/p>\n","protected":false},"author":4,"featured_media":0,"parent":0,"menu_order":0,"comment_status":"closed","ping_status":"closed","template":"","meta":{"footnotes":""},"class_list":["post-4516","page","type-page","status-publish","hentry"],"_links":{"self":[{"href":"https:\/\/www.djm.nl\/es\/wp-json\/wp\/v2\/pages\/4516","targetHints":{"allow":["GET"]}}],"collection":[{"href":"https:\/\/www.djm.nl\/es\/wp-json\/wp\/v2\/pages"}],"about":[{"href":"https:\/\/www.djm.nl\/es\/wp-json\/wp\/v2\/types\/page"}],"author":[{"embeddable":true,"href":"https:\/\/www.djm.nl\/es\/wp-json\/wp\/v2\/users\/4"}],"replies":[{"embeddable":true,"href":"https:\/\/www.djm.nl\/es\/wp-json\/wp\/v2\/comments?post=4516"}],"version-history":[{"count":22,"href":"https:\/\/www.djm.nl\/es\/wp-json\/wp\/v2\/pages\/4516\/revisions"}],"predecessor-version":[{"id":13591,"href":"https:\/\/www.djm.nl\/es\/wp-json\/wp\/v2\/pages\/4516\/revisions\/13591"}],"wp:attachment":[{"href":"https:\/\/www.djm.nl\/es\/wp-json\/wp\/v2\/media?parent=4516"}],"curies":[{"name":"wp","href":"https:\/\/api.w.org\/{rel}","templated":true}]}}