{"id":4508,"date":"2019-06-06T12:19:14","date_gmt":"2019-06-06T11:19:14","guid":{"rendered":"https:\/\/www.djm.nl\/?page_id=4508"},"modified":"2024-05-23T08:25:06","modified_gmt":"2024-05-23T07:25:06","slug":"ultra-uv","status":"publish","type":"page","link":"https:\/\/www.djm.nl\/es\/ultra-uv\/","title":{"rendered":"Ultra UV"},"content":{"rendered":"<div id=\"pl-4508\"  class=\"panel-layout\" ><div id=\"pg-4508-0\"  class=\"panel-grid panel-no-style\" ><div id=\"pgc-4508-0-0\"  class=\"panel-grid-cell\" ><div id=\"panel-4508-0-0-0\" class=\"so-panel widget widget_sow-editor panel-first-child panel-last-child\" data-index=\"0\" ><div class=\"so-widget-sow-editor so-widget-sow-editor-base\">\n<div class=\"siteorigin-widget-tinymce textwidget\">\n\t<h3>Aumente su rendimiento y tiempo de actividad para una mayor rentabilidad con la tecnolog\u00eda de m\u00f3dulo de impresi\u00f3n Ultra UV de DJM<\/h3>\n<h4>Tecnolog\u00eda del cabezal de impresi\u00f3n<img loading=\"lazy\" decoding=\"async\" class=\"alignright size-medium wp-image-7285\" src=\"https:\/\/www.djm.nl\/wp-content\/uploads\/2021\/12\/Ultra-HS-298x300.png\" alt=\"\" width=\"298\" height=\"300\" srcset=\"https:\/\/www.djm.nl\/wp-content\/uploads\/2021\/12\/Ultra-HS-298x300.png 298w, https:\/\/www.djm.nl\/wp-content\/uploads\/2021\/12\/Ultra-HS-150x150.png 150w, https:\/\/www.djm.nl\/wp-content\/uploads\/2021\/12\/Ultra-HS-768x774.png 768w, https:\/\/www.djm.nl\/wp-content\/uploads\/2021\/12\/Ultra-HS-200x200.png 200w, https:\/\/www.djm.nl\/wp-content\/uploads\/2021\/12\/Ultra-HS-248x250.png 248w, https:\/\/www.djm.nl\/wp-content\/uploads\/2021\/12\/Ultra-HS.png 797w\" sizes=\"auto, (max-width: 298px) 100vw, 298px\" \/><\/h4>\n<p>La tecnolog\u00eda del m\u00f3dulo de impresi\u00f3n <strong>Ultra UV<\/strong> utiliza el ultimo cabezal de impresi\u00f3n piezoel\u00e9ctrico de 600 dpi lanzado por Kyocera. Este cabezal de impresi\u00f3n se caracteriza por la excelente rectitud del chorro de tinta, construcci\u00f3n s\u00f3lida con una placa de boquillas de acero. Adem\u00e1s, hay disponible una amplia variedad de conjuntos de tintas a base de UV para el sistema, por lo que hay disponible una tinta adecuada para cada aplicaci\u00f3n.<\/p>\n<p>El m\u00f3dulo de impresi\u00f3n <strong>Ultra UV<\/strong> puede utilizarse para una amplia gama de aplicaciones. Dependiendo de la resoluci\u00f3n de impresi\u00f3n requerida para la aplicaci\u00f3n, son posibles velocidades de impresi\u00f3n de hasta 150 metros por minuto (con una resoluci\u00f3n de 600 x 300 ppp).<\/p>\n<h4>Escalabilidad<\/h4>\n<p>El ancho de impresi\u00f3n del m\u00f3dulo de impresi\u00f3n <strong>Ultra UV<\/strong> se configura seg\u00fan los requisitos de aplicaci\u00f3n deseados. El m\u00f3dulo de impresi\u00f3n Ultra UV se puede configurar con un solo cabezal de impresi\u00f3n o con m\u00faltiples cabezales de impresi\u00f3n que juntos forman una barra de impresi\u00f3n escalonada de hasta 100 pulgadas.<\/p>\n<h4>V\u00eda de crecimiento<\/h4>\n<p>Los m\u00f3dulos de impresi\u00f3n <strong>Ultra UV<\/strong> se han desarrollado para un uso flexible. Un sistema monocromatico se puede expandir a un sistema full color, o incluso con colores adicionales como OVG o RGB para una gama de colores m\u00e1s amplia. Esto le brinda la oportunidad de hacer crecer el sistema de impresi\u00f3n con las necesidades de su negocio y proteger su inversi\u00f3n.<\/p>\n<h4>Uso Flexible<\/h4>\n<p>Los m\u00f3dulos de impresi\u00f3n\u00a0<strong>Ultra UV<\/strong>\u00a0son f\u00e1ciles de integrar, pero tambi\u00e9n se pueden utilizar como una soluci\u00f3n independiente.\u00a0Para sacar el m\u00e1ximo partido de su configuraci\u00f3n de impresi\u00f3n en t\u00e9rminos de flexibilidad, eficacia y rentabilidad, aplicamos principios como el m\u00e1ximo rendimiento, fiabilidad y facilidad de uso en cada proyecto.<\/p>\n<p>Para verificar la salida impresa, como c\u00f3digos 1D y 2D, ofrecemos sistemas de inspecci\u00f3n con c\u00e1mara.<\/p>\n<h4>Software del controlador<\/h4>\n<p>Para impulsar la tecnolog\u00eda del m\u00f3dulo de impresi\u00f3n, hemos desarrollado una plataforma de software del controlador completamente nueva. Esta nueva plataforma se basa en un motor de ripeo de software, lo que facilita la actualizaci\u00f3n. La plataforma de software del controlador DJM es compatible con diversos formatos de datos, como PDF, CSV, TIFF y BMP, lo que le proporciona la flexibilidad necesaria para ejecutar trabajos sin necesidad de una larga preparaci\u00f3n. <a href=\"https:\/\/www.djm.nl\/es\/products\/software-del-controlador\/\">Leer m\u00e1s<\/a><\/p>\n<h4>Beneficios y ahorro de costos<\/h4>\n<p>La tecnolog\u00eda del m\u00f3dulo de impresi\u00f3n <strong>Ultra UV<\/strong> viene con muchos beneficios y ahorros de costos, como mayor tiempo de actividad, tiempo de configuraci\u00f3n m\u00e1s r\u00e1pido, alta calidad de imagen, flexibilidad de tinta, sin costos de renovaci\u00f3n y muchos m\u00e1s. <a href=\"https:\/\/www.djm.nl\/es\/beneficios-y-ahorro-de-costos\/\">Leer m\u00e1s<\/a><\/p>\n<h4>Socio confiable<\/h4>\n<p>Quiere un socio de negocios confiable, comprometido y calificado. Que prometa y cumpla. DJM es todo sobre inkjet. Con m\u00e1s de 30 a\u00f1os de experiencia, llevamos la tecnolog\u00eda inkjet industrial a sus l\u00edmites. Los l\u00edderes de la industria de la impresi\u00f3n de todo el mundo han recurrido a DJM para obtener soluciones inkjet porque aprecian nuestro enfoque personal y nuestra s\u00f3lida ingenier\u00eda. Nuestro objetivo es ofrecerle las mejores soluciones de impresi\u00f3n inkjet para una salida de datos variables de alta calidad y una mayor eficiencia. <a href=\"https:\/\/www.djm.nl\/es\/nuestras-promesas\/\">Lea nuestra promesa aqu\u00ed<\/a><\/p>\n<h4>Comience a integrar la excelencia digital<\/h4>\n<p>&nbsp;<\/p>\n<h4>Beneficios Ultra UV<\/h4>\n<ul>\n<li>F\u00e1cil de integrar<\/li>\n<li>Alta velocidad \u2013 hasta 150 m\/min<\/li>\n<li>Flexibilidad de tintas base UV<\/li>\n<li>Ancho escalable \u2013 hasta 100 pulgadas de ancho<\/li>\n<li>Costo efectivo<\/li>\n<\/ul>\n<p>&nbsp;<\/p>\n<\/div>\n<\/div><\/div><\/div><\/div><div id=\"pg-4508-1\"  class=\"panel-grid panel-no-style\" ><div id=\"pgc-4508-1-0\"  class=\"panel-grid-cell\" ><div id=\"panel-4508-1-0-0\" class=\"so-panel widget widget_sow-cta panel-first-child panel-last-child\" data-index=\"1\" ><div class=\"so-widget-sow-cta so-widget-sow-cta-default-4208922e6c26-4508\"><div class=\"sow-cta-base\">\n\n\t<div class=\"sow-cta-wrapper\">\n\n\t\t<div class=\"sow-cta-text\">\n\t\t\t<h4 class=\"sow-cta-title\">\u00bfEst\u00e1 buscando una soluci\u00f3n de impresi\u00f3n inkjet completa para ejecutar su aplicaci\u00f3n?<\/h4>\n\t\t\t<h5 class=\"sow-cta-subtitle\">\u00a1No busque m\u00e1s, podemos ofrecerle una soluci\u00f3n a medida que supere sus expectativas!<\/h5>\n\t\t<\/div>\n\n\t\t<div class=\"so-widget-sow-button so-widget-sow-button-atom-b4f6b6b19f96\"><div class=\"ow-button-base ow-button-align-center\">\n\t<a href=\"mailto:sales@djm.nl\" class=\"ow-icon-placement-left ow-button-hover\" \t\t>\n\t\t<span>\n\t\t\t\n\t\t\tCont\u00e1ctenos\t\t<\/span>\n\t<\/a>\n<\/div>\n<\/div>\n\t<\/div>\n\n<\/div>\n<\/div><\/div><\/div><\/div><\/div>","protected":false},"excerpt":{"rendered":"<p>Aumente su rendimiento y tiempo de actividad para una mayor rentabilidad con la tecnolog\u00eda de m\u00f3dulo de impresi\u00f3n Ultra UV de DJM Tecnolog\u00eda del cabezal de impresi\u00f3n La tecnolog\u00eda del m\u00f3dulo de impresi\u00f3n Ultra UV utiliza el ultimo cabezal de impresi\u00f3n piezoel\u00e9ctrico de 600 dpi lanzado por Kyocera. Este cabezal de impresi\u00f3n se caracteriza por [&hellip;]<\/p>\n","protected":false},"author":4,"featured_media":0,"parent":0,"menu_order":0,"comment_status":"closed","ping_status":"closed","template":"","meta":{"footnotes":""},"class_list":["post-4508","page","type-page","status-publish","hentry"],"_links":{"self":[{"href":"https:\/\/www.djm.nl\/es\/wp-json\/wp\/v2\/pages\/4508","targetHints":{"allow":["GET"]}}],"collection":[{"href":"https:\/\/www.djm.nl\/es\/wp-json\/wp\/v2\/pages"}],"about":[{"href":"https:\/\/www.djm.nl\/es\/wp-json\/wp\/v2\/types\/page"}],"author":[{"embeddable":true,"href":"https:\/\/www.djm.nl\/es\/wp-json\/wp\/v2\/users\/4"}],"replies":[{"embeddable":true,"href":"https:\/\/www.djm.nl\/es\/wp-json\/wp\/v2\/comments?post=4508"}],"version-history":[{"count":28,"href":"https:\/\/www.djm.nl\/es\/wp-json\/wp\/v2\/pages\/4508\/revisions"}],"predecessor-version":[{"id":13552,"href":"https:\/\/www.djm.nl\/es\/wp-json\/wp\/v2\/pages\/4508\/revisions\/13552"}],"wp:attachment":[{"href":"https:\/\/www.djm.nl\/es\/wp-json\/wp\/v2\/media?parent=4508"}],"curies":[{"name":"wp","href":"https:\/\/api.w.org\/{rel}","templated":true}]}}