{"id":4472,"date":"2019-06-05T14:29:56","date_gmt":"2019-06-05T13:29:56","guid":{"rendered":"https:\/\/www.djm.nl\/?page_id=4472"},"modified":"2024-05-23T16:22:34","modified_gmt":"2024-05-23T15:22:34","slug":"products","status":"publish","type":"page","link":"https:\/\/www.djm.nl\/es\/products\/","title":{"rendered":"Productos"},"content":{"rendered":"<div id=\"pl-4472\"  class=\"panel-layout\" ><div id=\"pg-4472-0\"  class=\"panel-grid panel-no-style\" ><div id=\"pgc-4472-0-0\"  class=\"panel-grid-cell\" ><div id=\"panel-4472-0-0-0\" class=\"so-panel widget widget_sow-editor panel-first-child\" data-index=\"0\" ><div class=\"so-widget-sow-editor so-widget-sow-editor-base\">\n<div class=\"siteorigin-widget-tinymce textwidget\">\n\t<h3>Una amplia cartera con un enfoque de \"la mejor soluci\u00f3n para cada aplicaci\u00f3n\"<\/h3>\n<p>La impresi\u00f3n inkjet es la tecnolog\u00eda para imprimir con datos variables y ha tenido un gran impacto en diferentes mercados, procesos de producci\u00f3n y aplicaciones.<\/p>\n<p>Los datos variables se utilizan para imprimir, por ejemplo, c\u00f3digos de seguimiento, personalizaci\u00f3n, cambios de idioma, direcciones, etc. Adem\u00e1s, existe una demanda cada vez mayor de producci\u00f3n en tiradas peque\u00f1as, por ejemplo para flexibilizar la cadena de suministro estableciendo la producci\u00f3n en una base impulsada por la demanda.<\/p>\n<h4>Perspectivas diferentes<\/h4>\n<p>Existe inter\u00e9s en la impresi\u00f3n variable en toda la cadena de suministro: desde fabricantes, convertidores y reenvasadores hasta propietarios de marcas: todos ven los beneficios.<\/p>\n<h4>Cada proyecto es diferente<\/h4>\n<p>Desde la perspectiva de la inyecci\u00f3n de tinta, cada proyecto es diferente en cuanto al sustrato (poroso o no poroso), la tinta (tinta a base de agua, tinta UV, tinta invisible, tinta comestible), la velocidad de impresi\u00f3n, la cantidad de colores, etc.<\/p>\n<h4>La mejor soluci\u00f3n para cada aplicaci\u00f3n<\/h4>\n<p>Para cumplir con todos estos requisitos, DJM ha creado una amplia cartera basada en diversas tecnolog\u00edas de impresi\u00f3n por inyecci\u00f3n de tinta.<\/p>\n<\/div>\n<\/div><\/div><div id=\"panel-4472-0-0-1\" class=\"so-panel widget widget_sow-editor panel-last-child\" data-index=\"1\" ><div class=\"so-widget-sow-editor so-widget-sow-editor-base\">\n<div class=\"siteorigin-widget-tinymce textwidget\">\n\t<p><img loading=\"lazy\" decoding=\"async\" class=\"aligncenter wp-image-13631\" src=\"https:\/\/www.djm.nl\/wp-content\/uploads\/2024\/05\/overview-the-range.jpg\" alt=\"\" width=\"1199\" height=\"665\" srcset=\"https:\/\/www.djm.nl\/wp-content\/uploads\/2024\/05\/overview-the-range.jpg 898w, https:\/\/www.djm.nl\/wp-content\/uploads\/2024\/05\/overview-the-range-300x166.jpg 300w, https:\/\/www.djm.nl\/wp-content\/uploads\/2024\/05\/overview-the-range-768x426.jpg 768w, https:\/\/www.djm.nl\/wp-content\/uploads\/2024\/05\/overview-the-range-200x111.jpg 200w, https:\/\/www.djm.nl\/wp-content\/uploads\/2024\/05\/overview-the-range-250x139.jpg 250w, https:\/\/www.djm.nl\/wp-content\/uploads\/2024\/05\/overview-the-range-150x83.jpg 150w\" sizes=\"auto, (max-width: 1199px) 100vw, 1199px\" \/><\/p>\n<\/div>\n<\/div><\/div><\/div><\/div><div id=\"pg-4472-1\"  class=\"panel-grid panel-no-style\" ><div id=\"pgc-4472-1-0\"  class=\"panel-grid-cell\" ><div id=\"panel-4472-1-0-0\" class=\"so-panel widget widget_sow-editor panel-first-child\" data-index=\"2\" ><div class=\"so-widget-sow-editor so-widget-sow-editor-base\">\n<div class=\"siteorigin-widget-tinymce textwidget\">\n\t<h3 style=\"text-align: center;\">Eureka<img loading=\"lazy\" decoding=\"async\" class=\"aligncenter wp-image-13504 size-custom-size-250\" src=\"https:\/\/www.djm.nl\/wp-content\/uploads\/2024\/05\/eureka-module-image-250x250.png\" alt=\"\" width=\"250\" height=\"250\" srcset=\"https:\/\/www.djm.nl\/wp-content\/uploads\/2024\/05\/eureka-module-image-250x250.png 250w, https:\/\/www.djm.nl\/wp-content\/uploads\/2024\/05\/eureka-module-image-300x300.png 300w, https:\/\/www.djm.nl\/wp-content\/uploads\/2024\/05\/eureka-module-image-150x150.png 150w, https:\/\/www.djm.nl\/wp-content\/uploads\/2024\/05\/eureka-module-image-200x200.png 200w, https:\/\/www.djm.nl\/wp-content\/uploads\/2024\/05\/eureka-module-image.png 508w\" sizes=\"auto, (max-width: 250px) 100vw, 250px\" \/><\/h3>\n<p style=\"text-align: center;\"><a class=\"submit\" href=\"https:\/\/www.djm.nl\/es\/products\/ultra-wb\/\">Leer m\u00e1s<\/a><\/p>\n<\/div>\n<\/div><\/div><div id=\"panel-4472-1-0-1\" class=\"so-panel widget widget_sow-editor\" data-index=\"3\" ><div class=\"so-widget-sow-editor so-widget-sow-editor-base\">\n<div class=\"siteorigin-widget-tinymce textwidget\">\n\t<h3 style=\"text-align: center;\">Ultra WB High-Speed <img loading=\"lazy\" decoding=\"async\" class=\"aligncenter wp-image-13003 size-custom-size-250\" src=\"https:\/\/www.djm.nl\/wp-content\/uploads\/2024\/01\/UltraTransp-250x250.png\" alt=\"\" width=\"250\" height=\"250\" srcset=\"https:\/\/www.djm.nl\/wp-content\/uploads\/2024\/01\/UltraTransp-250x250.png 250w, https:\/\/www.djm.nl\/wp-content\/uploads\/2024\/01\/UltraTransp-300x300.png 300w, https:\/\/www.djm.nl\/wp-content\/uploads\/2024\/01\/UltraTransp-150x150.png 150w, https:\/\/www.djm.nl\/wp-content\/uploads\/2024\/01\/UltraTransp-768x768.png 768w, https:\/\/www.djm.nl\/wp-content\/uploads\/2024\/01\/UltraTransp-200x200.png 200w, https:\/\/www.djm.nl\/wp-content\/uploads\/2024\/01\/UltraTransp.png 829w\" sizes=\"auto, (max-width: 250px) 100vw, 250px\" \/><\/h3>\n<p style=\"text-align: center;\"><a class=\"submit\" href=\"https:\/\/www.djm.nl\/es\/products\/ultra-high-speed-wb\/\">Leer m\u00e1s<\/a><\/p>\n<\/div>\n<\/div><\/div><div id=\"panel-4472-1-0-2\" class=\"so-panel widget widget_sow-editor\" data-index=\"4\" ><div class=\"so-widget-sow-editor so-widget-sow-editor-base\">\n<div class=\"siteorigin-widget-tinymce textwidget\">\n\t<h3 style=\"text-align: center;\">Toucan<img loading=\"lazy\" decoding=\"async\" class=\"aligncenter wp-image-7269 size-custom-size-250\" src=\"https:\/\/www.djm.nl\/wp-content\/uploads\/2021\/12\/Toucan-rond-250x250.png\" alt=\"\" width=\"250\" height=\"250\" srcset=\"https:\/\/www.djm.nl\/wp-content\/uploads\/2021\/12\/Toucan-rond-250x250.png 250w, https:\/\/www.djm.nl\/wp-content\/uploads\/2021\/12\/Toucan-rond-1024x1018.png 1024w, https:\/\/www.djm.nl\/wp-content\/uploads\/2021\/12\/Toucan-rond-150x150.png 150w, https:\/\/www.djm.nl\/wp-content\/uploads\/2021\/12\/Toucan-rond-768x764.png 768w, https:\/\/www.djm.nl\/wp-content\/uploads\/2021\/12\/Toucan-rond-200x200.png 200w, https:\/\/www.djm.nl\/wp-content\/uploads\/2021\/12\/Toucan-rond.png 1030w\" sizes=\"auto, (max-width: 250px) 100vw, 250px\" \/><\/h3>\n<p style=\"text-align: center;\"><a class=\"submit\" href=\"https:\/\/www.djm.nl\/es\/products\/toucan\/\">Leer m\u00e1s<\/a><\/p>\n<\/div>\n<\/div><\/div><div id=\"panel-4472-1-0-3\" class=\"so-panel widget widget_sow-editor panel-last-child\" data-index=\"5\" ><div class=\"so-widget-sow-editor so-widget-sow-editor-base\">\n<div class=\"siteorigin-widget-tinymce textwidget\">\n\t<h3 style=\"text-align: center;\">Sparrow<img loading=\"lazy\" decoding=\"async\" class=\"aligncenter wp-image-7245 size-custom-size-250\" src=\"https:\/\/www.djm.nl\/wp-content\/uploads\/2021\/12\/Sparrow-image-rond-250x250.png\" alt=\"\" width=\"250\" height=\"250\" srcset=\"https:\/\/www.djm.nl\/wp-content\/uploads\/2021\/12\/Sparrow-image-rond-250x250.png 250w, https:\/\/www.djm.nl\/wp-content\/uploads\/2021\/12\/Sparrow-image-rond-300x300.png 300w, https:\/\/www.djm.nl\/wp-content\/uploads\/2021\/12\/Sparrow-image-rond-150x150.png 150w, https:\/\/www.djm.nl\/wp-content\/uploads\/2021\/12\/Sparrow-image-rond-768x766.png 768w, https:\/\/www.djm.nl\/wp-content\/uploads\/2021\/12\/Sparrow-image-rond-200x200.png 200w, https:\/\/www.djm.nl\/wp-content\/uploads\/2021\/12\/Sparrow-image-rond.png 1023w\" sizes=\"auto, (max-width: 250px) 100vw, 250px\" \/><\/h3>\n<p style=\"text-align: center;\"><a class=\"submit\" href=\"https:\/\/www.djm.nl\/es\/products\/modulo-de-impresion-sparrow\/\">Leer m\u00e1s<\/a><\/p>\n<\/div>\n<\/div><\/div><\/div><div id=\"pgc-4472-1-1\"  class=\"panel-grid-cell\" ><div id=\"panel-4472-1-1-0\" class=\"so-panel widget widget_sow-editor panel-first-child\" data-index=\"6\" ><div class=\"so-widget-sow-editor so-widget-sow-editor-base\">\n<div class=\"siteorigin-widget-tinymce textwidget\">\n\t<h3 style=\"text-align: center;\">Ultra WB<img loading=\"lazy\" decoding=\"async\" class=\"aligncenter wp-image-13003 size-custom-size-250\" src=\"https:\/\/www.djm.nl\/wp-content\/uploads\/2024\/01\/UltraTransp-250x250.png\" alt=\"\" width=\"250\" height=\"250\" srcset=\"https:\/\/www.djm.nl\/wp-content\/uploads\/2024\/01\/UltraTransp-250x250.png 250w, https:\/\/www.djm.nl\/wp-content\/uploads\/2024\/01\/UltraTransp-300x300.png 300w, https:\/\/www.djm.nl\/wp-content\/uploads\/2024\/01\/UltraTransp-150x150.png 150w, https:\/\/www.djm.nl\/wp-content\/uploads\/2024\/01\/UltraTransp-768x768.png 768w, https:\/\/www.djm.nl\/wp-content\/uploads\/2024\/01\/UltraTransp-200x200.png 200w, https:\/\/www.djm.nl\/wp-content\/uploads\/2024\/01\/UltraTransp.png 829w\" sizes=\"auto, (max-width: 250px) 100vw, 250px\" \/><\/h3>\n<p style=\"text-align: center;\"><a class=\"submit\" href=\"https:\/\/www.djm.nl\/es\/products\/ultra-wb\/\">Leer m\u00e1s<\/a><\/p>\n<\/div>\n<\/div><\/div><div id=\"panel-4472-1-1-1\" class=\"so-panel widget widget_sow-editor\" data-index=\"7\" ><div class=\"so-widget-sow-editor so-widget-sow-editor-base\">\n<div class=\"siteorigin-widget-tinymce textwidget\">\n\t<h3 style=\"text-align: center;\">Ultra WB High-Definition <img loading=\"lazy\" decoding=\"async\" class=\"aligncenter wp-image-7278 size-custom-size-250\" src=\"https:\/\/www.djm.nl\/wp-content\/uploads\/2021\/12\/Ultra-HD-250x250.png\" alt=\"\" width=\"250\" height=\"250\" srcset=\"https:\/\/www.djm.nl\/wp-content\/uploads\/2021\/12\/Ultra-HD-250x250.png 250w, https:\/\/www.djm.nl\/wp-content\/uploads\/2021\/12\/Ultra-HD-300x300.png 300w, https:\/\/www.djm.nl\/wp-content\/uploads\/2021\/12\/Ultra-HD-1024x1024.png 1024w, https:\/\/www.djm.nl\/wp-content\/uploads\/2021\/12\/Ultra-HD-150x150.png 150w, https:\/\/www.djm.nl\/wp-content\/uploads\/2021\/12\/Ultra-HD-768x768.png 768w, https:\/\/www.djm.nl\/wp-content\/uploads\/2021\/12\/Ultra-HD-1536x1536.png 1536w, https:\/\/www.djm.nl\/wp-content\/uploads\/2021\/12\/Ultra-HD-2048x2048.png 2048w, https:\/\/www.djm.nl\/wp-content\/uploads\/2021\/12\/Ultra-HD-200x200.png 200w\" sizes=\"auto, (max-width: 250px) 100vw, 250px\" \/><\/h3>\n<p style=\"text-align: center;\"><a class=\"submit\" href=\"https:\/\/www.djm.nl\/es\/products\/ultra-high-definition-wb\/\">Leer m\u00e1s<\/a><\/p>\n<\/div>\n<\/div><\/div><div id=\"panel-4472-1-1-2\" class=\"so-panel widget widget_sow-editor\" data-index=\"8\" ><div class=\"so-widget-sow-editor so-widget-sow-editor-base\">\n<div class=\"siteorigin-widget-tinymce textwidget\">\n\t<h3 style=\"text-align: center;\">HP mono<img loading=\"lazy\" decoding=\"async\" class=\"aligncenter wp-image-7264 size-custom-size-250\" src=\"https:\/\/www.djm.nl\/wp-content\/uploads\/2021\/12\/print-module-rond-250x250.png\" alt=\"\" width=\"250\" height=\"250\" srcset=\"https:\/\/www.djm.nl\/wp-content\/uploads\/2021\/12\/print-module-rond-250x250.png 250w, https:\/\/www.djm.nl\/wp-content\/uploads\/2021\/12\/print-module-rond-300x300.png 300w, https:\/\/www.djm.nl\/wp-content\/uploads\/2021\/12\/print-module-rond-1021x1024.png 1021w, https:\/\/www.djm.nl\/wp-content\/uploads\/2021\/12\/print-module-rond-150x150.png 150w, https:\/\/www.djm.nl\/wp-content\/uploads\/2021\/12\/print-module-rond-768x771.png 768w, https:\/\/www.djm.nl\/wp-content\/uploads\/2021\/12\/print-module-rond-200x200.png 200w, https:\/\/www.djm.nl\/wp-content\/uploads\/2021\/12\/print-module-rond.png 1171w\" sizes=\"auto, (max-width: 250px) 100vw, 250px\" \/><\/h3>\n<p style=\"text-align: center;\"><a class=\"submit\" href=\"https:\/\/www.djm.nl\/es\/hp-monocromatico\/\">Leer m\u00e1s<\/a><\/p>\n<\/div>\n<\/div><\/div><div id=\"panel-4472-1-1-3\" class=\"so-panel widget widget_sow-editor panel-last-child\" data-index=\"9\" ><div class=\"so-widget-sow-editor so-widget-sow-editor-base\">\n<div class=\"siteorigin-widget-tinymce textwidget\">\n\t<h3 style=\"text-align: center;\">OctiPus Software de impresi\u00f3n<br \/>\n<img loading=\"lazy\" decoding=\"async\" class=\"aligncenter wp-image-12755 size-custom-size-250\" src=\"https:\/\/www.djm.nl\/wp-content\/uploads\/2024\/01\/controller-250x247.png\" alt=\"\" width=\"250\" height=\"247\" srcset=\"https:\/\/www.djm.nl\/wp-content\/uploads\/2024\/01\/controller-250x247.png 250w, https:\/\/www.djm.nl\/wp-content\/uploads\/2024\/01\/controller-300x296.png 300w, https:\/\/www.djm.nl\/wp-content\/uploads\/2024\/01\/controller-1024x1012.png 1024w, https:\/\/www.djm.nl\/wp-content\/uploads\/2024\/01\/controller-768x759.png 768w, https:\/\/www.djm.nl\/wp-content\/uploads\/2024\/01\/controller-200x198.png 200w, https:\/\/www.djm.nl\/wp-content\/uploads\/2024\/01\/controller-150x148.png 150w, https:\/\/www.djm.nl\/wp-content\/uploads\/2024\/01\/controller.png 1271w\" sizes=\"auto, (max-width: 250px) 100vw, 250px\" \/><\/h3>\n<p style=\"text-align: center;\"><a class=\"submit\" href=\"https:\/\/www.djm.nl\/es\/products\/software-de-impresion\/\">Leer m\u00e1s<\/a><\/p>\n<\/div>\n<\/div><\/div><\/div><div id=\"pgc-4472-1-2\"  class=\"panel-grid-cell\" ><div id=\"panel-4472-1-2-0\" class=\"so-panel widget widget_sow-editor panel-first-child\" data-index=\"10\" ><div class=\"so-widget-sow-editor so-widget-sow-editor-base\">\n<div class=\"siteorigin-widget-tinymce textwidget\">\n\t<h3 style=\"text-align: center;\">Ultra UV<img loading=\"lazy\" decoding=\"async\" class=\"aligncenter wp-image-13003 size-custom-size-250\" src=\"https:\/\/www.djm.nl\/wp-content\/uploads\/2024\/01\/UltraTransp-250x250.png\" alt=\"\" width=\"250\" height=\"250\" srcset=\"https:\/\/www.djm.nl\/wp-content\/uploads\/2024\/01\/UltraTransp-250x250.png 250w, https:\/\/www.djm.nl\/wp-content\/uploads\/2024\/01\/UltraTransp-300x300.png 300w, https:\/\/www.djm.nl\/wp-content\/uploads\/2024\/01\/UltraTransp-150x150.png 150w, https:\/\/www.djm.nl\/wp-content\/uploads\/2024\/01\/UltraTransp-768x768.png 768w, https:\/\/www.djm.nl\/wp-content\/uploads\/2024\/01\/UltraTransp-200x200.png 200w, https:\/\/www.djm.nl\/wp-content\/uploads\/2024\/01\/UltraTransp.png 829w\" sizes=\"auto, (max-width: 250px) 100vw, 250px\" \/><\/h3>\n<p style=\"text-align: center;\"><a class=\"submit\" href=\"https:\/\/www.djm.nl\/es\/ultra-uv\/\">Leer m\u00e1s<\/a><\/p>\n<\/div>\n<\/div><\/div><div id=\"panel-4472-1-2-1\" class=\"so-panel widget widget_sow-editor\" data-index=\"11\" ><div class=\"so-widget-sow-editor so-widget-sow-editor-base\">\n<div class=\"siteorigin-widget-tinymce textwidget\">\n\t<h3 style=\"text-align: center;\">Samba WB\/UV<img loading=\"lazy\" decoding=\"async\" class=\"aligncenter wp-image-7292 size-custom-size-250\" src=\"https:\/\/www.djm.nl\/wp-content\/uploads\/2021\/12\/Samba-244x250.png\" alt=\"\" width=\"244\" height=\"250\" srcset=\"https:\/\/www.djm.nl\/wp-content\/uploads\/2021\/12\/Samba-244x250.png 244w, https:\/\/www.djm.nl\/wp-content\/uploads\/2021\/12\/Samba-292x300.png 292w, https:\/\/www.djm.nl\/wp-content\/uploads\/2021\/12\/Samba-998x1024.png 998w, https:\/\/www.djm.nl\/wp-content\/uploads\/2021\/12\/Samba-768x788.png 768w, https:\/\/www.djm.nl\/wp-content\/uploads\/2021\/12\/Samba-195x200.png 195w, https:\/\/www.djm.nl\/wp-content\/uploads\/2021\/12\/Samba-146x150.png 146w, https:\/\/www.djm.nl\/wp-content\/uploads\/2021\/12\/Samba.png 1268w\" sizes=\"auto, (max-width: 244px) 100vw, 244px\" \/><\/h3>\n<p style=\"text-align: center;\"><a class=\"submit\" href=\"https:\/\/www.djm.nl\/es\/samba\/\">Leer m\u00e1s<\/a><\/p>\n<\/div>\n<\/div><\/div><div id=\"panel-4472-1-2-2\" class=\"so-panel widget widget_sow-editor\" data-index=\"12\" ><div class=\"so-widget-sow-editor so-widget-sow-editor-base\">\n<div class=\"siteorigin-widget-tinymce textwidget\">\n\t<h3 style=\"text-align: center;\">HP color<img loading=\"lazy\" decoding=\"async\" class=\"aligncenter wp-image-7264 size-custom-size-250\" src=\"https:\/\/www.djm.nl\/wp-content\/uploads\/2021\/12\/print-module-rond-250x250.png\" alt=\"\" width=\"250\" height=\"250\" srcset=\"https:\/\/www.djm.nl\/wp-content\/uploads\/2021\/12\/print-module-rond-250x250.png 250w, https:\/\/www.djm.nl\/wp-content\/uploads\/2021\/12\/print-module-rond-300x300.png 300w, https:\/\/www.djm.nl\/wp-content\/uploads\/2021\/12\/print-module-rond-1021x1024.png 1021w, https:\/\/www.djm.nl\/wp-content\/uploads\/2021\/12\/print-module-rond-150x150.png 150w, https:\/\/www.djm.nl\/wp-content\/uploads\/2021\/12\/print-module-rond-768x771.png 768w, https:\/\/www.djm.nl\/wp-content\/uploads\/2021\/12\/print-module-rond-200x200.png 200w, https:\/\/www.djm.nl\/wp-content\/uploads\/2021\/12\/print-module-rond.png 1171w\" sizes=\"auto, (max-width: 250px) 100vw, 250px\" \/><\/h3>\n<p style=\"text-align: center;\"><a class=\"submit\" href=\"https:\/\/www.djm.nl\/es\/hp-color\/\">Leer m\u00e1s<\/a><\/p>\n<\/div>\n<\/div><\/div><div id=\"panel-4472-1-2-3\" class=\"so-panel widget widget_sow-editor panel-last-child\" data-index=\"13\" ><div class=\"so-widget-sow-editor so-widget-sow-editor-base\">\n<div class=\"siteorigin-widget-tinymce textwidget\">\n\t<h3 style=\"text-align: center;\">Componentes del sistema<img loading=\"lazy\" decoding=\"async\" class=\"aligncenter wp-image-13015 size-custom-size-250\" src=\"https:\/\/www.djm.nl\/wp-content\/uploads\/2024\/01\/CircTransp-250x250.png\" alt=\"\" width=\"250\" height=\"250\" srcset=\"https:\/\/www.djm.nl\/wp-content\/uploads\/2024\/01\/CircTransp-250x250.png 250w, https:\/\/www.djm.nl\/wp-content\/uploads\/2024\/01\/CircTransp-300x300.png 300w, https:\/\/www.djm.nl\/wp-content\/uploads\/2024\/01\/CircTransp-150x150.png 150w, https:\/\/www.djm.nl\/wp-content\/uploads\/2024\/01\/CircTransp-200x200.png 200w, https:\/\/www.djm.nl\/wp-content\/uploads\/2024\/01\/CircTransp.png 762w\" sizes=\"auto, (max-width: 250px) 100vw, 250px\" \/><\/h3>\n<p style=\"text-align: center;\"><a class=\"submit\" href=\"https:\/\/www.djm.nl\/es\/componentes-del-sistema\/\">Leer m\u00e1s<\/a><\/p>\n<\/div>\n<\/div><\/div><\/div><\/div><div id=\"pg-4472-2\"  class=\"panel-grid panel-no-style\" ><div id=\"pgc-4472-2-0\"  class=\"panel-grid-cell\" ><div id=\"panel-4472-2-0-0\" class=\"so-panel widget widget_sow-cta panel-first-child panel-last-child\" data-index=\"14\" ><div class=\"so-widget-sow-cta so-widget-sow-cta-default-4208922e6c26-4472\"><div class=\"sow-cta-base\">\n\n\t<div class=\"sow-cta-wrapper\">\n\n\t\t<div class=\"sow-cta-text\">\n\t\t\t<h4 class=\"sow-cta-title\">\u00bfDesea m\u00e1s informaci\u00f3n sobre una o m\u00e1s soluciones?<\/h4>\n\t\t\t<h5 class=\"sow-cta-subtitle\">\u00a1Cont\u00e1ctanos, estaremos encantados de contarte todo al respecto!<\/h5>\n\t\t<\/div>\n\n\t\t<div class=\"so-widget-sow-button so-widget-sow-button-atom-b4f6b6b19f96\"><div class=\"ow-button-base ow-button-align-center\">\n\t<a href=\"mailto:sales@djm.nl\" class=\"ow-icon-placement-left ow-button-hover\" \t\t>\n\t\t<span>\n\t\t\t\n\t\t\tCont\u00e1ctenos\t\t<\/span>\n\t<\/a>\n<\/div>\n<\/div>\n\t<\/div>\n\n<\/div>\n<\/div><\/div><\/div><\/div><\/div>","protected":false},"excerpt":{"rendered":"<p>Una amplia cartera con un enfoque de \u00abla mejor soluci\u00f3n para cada aplicaci\u00f3n\u00bb La impresi\u00f3n inkjet es la tecnolog\u00eda para imprimir con datos variables y ha tenido un gran impacto en diferentes mercados, procesos de producci\u00f3n y aplicaciones. Los datos variables se utilizan para imprimir, por ejemplo, c\u00f3digos de seguimiento, personalizaci\u00f3n, cambios de idioma, direcciones, [&hellip;]<\/p>\n","protected":false},"author":4,"featured_media":5945,"parent":0,"menu_order":0,"comment_status":"closed","ping_status":"closed","template":"","meta":{"footnotes":""},"class_list":["post-4472","page","type-page","status-publish","has-post-thumbnail","hentry"],"_links":{"self":[{"href":"https:\/\/www.djm.nl\/es\/wp-json\/wp\/v2\/pages\/4472","targetHints":{"allow":["GET"]}}],"collection":[{"href":"https:\/\/www.djm.nl\/es\/wp-json\/wp\/v2\/pages"}],"about":[{"href":"https:\/\/www.djm.nl\/es\/wp-json\/wp\/v2\/types\/page"}],"author":[{"embeddable":true,"href":"https:\/\/www.djm.nl\/es\/wp-json\/wp\/v2\/users\/4"}],"replies":[{"embeddable":true,"href":"https:\/\/www.djm.nl\/es\/wp-json\/wp\/v2\/comments?post=4472"}],"version-history":[{"count":94,"href":"https:\/\/www.djm.nl\/es\/wp-json\/wp\/v2\/pages\/4472\/revisions"}],"predecessor-version":[{"id":13680,"href":"https:\/\/www.djm.nl\/es\/wp-json\/wp\/v2\/pages\/4472\/revisions\/13680"}],"wp:featuredmedia":[{"embeddable":true,"href":"https:\/\/www.djm.nl\/es\/wp-json\/wp\/v2\/media\/5945"}],"wp:attachment":[{"href":"https:\/\/www.djm.nl\/es\/wp-json\/wp\/v2\/media?parent=4472"}],"curies":[{"name":"wp","href":"https:\/\/api.w.org\/{rel}","templated":true}]}}