{"id":4450,"date":"2019-06-05T13:41:43","date_gmt":"2019-06-05T12:41:43","guid":{"rendered":"https:\/\/www.djm.nl\/?page_id=4450"},"modified":"2024-01-17T13:21:32","modified_gmt":"2024-01-17T12:21:32","slug":"segmentos-de-mercado","status":"publish","type":"page","link":"https:\/\/www.djm.nl\/es\/segmentos-de-mercado\/","title":{"rendered":"Segmentos de Mercado"},"content":{"rendered":"<div id=\"pl-4450\"  class=\"panel-layout\" ><div id=\"pg-4450-0\"  class=\"panel-grid panel-no-style\" ><div id=\"pgc-4450-0-0\"  class=\"panel-grid-cell\" ><div id=\"panel-4450-0-0-0\" class=\"so-panel widget widget_sow-editor panel-first-child panel-last-child\" data-index=\"0\" ><div class=\"so-widget-sow-editor so-widget-sow-editor-base\">\n<div class=\"siteorigin-widget-tinymce textwidget\">\n\t<h1>Su segmento de mercado personalizado<\/h1>\n<p>Los trabajos de impresi\u00f3n son muy diversos. Necesita una tecnolog\u00eda inkjet que le proporcione una ventaja competitiva. DJM proporciona soluciones inkjet industriales para adaptarse a su segmento de mercado y trabaja con usted para ampliar su servicio. DJM proporciona soluciones inkjet industriales para Correo directo, autoenv\u00edos, programas de fidelizaci\u00f3n, embalaje, loter\u00eda y juegos, codificaci\u00f3n y marcado, etiquetado y direccionamiento.<\/p>\n<\/div>\n<\/div><\/div><\/div><\/div><div id=\"pg-4450-1\"  class=\"panel-grid panel-has-style\" ><div class=\"zebra panel-row-style panel-row-style-for-4450-1\" ><div id=\"pgc-4450-1-0\"  class=\"panel-grid-cell\" ><div id=\"panel-4450-1-0-0\" class=\"so-panel widget widget_sow-editor panel-first-child\" data-index=\"1\" ><div class=\"so-widget-sow-editor so-widget-sow-editor-base\">\n<div class=\"siteorigin-widget-tinymce textwidget\">\n\t<h2>Embalaje<br \/>\n<img loading=\"lazy\" decoding=\"async\" class=\"alignright size-custom-size-250 wp-image-2592\" src=\"https:\/\/www.djm.nl\/wp-content\/uploads\/2018\/08\/market-segments-packaging-1000-250x250.jpg\" alt=\"\" width=\"250\" height=\"250\" srcset=\"https:\/\/www.djm.nl\/wp-content\/uploads\/2018\/08\/market-segments-packaging-1000-250x250.jpg 250w, https:\/\/www.djm.nl\/wp-content\/uploads\/2018\/08\/market-segments-packaging-1000-150x150.jpg 150w, https:\/\/www.djm.nl\/wp-content\/uploads\/2018\/08\/market-segments-packaging-1000-300x300.jpg 300w, https:\/\/www.djm.nl\/wp-content\/uploads\/2018\/08\/market-segments-packaging-1000-768x768.jpg 768w, https:\/\/www.djm.nl\/wp-content\/uploads\/2018\/08\/market-segments-packaging-1000-200x200.jpg 200w, https:\/\/www.djm.nl\/wp-content\/uploads\/2018\/08\/market-segments-packaging-1000.jpg 1000w\" sizes=\"auto, (max-width: 250px) 100vw, 250px\" \/><\/h2>\n<p>Ofrecer valor a\u00f1adido y vender m\u00e1s. Un envase atractivo es m\u00e1s importante que nunca porque ayuda a vender el producto. En la optimizaci\u00f3n de la comunicaci\u00f3n de los envases, la tecnolog\u00eda de impresi\u00f3n inkjet se utiliza cada vez m\u00e1s porque a\u00f1ade valor comercial. La impresi\u00f3n de datos variables es cada vez m\u00e1s accesible para los fabricantes de envases a trav\u00e9s de las soluciones inkjet \u00a0y las opciones de integraci\u00f3n de DJM.<\/p>\n<\/div>\n<\/div><\/div><div id=\"panel-4450-1-0-1\" class=\"so-panel widget widget_sow-editor\" data-index=\"2\" ><div class=\"so-widget-sow-editor so-widget-sow-editor-base\">\n<div class=\"siteorigin-widget-tinymce textwidget\">\n\t<h2>Codificaci\u00f3n, control y marcado<img loading=\"lazy\" decoding=\"async\" class=\"size-custom-size-250 wp-image-2595 alignright\" src=\"https:\/\/www.djm.nl\/wp-content\/uploads\/2018\/08\/market-segments-coding-1000-250x250.jpg\" alt=\"\" width=\"250\" height=\"250\" srcset=\"https:\/\/www.djm.nl\/wp-content\/uploads\/2018\/08\/market-segments-coding-1000-250x250.jpg 250w, https:\/\/www.djm.nl\/wp-content\/uploads\/2018\/08\/market-segments-coding-1000-150x150.jpg 150w, https:\/\/www.djm.nl\/wp-content\/uploads\/2018\/08\/market-segments-coding-1000-300x300.jpg 300w, https:\/\/www.djm.nl\/wp-content\/uploads\/2018\/08\/market-segments-coding-1000-768x768.jpg 768w, https:\/\/www.djm.nl\/wp-content\/uploads\/2018\/08\/market-segments-coding-1000-200x200.jpg 200w, https:\/\/www.djm.nl\/wp-content\/uploads\/2018\/08\/market-segments-coding-1000.jpg 1000w\" sizes=\"auto, (max-width: 250px) 100vw, 250px\" \/><\/h2>\n<p>La codificaci\u00f3n y el marcado de los embalajes proporcionan seguridad y trazabilidad. Un an\u00e1lisis cuidadoso de los sustratos de embalaje es necesario para lograr una calidad consistente. DJM ofrece a los proveedores de embalajes asesoramiento experto e I+D sobre las soluci\u00f3n de codificaci\u00f3n y marcado inkjet digital adecuada. T\u00e9cnicas duraderas con alta velocidad y rendimiento.<\/p>\n<\/div>\n<\/div><\/div><div id=\"panel-4450-1-0-2\" class=\"so-panel widget widget_sow-editor\" data-index=\"3\" ><div class=\"so-widget-sow-editor so-widget-sow-editor-base\">\n<div class=\"siteorigin-widget-tinymce textwidget\">\n\t<h2>Embalajes flexibles<br \/>\n<img loading=\"lazy\" decoding=\"async\" class=\"alignright wp-image-4875 size-custom-size-250\" src=\"https:\/\/www.djm.nl\/wp-content\/uploads\/2019\/06\/23539307780_33f0924b5c_b-250x250.png\" sizes=\"auto, (max-width: 250px) 100vw, 250px\" srcset=\"https:\/\/www.djm.nl\/wp-content\/uploads\/2019\/06\/23539307780_33f0924b5c_b-250x250.png 250w, https:\/\/www.djm.nl\/wp-content\/uploads\/2019\/06\/23539307780_33f0924b5c_b-150x150.png 150w, https:\/\/www.djm.nl\/wp-content\/uploads\/2019\/06\/23539307780_33f0924b5c_b-300x300.png 300w, https:\/\/www.djm.nl\/wp-content\/uploads\/2019\/06\/23539307780_33f0924b5c_b-200x200.png 200w, https:\/\/www.djm.nl\/wp-content\/uploads\/2019\/06\/23539307780_33f0924b5c_b.png 394w\" alt=\"\" width=\"250\" height=\"250\" \/><\/h2>\n<p>Como uno de los segmentos de m\u00e1s r\u00e1pido crecimiento de la industria del embalaje, el embalaje flexible combina las mejores cualidades de pl\u00e1stico, pel\u00edcula, papel y papel de aluminio para ofrecer una amplia gama de propiedades protectoras empleando un m\u00ednimo de material. Los envases flexibles se han convertido r\u00e1pidamente en una opci\u00f3n popular entre los consumidores y los productores de bienes de consumo debido a su rentabilidad y conveniencia. Las soluciones de DJM ahora tambi\u00e9n son una buena opci\u00f3n para imprimir datos variables en empaques flexibles.<\/p>\n<\/div>\n<\/div><\/div><div id=\"panel-4450-1-0-3\" class=\"so-panel widget widget_sow-editor\" data-index=\"4\" ><div class=\"so-widget-sow-editor so-widget-sow-editor-base\">\n<div class=\"siteorigin-widget-tinymce textwidget\">\n\t<h2><img loading=\"lazy\" decoding=\"async\" class=\"alignright size-custom-size-250 wp-image-2574\" src=\"https:\/\/www.djm.nl\/wp-content\/uploads\/2018\/08\/market-segments-direct-mailing-1000-250x250.jpg\" alt=\"\" width=\"250\" height=\"250\" srcset=\"https:\/\/www.djm.nl\/wp-content\/uploads\/2018\/08\/market-segments-direct-mailing-1000-250x250.jpg 250w, https:\/\/www.djm.nl\/wp-content\/uploads\/2018\/08\/market-segments-direct-mailing-1000-150x150.jpg 150w, https:\/\/www.djm.nl\/wp-content\/uploads\/2018\/08\/market-segments-direct-mailing-1000-300x300.jpg 300w, https:\/\/www.djm.nl\/wp-content\/uploads\/2018\/08\/market-segments-direct-mailing-1000-768x768.jpg 768w, https:\/\/www.djm.nl\/wp-content\/uploads\/2018\/08\/market-segments-direct-mailing-1000-200x200.jpg 200w, https:\/\/www.djm.nl\/wp-content\/uploads\/2018\/08\/market-segments-direct-mailing-1000.jpg 1000w\" sizes=\"auto, (max-width: 250px) 100vw, 250px\" \/><\/h2>\n<h2>Correo directo<\/h2>\n<p>\u00bfDesea traducir las campa\u00f1as digitales orientadas al cliente en impresiones direct mail excepcionales y altamente personalizadas? Nuestra experiencia de inkjet de alta tecnolog\u00eda hace posible imprimir en una gran variedad de sustratos en muchas formas y tama\u00f1os con una amplia gama de cabezales de impresi\u00f3n y tintas.<\/p>\n<\/div>\n<\/div><\/div><div id=\"panel-4450-1-0-4\" class=\"so-panel widget widget_sow-editor\" data-index=\"5\" ><div class=\"so-widget-sow-editor so-widget-sow-editor-base\">\n<div class=\"siteorigin-widget-tinymce textwidget\">\n\t<h2>Impresi\u00f3n de libros<br \/>\n<img loading=\"lazy\" decoding=\"async\" class=\"wp-image-12959 size-medium alignright\" src=\"https:\/\/www.djm.nl\/wp-content\/uploads\/2024\/01\/Square-LoremIpsum-300x300.jpg\" alt=\"\" width=\"300\" height=\"300\" srcset=\"https:\/\/www.djm.nl\/wp-content\/uploads\/2024\/01\/Square-LoremIpsum-300x300.jpg 300w, https:\/\/www.djm.nl\/wp-content\/uploads\/2024\/01\/Square-LoremIpsum-1024x1024.jpg 1024w, https:\/\/www.djm.nl\/wp-content\/uploads\/2024\/01\/Square-LoremIpsum-150x150.jpg 150w, https:\/\/www.djm.nl\/wp-content\/uploads\/2024\/01\/Square-LoremIpsum-768x768.jpg 768w, https:\/\/www.djm.nl\/wp-content\/uploads\/2024\/01\/Square-LoremIpsum-1536x1536.jpg 1536w, https:\/\/www.djm.nl\/wp-content\/uploads\/2024\/01\/Square-LoremIpsum-200x200.jpg 200w, https:\/\/www.djm.nl\/wp-content\/uploads\/2024\/01\/Square-LoremIpsum-250x250.jpg 250w, https:\/\/www.djm.nl\/wp-content\/uploads\/2024\/01\/Square-LoremIpsum.jpg 1554w\" sizes=\"auto, (max-width: 300px) 100vw, 300px\" \/><\/h2>\n<p>Ad\u00e1ptate a la impresi\u00f3n de libros bajo demanda y tenlo listo en el momento, lugar, calidad y precio adecuados. Especialmente para impresores y editores de libros, DJM ha desarrollado soluciones de impresi\u00f3n de inyecci\u00f3n de tinta en blanco y negro y a todo color y se basa en los \u00faltimos cabezales de impresi\u00f3n de alta definici\u00f3n. Reduzca el costo de su cadena de suministro de extremo a extremo con las soluciones de impresi\u00f3n de libros de DJM.<\/p>\n<\/div>\n<\/div><\/div><div id=\"panel-4450-1-0-5\" class=\"so-panel widget widget_sow-editor\" data-index=\"6\" ><div class=\"so-widget-sow-editor so-widget-sow-editor-base\">\n<div class=\"siteorigin-widget-tinymce textwidget\">\n\t<h2><img loading=\"lazy\" decoding=\"async\" class=\"alignright wp-image-2577 size-custom-size-250\" src=\"https:\/\/www.djm.nl\/wp-content\/uploads\/2018\/08\/market-segments-envelop-printing-1000-250x250.png\" alt=\"\" width=\"250\" height=\"250\" srcset=\"https:\/\/www.djm.nl\/wp-content\/uploads\/2018\/08\/market-segments-envelop-printing-1000-250x250.png 250w, https:\/\/www.djm.nl\/wp-content\/uploads\/2018\/08\/market-segments-envelop-printing-1000-150x150.png 150w, https:\/\/www.djm.nl\/wp-content\/uploads\/2018\/08\/market-segments-envelop-printing-1000-300x300.png 300w, https:\/\/www.djm.nl\/wp-content\/uploads\/2018\/08\/market-segments-envelop-printing-1000-768x768.png 768w, https:\/\/www.djm.nl\/wp-content\/uploads\/2018\/08\/market-segments-envelop-printing-1000-200x200.png 200w, https:\/\/www.djm.nl\/wp-content\/uploads\/2018\/08\/market-segments-envelop-printing-1000.png 1000w\" sizes=\"auto, (max-width: 250px) 100vw, 250px\" \/><\/h2>\n<h2>Impresi\u00f3n de sobres<\/h2>\n<p>A\u00f1ada valor a sus env\u00edos con mensajes dirigidos en sobres. El mailing atraer\u00e1 a m\u00e1s consumidores y convertir\u00e1 las ofertas en nuevas oportunidades de negocios. Nuestras soluciones inkjet full color son f\u00e1cilmente integrables para crear un flujo de trabajo optimizado y con gran flexibilidad.<\/p>\n<\/div>\n<\/div><\/div><div id=\"panel-4450-1-0-6\" class=\"so-panel widget widget_sow-editor\" data-index=\"7\" ><div class=\"so-widget-sow-editor so-widget-sow-editor-base\">\n<div class=\"siteorigin-widget-tinymce textwidget\">\n\t<h2>Programas de lealtad<br \/>\n<img loading=\"lazy\" decoding=\"async\" class=\"wp-image-12878 size-custom-size-250 alignright\" src=\"https:\/\/www.djm.nl\/wp-content\/uploads\/2024\/01\/market-segments-loyalty-1000-250x250.jpg\" alt=\"\" width=\"250\" height=\"250\" srcset=\"https:\/\/www.djm.nl\/wp-content\/uploads\/2024\/01\/market-segments-loyalty-1000-250x250.jpg 250w, https:\/\/www.djm.nl\/wp-content\/uploads\/2024\/01\/market-segments-loyalty-1000-300x300.jpg 300w, https:\/\/www.djm.nl\/wp-content\/uploads\/2024\/01\/market-segments-loyalty-1000-150x150.jpg 150w, https:\/\/www.djm.nl\/wp-content\/uploads\/2024\/01\/market-segments-loyalty-1000-768x768.jpg 768w, https:\/\/www.djm.nl\/wp-content\/uploads\/2024\/01\/market-segments-loyalty-1000-200x200.jpg 200w, https:\/\/www.djm.nl\/wp-content\/uploads\/2024\/01\/market-segments-loyalty-1000.jpg 1000w\" sizes=\"auto, (max-width: 250px) 100vw, 250px\" \/><\/h2>\n<p>Cree programas de fidelizaci\u00f3n creativos y personalizados con nuestra tecnolog\u00eda inkjet. Las soluciones inkjet de DJM le ofrecen la flexibilidad de imprimir ofertas y cupones \u00fanicos y personalizados de forma r\u00e1pida y confiable. Impresi\u00f3n de datos variables segura en su m\u00e1xima expresi\u00f3n.<\/p>\n<\/div>\n<\/div><\/div><div id=\"panel-4450-1-0-7\" class=\"so-panel widget widget_sow-editor\" data-index=\"8\" ><div class=\"so-widget-sow-editor so-widget-sow-editor-base\">\n<div class=\"siteorigin-widget-tinymce textwidget\">\n\t<h2>Autoenv\u00edos<img loading=\"lazy\" decoding=\"async\" class=\"alignnone wp-image-12868 size-medium\" src=\"https:\/\/www.djm.nl\/wp-content\/uploads\/2024\/01\/DJM_self_mailers-300x300.png\" alt=\"\" width=\"300\" height=\"300\" srcset=\"https:\/\/www.djm.nl\/wp-content\/uploads\/2024\/01\/DJM_self_mailers-300x300.png 300w, https:\/\/www.djm.nl\/wp-content\/uploads\/2024\/01\/DJM_self_mailers-150x150.png 150w, https:\/\/www.djm.nl\/wp-content\/uploads\/2024\/01\/DJM_self_mailers-768x768.png 768w, https:\/\/www.djm.nl\/wp-content\/uploads\/2024\/01\/DJM_self_mailers-200x200.png 200w, https:\/\/www.djm.nl\/wp-content\/uploads\/2024\/01\/DJM_self_mailers-250x250.png 250w, https:\/\/www.djm.nl\/wp-content\/uploads\/2024\/01\/DJM_self_mailers.png 1024w\" sizes=\"auto, (max-width: 300px) 100vw, 300px\" \/><\/h2>\n<p>Mantenga los Self-Mailers accesibles con una personalizaci\u00f3n en l\u00ednea eficiente o impresi\u00f3n de datos variables. DJM a\u00f1ade soluciones expertas en cabezales de impresi\u00f3n \u00a0inkjet \u00a0a su l\u00ednea de acabado. Desde direcciones en monocromo hasta gr\u00e1ficos coloridos, la tecnolog\u00eda inkjet de DJM lo hace posible.<\/p>\n<\/div>\n<\/div><\/div><div id=\"panel-4450-1-0-8\" class=\"so-panel widget widget_sow-editor\" data-index=\"9\" ><div class=\"so-widget-sow-editor so-widget-sow-editor-base\">\n<div class=\"siteorigin-widget-tinymce textwidget\">\n\t<h2>Impresi\u00f3n de seguridad<br \/>\n<img loading=\"lazy\" decoding=\"async\" class=\"alignright size-custom-size-250 wp-image-2583\" src=\"https:\/\/www.djm.nl\/wp-content\/uploads\/2018\/08\/market-segments-security-print-1000-2-250x250.jpg\" alt=\"\" width=\"250\" height=\"250\" srcset=\"https:\/\/www.djm.nl\/wp-content\/uploads\/2018\/08\/market-segments-security-print-1000-2-250x250.jpg 250w, https:\/\/www.djm.nl\/wp-content\/uploads\/2018\/08\/market-segments-security-print-1000-2-150x150.jpg 150w, https:\/\/www.djm.nl\/wp-content\/uploads\/2018\/08\/market-segments-security-print-1000-2-300x300.jpg 300w, https:\/\/www.djm.nl\/wp-content\/uploads\/2018\/08\/market-segments-security-print-1000-2-768x767.jpg 768w, https:\/\/www.djm.nl\/wp-content\/uploads\/2018\/08\/market-segments-security-print-1000-2-200x200.jpg 200w, https:\/\/www.djm.nl\/wp-content\/uploads\/2018\/08\/market-segments-security-print-1000-2.jpg 1000w\" sizes=\"auto, (max-width: 250px) 100vw, 250px\" \/><\/h2>\n<p>Produzca billetes de banco, cheques, autenticaci\u00f3n de productos, etiquetas fiscales y pasaportes que superen la prueba. Para garantizar la autenticidad, se utiliza una combinaci\u00f3n de tecnolog\u00edas, como sustratos especiales (p.ej. papel t\u00e9rmico), tintas (iluminaci\u00f3n uv), microtexto y c\u00f3digos 2D. La amplia gama de tecnolog\u00edas inkjet de DJM, combinada con las diferentes opciones de tinta, hacen que la soluci\u00f3n est\u00e9 disponible para todos.<\/p>\n<\/div>\n<\/div><\/div><div id=\"panel-4450-1-0-9\" class=\"so-panel widget widget_sow-editor\" data-index=\"10\" ><div class=\"so-widget-sow-editor so-widget-sow-editor-base\">\n<div class=\"siteorigin-widget-tinymce textwidget\">\n\t<h2><img loading=\"lazy\" decoding=\"async\" class=\"wp-image-12907 size-medium alignright\" src=\"https:\/\/www.djm.nl\/wp-content\/uploads\/2024\/01\/market-segments-lottery-1000-300x300.jpg\" alt=\"\" width=\"300\" height=\"300\" srcset=\"https:\/\/www.djm.nl\/wp-content\/uploads\/2024\/01\/market-segments-lottery-1000-300x300.jpg 300w, https:\/\/www.djm.nl\/wp-content\/uploads\/2024\/01\/market-segments-lottery-1000-150x150.jpg 150w, https:\/\/www.djm.nl\/wp-content\/uploads\/2024\/01\/market-segments-lottery-1000-768x768.jpg 768w, https:\/\/www.djm.nl\/wp-content\/uploads\/2024\/01\/market-segments-lottery-1000-200x200.jpg 200w, https:\/\/www.djm.nl\/wp-content\/uploads\/2024\/01\/market-segments-lottery-1000-250x250.jpg 250w, https:\/\/www.djm.nl\/wp-content\/uploads\/2024\/01\/market-segments-lottery-1000.jpg 1000w\" sizes=\"auto, (max-width: 300px) 100vw, 300px\" \/><\/h2>\n<h2>Loter\u00eda y juegos<\/h2>\n<p>Proporcionar a sus clientes tickets de loter\u00eda y juegos de azar genuinos es de vital importancia. Para garantizar la integridad de los tickets, se utiliza una combinaci\u00f3n de tecnolog\u00edas como sustratos especiales, tintas, microtexto y datos variables. La amplia gama de tecnolog\u00edas inkjet de DJM, combinada con las diferentes posibilidades de tinta, hacen que la soluci\u00f3n est\u00e9 disponible para todos.<\/p>\n<\/div>\n<\/div><\/div><div id=\"panel-4450-1-0-10\" class=\"so-panel widget widget_sow-editor\" data-index=\"11\" ><div class=\"so-widget-sow-editor so-widget-sow-editor-base\">\n<div class=\"siteorigin-widget-tinymce textwidget\">\n\t<h2>Aparcamiento, transporte p\u00fablico y entradas<br \/>\n<img loading=\"lazy\" decoding=\"async\" class=\"alignright size-custom-size-250 wp-image-2589\" src=\"https:\/\/www.djm.nl\/wp-content\/uploads\/2018\/08\/market-segments-parking-en-public-transport-1000-250x250.jpg\" alt=\"\" width=\"250\" height=\"250\" srcset=\"https:\/\/www.djm.nl\/wp-content\/uploads\/2018\/08\/market-segments-parking-en-public-transport-1000-250x250.jpg 250w, https:\/\/www.djm.nl\/wp-content\/uploads\/2018\/08\/market-segments-parking-en-public-transport-1000-150x150.jpg 150w, https:\/\/www.djm.nl\/wp-content\/uploads\/2018\/08\/market-segments-parking-en-public-transport-1000-300x300.jpg 300w, https:\/\/www.djm.nl\/wp-content\/uploads\/2018\/08\/market-segments-parking-en-public-transport-1000-768x768.jpg 768w, https:\/\/www.djm.nl\/wp-content\/uploads\/2018\/08\/market-segments-parking-en-public-transport-1000-200x200.jpg 200w, https:\/\/www.djm.nl\/wp-content\/uploads\/2018\/08\/market-segments-parking-en-public-transport-1000.jpg 1000w\" sizes=\"auto, (max-width: 250px) 100vw, 250px\" \/><\/h2>\n<p>Proporcionar tickets de buena calidad y detectables es crucial para el aparcamiento, el transporte p\u00fablico, la ubicaci\u00f3n y los conciertos. Para garantizar la integridad de los tickets se utiliza una mezcla de tecnolog\u00edas, tales como sustratos especiales, tintas, microtexto y datos variables. La amplia gama de tecnolog\u00edas inkjet de DJM, combinada con las diferentes posibilidades de tinta, hacen que la soluci\u00f3n est\u00e9 disponible para todos<strong>.<\/strong><\/p>\n<\/div>\n<\/div><\/div><div id=\"panel-4450-1-0-11\" class=\"so-panel widget widget_sow-editor\" data-index=\"12\" ><div class=\"so-widget-sow-editor so-widget-sow-editor-base\">\n<div class=\"siteorigin-widget-tinymce textwidget\">\n\t<h2><img loading=\"lazy\" decoding=\"async\" class=\"wp-image-12894 size-custom-size-250 alignright\" src=\"https:\/\/www.djm.nl\/wp-content\/uploads\/2024\/01\/market-segments-labeling-1000-250x250.jpg\" alt=\"\" width=\"250\" height=\"250\" srcset=\"https:\/\/www.djm.nl\/wp-content\/uploads\/2024\/01\/market-segments-labeling-1000-250x250.jpg 250w, https:\/\/www.djm.nl\/wp-content\/uploads\/2024\/01\/market-segments-labeling-1000-300x300.jpg 300w, https:\/\/www.djm.nl\/wp-content\/uploads\/2024\/01\/market-segments-labeling-1000-150x150.jpg 150w, https:\/\/www.djm.nl\/wp-content\/uploads\/2024\/01\/market-segments-labeling-1000-768x768.jpg 768w, https:\/\/www.djm.nl\/wp-content\/uploads\/2024\/01\/market-segments-labeling-1000-200x200.jpg 200w, https:\/\/www.djm.nl\/wp-content\/uploads\/2024\/01\/market-segments-labeling-1000.jpg 1000w\" sizes=\"auto, (max-width: 250px) 100vw, 250px\" \/><\/h2>\n<h2>Etiquetado<\/h2>\n<p>A medida que los tiempos de ejecuci\u00f3n disminuyen, se necesitan m\u00e1s versiones y variaciones en el mercado del etiquetado. Nuestras soluciones inkjet pueden ayudarle a acelerar el tiempo de comercializaci\u00f3n y crear soluciones de etiquetado complejas y atractivas para el cliente exigente.<\/p>\n<\/div>\n<\/div><\/div><div id=\"panel-4450-1-0-12\" class=\"so-panel widget widget_sow-editor panel-last-child\" data-index=\"13\" ><div class=\"so-widget-sow-editor so-widget-sow-editor-base\">\n<div class=\"siteorigin-widget-tinymce textwidget\">\n\t<h2>Direccionamiento<br \/>\n<img loading=\"lazy\" decoding=\"async\" class=\"wp-image-12889 size-custom-size-250 alignright\" src=\"https:\/\/www.djm.nl\/wp-content\/uploads\/2024\/01\/market-segments-adressing-1000-250x250.png\" alt=\"\" width=\"250\" height=\"250\" srcset=\"https:\/\/www.djm.nl\/wp-content\/uploads\/2024\/01\/market-segments-adressing-1000-250x250.png 250w, https:\/\/www.djm.nl\/wp-content\/uploads\/2024\/01\/market-segments-adressing-1000-300x300.png 300w, https:\/\/www.djm.nl\/wp-content\/uploads\/2024\/01\/market-segments-adressing-1000-150x150.png 150w, https:\/\/www.djm.nl\/wp-content\/uploads\/2024\/01\/market-segments-adressing-1000-768x768.png 768w, https:\/\/www.djm.nl\/wp-content\/uploads\/2024\/01\/market-segments-adressing-1000-200x200.png 200w, https:\/\/www.djm.nl\/wp-content\/uploads\/2024\/01\/market-segments-adressing-1000.png 1000w\" sizes=\"auto, (max-width: 250px) 100vw, 250px\" \/><\/h2>\n<p>Ya sea que su trabajo de impresi\u00f3n sea en monocromo,\u00a0 bicolor o full color, puede mostrar a sus clientes que el direccionamiento no tiene que ser s\u00f3lo eso: un direccionamiento. Las soluciones inkjet de DJM demuestran que se puede utilizar toda la superficie. Im\u00e1genes y mensajes personalizados, impresos con alta calidad y rapidez para generar una mayor respuesta a sus clientes.<\/p>\n<\/div>\n<\/div><\/div><\/div><\/div><\/div><div id=\"pg-4450-2\"  class=\"panel-grid panel-no-style\" ><div id=\"pgc-4450-2-0\"  class=\"panel-grid-cell\" ><div id=\"panel-4450-2-0-0\" class=\"so-panel widget widget_sow-editor panel-first-child panel-last-child\" data-index=\"14\" ><div class=\"so-widget-sow-editor so-widget-sow-editor-base\">\n<div class=\"siteorigin-widget-tinymce textwidget\">\n\t<p>Las soluciones inkjet de DJM hacen que la impresi\u00f3n de datos variables sea mucho m\u00e1s! Sean cuales sean los requisitos, pida a los expertos de DJM una soluci\u00f3n inkjet que se adapte a sus necesidades. Y porque pensar en inkjet fuera de lo com\u00fan es nuestra segunda naturaleza que siempre podemos adaptar o desarrollar de acuerdo a sus necesidades.<\/p>\n<\/div>\n<\/div><\/div><\/div><\/div><div id=\"pg-4450-3\"  class=\"panel-grid panel-no-style\" ><div id=\"pgc-4450-3-0\"  class=\"panel-grid-cell\" ><div id=\"panel-4450-3-0-0\" class=\"so-panel widget widget_sow-cta panel-first-child panel-last-child\" data-index=\"15\" ><div class=\"so-widget-sow-cta so-widget-sow-cta-default-4208922e6c26-4450\"><div class=\"sow-cta-base\">\n\n\t<div class=\"sow-cta-wrapper\">\n\n\t\t<div class=\"sow-cta-text\">\n\t\t\t<h4 class=\"sow-cta-title\">P\u00f3ngase en contacto con nosotros<\/h4>\n\t\t\t<h5 class=\"sow-cta-subtitle\">A trav\u00e9s de la tecnolog\u00eda de impresi\u00f3n por inkjet personalizada de DJM usted podr\u00e1 lograr campa\u00f1as de correo directo, loter\u00eda y juegos, programas de lealtad, empaques y mucho m\u00e1s. Nuestra reconocida experiencia en inkjet ayuda a las empresas de impresi\u00f3n a crecer. As\u00ed que hablemos, por tel\u00e9fono, o incluso mejor ... \u00a1en persona!<\/h5>\n\t\t<\/div>\n\n\t\t<div class=\"so-widget-sow-button so-widget-sow-button-atom-b4f6b6b19f96\"><div class=\"ow-button-base ow-button-align-center\">\n\t<a href=\"\" class=\"ow-icon-placement-left ow-button-hover\" \t\t>\n\t\t<span>\n\t\t\t\n\t\t\tCont\u00e1ctenos\t\t<\/span>\n\t<\/a>\n<\/div>\n<\/div>\n\t<\/div>\n\n<\/div>\n<\/div><\/div><\/div><\/div><\/div>","protected":false},"excerpt":{"rendered":"<p>Su segmento de mercado personalizado Los trabajos de impresi\u00f3n son muy diversos. Necesita una tecnolog\u00eda inkjet que le proporcione una ventaja competitiva. DJM proporciona soluciones inkjet industriales para adaptarse a su segmento de mercado y trabaja con usted para ampliar su servicio. DJM proporciona soluciones inkjet industriales para Correo directo, autoenv\u00edos, programas de fidelizaci\u00f3n, embalaje, [&hellip;]<\/p>\n","protected":false},"author":4,"featured_media":0,"parent":0,"menu_order":0,"comment_status":"closed","ping_status":"closed","template":"","meta":{"footnotes":""},"class_list":["post-4450","page","type-page","status-publish","hentry"],"_links":{"self":[{"href":"https:\/\/www.djm.nl\/es\/wp-json\/wp\/v2\/pages\/4450","targetHints":{"allow":["GET"]}}],"collection":[{"href":"https:\/\/www.djm.nl\/es\/wp-json\/wp\/v2\/pages"}],"about":[{"href":"https:\/\/www.djm.nl\/es\/wp-json\/wp\/v2\/types\/page"}],"author":[{"embeddable":true,"href":"https:\/\/www.djm.nl\/es\/wp-json\/wp\/v2\/users\/4"}],"replies":[{"embeddable":true,"href":"https:\/\/www.djm.nl\/es\/wp-json\/wp\/v2\/comments?post=4450"}],"version-history":[{"count":35,"href":"https:\/\/www.djm.nl\/es\/wp-json\/wp\/v2\/pages\/4450\/revisions"}],"predecessor-version":[{"id":12963,"href":"https:\/\/www.djm.nl\/es\/wp-json\/wp\/v2\/pages\/4450\/revisions\/12963"}],"wp:attachment":[{"href":"https:\/\/www.djm.nl\/es\/wp-json\/wp\/v2\/media?parent=4450"}],"curies":[{"name":"wp","href":"https:\/\/api.w.org\/{rel}","templated":true}]}}