{"id":4444,"date":"2018-02-07T15:47:10","date_gmt":"2018-02-07T14:47:10","guid":{"rendered":"https:\/\/www.djm.nl\/home\/"},"modified":"2024-01-09T00:55:22","modified_gmt":"2024-01-08T23:55:22","slug":"home-2","status":"publish","type":"page","link":"https:\/\/www.djm.nl\/es\/","title":{"rendered":"Home"},"content":{"rendered":"<div id=\"pl-gb4444-69f41ad280278\"  class=\"panel-layout\" ><div id=\"pg-gb4444-69f41ad280278-0\"  class=\"panel-grid panel-no-style\" ><div id=\"pgc-gb4444-69f41ad280278-0-0\"  class=\"panel-grid-cell\" ><div id=\"panel-gb4444-69f41ad280278-0-0-0\" class=\"so-panel widget widget_sow-editor panel-first-child panel-last-child\" data-index=\"0\" ><div class=\"so-widget-sow-editor so-widget-sow-editor-base\">\n<div class=\"siteorigin-widget-tinymce textwidget\">\n\t<h2><strong>Socio confiable para sistemas inkjet industriales<br \/>\n<\/strong><\/h2>\n<p>\u00bfDesea un socio de negocios que sea confiable, comprometido y calificado que cumpla sus promesas? En DJM nos dedicamos a inkjet. Con m\u00e1s de 28 a\u00f1os de experiencia, llevamos la tecnolog\u00eda inkjet industrial a su l\u00edmite. Los l\u00edderes de la industria de la impresi\u00f3n en todo el mundo han recurrido a DJM para obtener soluciones inkjet porque valoran nuestro enfoque personal y nuestra s\u00f3lida ingenier\u00eda. Nuestro objetivo es proporcionarle las mejores soluciones de impresi\u00f3n inkjet para una la salida de datos variables de alta calidad y una mayor eficiencia.<\/p>\n<h2><strong>Sus sue\u00f1os digitales personalizados<\/strong><\/h2>\n<p>Satisfaga la creciente demanda de comunicaci\u00f3n personalizada en la impresi\u00f3n con soluciones inkjet. Ayude a sus clientes a fidelizar y aumentar las ventas. Simplemente porque la gente son personas, sus clientes necesitan comprometerse y conectarse con ellas. Las soluciones inkjet industriales de hardware y software de DJM para profesionales de la industria de la impresi\u00f3n personalizan las necesidades de sus clientes.<\/p>\n<h2><strong>Soluciones flexibles de impresi\u00f3n inkjet industrial<br \/>\n<\/strong><\/h2>\n<p>Una soluci\u00f3n de impresi\u00f3n digital \u00a0que complemente su flujo de trabajo nunca puede ser b\u00e1sica. Invertimos todo nuestro esfuerzo, tiempo y fondos para desarrollar y entregar los sistemas m\u00e1s confiables del mercado. Como un socio respetado, llevamos la tecnolog\u00eda inkjet \u2018drop on demand\u2019 de compa\u00f1\u00edas de alta tecnolog\u00eda como Kyocera, Hewlett Packard y Fujifilm Dimatix al siguiente nivel. Nuestro enfoque modular combina estas tecnolog\u00edas con un software de control h\u00edbrido amigable con el usuario, para ofrecerle una gran variedad de soluciones de impresi\u00f3n y m\u00e1xima flexibilidad.<\/p>\n<\/div>\n<\/div><\/div><\/div><\/div><\/div>\r\n<style>\r\n\r\n#wpsm_counter_b_row_12519 .wpsm_counterbox\r\n{\r\n\ttext-align:center;\r\n\tmargin-top:50px;\r\n\tmargin-bottom:50px;\r\n}\r\n#wpsm_counter_b_row_12519 .wpsm_counterbox .wpsm_count-icon{\r\n\tdisplay:block;\r\n\tmargin-top:20px;\r\n\tpadding-top:0px;\r\n\tpadding-bottom:0px;\r\n\tmargin-bottom:0px;\r\n\tmargin:0 auto;\r\n}\r\n#wpsm_counter_b_row_12519 .wpsm_counterbox .wpsm_count-icon i{\r\n\tfont-size:68px;\r\n\tcolor:#042f70;\r\n}\r\n#wpsm_counter_b_row_12519 .wpsm_counterbox .wpsm_number{\r\n\tfont-size:55px;\r\n\tfont-weight:400;\r\n\tcolor:#e57936;\r\n\tfont-family:'Arial Black';\r\n\tletter-spacing:2px;\r\n\tmargin-top:20px;\r\n\tline-height: 1.3em;\r\n\tpadding-top:0px;\r\n\tpadding-bottom:0px;\r\n\tmargin-bottom:0px;\r\n}\r\n#wpsm_counter_b_row_12519 .wpsm_counterbox .wpsm_count-title{\r\n    font-size:30px;\r\n\tfont-weight:bolder;\r\n\tfont-family:'Arial Black';\r\n\tletter-spacing:2px;\r\n    color: ##0c0c0c000000;\r\n\tfont-weight:400;\r\n\tmargin-top:20px;\r\n\tpadding-top:0px;\r\n\tpadding-bottom:0px;\r\n\tmargin-bottom:0px;\r\n\tline-height: 1.3em;\r\n}\r\n\r\n<\/style> \r\n\t\t \r\n\t\t\r\n\t\t<style>\r\n\t\t#wpsm_counter_b_row_12519\t\t\t{\r\n\t\t\t\t\r\n\t\t\t\tposition:relative;\r\n\t\t\t\twidth:100%;\r\n\t\t\t\toverflow:hidden;\r\n\t\t\t\ttext-align:center;\r\n\t\t\t}\r\n\t\t\t \r\n\t\t\t#wpsm_counter_b_row_12519 .wpsm_row{\r\n\t\t\toverflow:hidden;\r\n\t\t\tdisplay:block;\r\n\t\t\twidth:100%;\r\n\t\t\t} \r\n\t\t\t \r\n\t\t\t#wpsm_counter_b_row_12519 .wpsm_row{\r\n\t\t\toverflow:visible;\r\n\t\t\t} \r\n\t\t\t \r\n\t\t\t#wpsm_counter_b_row_12519 .wpsm_counterbox .wpsm_count-title{\r\n\t\t\tmin-height:56px;\r\n\t\t\t}}\r\n\t\t\t \r\n\t\t<\/style>\r\n\t\t\r\n\t\t<div class=\"wpsm_counter_b_row\" id=\"wpsm_counter_b_row_12519\">\r\n\t\t\t<div>\r\n\t\t\t\t<div class=\"wpsm_row\">\r\n\t\t\r\n\t\t\t\t\t\t<div class=\"wpsm_col-md-4 wpsm_col-sm-6\">\r\n\t\t\t\t\t<div class=\"wpsm_counterbox\">\r\n\t\t\t\t\t\t \r\n\t\t\t\t\t\t<div class=\"wpsm_count-icon\"><i #042f70 class=\"fa fa-globe\"><\/i><\/div>\r\n\t\t\t\t\t\t\t\t\t\t\t\t<div class=\"wpsm_number\" style=\"#e57936\" >\r\n\t\t\t\t\t\t   <span class=\"counter\">28\t\t\t\t\t\t   <\/span>\r\n\t\t\t\t\t\t    \r\n\t\t\t\t\t    <\/div>\r\n\t\t\t\t\t\t<h3 class=\"wpsm_count-title\" ##0c0c0c000000> Pa\u00edses<\/h3>\r\n\t\t\t\t\t\t \r\n\t\t\t\t\t<\/div>\r\n\t\t\t\t<\/div>\r\n\t\t\t\t\t\t\t\t\t<div class=\"wpsm_col-md-4 wpsm_col-sm-6\">\r\n\t\t\t\t\t<div class=\"wpsm_counterbox\">\r\n\t\t\t\t\t\t \r\n\t\t\t\t\t\t<div class=\"wpsm_count-icon\"><i #042f70 class=\"fa fa-check\"><\/i><\/div>\r\n\t\t\t\t\t\t\t\t\t\t\t\t<div class=\"wpsm_number\" style=\"#e57936\" >\r\n\t\t\t\t\t\t   <span class=\"counter\">308\t\t\t\t\t\t   <\/span>\r\n\t\t\t\t\t\t    \r\n\t\t\t\t\t    <\/div>\r\n\t\t\t\t\t\t<h3 class=\"wpsm_count-title\" ##0c0c0c000000> Instalaciones<\/h3>\r\n\t\t\t\t\t\t \r\n\t\t\t\t\t<\/div>\r\n\t\t\t\t<\/div>\r\n\t\t\t\t\t\t\t\t\t<div class=\"wpsm_col-md-4 wpsm_col-sm-6\">\r\n\t\t\t\t\t<div class=\"wpsm_counterbox\">\r\n\t\t\t\t\t\t \r\n\t\t\t\t\t\t<div class=\"wpsm_count-icon\"><i #042f70 class=\"fa fa-percent\"><\/i><\/div>\r\n\t\t\t\t\t\t\t\t\t\t\t\t<div class=\"wpsm_number\" style=\"#e57936\" >\r\n\t\t\t\t\t\t   <span class=\"counter\">99\t\t\t\t\t\t   <\/span>\r\n\t\t\t\t\t\t    \r\n\t\t\t\t\t    <\/div>\r\n\t\t\t\t\t\t<h3 class=\"wpsm_count-title\" ##0c0c0c000000> Tiempo de actividad<\/h3>\r\n\t\t\t\t\t\t \r\n\t\t\t\t\t<\/div>\r\n\t\t\t\t<\/div>\r\n\t\t\t\t\t\t<\/div>\r\n\t\t\t<div class=\"wpsm_row\">\r\n\t\t\t\t\t\t\r\n\t\t\t<\/div>\t\t\t\t<\/div>\r\n\t\t<\/div>\r\n\t\t\r\n\t\r\n","protected":false},"excerpt":{"rendered":"","protected":false},"author":9,"featured_media":0,"parent":0,"menu_order":0,"comment_status":"closed","ping_status":"closed","template":"","meta":{"footnotes":""},"class_list":["post-4444","page","type-page","status-publish","hentry"],"_links":{"self":[{"href":"https:\/\/www.djm.nl\/es\/wp-json\/wp\/v2\/pages\/4444","targetHints":{"allow":["GET"]}}],"collection":[{"href":"https:\/\/www.djm.nl\/es\/wp-json\/wp\/v2\/pages"}],"about":[{"href":"https:\/\/www.djm.nl\/es\/wp-json\/wp\/v2\/types\/page"}],"author":[{"embeddable":true,"href":"https:\/\/www.djm.nl\/es\/wp-json\/wp\/v2\/users\/9"}],"replies":[{"embeddable":true,"href":"https:\/\/www.djm.nl\/es\/wp-json\/wp\/v2\/comments?post=4444"}],"version-history":[{"count":10,"href":"https:\/\/www.djm.nl\/es\/wp-json\/wp\/v2\/pages\/4444\/revisions"}],"predecessor-version":[{"id":12522,"href":"https:\/\/www.djm.nl\/es\/wp-json\/wp\/v2\/pages\/4444\/revisions\/12522"}],"wp:attachment":[{"href":"https:\/\/www.djm.nl\/es\/wp-json\/wp\/v2\/media?parent=4444"}],"curies":[{"name":"wp","href":"https:\/\/api.w.org\/{rel}","templated":true}]}}