{"id":4426,"date":"2019-06-05T12:25:46","date_gmt":"2019-06-05T11:25:46","guid":{"rendered":"https:\/\/www.djm.nl\/?page_id=4426"},"modified":"2025-02-04T08:19:54","modified_gmt":"2025-02-04T07:19:54","slug":"detalles-de-contacto","status":"publish","type":"page","link":"https:\/\/www.djm.nl\/es\/detalles-de-contacto\/","title":{"rendered":"Detalles de contacto"},"content":{"rendered":"<div id=\"pl-4426\"  class=\"panel-layout\" ><div id=\"pg-4426-0\"  class=\"panel-grid panel-no-style\" ><div id=\"pgc-4426-0-0\"  class=\"panel-grid-cell\" ><div id=\"panel-4426-0-0-0\" class=\"so-panel widget widget_sow-editor panel-first-child panel-last-child\" data-index=\"0\" ><div class=\"so-widget-sow-editor so-widget-sow-editor-base\">\n<div class=\"siteorigin-widget-tinymce textwidget\">\n\t<p>P\u00f3ngase en contacto con DJM inkjet Solutions para incrementar las posibilidades de impresi\u00f3n. Rellene el formulario para obtener m\u00e1s informaci\u00f3n sobre soluciones inkjet industriales y para determinar sus requerimientos de impresi\u00f3n.<\/p>\n<p><strong>DJM BV<img loading=\"lazy\" decoding=\"async\" class=\"alignright wp-image-7490\" src=\"https:\/\/www.djm.nl\/wp-content\/uploads\/2021\/12\/LinkedIn-post-kopie-300x157.png\" alt=\"\" width=\"500\" height=\"262\" srcset=\"https:\/\/www.djm.nl\/wp-content\/uploads\/2021\/12\/LinkedIn-post-kopie-300x157.png 300w, https:\/\/www.djm.nl\/wp-content\/uploads\/2021\/12\/LinkedIn-post-kopie-1024x536.png 1024w, https:\/\/www.djm.nl\/wp-content\/uploads\/2021\/12\/LinkedIn-post-kopie-768x402.png 768w, https:\/\/www.djm.nl\/wp-content\/uploads\/2021\/12\/LinkedIn-post-kopie-200x105.png 200w, https:\/\/www.djm.nl\/wp-content\/uploads\/2021\/12\/LinkedIn-post-kopie-250x131.png 250w, https:\/\/www.djm.nl\/wp-content\/uploads\/2021\/12\/LinkedIn-post-kopie-150x79.png 150w, https:\/\/www.djm.nl\/wp-content\/uploads\/2021\/12\/LinkedIn-post-kopie.png 1200w\" sizes=\"auto, (max-width: 500px) 100vw, 500px\" \/><br \/>\nVisiting address<\/strong><br \/>\nNobelstraat 38<br \/>\n3846 CG HARDERWIJK<br \/>\nPaises Bajos<br \/>\nTelefono: +31 341 43 70 00<br \/>\nEmail: <a href=\"mailto:info@djm.nl\">info@djm.nl<\/a><\/p>\n<p><strong>Soporte t\u00e9cnico<\/strong><br \/>\n<a href=\"mailto:support@djm.nl\">support@djm.nl<\/a><\/p>\n<p><strong>Consumibles y repuestos<\/strong><br \/>\n<a href=\"mailto:purchase@djm.nl\">purchase@djm.nl<\/a><\/p>\n<hr style=\"margin: 1em 0;\" \/>\n<p>Deutsche\u00a0Bank: IBAN NL53DEUT0400906546<br \/>\nN\u00famero VAT: NL 820417269.B01<br \/>\nC\u00e1mara de Comercio: 08189241<\/p>\n<p>Todas nuestras ofertas y contratos est\u00e1n sujetos a los T\u00e9rminos y Condiciones Generales presentados el 16 de noviembre de 1999 por la C\u00e1mara de Comercio de Apeldoorn, Pa\u00edses Bajos, con el n\u00famero 2219.\u00a0 Por favor, lea nuestros t\u00e9rminos y condiciones generales.<\/p>\n<\/div>\n<\/div><\/div><\/div><\/div><div id=\"pg-4426-1\"  class=\"panel-grid panel-no-style\" ><div id=\"pgc-4426-1-0\"  class=\"panel-grid-cell\" ><div id=\"panel-4426-1-0-0\" class=\"so-panel widget widget_text panel-first-child panel-last-child\" data-index=\"1\" >\t\t\t<div class=\"textwidget\">\n<div class=\"wpcf7 no-js\" id=\"wpcf7-f12788-o1\" lang=\"en-US\" dir=\"ltr\" data-wpcf7-id=\"12788\">\n<div class=\"screen-reader-response\"><p role=\"status\" aria-live=\"polite\" aria-atomic=\"true\"><\/p> <ul><\/ul><\/div>\n<form action=\"\/es\/wp-json\/wp\/v2\/pages\/4426#wpcf7-f12788-o1\" method=\"post\" class=\"wpcf7-form init\" aria-label=\"Contact form\" novalidate=\"novalidate\" data-status=\"init\">\n<fieldset class=\"hidden-fields-container\"><input type=\"hidden\" name=\"_wpcf7\" value=\"12788\" \/><input type=\"hidden\" name=\"_wpcf7_version\" value=\"6.1.5\" \/><input type=\"hidden\" name=\"_wpcf7_locale\" value=\"en_US\" \/><input type=\"hidden\" name=\"_wpcf7_unit_tag\" value=\"wpcf7-f12788-o1\" \/><input type=\"hidden\" name=\"_wpcf7_container_post\" value=\"0\" \/><input type=\"hidden\" name=\"_wpcf7_posted_data_hash\" value=\"\" \/><input type=\"hidden\" name=\"_wpcf7_recaptcha_response\" value=\"\" \/>\n<\/fieldset>\n<p><label> Empresa (requerido)<br \/>\n<span class=\"wpcf7-form-control-wrap\" data-name=\"your-company\"><input size=\"40\" maxlength=\"400\" class=\"wpcf7-form-control wpcf7-text wpcf7-validates-as-required\" aria-required=\"true\" aria-invalid=\"false\" value=\"\" type=\"text\" name=\"your-company\" \/><\/span> <\/label>\n<\/p>\n<p><label> Nombre (requerido)<br \/>\n<span class=\"wpcf7-form-control-wrap\" data-name=\"your-name\"><input size=\"40\" maxlength=\"400\" class=\"wpcf7-form-control wpcf7-text wpcf7-validates-as-required\" aria-required=\"true\" aria-invalid=\"false\" value=\"\" type=\"text\" name=\"your-name\" \/><\/span> <\/label>\n<\/p>\n<p><label> Correo electr\u00f3nico (requerido)<br \/>\n<span class=\"wpcf7-form-control-wrap\" data-name=\"your-email\"><input size=\"40\" maxlength=\"400\" class=\"wpcf7-form-control wpcf7-email wpcf7-validates-as-required wpcf7-text wpcf7-validates-as-email\" aria-required=\"true\" aria-invalid=\"false\" value=\"\" type=\"email\" name=\"your-email\" \/><\/span> <\/label>\n<\/p>\n<p><label> N\u00famero de tel\u00e9fono (requerido)<br \/>\n<span class=\"wpcf7-form-control-wrap\" data-name=\"your-phone\"><input size=\"40\" maxlength=\"400\" class=\"wpcf7-form-control wpcf7-text wpcf7-validates-as-required\" aria-required=\"true\" aria-invalid=\"false\" value=\"\" type=\"text\" name=\"your-phone\" \/><\/span> <\/label>\n<\/p>\n<p><label> Pa\u00eds (requerido)<br \/>\n<span class=\"wpcf7-form-control-wrap\" data-name=\"your-country\"><input size=\"40\" maxlength=\"400\" class=\"wpcf7-form-control wpcf7-text wpcf7-validates-as-required\" aria-required=\"true\" aria-invalid=\"false\" value=\"\" type=\"text\" name=\"your-country\" \/><\/span> <\/label>\n<\/p>\n<p><label> URL<br \/>\n<span class=\"wpcf7-form-control-wrap\" data-name=\"your-url\"><input size=\"40\" maxlength=\"400\" class=\"wpcf7-form-control wpcf7-text\" aria-invalid=\"false\" value=\"\" type=\"text\" name=\"your-url\" \/><\/span> <\/label>\n<\/p>\n<p><label> Descripci\u00f3n del trabajo<br \/>\n<span class=\"wpcf7-form-control-wrap\" data-name=\"your-job-description\"><input size=\"40\" maxlength=\"400\" class=\"wpcf7-form-control wpcf7-text\" aria-invalid=\"false\" value=\"\" type=\"text\" name=\"your-job-description\" \/><\/span> <\/label>\n<\/p>\n<p><label> Intereses <\/label><br \/>\n<span class=\"wpcf7-form-control-wrap\" data-name=\"checkbox-Intereses\"><span class=\"wpcf7-form-control wpcf7-checkbox\"><span class=\"wpcf7-list-item first\"><input type=\"checkbox\" name=\"checkbox-Intereses[]\" value=\"Impresi\u00f3n de inyecci\u00f3n de tinta\" \/><span class=\"wpcf7-list-item-label\">Impresi\u00f3n de inyecci\u00f3n de tinta<\/span><\/span><span class=\"wpcf7-list-item\"><input type=\"checkbox\" name=\"checkbox-Intereses[]\" value=\"Blanco y negro\" \/><span class=\"wpcf7-list-item-label\">Blanco y negro<\/span><\/span><span class=\"wpcf7-list-item\"><input type=\"checkbox\" name=\"checkbox-Intereses[]\" value=\"color directo\" \/><span class=\"wpcf7-list-item-label\">color directo<\/span><\/span><span class=\"wpcf7-list-item last\"><input type=\"checkbox\" name=\"checkbox-Intereses[]\" value=\"A todo color\" \/><span class=\"wpcf7-list-item-label\">A todo color<\/span><\/span><\/span><\/span>\n<\/p>\n<p><label> Segmento de mercado <\/label><br \/>\n<span class=\"wpcf7-form-control-wrap\" data-name=\"checkbox-applications\"><span class=\"wpcf7-form-control wpcf7-checkbox\"><span class=\"wpcf7-list-item first\"><input type=\"checkbox\" name=\"checkbox-applications[]\" value=\"Loter\u00eda y bingo\" \/><span class=\"wpcf7-list-item-label\">Loter\u00eda y bingo<\/span><\/span><span class=\"wpcf7-list-item\"><input type=\"checkbox\" name=\"checkbox-applications[]\" value=\"N\u00fameros y c\u00f3digos de barras\" \/><span class=\"wpcf7-list-item-label\">N\u00fameros y c\u00f3digos de barras<\/span><\/span><span class=\"wpcf7-list-item\"><input type=\"checkbox\" name=\"checkbox-applications[]\" value=\"Personalizaci\u00f3n\" \/><span class=\"wpcf7-list-item-label\">Personalizaci\u00f3n<\/span><\/span><span class=\"wpcf7-list-item\"><input type=\"checkbox\" name=\"checkbox-applications[]\" value=\"Embalaje\" \/><span class=\"wpcf7-list-item-label\">Embalaje<\/span><\/span><span class=\"wpcf7-list-item\"><input type=\"checkbox\" name=\"checkbox-applications[]\" value=\"Impresi\u00f3n de datos variables\" \/><span class=\"wpcf7-list-item-label\">Impresi\u00f3n de datos variables<\/span><\/span><span class=\"wpcf7-list-item last\"><input type=\"checkbox\" name=\"checkbox-applications[]\" value=\"Otro inter\u00e9s\" \/><span class=\"wpcf7-list-item-label\">Otro inter\u00e9s<\/span><\/span><\/span><\/span>\n<\/p>\n<p><label> Mensaje<br \/>\n<span class=\"wpcf7-form-control-wrap\" data-name=\"your-message\"><textarea cols=\"40\" rows=\"10\" maxlength=\"2000\" class=\"wpcf7-form-control wpcf7-textarea\" aria-invalid=\"false\" name=\"your-message\"><\/textarea><\/span> <\/label>\n<\/p>\n<p><input class=\"wpcf7-form-control wpcf7-submit has-spinner\" type=\"submit\" value=\"Enviar\" \/>\n<\/p><div class=\"wpcf7-response-output\" aria-hidden=\"true\"><\/div>\n<\/form>\n<\/div>\n\n<\/div>\n\t\t<\/div><\/div><div id=\"pgc-4426-1-1\"  class=\"panel-grid-cell\" ><div id=\"panel-4426-1-1-0\" class=\"widget_text so-panel widget widget_custom_html panel-first-child panel-last-child\" data-index=\"2\" ><div class=\"textwidget custom-html-widget\"><iframe id=\"contact-map\" src=\"https:\/\/www.google.com\/maps\/embed?pb=!1m18!1m12!1m3!1d38979.309107600646!2d5.611409515275861!3d52.36666975523419!2m3!1f0!2f0!3f0!3m2!1i1024!2i768!4f13.1!3m3!1m2!1s0x47c63247b5d43685%3A0xc0a3c7ba4ec1f404!2sNobelstraat+38%2C+3846+CG+Harderwijk!5e0!3m2!1sen!2snl!4v1513980977516\" frameborder=\"0\" style=\"border:0; width: 100%; height: calc(100vw\/2);\" allowfullscreen><\/iframe><\/div><\/div><\/div><\/div><\/div>","protected":false},"excerpt":{"rendered":"<p>P\u00f3ngase en contacto con DJM inkjet Solutions para incrementar las posibilidades de impresi\u00f3n. Rellene el formulario para obtener m\u00e1s informaci\u00f3n sobre soluciones inkjet industriales y para determinar sus requerimientos de impresi\u00f3n. DJM BV Visiting address Nobelstraat 38 3846 CG HARDERWIJK Paises Bajos Telefono: +31 341 43 70 00 Email: info@djm.nl Soporte t\u00e9cnico support@djm.nl Consumibles y [&hellip;]<\/p>\n","protected":false},"author":4,"featured_media":0,"parent":0,"menu_order":0,"comment_status":"closed","ping_status":"closed","template":"","meta":{"footnotes":""},"class_list":["post-4426","page","type-page","status-publish","hentry"],"_links":{"self":[{"href":"https:\/\/www.djm.nl\/es\/wp-json\/wp\/v2\/pages\/4426","targetHints":{"allow":["GET"]}}],"collection":[{"href":"https:\/\/www.djm.nl\/es\/wp-json\/wp\/v2\/pages"}],"about":[{"href":"https:\/\/www.djm.nl\/es\/wp-json\/wp\/v2\/types\/page"}],"author":[{"embeddable":true,"href":"https:\/\/www.djm.nl\/es\/wp-json\/wp\/v2\/users\/4"}],"replies":[{"embeddable":true,"href":"https:\/\/www.djm.nl\/es\/wp-json\/wp\/v2\/comments?post=4426"}],"version-history":[{"count":15,"href":"https:\/\/www.djm.nl\/es\/wp-json\/wp\/v2\/pages\/4426\/revisions"}],"predecessor-version":[{"id":14045,"href":"https:\/\/www.djm.nl\/es\/wp-json\/wp\/v2\/pages\/4426\/revisions\/14045"}],"wp:attachment":[{"href":"https:\/\/www.djm.nl\/es\/wp-json\/wp\/v2\/media?parent=4426"}],"curies":[{"name":"wp","href":"https:\/\/api.w.org\/{rel}","templated":true}]}}