{"id":4419,"date":"2019-06-05T12:04:43","date_gmt":"2019-06-05T11:04:43","guid":{"rendered":"https:\/\/www.djm.nl\/?page_id=4419"},"modified":"2024-01-18T11:52:25","modified_gmt":"2024-01-18T10:52:25","slug":"acerca-de-nosotros","status":"publish","type":"page","link":"https:\/\/www.djm.nl\/es\/acerca-de-nosotros\/","title":{"rendered":"Acerca de Nosotros"},"content":{"rendered":"<div id=\"pl-4419\"  class=\"panel-layout\" ><div id=\"pg-4419-0\"  class=\"panel-grid panel-no-style\" ><div id=\"pgc-4419-0-0\"  class=\"panel-grid-cell\" ><div id=\"panel-4419-0-0-0\" class=\"so-panel widget widget_sow-editor panel-first-child\" data-index=\"0\" ><div class=\"so-widget-sow-editor so-widget-sow-editor-base\">\n<div class=\"siteorigin-widget-tinymce textwidget\">\n\t<h2>Conozca a los \u201cinnovadores apasionados en soluciones inkjet sustentables\u201d<\/h2>\n<p>Escuchando con mente abierta la demanda de cada cliente y aprendiendo de cada proyecto, esto se ha traducido en una experiencia de m\u00e1s de 28 a\u00f1os en soluciones de impresi\u00f3n inkjet.<\/p>\n<p>A nuestro equipo de expertos le apasiona impulsar la tecnolog\u00eda, aplicando la \u00faltima tecnolog\u00eda de los l\u00edderes tecnol\u00f3gicos mundiales. Nos gusta ser desafiados y sacar el m\u00e1ximo partido a la tecnolog\u00eda.<\/p>\n<p>Llevando constantemente la tecnolog\u00eda a sus l\u00edmites, aprendemos a entender la tecnolog\u00eda, su comportamiento y sus limitaciones. Al comprender todos estos aspectos, tenemos los conocimientos necesarios para trabajar en proyectos nuevos e innovadores.<\/p>\n<\/div>\n<\/div><\/div><div id=\"panel-4419-0-0-1\" class=\"so-panel widget widget_sow-editor panel-last-child\" data-index=\"1\" ><div class=\"so-widget-sow-editor so-widget-sow-editor-base\">\n<div class=\"siteorigin-widget-tinymce textwidget\">\n\t<h2>Impulsados por el liderazgo t\u00e9cnico<\/h2>\n<p>Para maximizar el esfuerzo, tuvimos que tomar el desarrollo en nuestras propias manos.\u00a0Con una filosof\u00eda de desarrollo interno, contamos con un equipo de expertos disponible que est\u00e1 involucrado en mecatr\u00f3nica, electr\u00f3nica (controlador), programaci\u00f3n FPGA, desarrollo e integraci\u00f3n del software de impresi\u00f3n.<\/p>\n<p>Esto ha dado como resultado una amplia cartera de soluciones inkjet confiables y de alto rendimiento, escalables para usos espec\u00edficos y pensadas desde la A hasta la Z. Comprender las limitaciones abre un mundo de oportunidades.<\/p>\n<\/div>\n<\/div><\/div><\/div><\/div><div id=\"pg-4419-1\"  class=\"panel-grid panel-no-style\" ><div id=\"pgc-4419-1-0\"  class=\"panel-grid-cell\" ><div id=\"panel-4419-1-0-0\" class=\"so-panel widget widget_sow-editor panel-first-child panel-last-child\" data-index=\"2\" ><div class=\"so-widget-sow-editor so-widget-sow-editor-base\">\n<div class=\"siteorigin-widget-tinymce textwidget\">\n\t<h2>Asumir la responsabilidad mediante la implementaci\u00f3n de los Objetivos de Desarrollo Sustentable<\/h2>\n<p>El mundo que nos rodea est\u00e1 cambiando a un ritmo acelerado, ya sea por el clima, la infraestructura, los derechos humanos, la pobreza o la igualdad de oportunidades.<\/p>\n<p>DJM cree que las empresas tienen una gran responsabilidad y pueden hacer una enorme contribuci\u00f3n para lograr un mundo mejor.<\/p>\n<p>DJM quiere hacer una contribuci\u00f3n activa adoptando el desarrollo sustentable para minimizar el impacto en el medio ambiente.\u00a0DJM hace esto siguiendo una pol\u00edtica activa para reducir las emisiones de CO2.\u00a0Desarrollando productos innovadores y servicios inteligentes.\u00a0Adem\u00e1s, DJM quiere ser una empresa en la que haya sitio para todos y en la que todos puedan contribuir a la sociedad.<\/p>\n<p>Estas medidas contribuyen a alcanzar los objetivos globales de desarrollo sustentable (SDGs) iniciados por las Naciones Unidas.<\/p>\n<p><strong>DJM ha definido las diferentes \u00e1reas de enfoque que nos convienen y que contribuyen a un mundo m\u00e1s justo, saludable y seguro para vivir, \u00a1para todos!<\/strong><\/p>\n<p>DJM tiene una pol\u00edtica activa en la que nos enfocamos en:<\/p>\n<ul>\n<li>Innovaci\u00f3n<\/li>\n<li>Sustentabilidad, y<\/li>\n<li>El emprendimiento socia<\/li>\n<\/ul>\n<\/div>\n<\/div><\/div><\/div><div id=\"pgc-4419-1-1\"  class=\"panel-grid-cell\" ><div id=\"panel-4419-1-1-0\" class=\"so-panel widget widget_sow-editor panel-first-child panel-last-child\" data-index=\"3\" ><div class=\"so-widget-sow-editor so-widget-sow-editor-base\">\n<div class=\"siteorigin-widget-tinymce textwidget\">\n\t<p><img loading=\"lazy\" decoding=\"async\" class=\"alignnone wp-image-8520\" src=\"https:\/\/www.djm.nl\/wp-content\/uploads\/2022\/01\/SDG-2-250x250.png\" alt=\"\" width=\"500\" height=\"500\" srcset=\"https:\/\/www.djm.nl\/wp-content\/uploads\/2022\/01\/SDG-2-250x250.png 250w, https:\/\/www.djm.nl\/wp-content\/uploads\/2022\/01\/SDG-2-300x300.png 300w, https:\/\/www.djm.nl\/wp-content\/uploads\/2022\/01\/SDG-2-150x150.png 150w, https:\/\/www.djm.nl\/wp-content\/uploads\/2022\/01\/SDG-2-200x200.png 200w, https:\/\/www.djm.nl\/wp-content\/uploads\/2022\/01\/SDG-2.png 760w\" sizes=\"auto, (max-width: 500px) 100vw, 500px\" \/><\/p>\n<\/div>\n<\/div><\/div><\/div><\/div><div id=\"pg-4419-2\"  class=\"panel-grid panel-no-style\" ><div id=\"pgc-4419-2-0\"  class=\"panel-grid-cell\" ><div id=\"panel-4419-2-0-0\" class=\"so-panel widget widget_sow-editor panel-first-child panel-last-child\" data-index=\"4\" ><div class=\"so-widget-sow-editor so-widget-sow-editor-base\">\n<div class=\"siteorigin-widget-tinymce textwidget\">\n\t<h2>Innovaci\u00f3n<\/h2>\n<h3>Desarrollo de productos sustentables<\/h3>\n<p>El ciclo de vida de los productos electr\u00f3nicos se ha acortado enormemente en los \u00faltimos a\u00f1os, y las nuevas generaciones se suceden m\u00e1s r\u00e1pidamente, lo que genera una monta\u00f1a de desechos.<\/p>\n<p>DJM suministra productos con una larga vida \u00fatil y capacidad de implementaci\u00f3n.\u00a0Es por eso que una filosof\u00eda de desarrollo espec\u00edficamente basada en el uso modular de componentes, escalabilidad, sustentabilidad y reutilizaci\u00f3n, es una posibilidad de mantener estos componentes a largo plazo y practicar la coherencia.<\/p>\n<p>Mediante el uso modular de componentes, por lo que los componentes tambi\u00e9n pueden usarse m\u00e1s ampliamente.\u00a0Una ventaja adicional es que se pueden utilizar sistemas en los que se reutiliza la tecnolog\u00eda existente.<\/p>\n<p>Este desarrollo da como resultado una reducci\u00f3n de equipos antiguos y conduce a menos desperdicio.\u00a0Adem\u00e1s, se necesita menos materia prima para la producci\u00f3n de nuevos componentes.<\/p>\n<p>&nbsp;<\/p>\n<h2>Sustentabilidad<\/h2>\n<h3>Reducci\u00f3n de las propias emisiones de CO2<\/h3>\n<p>DJM tiene la intenci\u00f3n de reducir su huella ecol\u00f3gica a trav\u00e9s de la gesti\u00f3n activa de la energ\u00eda, buscando continuamente c\u00f3mo se puede reducir el consumo.\u00a0El primer paso se ha dado mediante la implementaci\u00f3n de varias medidas, como la introducci\u00f3n de iluminaci\u00f3n LED, la instalaci\u00f3n de un sistema completo de calefacci\u00f3n y refrigeraci\u00f3n que crea un clima de trabajo \u00f3ptimo con un consumo de energ\u00eda optimizado y la reducci\u00f3n del consumo de energ\u00eda en espera y tiene una reducci\u00f3n inmediata en el consumo de energ\u00eda\u00a0entregada.\u00a0Adem\u00e1s, se ha iniciado la \u201celectrificaci\u00f3n\u201d de la flota de veh\u00edculos, lo que reducir\u00e1 enormemente el consumo de combustible.<\/p>\n<h3><\/h3>\n<h3>Reducci\u00f3n de las emisiones de CO2 mediante el dise\u00f1o inteligente de productos<\/h3>\n<p>Adem\u00e1s del desarrollo sustentable, DJM est\u00e1 trabajando en una filosof\u00eda de dise\u00f1o completamente nueva basada en la simplicidad y el uso \u00f3ptimo de los componentes.<\/p>\n<p>Al desarrollar los sistemas de impresi\u00f3n, se realiza una selecci\u00f3n cuidadosa sobre la base del impacto sustentable y ambiental.<\/p>\n<p>Trabajamos de acuerdo con estrictas pautas de uso industrial y facilidad de mantenimiento.\u00a0Esto incluye el dise\u00f1o del m\u00f3dulo de impresi\u00f3n l\u00f3gico, la ubicaci\u00f3n y la accesibilidad de los componentes para que un ingeniero pueda utilizar f\u00e1cilmente el servicio.\u00a0Mediante las opciones de inicio de sesi\u00f3n, se puede proporcionar soporte remoto a los equipos de servicio locales para que el mantenimiento se pueda realizar internamente.<\/p>\n<p>Como resultado, DJM est\u00e1 trabajando en soluciones \u201cout of the box\u201d en las que el usuario final puede instalar f\u00e1cilmente el equipo por s\u00ed mismo, con el apoyo del \u201ccentro de soporte de DJM\u201d.<\/p>\n<p>DJM cree firmemente en los sistemas de 'f\u00e1cil mantenimiento'.\u00a0Al desarrollar los sistemas, se hace una selecci\u00f3n cuidadosa sobre la base de la vida \u00fatil.\u00a0Adem\u00e1s, el desarrollo de los m\u00f3dulos de impresi\u00f3n se realiza de acuerdo con estrictas pautas de uso industrial y facilidad de mantenimiento.\u00a0Esto incluye el dise\u00f1o del m\u00f3dulo de impresi\u00f3n l\u00f3gico, la accesibilidad para un ingeniero y las opciones de inicio de sesi\u00f3n remoto.\u00a0Aqu\u00ed, DJM ha desarrollado una \u201cherramienta de diagn\u00f3stico\u201d especial para brindar soporte remoto a usuarios de todo el mundo.<\/p>\n<p>Todas estas soluciones est\u00e1n enfocadas a la autoinstalaci\u00f3n y servicio, realizado por t\u00e9cnicos locales.\u00a0Estos son muchos casos en los que ya no se necesita un t\u00e9cnico de DJM en el lugar.<\/p>\n<h3>Reducir los residuos<\/h3>\n<p>DJM colabora estrechamente con sus socios en el desarrollo, en otras palabras, que permiten una forma de producci\u00f3n nueva y orientada a la demanda. Esto significa que se puede producir exactamente lo que se necesita y esto conduce a menos residuos, transporte y almacenamiento.<\/p>\n<p>Aqu\u00ed, DJM tambi\u00e9n colabora estrechamente con los propietarios de marcas para resolver problemas.\u00a0Juntos, buscamos activamente el uso de materiales reciclables con el objetivo de producir menos residuos con un menor impacto en el medio ambiente.<\/p>\n<\/div>\n<\/div><\/div><\/div><div id=\"pgc-4419-2-1\"  class=\"panel-grid-cell\" ><div id=\"panel-4419-2-1-0\" class=\"so-panel widget widget_sow-editor panel-first-child panel-last-child\" data-index=\"5\" ><div class=\"so-widget-sow-editor so-widget-sow-editor-base\">\n<div class=\"siteorigin-widget-tinymce textwidget\">\n\t<p><img loading=\"lazy\" decoding=\"async\" class=\"size-thumbnail wp-image-9421 alignnone\" src=\"https:\/\/www.djm.nl\/wp-content\/uploads\/2022\/02\/sdg-12-150x150.png\" alt=\"\" width=\"150\" height=\"150\" srcset=\"https:\/\/www.djm.nl\/wp-content\/uploads\/2022\/02\/sdg-12-150x150.png 150w, https:\/\/www.djm.nl\/wp-content\/uploads\/2022\/02\/sdg-12-200x200.png 200w, https:\/\/www.djm.nl\/wp-content\/uploads\/2022\/02\/sdg-12.png 225w\" sizes=\"auto, (max-width: 150px) 100vw, 150px\" \/><\/p>\n<\/div>\n<\/div><\/div><\/div><\/div><div id=\"pg-4419-3\"  class=\"panel-grid panel-no-style\" ><div id=\"pgc-4419-3-0\"  class=\"panel-grid-cell\" ><div id=\"panel-4419-3-0-0\" class=\"so-panel widget widget_sow-editor panel-first-child panel-last-child\" data-index=\"6\" ><div class=\"so-widget-sow-editor so-widget-sow-editor-base\">\n<div class=\"siteorigin-widget-tinymce textwidget\">\n\t<h2>Emprendimiento social<\/h2>\n<p>Creemos que es importante crear un mundo en el que todos participen sin excepci\u00f3n.\u00a0Para ello, es importante que se elimine la desigualdad y se garantice la igualdad de oportunidades para todos los grupos de poblaci\u00f3n.\u00a0Por lo tanto, la inclusi\u00f3n social, econ\u00f3mica y pol\u00edtica debe ser posible para todos, independientemente de su edad, g\u00e9nero, discapacidad, raza, etnia, origen, religi\u00f3n o condici\u00f3n econ\u00f3mica o de otro tipo.<\/p>\n<p>DJM ofrece espacio a todo el mundo y tiene una pol\u00edtica de contrataci\u00f3n basada en la igualdad de oportunidades, independientemente de la situaci\u00f3n o circunstancia personal.\u00a0Con especial atenci\u00f3n al individuo, creemos que podemos crear un ambiente de trabajo seguro y contribuir al desarrollo y crecimiento personal.<\/p>\n<\/div>\n<\/div><\/div><\/div><div id=\"pgc-4419-3-1\"  class=\"panel-grid-cell\" ><div id=\"panel-4419-3-1-0\" class=\"so-panel widget widget_sow-editor panel-first-child panel-last-child\" data-index=\"7\" ><div class=\"so-widget-sow-editor so-widget-sow-editor-base\">\n<div class=\"siteorigin-widget-tinymce textwidget\">\n\t<p><img loading=\"lazy\" decoding=\"async\" class=\"size-thumbnail wp-image-9416 alignnone\" src=\"https:\/\/www.djm.nl\/wp-content\/uploads\/2022\/02\/sdg-5-150x150.png\" alt=\"\" width=\"150\" height=\"150\" srcset=\"https:\/\/www.djm.nl\/wp-content\/uploads\/2022\/02\/sdg-5-150x150.png 150w, https:\/\/www.djm.nl\/wp-content\/uploads\/2022\/02\/sdg-5-200x200.png 200w, https:\/\/www.djm.nl\/wp-content\/uploads\/2022\/02\/sdg-5.png 225w\" sizes=\"auto, (max-width: 150px) 100vw, 150px\" \/>.\u00a0 . <img loading=\"lazy\" decoding=\"async\" class=\"size-thumbnail wp-image-9436 alignnone\" src=\"https:\/\/www.djm.nl\/wp-content\/uploads\/2022\/02\/sdg-10-1-150x150.png\" alt=\"\" width=\"150\" height=\"150\" srcset=\"https:\/\/www.djm.nl\/wp-content\/uploads\/2022\/02\/sdg-10-1-150x150.png 150w, https:\/\/www.djm.nl\/wp-content\/uploads\/2022\/02\/sdg-10-1-200x200.png 200w, https:\/\/www.djm.nl\/wp-content\/uploads\/2022\/02\/sdg-10-1.png 225w\" sizes=\"auto, (max-width: 150px) 100vw, 150px\" \/><\/p>\n<\/div>\n<\/div><\/div><\/div><\/div><div id=\"pg-4419-4\"  class=\"panel-grid panel-no-style\" ><div id=\"pgc-4419-4-0\"  class=\"panel-grid-cell\" ><div id=\"panel-4419-4-0-0\" class=\"so-panel widget widget_sow-editor panel-first-child panel-last-child\" data-index=\"8\" ><div class=\"so-widget-sow-editor so-widget-sow-editor-base\">\n<div class=\"siteorigin-widget-tinymce textwidget\">\n\t<h2>Un socio global confiable<img loading=\"lazy\" decoding=\"async\" class=\"alignright wp-image-9482\" src=\"https:\/\/www.djm.nl\/wp-content\/uploads\/2022\/02\/global-installs-JAN22-250x165.png\" alt=\"\" width=\"600\" height=\"396\" srcset=\"https:\/\/www.djm.nl\/wp-content\/uploads\/2022\/02\/global-installs-JAN22-250x165.png 250w, https:\/\/www.djm.nl\/wp-content\/uploads\/2022\/02\/global-installs-JAN22-300x198.png 300w, https:\/\/www.djm.nl\/wp-content\/uploads\/2022\/02\/global-installs-JAN22-1024x676.png 1024w, https:\/\/www.djm.nl\/wp-content\/uploads\/2022\/02\/global-installs-JAN22-768x507.png 768w, https:\/\/www.djm.nl\/wp-content\/uploads\/2022\/02\/global-installs-JAN22-200x132.png 200w, https:\/\/www.djm.nl\/wp-content\/uploads\/2022\/02\/global-installs-JAN22-150x99.png 150w, https:\/\/www.djm.nl\/wp-content\/uploads\/2022\/02\/global-installs-JAN22.png 1116w\" sizes=\"auto, (max-width: 600px) 100vw, 600px\" \/><\/h2>\n<p>Usted quiere que su socio sea confiable, comprometido, creativo, innovador y calificado. Los l\u00edderes de la industria de la impresi\u00f3n de todo el mundo han recurrido a DJM para obtener soluciones inkjet porque valoran nuestro enfoque personal, nuestra s\u00f3lida ingenier\u00eda, nuestra pasi\u00f3n por la tecnolog\u00eda y nuestra innovaci\u00f3n.<\/p>\n<h2>Soluciones inkjet industriales flexibles<\/h2>\n<p>Nuestro objetivo es proporcionar a nuestros clientes la soluci\u00f3n inkjet de mejor rendimiento disponible. Por eso invertimos todo nuestro esfuerzo, tiempo y dinero para desarrollar y ofrecer los sistemas m\u00e1s confiables. Para ello, colaboramos estrechamente con socios de renombre de la tecnolog\u00eda inkjet drop-on-demand, como Kyocera, Fujifilm Dimatix y HP. Nuestro enfoque modular combina estas tecnolog\u00edas con un software de impresi\u00f3n h\u00edbrido f\u00e1cil de usar para ofrecerle una amplia gama de soluciones de impresi\u00f3n y la m\u00e1xima flexibilidad.<\/p>\n<\/div>\n<\/div><\/div><\/div><\/div><div id=\"pg-4419-5\"  class=\"panel-grid panel-no-style\" ><div id=\"pgc-4419-5-0\"  class=\"panel-grid-cell\" ><div id=\"panel-4419-5-0-0\" class=\"so-panel widget widget_sow-cta panel-first-child panel-last-child\" data-index=\"9\" ><div class=\"so-widget-sow-cta so-widget-sow-cta-default-4208922e6c26-4419\"><div class=\"sow-cta-base\">\n\n\t<div class=\"sow-cta-wrapper\">\n\n\t\t<div class=\"sow-cta-text\">\n\t\t\t<h4 class=\"sow-cta-title\">\u00bfEst\u00e1 interesado en nuestro enfoque sustentable para el desarrollo industrial de inkjet?<\/h4>\n\t\t\t<h5 class=\"sow-cta-subtitle\">Perm\u00edtanos ser parte de sus desaf\u00edos de sustentabilidad, \u00a1tenemos la tecnolog\u00eda y la pasi\u00f3n para ayudarlo a tener \u00e9xito!<\/h5>\n\t\t<\/div>\n\n\t\t<div class=\"so-widget-sow-button so-widget-sow-button-atom-b4f6b6b19f96\"><div class=\"ow-button-base ow-button-align-center\">\n\t<a href=\"mailto:sales@djm.nl\" class=\"ow-icon-placement-left ow-button-hover\" \t\t>\n\t\t<span>\n\t\t\t\n\t\t\t CONT\u00c1CTENOS\t\t<\/span>\n\t<\/a>\n<\/div>\n<\/div>\n\t<\/div>\n\n<\/div>\n<\/div><\/div><\/div><\/div><\/div>","protected":false},"excerpt":{"rendered":"<p>Conozca a los \u201cinnovadores apasionados en soluciones inkjet sustentables\u201d Escuchando con mente abierta la demanda de cada cliente y aprendiendo de cada proyecto, esto se ha traducido en una experiencia de m\u00e1s de 28 a\u00f1os en soluciones de impresi\u00f3n inkjet. A nuestro equipo de expertos le apasiona impulsar la tecnolog\u00eda, aplicando la \u00faltima tecnolog\u00eda de [&hellip;]<\/p>\n","protected":false},"author":9,"featured_media":0,"parent":0,"menu_order":0,"comment_status":"closed","ping_status":"closed","template":"","meta":{"footnotes":""},"class_list":["post-4419","page","type-page","status-publish","hentry"],"_links":{"self":[{"href":"https:\/\/www.djm.nl\/es\/wp-json\/wp\/v2\/pages\/4419","targetHints":{"allow":["GET"]}}],"collection":[{"href":"https:\/\/www.djm.nl\/es\/wp-json\/wp\/v2\/pages"}],"about":[{"href":"https:\/\/www.djm.nl\/es\/wp-json\/wp\/v2\/types\/page"}],"author":[{"embeddable":true,"href":"https:\/\/www.djm.nl\/es\/wp-json\/wp\/v2\/users\/9"}],"replies":[{"embeddable":true,"href":"https:\/\/www.djm.nl\/es\/wp-json\/wp\/v2\/comments?post=4419"}],"version-history":[{"count":31,"href":"https:\/\/www.djm.nl\/es\/wp-json\/wp\/v2\/pages\/4419\/revisions"}],"predecessor-version":[{"id":13064,"href":"https:\/\/www.djm.nl\/es\/wp-json\/wp\/v2\/pages\/4419\/revisions\/13064"}],"wp:attachment":[{"href":"https:\/\/www.djm.nl\/es\/wp-json\/wp\/v2\/media?parent=4419"}],"curies":[{"name":"wp","href":"https:\/\/api.w.org\/{rel}","templated":true}]}}