{"id":14189,"date":"2025-04-14T07:48:13","date_gmt":"2025-04-14T06:48:13","guid":{"rendered":"https:\/\/www.djm.nl\/?page_id=14189"},"modified":"2025-04-14T07:48:13","modified_gmt":"2025-04-14T06:48:13","slug":"nuestros-principios-empresariales","status":"publish","type":"page","link":"https:\/\/www.djm.nl\/es\/nuestros-principios-empresariales\/","title":{"rendered":"Nuestros principios empresariales"},"content":{"rendered":"<div id=\"pl-14189\"  class=\"panel-layout\" ><div id=\"pg-14189-0\"  class=\"panel-grid panel-no-style\" ><div id=\"pgc-14189-0-0\"  class=\"panel-grid-cell\" ><div id=\"panel-14189-0-0-0\" class=\"so-panel widget widget_sow-editor panel-first-child panel-last-child\" data-index=\"0\" ><div class=\"so-widget-sow-editor so-widget-sow-editor-base\">\n<div class=\"siteorigin-widget-tinymce textwidget\">\n\t<h4 style=\"text-align: center;\">\u2013 siempre enfocados en el cliente \u2013<\/h4>\n<p style=\"text-align: center;\">DJM se compromete a ofrecer soluciones de impresi\u00f3n de inyecci\u00f3n de tinta altamente productivas, eficientes y rentables. Nuestro proceso comienza con una evaluaci\u00f3n exhaustiva de los objetivos del proyecto y los requisitos de la aplicaci\u00f3n, guiando a los clientes a trav\u00e9s de la tecnolog\u00eda de inyecci\u00f3n de tinta, las tintas, los sustratos, la integraci\u00f3n y la optimizaci\u00f3n de procesos. Mediante un an\u00e1lisis exhaustivo, procedimientos de prueba y la exploraci\u00f3n de alternativas, desarrollamos la soluci\u00f3n que mejor se adapta a las necesidades del cliente, a menudo basada en una soluci\u00f3n personalizada.<\/p>\n<h4 style=\"text-align: center;\">\u2013 impulsado por la tecnolog\u00eda \u2013<\/h4>\n<p style=\"text-align: center;\">En DJM, nos apasiona la tecnolog\u00eda y nos impulsa la innovaci\u00f3n. En nuestro Centro de Innovaci\u00f3n, realizamos pruebas, superamos los l\u00edmites t\u00e9cnicos y aplicamos los \u00faltimos avances. En colaboraci\u00f3n con l\u00edderes tecnol\u00f3gicos globales, desarrollamos electr\u00f3nica de controladores, programaci\u00f3n de FPGA, software de impresi\u00f3n, interfaces, m\u00f3dulos de impresi\u00f3n y gesti\u00f3n de tinta, abarcando todo el sistema de impresi\u00f3n de inyecci\u00f3n de tinta. Con todo el desarrollo realizado internamente, profundizamos en la tecnolog\u00eda para garantizar soluciones de primera clase.<\/p>\n<h4 style=\"text-align: center;\">\u2013 sostenible responsable \u2013<\/h4>\n<p style=\"text-align: center;\">DJM est\u00e1 comprometida con el desarrollo sostenible y trabaja activamente para minimizar el impacto ambiental. Esto incluye una pol\u00edtica espec\u00edfica para reducir las emisiones de CO\u2082 . Mediante el desarrollo de productos innovadores y servicios inteligentes, contribuimos a reducir a\u00fan m\u00e1s nuestra huella ecol\u00f3gica.<\/p>\n<h4 style=\"text-align: center;\">\u2013 ojo para las personas \u2013<\/h4>\n<p style=\"text-align: center;\">En DJM, fomentamos un entorno inclusivo donde todos son valorados, con respeto y oportunidades para generar un impacto positivo tanto en la empresa como en la sociedad. Guiados por el principio de \" trata a los dem\u00e1s como quieres ser tratado\", extendemos este enfoque tambi\u00e9n a nuestros clientes y socios.<\/p>\n<h4 style=\"text-align: center;\">\u2013 negocios justos \u2013<\/h4>\n<p style=\"text-align: center;\">DJM opera estrictamente con principios comerciales justos, garantizando una colaboraci\u00f3n basada en la integridad, la igualdad, la transparencia, el respeto y la responsabilidad. Los acuerdos y condiciones deben ser siempre justos, transparentes<br \/>\ny armoniosos, garantizando el equilibrio para fomentar la confianza y la estabilidad a largo plazo.<\/p>\n<p style=\"text-align: center;\">\n\u00a1DJM ha definido las distintas \u00e1reas de enfoque que nos convienen y que contribuyen a un<br \/>\nmundo m\u00e1s justo, m\u00e1s saludable y m\u00e1s seguro para vivir, para todos!<\/p>\n<\/div>\n<\/div><\/div><\/div><\/div><\/div>","protected":false},"excerpt":{"rendered":"<p>\u2013 siempre enfocados en el cliente \u2013 DJM se compromete a ofrecer soluciones de impresi\u00f3n de inyecci\u00f3n de tinta altamente productivas, eficientes y rentables. Nuestro proceso comienza con una evaluaci\u00f3n exhaustiva de los objetivos del proyecto y los requisitos de la aplicaci\u00f3n, guiando a los clientes a trav\u00e9s de la tecnolog\u00eda de inyecci\u00f3n de tinta, [&hellip;]<\/p>\n","protected":false},"author":4,"featured_media":0,"parent":0,"menu_order":0,"comment_status":"closed","ping_status":"closed","template":"","meta":{"footnotes":""},"class_list":["post-14189","page","type-page","status-publish","hentry"],"_links":{"self":[{"href":"https:\/\/www.djm.nl\/es\/wp-json\/wp\/v2\/pages\/14189","targetHints":{"allow":["GET"]}}],"collection":[{"href":"https:\/\/www.djm.nl\/es\/wp-json\/wp\/v2\/pages"}],"about":[{"href":"https:\/\/www.djm.nl\/es\/wp-json\/wp\/v2\/types\/page"}],"author":[{"embeddable":true,"href":"https:\/\/www.djm.nl\/es\/wp-json\/wp\/v2\/users\/4"}],"replies":[{"embeddable":true,"href":"https:\/\/www.djm.nl\/es\/wp-json\/wp\/v2\/comments?post=14189"}],"version-history":[{"count":13,"href":"https:\/\/www.djm.nl\/es\/wp-json\/wp\/v2\/pages\/14189\/revisions"}],"predecessor-version":[{"id":14234,"href":"https:\/\/www.djm.nl\/es\/wp-json\/wp\/v2\/pages\/14189\/revisions\/14234"}],"wp:attachment":[{"href":"https:\/\/www.djm.nl\/es\/wp-json\/wp\/v2\/media?parent=14189"}],"curies":[{"name":"wp","href":"https:\/\/api.w.org\/{rel}","templated":true}]}}