{"id":13526,"date":"2024-05-22T13:25:17","date_gmt":"2024-05-22T12:25:17","guid":{"rendered":"https:\/\/www.djm.nl\/products\/eureka\/"},"modified":"2025-06-17T12:19:18","modified_gmt":"2025-06-17T11:19:18","slug":"eureka","status":"publish","type":"page","link":"https:\/\/www.djm.nl\/es\/products\/eureka\/","title":{"rendered":"Eureka"},"content":{"rendered":"<div id=\"pl-13526\"  class=\"panel-layout\" ><div id=\"pg-13526-0\"  class=\"panel-grid panel-no-style\" ><div id=\"pgc-13526-0-0\"  class=\"panel-grid-cell\" ><div id=\"panel-13526-0-0-0\" class=\"so-panel widget widget_sow-editor panel-first-child panel-last-child\" data-index=\"0\" ><div class=\"so-widget-sow-editor so-widget-sow-editor-base\">\n<div class=\"siteorigin-widget-tinymce textwidget\">\n\t<h3>Aumente su rendimiento y tiempo de actividad para aumentar la rentabilidad con la tecnolog\u00eda del m\u00f3dulo de impresi\u00f3n Eureka de DJM<\/h3>\n<h4>La \u00faltima tecnolog\u00eda en cabezales de impresi\u00f3n.<\/h4>\n<p>La tecnolog\u00eda del m\u00f3dulo de impresi\u00f3n <strong>Eureka<\/strong> utiliza el \u00faltimo cabezal de impresi\u00f3n TIJ4.0-HD de HP. El cabezal de impresi\u00f3n se caracteriza por el alto n\u00famero de boquillas para alta resoluci\u00f3n (de 1.200 ppp por ranura), redundancia de boquillas, combinada con la tecnolog\u00eda de micro recirculaci\u00f3n patentada de HP, que garantiza un largo tiempo de apertura de las boquillas e intervalos de limpieza prolongados.<\/p>\n<p>El m\u00f3dulo de impresi\u00f3n <strong>Eureka<\/strong> se puede utilizar para una amplia gama de aplicaciones. Dependiendo de la resoluci\u00f3n de impresi\u00f3n requerida para la aplicaci\u00f3n, son posibles velocidades de impresi\u00f3n de hasta 183 metros por minuto.<\/p>\n<h4>Escalabilidad<\/h4>\n<p>El ancho de impresi\u00f3n del m\u00f3dulo de impresi\u00f3n <strong>Eureka<\/strong> se configura seg\u00fan los requisitos de la aplicaci\u00f3n deseada y se puede configurar con uno o m\u00e1s cabezales de impresi\u00f3n para crear el ancho de impresi\u00f3n ideal. El cabezal de impresi\u00f3n tiene dos ranuras, lo que le permite imprimir a dos colores con un solo cabezal de impresi\u00f3n o a full color con solo dos.<\/p>\n<\/div>\n<\/div><\/div><\/div><\/div><div id=\"pg-13526-1\"  class=\"panel-grid panel-no-style\" ><div id=\"pgc-13526-1-0\"  class=\"panel-grid-cell\" ><div id=\"panel-13526-1-0-0\" class=\"so-panel widget widget_sow-image panel-first-child panel-last-child\" data-index=\"1\" ><div class=\"so-widget-sow-image so-widget-sow-image-default-d6014b76747a-13526\">\n\n<div class=\"sow-image-container\">\n\t\t<img decoding=\"async\" src=\"https:\/\/www.djm.nl\/wp-content\/uploads\/2025\/06\/1PH-2R-108.png\" width=\"500\" height=\"500\" srcset=\"https:\/\/www.djm.nl\/wp-content\/uploads\/2025\/06\/1PH-2R-108.png 500w, https:\/\/www.djm.nl\/wp-content\/uploads\/2025\/06\/1PH-2R-108-300x300.png 300w, https:\/\/www.djm.nl\/wp-content\/uploads\/2025\/06\/1PH-2R-108-150x150.png 150w, https:\/\/www.djm.nl\/wp-content\/uploads\/2025\/06\/1PH-2R-108-200x200.png 200w, https:\/\/www.djm.nl\/wp-content\/uploads\/2025\/06\/1PH-2R-108-250x250.png 250w\" sizes=\"auto, (max-width: 500px) 100vw, 500px\" alt=\"\" loading=\"lazy\" \t\tclass=\"so-widget-image\"\/>\n\t<\/div>\n\n<\/div><\/div><\/div><div id=\"pgc-13526-1-1\"  class=\"panel-grid-cell\" ><div id=\"panel-13526-1-1-0\" class=\"so-panel widget widget_sow-image panel-first-child panel-last-child\" data-index=\"2\" ><div class=\"so-widget-sow-image so-widget-sow-image-default-d6014b76747a-13526\">\n\n<div class=\"sow-image-container\">\n\t\t<img decoding=\"async\" src=\"https:\/\/www.djm.nl\/wp-content\/uploads\/2025\/06\/2PH-2C.png\" width=\"500\" height=\"500\" srcset=\"https:\/\/www.djm.nl\/wp-content\/uploads\/2025\/06\/2PH-2C.png 500w, https:\/\/www.djm.nl\/wp-content\/uploads\/2025\/06\/2PH-2C-300x300.png 300w, https:\/\/www.djm.nl\/wp-content\/uploads\/2025\/06\/2PH-2C-150x150.png 150w, https:\/\/www.djm.nl\/wp-content\/uploads\/2025\/06\/2PH-2C-200x200.png 200w, https:\/\/www.djm.nl\/wp-content\/uploads\/2025\/06\/2PH-2C-250x250.png 250w\" sizes=\"auto, (max-width: 500px) 100vw, 500px\" alt=\"\" loading=\"lazy\" \t\tclass=\"so-widget-image\"\/>\n\t<\/div>\n\n<\/div><\/div><\/div><div id=\"pgc-13526-1-2\"  class=\"panel-grid-cell\" ><div id=\"panel-13526-1-2-0\" class=\"so-panel widget widget_sow-image panel-first-child panel-last-child\" data-index=\"3\" ><div class=\"so-widget-sow-image so-widget-sow-image-default-d6014b76747a-13526\">\n\n<div class=\"sow-image-container\">\n\t\t<img decoding=\"async\" src=\"https:\/\/www.djm.nl\/wp-content\/uploads\/2025\/06\/4PH-1CR.png\" width=\"500\" height=\"500\" srcset=\"https:\/\/www.djm.nl\/wp-content\/uploads\/2025\/06\/4PH-1CR.png 500w, https:\/\/www.djm.nl\/wp-content\/uploads\/2025\/06\/4PH-1CR-300x300.png 300w, https:\/\/www.djm.nl\/wp-content\/uploads\/2025\/06\/4PH-1CR-150x150.png 150w, https:\/\/www.djm.nl\/wp-content\/uploads\/2025\/06\/4PH-1CR-200x200.png 200w, https:\/\/www.djm.nl\/wp-content\/uploads\/2025\/06\/4PH-1CR-250x250.png 250w\" sizes=\"auto, (max-width: 500px) 100vw, 500px\" alt=\"\" loading=\"lazy\" \t\tclass=\"so-widget-image\"\/>\n\t<\/div>\n\n<\/div><\/div><\/div><\/div><div id=\"pg-13526-2\"  class=\"panel-grid panel-no-style\" ><div id=\"pgc-13526-2-0\"  class=\"panel-grid-cell\" ><div id=\"panel-13526-2-0-0\" class=\"so-panel widget widget_sow-editor panel-first-child panel-last-child\" data-index=\"4\" ><div class=\"so-widget-sow-editor so-widget-sow-editor-base\">\n<div class=\"siteorigin-widget-tinymce textwidget\">\n\t<h5>Eureka 108 1PH MONO<\/h5>\n<p>cabezales de impresi\u00f3n: 1<br data-start=\"111\" data-end=\"114\" \/>colores: Negro<br data-start=\"132\" data-end=\"135\" \/>colores por cabezal: 1<br data-start=\"161\" data-end=\"164\" \/>IDS: IDS-1CR<\/p>\n<\/div>\n<\/div><\/div><\/div><div id=\"pgc-13526-2-1\"  class=\"panel-grid-cell\" ><div id=\"panel-13526-2-1-0\" class=\"so-panel widget widget_sow-editor panel-first-child panel-last-child\" data-index=\"5\" ><div class=\"so-widget-sow-editor so-widget-sow-editor-base\">\n<div class=\"siteorigin-widget-tinymce textwidget\">\n\t<h5>Eureka 108 2PH FC<\/h5>\n<p>cabezales de impresi\u00f3n: 2<br data-start=\"242\" data-end=\"245\" \/>colores: CMYK<br data-start=\"262\" data-end=\"265\" \/>colores por cabezal: 2<br data-start=\"291\" data-end=\"294\" \/>IDS: IDS-2C<\/p>\n<\/div>\n<\/div><\/div><\/div><div id=\"pgc-13526-2-2\"  class=\"panel-grid-cell\" ><div id=\"panel-13526-2-2-0\" class=\"so-panel widget widget_sow-editor panel-first-child panel-last-child\" data-index=\"6\" ><div class=\"so-widget-sow-editor so-widget-sow-editor-base\">\n<div class=\"siteorigin-widget-tinymce textwidget\">\n\t<h5>Eureka 108 4PH FC<\/h5>\n<p>cabezales de impresi\u00f3n: 4<br data-start=\"371\" data-end=\"374\" \/>colores: CMYK<br data-start=\"391\" data-end=\"394\" \/>colores por cabezal: 1<br data-start=\"420\" data-end=\"423\" \/>IDS: IDS-1CR<\/p>\n<\/div>\n<\/div><\/div><\/div><\/div><div id=\"pg-13526-3\"  class=\"panel-grid panel-no-style\" ><div id=\"pgc-13526-3-0\"  class=\"panel-grid-cell\" ><div id=\"panel-13526-3-0-0\" class=\"so-panel widget widget_sow-editor panel-first-child panel-last-child\" data-index=\"7\" ><div class=\"so-widget-sow-editor so-widget-sow-editor-base\">\n<div class=\"siteorigin-widget-tinymce textwidget\">\n\t<h4>Sistema de suministro de tinta<\/h4>\n<p>El sistema Eureka est\u00e1 equipado con un suministro de tinta est\u00e1ndar basado en cartuchos, compatible con uno o dos cartuchos de 775 ml por color. En la configuraci\u00f3n de doble cartucho, el sistema cambia autom\u00e1ticamente al cartucho lleno cuando uno se vac\u00eda, asegurando una operaci\u00f3n continua e ininterrumpida.<\/p>\n<h4>F\u00e1cil integraci\u00f3n<\/h4>\n<p>Los cabezales de impresi\u00f3n est\u00e1n desarrollados para imprimir tanto vertical como horizontalmente (desde un lado), lo que lo convierte en el sue\u00f1o de un integrador. El m\u00f3dulo de impresi\u00f3n es compacto, por lo que siempre se puede encontrar una posici\u00f3n de montaje.<\/p>\n<h4>F\u00e1cil de usar<\/h4>\n<p>El sistema <strong>Eureka<\/strong> es muy f\u00e1cil de usar. El sistema est\u00e1 equipado con un sistema de suministro de tinta externo basado en cartuchos con dos cartuchos por color y permite tiradas de producci\u00f3n largas y continuas. El cartucho de tinta y el cabezal de impresi\u00f3n se reemplazan en minutos sin herramientas y hace que el sistema sea muy f\u00e1cil de usar.<\/p>\n<\/div>\n<\/div><\/div><\/div><\/div><div id=\"pg-13526-4\"  class=\"panel-grid panel-no-style\" ><div id=\"pgc-13526-4-0\"  class=\"panel-grid-cell\" ><div id=\"panel-13526-4-0-0\" class=\"so-panel widget widget_sow-editor panel-first-child panel-last-child\" data-index=\"8\" ><div class=\"so-widget-sow-editor so-widget-sow-editor-base\">\n<div class=\"siteorigin-widget-tinymce textwidget\">\n\t<div id=\"attachment_13639\" style=\"width: 306px\" class=\"wp-caption alignleft\"><img aria-describedby=\"caption-attachment-13639\" loading=\"lazy\" decoding=\"async\" class=\"wp-image-13639 size-medium\" src=\"https:\/\/www.djm.nl\/wp-content\/uploads\/2024\/05\/eureka-vertically-and-horizontally-1-296x300.png\" alt=\"\" width=\"296\" height=\"300\" srcset=\"https:\/\/www.djm.nl\/wp-content\/uploads\/2024\/05\/eureka-vertically-and-horizontally-1-296x300.png 296w, https:\/\/www.djm.nl\/wp-content\/uploads\/2024\/05\/eureka-vertically-and-horizontally-1-1012x1024.png 1012w, https:\/\/www.djm.nl\/wp-content\/uploads\/2024\/05\/eureka-vertically-and-horizontally-1-768x777.png 768w, https:\/\/www.djm.nl\/wp-content\/uploads\/2024\/05\/eureka-vertically-and-horizontally-1-198x200.png 198w, https:\/\/www.djm.nl\/wp-content\/uploads\/2024\/05\/eureka-vertically-and-horizontally-1-247x250.png 247w, https:\/\/www.djm.nl\/wp-content\/uploads\/2024\/05\/eureka-vertically-and-horizontally-1-148x150.png 148w, https:\/\/www.djm.nl\/wp-content\/uploads\/2024\/05\/eureka-vertically-and-horizontally-1.png 1386w\" sizes=\"auto, (max-width: 296px) 100vw, 296px\" \/><p id=\"caption-attachment-13639\" class=\"wp-caption-text\">Imprime tanto vertical como horizontalmente<\/p><\/div>\n<\/div>\n<\/div><\/div><\/div><div id=\"pgc-13526-4-1\"  class=\"panel-grid-cell\" ><div id=\"panel-13526-4-1-0\" class=\"so-panel widget widget_sow-editor panel-first-child panel-last-child\" data-index=\"9\" ><div class=\"so-widget-sow-editor so-widget-sow-editor-base\">\n<div class=\"siteorigin-widget-tinymce textwidget\">\n\t<div id=\"attachment_13495\" style=\"width: 310px\" class=\"wp-caption aligncenter\"><img aria-describedby=\"caption-attachment-13495\" loading=\"lazy\" decoding=\"async\" class=\"wp-image-13495 size-medium\" src=\"https:\/\/www.djm.nl\/wp-content\/uploads\/2024\/05\/eureka-microrecirculation-300x300.png\" alt=\"\" width=\"300\" height=\"300\" srcset=\"https:\/\/www.djm.nl\/wp-content\/uploads\/2024\/05\/eureka-microrecirculation-300x300.png 300w, https:\/\/www.djm.nl\/wp-content\/uploads\/2024\/05\/eureka-microrecirculation-150x150.png 150w, https:\/\/www.djm.nl\/wp-content\/uploads\/2024\/05\/eureka-microrecirculation-200x200.png 200w, https:\/\/www.djm.nl\/wp-content\/uploads\/2024\/05\/eureka-microrecirculation-250x250.png 250w, https:\/\/www.djm.nl\/wp-content\/uploads\/2024\/05\/eureka-microrecirculation.png 539w\" sizes=\"auto, (max-width: 300px) 100vw, 300px\" \/><p id=\"caption-attachment-13495\" class=\"wp-caption-text\">La microrecirculaci\u00f3n patentada garantiza largos tiempos de apertura de la tinta e intervalos prolongados<\/p><\/div>\n<\/div>\n<\/div><\/div><\/div><div id=\"pgc-13526-4-2\"  class=\"panel-grid-cell\" ><div id=\"panel-13526-4-2-0\" class=\"so-panel widget widget_sow-editor panel-first-child panel-last-child\" data-index=\"10\" ><div class=\"so-widget-sow-editor so-widget-sow-editor-base\">\n<div class=\"siteorigin-widget-tinymce textwidget\">\n\t<div id=\"attachment_13485\" style=\"width: 308px\" class=\"wp-caption alignright\"><img aria-describedby=\"caption-attachment-13485\" loading=\"lazy\" decoding=\"async\" class=\"wp-image-13485 size-medium\" src=\"https:\/\/www.djm.nl\/wp-content\/uploads\/2024\/05\/eureka-two-colors-298x300.png\" alt=\"\" width=\"298\" height=\"300\" srcset=\"https:\/\/www.djm.nl\/wp-content\/uploads\/2024\/05\/eureka-two-colors-298x300.png 298w, https:\/\/www.djm.nl\/wp-content\/uploads\/2024\/05\/eureka-two-colors-1018x1024.png 1018w, https:\/\/www.djm.nl\/wp-content\/uploads\/2024\/05\/eureka-two-colors-150x150.png 150w, https:\/\/www.djm.nl\/wp-content\/uploads\/2024\/05\/eureka-two-colors-768x772.png 768w, https:\/\/www.djm.nl\/wp-content\/uploads\/2024\/05\/eureka-two-colors-1527x1536.png 1527w, https:\/\/www.djm.nl\/wp-content\/uploads\/2024\/05\/eureka-two-colors-2036x2048.png 2036w, https:\/\/www.djm.nl\/wp-content\/uploads\/2024\/05\/eureka-two-colors-200x200.png 200w\" sizes=\"auto, (max-width: 298px) 100vw, 298px\" \/><p id=\"caption-attachment-13485\" class=\"wp-caption-text\">Cada cabezal de impresi\u00f3n tiene dos ranuras para imprimir en un color con redundancia de 1200 ppp o en dos colores<\/p><\/div>\n<\/div>\n<\/div><\/div><\/div><\/div><div id=\"pg-13526-5\"  class=\"panel-grid panel-no-style\" ><div id=\"pgc-13526-5-0\"  class=\"panel-grid-cell\" ><div id=\"panel-13526-5-0-0\" class=\"so-panel widget widget_sow-editor panel-first-child panel-last-child\" data-index=\"11\" ><div class=\"so-widget-sow-editor so-widget-sow-editor-base\">\n<div class=\"siteorigin-widget-tinymce textwidget\">\n\t<h4>Beneficios y ahorro de costos<\/h4>\n<p>La tecnolog\u00eda del m\u00f3dulo de impresi\u00f3n <strong>Eureka<\/strong> viene con muchos beneficios y ahorros de costos, como mayor tiempo de actividad, tiempo de configuraci\u00f3n m\u00e1s r\u00e1pido, alta calidad de imagen, flexibilidad de tinta, sin costos de renovaci\u00f3n y muchos m\u00e1s. <a href=\"https:\/\/www.djm.nl\/es\/beneficios-y-ahorro-de-costos\/\">Leer m\u00e1s<\/a><\/p>\n<h4>Socio confiable<\/h4>\n<p>Quiere un socio de negocios confiable, comprometido y calificado. Que prometa y cumpla. DJM es todo sobre inkjet. Con m\u00e1s de 30 a\u00f1os de experiencia, llevamos la tecnolog\u00eda inkjet industrial a sus l\u00edmites. Los l\u00edderes de la industria de la impresi\u00f3n de todo el mundo han recurrido a DJM para obtener soluciones inkjet porque aprecian nuestro enfoque personal y nuestra s\u00f3lida ingenier\u00eda. Nuestro objetivo es ofrecerle las mejores soluciones de impresi\u00f3n inkjet para una salida de datos variables de alta calidad y una mayor eficiencia. <a href=\"https:\/\/www.djm.nl\/es\/nuestras-promesas\/\">Lea nuestra promesa aqu\u00ed<\/a><\/p>\n<h4>Comience a integrar la excelencia digital<\/h4>\n<p>&nbsp;<\/p>\n<h4>Beneficios de Eureka<\/h4>\n<ul>\n<li>F\u00e1cil de integrar<\/li>\n<li>Impresi\u00f3n vertical y horizontal<\/li>\n<li>Alta calidad de impresi\u00f3n de 1.200 ppp<\/li>\n<li>Alta velocidad: hasta 180 m\/min<\/li>\n<li>Configuraci\u00f3n del m\u00f3dulo de impresi\u00f3n escalable<\/li>\n<li>F\u00e1cil de usar<\/li>\n<\/ul>\n<\/div>\n<\/div><\/div><\/div><\/div><div id=\"pg-13526-6\"  class=\"panel-grid panel-no-style\" ><div id=\"pgc-13526-6-0\"  class=\"panel-grid-cell\" ><div id=\"panel-13526-6-0-0\" class=\"so-panel widget widget_sow-cta panel-first-child\" data-index=\"12\" ><div class=\"so-widget-sow-cta so-widget-sow-cta-default-4208922e6c26-13526\"><div class=\"sow-cta-base\">\n\n\t<div class=\"sow-cta-wrapper\">\n\n\t\t<div class=\"sow-cta-text\">\n\t\t\t<h4 class=\"sow-cta-title\">\u00bfTiene curiosidad por saber qu\u00e9 puede hacer Eureka por su producci\u00f3n impresa?<\/h4>\n\t\t\t<h5 class=\"sow-cta-subtitle\">Pregunta por las posibilidades.<\/h5>\n\t\t<\/div>\n\n\t\t<div class=\"so-widget-sow-button so-widget-sow-button-atom-b4f6b6b19f96\"><div class=\"ow-button-base ow-button-align-center\">\n\t<a href=\"mailto:sales@djm.nl\" class=\"ow-icon-placement-left ow-button-hover\" \t\t>\n\t\t<span>\n\t\t\t\n\t\t\tContacta con nosotras\t\t<\/span>\n\t<\/a>\n<\/div>\n<\/div>\n\t<\/div>\n\n<\/div>\n<\/div><\/div><div id=\"panel-13526-6-0-1\" class=\"so-panel widget widget_sow-editor panel-last-child\" data-index=\"13\" ><div class=\"so-widget-sow-editor so-widget-sow-editor-base\">\n<div class=\"siteorigin-widget-tinymce textwidget\">\n\t<\/div>\n<\/div><\/div><\/div><\/div><\/div>","protected":false},"excerpt":{"rendered":"<p>Aumente su rendimiento y tiempo de actividad para aumentar la rentabilidad con la tecnolog\u00eda del m\u00f3dulo de impresi\u00f3n Eureka de DJM La \u00faltima tecnolog\u00eda en cabezales de impresi\u00f3n. La tecnolog\u00eda del m\u00f3dulo de impresi\u00f3n Eureka utiliza el \u00faltimo cabezal de impresi\u00f3n TIJ4.0-HD de HP. El cabezal de impresi\u00f3n se caracteriza por el alto n\u00famero de [&hellip;]<\/p>\n","protected":false},"author":4,"featured_media":0,"parent":4472,"menu_order":0,"comment_status":"closed","ping_status":"closed","template":"","meta":{"footnotes":""},"class_list":["post-13526","page","type-page","status-publish","hentry"],"_links":{"self":[{"href":"https:\/\/www.djm.nl\/es\/wp-json\/wp\/v2\/pages\/13526","targetHints":{"allow":["GET"]}}],"collection":[{"href":"https:\/\/www.djm.nl\/es\/wp-json\/wp\/v2\/pages"}],"about":[{"href":"https:\/\/www.djm.nl\/es\/wp-json\/wp\/v2\/types\/page"}],"author":[{"embeddable":true,"href":"https:\/\/www.djm.nl\/es\/wp-json\/wp\/v2\/users\/4"}],"replies":[{"embeddable":true,"href":"https:\/\/www.djm.nl\/es\/wp-json\/wp\/v2\/comments?post=13526"}],"version-history":[{"count":9,"href":"https:\/\/www.djm.nl\/es\/wp-json\/wp\/v2\/pages\/13526\/revisions"}],"predecessor-version":[{"id":14279,"href":"https:\/\/www.djm.nl\/es\/wp-json\/wp\/v2\/pages\/13526\/revisions\/14279"}],"up":[{"embeddable":true,"href":"https:\/\/www.djm.nl\/es\/wp-json\/wp\/v2\/pages\/4472"}],"wp:attachment":[{"href":"https:\/\/www.djm.nl\/es\/wp-json\/wp\/v2\/media?parent=13526"}],"curies":[{"name":"wp","href":"https:\/\/api.w.org\/{rel}","templated":true}]}}