{"id":12827,"date":"2024-01-11T15:40:50","date_gmt":"2024-01-11T14:40:50","guid":{"rendered":"https:\/\/www.djm.nl\/pasantias\/"},"modified":"2024-01-11T15:49:21","modified_gmt":"2024-01-11T14:49:21","slug":"pasantias","status":"publish","type":"page","link":"https:\/\/www.djm.nl\/es\/pasantias\/","title":{"rendered":"Pasant\u00edas"},"content":{"rendered":"<div id=\"pl-12827\"  class=\"panel-layout\" ><div id=\"pg-12827-0\"  class=\"panel-grid panel-no-style\" ><div id=\"pgc-12827-0-0\"  class=\"panel-grid-cell\" ><div id=\"panel-12827-0-0-0\" class=\"so-panel widget widget_media_image panel-first-child panel-last-child\" data-index=\"0\" ><img loading=\"lazy\" decoding=\"async\" width=\"1920\" height=\"300\" src=\"https:\/\/www.djm.nl\/wp-content\/uploads\/2024\/01\/BannerJob.jpg\" class=\"image wp-image-12676  attachment-full size-full\" alt=\"\" style=\"max-width: 100%; height: auto;\" srcset=\"https:\/\/www.djm.nl\/wp-content\/uploads\/2024\/01\/BannerJob.jpg 1920w, https:\/\/www.djm.nl\/wp-content\/uploads\/2024\/01\/BannerJob-300x47.jpg 300w, https:\/\/www.djm.nl\/wp-content\/uploads\/2024\/01\/BannerJob-1024x160.jpg 1024w, https:\/\/www.djm.nl\/wp-content\/uploads\/2024\/01\/BannerJob-768x120.jpg 768w, https:\/\/www.djm.nl\/wp-content\/uploads\/2024\/01\/BannerJob-1536x240.jpg 1536w, https:\/\/www.djm.nl\/wp-content\/uploads\/2024\/01\/BannerJob-200x31.jpg 200w, https:\/\/www.djm.nl\/wp-content\/uploads\/2024\/01\/BannerJob-250x39.jpg 250w, https:\/\/www.djm.nl\/wp-content\/uploads\/2024\/01\/BannerJob-150x23.jpg 150w\" sizes=\"auto, (max-width: 1920px) 100vw, 1920px\" \/><\/div><\/div><\/div><div id=\"pg-12827-1\"  class=\"panel-grid panel-no-style\" ><div id=\"pgc-12827-1-0\"  class=\"panel-grid-cell\" ><div id=\"panel-12827-1-0-0\" class=\"so-panel widget widget_sow-editor panel-first-child panel-last-child\" data-index=\"1\" ><div class=\"so-widget-sow-editor so-widget-sow-editor-base\"><h3 class=\"widget-title\">Ingenier\u00eda de software<\/h3>\n<div class=\"siteorigin-widget-tinymce textwidget\">\n\t<div class=\"siteorigin-widget-tinymce textwidget\">\n<p>DJM es un fabricante internacional de impresoras de inyecci\u00f3n de tinta industriales. Trabajamos junto con empresas de conocimiento de gran prestigio, como HP y Fujifilm. Dentro de la empresa trabajamos en nuestros propios sistemas de gesti\u00f3n de tintas, software de flujo de trabajo, procesos de datos y controles de procesos en Tiempo Real.<\/p>\n<p>Nuestros productos se utilizan en el proceso de impresi\u00f3n de todo tipo de datos variables. Esto incluye la impresi\u00f3n de tarjetas rasca y gana, folletos, embalajes, pero tambi\u00e9n camisetas o bolsos. Nuestras t\u00e9cnicas m\u00e1s r\u00e1pidas ahora alcanzan velocidades de impresi\u00f3n de hasta 5 m\/s y se utilizan en todo el mundo.<\/p>\n<p>Dentro de la empresa trabajamos con varios lenguajes de programaci\u00f3n, como C, C++ y VHDL. Trabaja junto con compa\u00f1eros que estar\u00e1n encantados de ayudarle, pero tambi\u00e9n tiene la responsabilidad de trabajar en su propio proyecto. A continuaci\u00f3n te presentamos diversos proyectos que puedes realizar en DJM.<\/p>\n<\/div>\n<\/div>\n<\/div><\/div><\/div><div id=\"pgc-12827-1-1\"  class=\"panel-grid-cell\" ><div id=\"panel-12827-1-1-0\" class=\"so-panel widget widget_sow-editor panel-first-child panel-last-child\" data-index=\"2\" ><div class=\"so-widget-sow-editor so-widget-sow-editor-base\">\n<div class=\"siteorigin-widget-tinymce textwidget\">\n\t<p><strong>Pensamientos<\/strong><\/p>\n<ul>\n<li>Herramienta de an\u00e1lisis con base de datos en Pihub o servidor.<\/li>\n<li>Interfaz de usuario Octipus para el sistema HP<\/li>\n<li>Controlador Octipus para el nuevo cabezal HP<\/li>\n<li>Prueba con copia de datos entre diferentes memorias y diferentes sockets<\/li>\n<li>Tramado en una tarjeta Nvidia\/Cuda<\/li>\n<li>Interfaz de usuario para controlador l\u00f3gico\/configuraci\u00f3n de hardware para Octipus<\/li>\n<li>La prueba del patr\u00f3n de boquilla analiza autom\u00e1ticamente la compensaci\u00f3n de boquilla<\/li>\n<li>Calibraci\u00f3n autom\u00e1tica de color<\/li>\n<\/ul>\n<p><strong>Sistemas embebidos<\/strong><\/p>\n<ul>\n<li>Desarrollar una placa controladora principal para varios m\u00f3dulos de impresi\u00f3n<\/li>\n<li>Mejora del soporte del sustrato<\/li>\n<li>Control del calentador para el sistema de gesti\u00f3n de tinta.<\/li>\n<li>Nieuwe regeling voor nieuw systeem inkt management systeem<\/li>\n<li>Nuevo esquema para el nuevo sistema de gesti\u00f3n de tinta<\/li>\n<\/ul>\n<p><strong>Mec\u00e1nica<\/strong><\/p>\n<ul>\n<li>Sistema autom\u00e1tico de limpieza de cabezales.<\/li>\n<li>Cuchilla de vac\u00edo para debajo del cabezal de impresi\u00f3n.<\/li>\n<\/ul>\n<\/div>\n<\/div><\/div><\/div><\/div><div id=\"pg-12827-2\"  class=\"panel-grid panel-no-style\" ><div id=\"pgc-12827-2-0\"  class=\"panel-grid-cell\" ><div id=\"panel-12827-2-0-0\" class=\"so-panel widget widget_sow-button panel-first-child panel-last-child\" data-index=\"3\" ><div class=\"so-widget-sow-button so-widget-sow-button-atom-b4f6b6b19f96-12827\"><div class=\"ow-button-base ow-button-align-center\">\n\t<a href=\"mailto:%20info@djm.nl\" class=\"ow-icon-placement-left ow-button-hover\" \t\t>\n\t\t<span>\n\t\t\t\n\t\t\tResponde ahora\t\t<\/span>\n\t<\/a>\n<\/div>\n<\/div><\/div><\/div><\/div><div id=\"pg-12827-3\"  class=\"panel-grid panel-no-style\" ><div id=\"pgc-12827-3-0\"  class=\"panel-grid-cell\" ><div id=\"panel-12827-3-0-0\" class=\"so-panel widget widget_sow-editor panel-first-child panel-last-child\" data-index=\"4\" ><div class=\"so-widget-sow-editor so-widget-sow-editor-base\"><h3 class=\"widget-title\">Marketing<\/h3>\n<div class=\"siteorigin-widget-tinymce textwidget\">\n\t<div class=\"siteorigin-widget-tinymce textwidget\">\n<p>DJM quiere tener \u00e9xito en el mercado de los envases flexibles, ya que tambi\u00e9n quiere utilizar sistemas de impresi\u00f3n de inyecci\u00f3n de tinta y de datos variables para responder m\u00e1s r\u00e1pidamente a las demandas cambiantes del mercado, facilitar tiradas de producci\u00f3n m\u00e1s peque\u00f1as, etc.<\/p>\n<p>Durante las pr\u00e1cticas elaborar\u00e1s e implementar\u00e1s un plan de investigaci\u00f3n de mercado. El punto de partida es mapear el proceso actual de fabricaci\u00f3n de envases flexibles e investigar qu\u00e9 tendencias y tem\u00e1ticas de mercado existen. Te centrar\u00e1s en los avances en las empresas de producci\u00f3n, como la eficiencia, las variantes de producci\u00f3n y el uso de materiales y su impacto en el medio ambiente.<\/p>\n<p>Su investigaci\u00f3n se utilizar\u00e1 en el plan de marketing y se incluir\u00e1 en las campa\u00f1as de marketing.<\/p>\n<\/div>\n<\/div>\n<\/div><\/div><\/div><div id=\"pgc-12827-3-1\"  class=\"panel-grid-cell\" ><div id=\"panel-12827-3-1-0\" class=\"so-panel widget widget_sow-editor panel-first-child panel-last-child\" data-index=\"5\" ><div class=\"so-widget-sow-editor so-widget-sow-editor-base\">\n<div class=\"siteorigin-widget-tinymce textwidget\">\n\t<p><strong>Sus tareas<\/strong><\/p>\n<ul>\n<li>Investiga la industria del embalaje a nivel mundial, espec\u00edficamente los embalajes flexibles, identificando tendencias y temas<\/li>\n<li>Trabaja intensamente con ventas y marketing para obtener informaci\u00f3n sobre DJM y sus productos y servicios<\/li>\n<li>Usted informa peri\u00f3dicamente sus hallazgos a la gerencia<\/li>\n<\/ul>\n<p><strong>\u00bfA quien estamos buscando?<\/strong><\/p>\n<p>\u00bfEst\u00e1s en tu \u00faltimo a\u00f1o de educaci\u00f3n y necesitas una pasant\u00eda en la que puedas adquirir experiencia en el mercado B-to-B en un entorno internacional y tener una fuerte afinidad con la tecnolog\u00eda y las TIC?<br \/>\n\u00a1Entonces nos gustar\u00eda invitarte a responder!<\/p>\n<p><strong>\u00bfQu\u00e9 ofrecemos?<\/strong><\/p>\n<ul>\n<li>Una co-pr\u00e1ctica de 4 a 6 meses en Harderwijk<\/li>\n<li>Un subsidio de pr\u00e1cticas.<\/li>\n<li>La oportunidad de adquirir experiencia con un jugador t\u00e9cnico internacional.<\/li>\n<\/ul>\n<\/div>\n<\/div><\/div><\/div><\/div><div id=\"pg-12827-4\"  class=\"panel-grid panel-no-style\" ><div id=\"pgc-12827-4-0\"  class=\"panel-grid-cell\" ><div id=\"panel-12827-4-0-0\" class=\"so-panel widget widget_sow-button panel-first-child panel-last-child\" data-index=\"6\" ><div class=\"so-widget-sow-button so-widget-sow-button-atom-b4f6b6b19f96-12827\"><div class=\"ow-button-base ow-button-align-center\">\n\t<a href=\"mailto:%20info@djm.nl\" class=\"ow-icon-placement-left ow-button-hover\" \t\t>\n\t\t<span>\n\t\t\t\n\t\t\tResponde ahora\t\t<\/span>\n\t<\/a>\n<\/div>\n<\/div><\/div><\/div><\/div><div id=\"pg-12827-5\"  class=\"panel-grid panel-no-style\" ><div id=\"pgc-12827-5-0\"  class=\"panel-grid-cell\" ><div id=\"panel-12827-5-0-0\" class=\"so-panel widget widget_sow-editor panel-first-child panel-last-child\" data-index=\"7\" ><div class=\"so-widget-sow-editor so-widget-sow-editor-base\"><h3 class=\"widget-title\">\u201cPhotonic driven inkjet\"<\/h3>\n<div class=\"siteorigin-widget-tinymce textwidget\">\n\t<div class=\"siteorigin-widget-tinymce textwidget\">\n<p><img loading=\"lazy\" decoding=\"async\" class=\"alignright size-medium wp-image-5349\" src=\"https:\/\/www.djm.nl\/wp-content\/uploads\/2019\/09\/OP-Oost-300x113.jpg\" sizes=\"auto, (max-width: 300px) 100vw, 300px\" srcset=\"https:\/\/www.djm.nl\/wp-content\/uploads\/2019\/09\/OP-Oost-300x113.jpg 300w, https:\/\/www.djm.nl\/wp-content\/uploads\/2019\/09\/OP-Oost-768x290.jpg 768w, https:\/\/www.djm.nl\/wp-content\/uploads\/2019\/09\/OP-Oost-1024x387.jpg 1024w, https:\/\/www.djm.nl\/wp-content\/uploads\/2019\/09\/OP-Oost-200x76.jpg 200w, https:\/\/www.djm.nl\/wp-content\/uploads\/2019\/09\/OP-Oost-250x94.jpg 250w, https:\/\/www.djm.nl\/wp-content\/uploads\/2019\/09\/OP-Oost-150x57.jpg 150w\" alt=\"\" width=\"300\" height=\"113\">DJM est\u00e1 trabajando en el proyecto \u201cPhotonic-driven inkjet\u201d, para el que hemos recibido una subvenci\u00f3n de la UE. El principal objetivo del proyecto es registrar los movimientos del sustrato en 3 dimensiones y simult\u00e1neamente realizar ajustes en el control del m\u00f3dulo de impresi\u00f3n. De esta manera, se crea la gota de tinta perfecta en todas las circunstancias y se coloca en el lugar correcto del sustrato. Para lograr esto, se debe desarrollar un m\u00e9todo de medici\u00f3n para rastrear el sustrato y se deben desarrollar sensores que puedan realizar estas mediciones. Adem\u00e1s, es necesario desarrollar un codificador que pueda realizar mediciones en las dimensiones X, Y y Z.<br \/>\nEn otras palabras, queremos lograr que a una velocidad de impresi\u00f3n de 5 m\/s (300 m\/min), por ejemplo en hojas offset previamente impresas, cada impresi\u00f3n de inyecci\u00f3n de tinta se registre digitalmente con la imagen offset, independientemente de desviaciones de posici\u00f3n entre las preimpresiones. Esto tambi\u00e9n se aplica a la propia impresi\u00f3n de inyecci\u00f3n de tinta a todo color, cuyas unidades de color digitales deben permanecer registradas. Esto, en combinaci\u00f3n con una resoluci\u00f3n de 4.800 ppp y un ancho de impresi\u00f3n de 100 cm, requiere el procesamiento de datos antes mencionado de 2,5 terabytes\/s.<\/p>\n<\/div>\n<\/div>\n<\/div><\/div><\/div><\/div><div id=\"pg-12827-6\"  class=\"panel-grid panel-no-style\" ><div id=\"pgc-12827-6-0\"  class=\"panel-grid-cell\" ><div id=\"panel-12827-6-0-0\" class=\"so-panel widget widget_sow-editor panel-first-child panel-last-child\" data-index=\"8\" ><div class=\"so-widget-sow-editor so-widget-sow-editor-base\">\n<div class=\"siteorigin-widget-tinymce textwidget\">\n\t<h2>Muchas oportunidades de desarrollo y carrera<\/h2>\n<\/div>\n<\/div><\/div><\/div><\/div><div id=\"pg-12827-7\"  class=\"panel-grid panel-no-style\" ><div id=\"pgc-12827-7-0\"  class=\"panel-grid-cell\" ><div id=\"panel-12827-7-0-0\" class=\"so-panel widget widget_sow-editor panel-first-child panel-last-child\" data-index=\"9\" ><div class=\"so-widget-sow-editor so-widget-sow-editor-base\">\n<div class=\"siteorigin-widget-tinymce textwidget\">\n\t<p><img loading=\"lazy\" decoding=\"async\" class=\"wp-image-5404 size-custom-size-250 alignnone\" src=\"https:\/\/www.djm.nl\/wp-content\/uploads\/2019\/09\/gerco-1-250x250.png\" sizes=\"auto, (max-width: 250px) 100vw, 250px\" srcset=\"https:\/\/www.djm.nl\/wp-content\/uploads\/2019\/09\/gerco-1-250x250.png 250w, https:\/\/www.djm.nl\/wp-content\/uploads\/2019\/09\/gerco-1-150x150.png 150w, https:\/\/www.djm.nl\/wp-content\/uploads\/2019\/09\/gerco-1-300x300.png 300w, https:\/\/www.djm.nl\/wp-content\/uploads\/2019\/09\/gerco-1-768x768.png 768w, https:\/\/www.djm.nl\/wp-content\/uploads\/2019\/09\/gerco-1-200x200.png 200w, https:\/\/www.djm.nl\/wp-content\/uploads\/2019\/09\/gerco-1.png 1024w\" alt=\"\" width=\"250\" height=\"250\"><\/p>\n<\/div>\n<\/div><\/div><\/div><div id=\"pgc-12827-7-1\"  class=\"panel-grid-cell\" ><div id=\"panel-12827-7-1-0\" class=\"so-panel widget widget_sow-editor panel-first-child panel-last-child\" data-index=\"10\" ><div class=\"so-widget-sow-editor so-widget-sow-editor-base\">\n<div class=\"siteorigin-widget-tinymce textwidget\">\n\t<p>'Empec\u00e9 en DJM durante mis estudios. Comenc\u00e9 con un trabajo a tiempo parcial y luego tambi\u00e9n pude hacer mis pr\u00e1cticas y mis tareas de graduaci\u00f3n en DJM. Despu\u00e9s de mis estudios, comenc\u00e9 a trabajar a tiempo completo como desarrollador de software y ahora estoy trabajando en un proyecto en el que estamos desarrollando un nuevo m\u00f3dulo de impresi\u00f3n.'<br \/>\n<strong>Gerco Smit<br \/>\n<\/strong><strong>Software Developer<\/strong><\/p>\n<\/div>\n<\/div><\/div><\/div><div id=\"pgc-12827-7-2\"  class=\"panel-grid-cell\" ><div id=\"panel-12827-7-2-0\" class=\"so-panel widget widget_sow-editor panel-first-child panel-last-child\" data-index=\"11\" ><div class=\"so-widget-sow-editor so-widget-sow-editor-base\">\n<div class=\"siteorigin-widget-tinymce textwidget\">\n\t<p><img loading=\"lazy\" decoding=\"async\" class=\"wp-image-5399 size-custom-size-250 alignnone\" src=\"https:\/\/www.djm.nl\/wp-content\/uploads\/2019\/09\/dinant-250x250.png\" sizes=\"auto, (max-width: 250px) 100vw, 250px\" srcset=\"https:\/\/www.djm.nl\/wp-content\/uploads\/2019\/09\/dinant-250x250.png 250w, https:\/\/www.djm.nl\/wp-content\/uploads\/2019\/09\/dinant-150x150.png 150w, https:\/\/www.djm.nl\/wp-content\/uploads\/2019\/09\/dinant-300x300.png 300w, https:\/\/www.djm.nl\/wp-content\/uploads\/2019\/09\/dinant-768x768.png 768w, https:\/\/www.djm.nl\/wp-content\/uploads\/2019\/09\/dinant-200x200.png 200w, https:\/\/www.djm.nl\/wp-content\/uploads\/2019\/09\/dinant.png 1024w\" alt=\"\" width=\"250\" height=\"250\"><\/p>\n<\/div>\n<\/div><\/div><\/div><div id=\"pgc-12827-7-3\"  class=\"panel-grid-cell\" ><div id=\"panel-12827-7-3-0\" class=\"so-panel widget widget_sow-editor panel-first-child panel-last-child\" data-index=\"12\" ><div class=\"so-widget-sow-editor so-widget-sow-editor-base\">\n<div class=\"siteorigin-widget-tinymce textwidget\">\n\t<p>'En 2013 comenc\u00e9 mi primera pasant\u00eda en DJM. Desde entonces, tuve la oportunidad de continuar mis estudios en DJM y tambi\u00e9n tengo un desafiante trabajo a tiempo parcial en el que desarrollo todo tipo de soluciones inteligentes para avanzar en la tecnolog\u00eda de inyecci\u00f3n de tinta.'<br \/>\n<strong>Dinant Reijnders<br \/>\n<\/strong><strong>Embedded Developer<\/strong><\/p>\n<\/div>\n<\/div><\/div><\/div><\/div><div id=\"pg-12827-8\"  class=\"panel-grid panel-no-style\" ><div id=\"pgc-12827-8-0\"  class=\"panel-grid-cell\" ><div id=\"panel-12827-8-0-0\" class=\"so-panel widget widget_sow-cta panel-first-child panel-last-child\" data-index=\"13\" ><div class=\"so-widget-sow-cta so-widget-sow-cta-default-4208922e6c26-12827\"><div class=\"sow-cta-base\">\n\n\t<div class=\"sow-cta-wrapper\">\n\n\t\t<div class=\"sow-cta-text\">\n\t\t\t<h4 class=\"sow-cta-title\">\u00bfEst\u00e1s realmente emocionado? \u00a1Entonces ahora es el momento de responder!<\/h4>\n\t\t\t<h5 class=\"sow-cta-subtitle\">Env\u00edanos tu motivaci\u00f3n y buscaremos juntos el lugar perfecto para ti.<\/h5>\n\t\t<\/div>\n\n\t\t<div class=\"so-widget-sow-button so-widget-sow-button-atom-b4f6b6b19f96\"><div class=\"ow-button-base ow-button-align-center\">\n\t<a href=\"mailto:%20info@djm.nl\" class=\"ow-icon-placement-left ow-button-hover\" \t\t>\n\t\t<span>\n\t\t\t\n\t\t\tPor favor cont\u00e1ctenos\t\t<\/span>\n\t<\/a>\n<\/div>\n<\/div>\n\t<\/div>\n\n<\/div>\n<\/div><\/div><\/div><\/div><\/div>","protected":false},"excerpt":{"rendered":"<p>DJM es un fabricante internacional de impresoras de inyecci\u00f3n de tinta industriales. Trabajamos junto con empresas de conocimiento de gran prestigio, como HP y Fujifilm. Dentro de la empresa trabajamos en nuestros propios sistemas de gesti\u00f3n de tintas, software de flujo de trabajo, procesos de datos y controles de procesos en Tiempo Real. Nuestros productos [&hellip;]<\/p>\n","protected":false},"author":9,"featured_media":0,"parent":0,"menu_order":0,"comment_status":"closed","ping_status":"closed","template":"","meta":{"footnotes":""},"class_list":["post-12827","page","type-page","status-publish","hentry"],"_links":{"self":[{"href":"https:\/\/www.djm.nl\/es\/wp-json\/wp\/v2\/pages\/12827","targetHints":{"allow":["GET"]}}],"collection":[{"href":"https:\/\/www.djm.nl\/es\/wp-json\/wp\/v2\/pages"}],"about":[{"href":"https:\/\/www.djm.nl\/es\/wp-json\/wp\/v2\/types\/page"}],"author":[{"embeddable":true,"href":"https:\/\/www.djm.nl\/es\/wp-json\/wp\/v2\/users\/9"}],"replies":[{"embeddable":true,"href":"https:\/\/www.djm.nl\/es\/wp-json\/wp\/v2\/comments?post=12827"}],"version-history":[{"count":2,"href":"https:\/\/www.djm.nl\/es\/wp-json\/wp\/v2\/pages\/12827\/revisions"}],"predecessor-version":[{"id":12832,"href":"https:\/\/www.djm.nl\/es\/wp-json\/wp\/v2\/pages\/12827\/revisions\/12832"}],"wp:attachment":[{"href":"https:\/\/www.djm.nl\/es\/wp-json\/wp\/v2\/media?parent=12827"}],"curies":[{"name":"wp","href":"https:\/\/api.w.org\/{rel}","templated":true}]}}