{"id":12804,"date":"2024-01-11T15:56:38","date_gmt":"2024-01-11T14:56:38","guid":{"rendered":"https:\/\/www.djm.nl\/?page_id=12804"},"modified":"2024-01-11T16:20:37","modified_gmt":"2024-01-11T15:20:37","slug":"trabajando-en-djm","status":"publish","type":"page","link":"https:\/\/www.djm.nl\/es\/trabajando-en-djm\/","title":{"rendered":"Trabajando en DJM"},"content":{"rendered":"<div id=\"pl-12804\"  class=\"panel-layout\" ><div id=\"pg-12804-0\"  class=\"panel-grid panel-no-style\" ><div id=\"pgc-12804-0-0\"  class=\"panel-grid-cell\" ><div id=\"panel-12804-0-0-0\" class=\"so-panel widget widget_media_image panel-first-child panel-last-child\" data-index=\"0\" ><img loading=\"lazy\" decoding=\"async\" width=\"1920\" height=\"300\" src=\"https:\/\/www.djm.nl\/wp-content\/uploads\/2024\/01\/BannerJob.jpg\" class=\"image wp-image-12676  attachment-1920x300 size-1920x300\" alt=\"\" style=\"max-width: 100%; height: auto;\" srcset=\"https:\/\/www.djm.nl\/wp-content\/uploads\/2024\/01\/BannerJob.jpg 1920w, https:\/\/www.djm.nl\/wp-content\/uploads\/2024\/01\/BannerJob-300x47.jpg 300w, https:\/\/www.djm.nl\/wp-content\/uploads\/2024\/01\/BannerJob-1024x160.jpg 1024w, https:\/\/www.djm.nl\/wp-content\/uploads\/2024\/01\/BannerJob-768x120.jpg 768w, https:\/\/www.djm.nl\/wp-content\/uploads\/2024\/01\/BannerJob-1536x240.jpg 1536w, https:\/\/www.djm.nl\/wp-content\/uploads\/2024\/01\/BannerJob-200x31.jpg 200w, https:\/\/www.djm.nl\/wp-content\/uploads\/2024\/01\/BannerJob-250x39.jpg 250w, https:\/\/www.djm.nl\/wp-content\/uploads\/2024\/01\/BannerJob-150x23.jpg 150w\" sizes=\"auto, (max-width: 1920px) 100vw, 1920px\" \/><\/div><\/div><\/div><div id=\"pg-12804-1\"  class=\"panel-grid panel-no-style\" ><div id=\"pgc-12804-1-0\"  class=\"panel-grid-cell\" ><div id=\"panel-12804-1-0-0\" class=\"so-panel widget widget_siteorigin-panels-builder panel-first-child panel-last-child\" data-index=\"1\" ><div id=\"pl-w65a006c361b6d\"  class=\"panel-layout\" ><div id=\"pg-w65a006c361b6d-0\"  class=\"panel-grid panel-no-style\" ><div id=\"pgc-w65a006c361b6d-0-0\"  class=\"panel-grid-cell\" ><div id=\"panel-w65a006c361b6d-0-0-0\" class=\"so-panel widget widget_sow-editor panel-first-child panel-last-child\" data-index=\"0\" ><div class=\"so-widget-sow-editor so-widget-sow-editor-base\"><h3 class=\"widget-title\">Vacantes<\/h3>\n<div class=\"siteorigin-widget-tinymce textwidget\">\n\t<p>Debido al crecimiento de DJM, buscamos peri\u00f3dicamente ampliar nuestro equipo. \u00bfEres h\u00e1bil con la ingenier\u00eda el\u00e9ctrica, la mec\u00e1nica o el software? Haga clic en los botones a continuaci\u00f3n para conocer nuestras vacantes y pasant\u00edas.<\/p>\n<\/div>\n<\/div><\/div><\/div><\/div><\/div><\/div><\/div><\/div><div id=\"pg-12804-2\"  class=\"panel-grid panel-no-style\" ><div id=\"pgc-12804-2-0\"  class=\"panel-grid-cell\" ><div id=\"panel-12804-2-0-0\" class=\"so-panel widget widget_sow-button panel-first-child panel-last-child\" data-index=\"2\" ><div class=\"so-widget-sow-button so-widget-sow-button-atom-b4f6b6b19f96-12804\"><div class=\"ow-button-base ow-button-align-center\">\n\t<a href=\"https:\/\/www.djm.nl\/es\/vacantes\/\" class=\"ow-icon-placement-left ow-button-hover\" \t\t>\n\t\t<span>\n\t\t\t\n\t\t\tVacantes\t\t<\/span>\n\t<\/a>\n<\/div>\n<\/div><\/div><\/div><div id=\"pgc-12804-2-1\"  class=\"panel-grid-cell\" ><div id=\"panel-12804-2-1-0\" class=\"so-panel widget widget_sow-button panel-first-child panel-last-child\" data-index=\"3\" ><div class=\"so-widget-sow-button so-widget-sow-button-atom-b4f6b6b19f96-12804\"><div class=\"ow-button-base ow-button-align-center\">\n\t<a href=\"https:\/\/www.djm.nl\/es\/pasantias\/\" class=\"ow-icon-placement-left ow-button-hover\" \t\t>\n\t\t<span>\n\t\t\t\n\t\t\tPasant\u00edas\t\t<\/span>\n\t<\/a>\n<\/div>\n<\/div><\/div><\/div><\/div><\/div>","protected":false},"excerpt":{"rendered":"<p>Vacantes Debido al crecimiento de DJM, buscamos peri\u00f3dicamente ampliar nuestro equipo. \u00bfEres h\u00e1bil con la ingenier\u00eda el\u00e9ctrica, la mec\u00e1nica o el software? Haga clic en los botones a continuaci\u00f3n para conocer nuestras vacantes y pasant\u00edas. Vacantes Pasant\u00edas<\/p>\n","protected":false},"author":9,"featured_media":0,"parent":0,"menu_order":0,"comment_status":"closed","ping_status":"closed","template":"","meta":{"footnotes":""},"class_list":["post-12804","page","type-page","status-publish","hentry"],"_links":{"self":[{"href":"https:\/\/www.djm.nl\/es\/wp-json\/wp\/v2\/pages\/12804","targetHints":{"allow":["GET"]}}],"collection":[{"href":"https:\/\/www.djm.nl\/es\/wp-json\/wp\/v2\/pages"}],"about":[{"href":"https:\/\/www.djm.nl\/es\/wp-json\/wp\/v2\/types\/page"}],"author":[{"embeddable":true,"href":"https:\/\/www.djm.nl\/es\/wp-json\/wp\/v2\/users\/9"}],"replies":[{"embeddable":true,"href":"https:\/\/www.djm.nl\/es\/wp-json\/wp\/v2\/comments?post=12804"}],"version-history":[{"count":3,"href":"https:\/\/www.djm.nl\/es\/wp-json\/wp\/v2\/pages\/12804\/revisions"}],"predecessor-version":[{"id":12854,"href":"https:\/\/www.djm.nl\/es\/wp-json\/wp\/v2\/pages\/12804\/revisions\/12854"}],"wp:attachment":[{"href":"https:\/\/www.djm.nl\/es\/wp-json\/wp\/v2\/media?parent=12804"}],"curies":[{"name":"wp","href":"https:\/\/api.w.org\/{rel}","templated":true}]}}