{"id":9014,"date":"2022-01-26T12:53:13","date_gmt":"2022-01-26T11:53:13","guid":{"rendered":"https:\/\/www.djm.nl\/?page_id=9014"},"modified":"2022-01-28T14:18:05","modified_gmt":"2022-01-28T13:18:05","slug":"unsere-versprechen","status":"publish","type":"page","link":"https:\/\/www.djm.nl\/de\/unsere-versprechen\/","title":{"rendered":"Unsere Versprechen"},"content":{"rendered":"<div id=\"pl-9014\"  class=\"panel-layout\" ><div id=\"pg-9014-0\"  class=\"panel-grid panel-has-style\" ><div class=\"zebra panel-row-style panel-row-style-for-9014-0\" ><div id=\"pgc-9014-0-0\"  class=\"panel-grid-cell\" ><div id=\"panel-9014-0-0-0\" class=\"so-panel widget widget_sow-editor panel-first-child\" data-index=\"0\" ><div class=\"so-widget-sow-editor so-widget-sow-editor-base\">\n<div class=\"siteorigin-widget-tinymce textwidget\">\n\t<h3><strong>Inkjet-Expertise<img loading=\"lazy\" decoding=\"async\" class=\"alignright wp-image-4223 size-custom-size-200\" src=\"https:\/\/www.djm.nl\/wp-content\/uploads\/2019\/05\/pic1-3-200x200.png\" alt=\"\" width=\"200\" height=\"200\" srcset=\"https:\/\/www.djm.nl\/wp-content\/uploads\/2019\/05\/pic1-3-200x200.png 200w, https:\/\/www.djm.nl\/wp-content\/uploads\/2019\/05\/pic1-3-150x150.png 150w, https:\/\/www.djm.nl\/wp-content\/uploads\/2019\/05\/pic1-3-300x300.png 300w, https:\/\/www.djm.nl\/wp-content\/uploads\/2019\/05\/pic1-3-768x768.png 768w, https:\/\/www.djm.nl\/wp-content\/uploads\/2019\/05\/pic1-3-250x250.png 250w, https:\/\/www.djm.nl\/wp-content\/uploads\/2019\/05\/pic1-3.png 1000w\" sizes=\"auto, (max-width: 200px) 100vw, 200px\" \/><\/strong><\/h3>\n<p>Die Spezialit\u00e4t von DJM ist die Entwicklung und Verbesserung der Inkjet-Drucktechnologie. Von der Entwicklung der Druckmodule \u00fcber die Treiberelektronik bis hin zur Steuerungssoftware erfolgt alles im eigenen Haus mit einem engagierten Team von Spezialisten.<\/p>\n<p><span style=\"color: #3366ff;\"><strong>Unsere Erfahrung verschafft Ihnen einen Wettbewerbsvorteil!<\/strong><\/span><\/p>\n<\/div>\n<\/div><\/div><div id=\"panel-9014-0-0-1\" class=\"so-panel widget widget_sow-editor\" data-index=\"1\" ><div class=\"so-widget-sow-editor so-widget-sow-editor-base\">\n<div class=\"siteorigin-widget-tinymce textwidget\">\n\t<h3><strong>Entwicklung im Haus<img loading=\"lazy\" decoding=\"async\" class=\"alignright size-custom-size-200 wp-image-4227\" src=\"https:\/\/www.djm.nl\/wp-content\/uploads\/2019\/05\/pic2-2-200x200.png\" alt=\"\" width=\"200\" height=\"200\" srcset=\"https:\/\/www.djm.nl\/wp-content\/uploads\/2019\/05\/pic2-2-200x200.png 200w, https:\/\/www.djm.nl\/wp-content\/uploads\/2019\/05\/pic2-2-150x150.png 150w, https:\/\/www.djm.nl\/wp-content\/uploads\/2019\/05\/pic2-2-300x300.png 300w, https:\/\/www.djm.nl\/wp-content\/uploads\/2019\/05\/pic2-2-768x768.png 768w, https:\/\/www.djm.nl\/wp-content\/uploads\/2019\/05\/pic2-2-250x250.png 250w, https:\/\/www.djm.nl\/wp-content\/uploads\/2019\/05\/pic2-2.png 1000w\" sizes=\"auto, (max-width: 200px) 100vw, 200px\" \/><\/strong><\/h3>\n<p>Um das Niveau der Systemzuverl\u00e4ssigkeit zu erreichen, hat DJM den gesamten Entwicklungsprozess selbst in die Hand genommen. Mit unserer eigenen R&amp;D -Abteilung im Bereich Elektronik, Mechatronik und Software stimulieren wir Inkjet-Technologien maximal und sorgen f\u00fcr Leistungsf\u00e4higkeit in der Praxis. Indem wir jeden Tag von unseren Kunden lernen, kennen wir ihre Herausforderungen. Wir k\u00f6nnen diese Informationen verwenden, um neue Softwaretools und -funktionen zu entwickeln.<\/p>\n<p><span style=\"color: #3366ff;\"><strong>Unser Streben nach der besten L\u00f6sung treibt Sie weiter!<\/strong><\/span><\/p>\n<\/div>\n<\/div><\/div><div id=\"panel-9014-0-0-2\" class=\"so-panel widget widget_sow-editor\" data-index=\"2\" ><div class=\"so-widget-sow-editor so-widget-sow-editor-base\">\n<div class=\"siteorigin-widget-tinymce textwidget\">\n\t<h3><strong>Verschiedene Inkjet-Technologien<img loading=\"lazy\" decoding=\"async\" class=\"alignright size-custom-size-200 wp-image-4232\" src=\"https:\/\/www.djm.nl\/wp-content\/uploads\/2019\/05\/pic3-2-200x200.png\" alt=\"\" width=\"200\" height=\"200\" srcset=\"https:\/\/www.djm.nl\/wp-content\/uploads\/2019\/05\/pic3-2-200x200.png 200w, https:\/\/www.djm.nl\/wp-content\/uploads\/2019\/05\/pic3-2-150x150.png 150w, https:\/\/www.djm.nl\/wp-content\/uploads\/2019\/05\/pic3-2-300x300.png 300w, https:\/\/www.djm.nl\/wp-content\/uploads\/2019\/05\/pic3-2-768x768.png 768w, https:\/\/www.djm.nl\/wp-content\/uploads\/2019\/05\/pic3-2-250x250.png 250w, https:\/\/www.djm.nl\/wp-content\/uploads\/2019\/05\/pic3-2.png 1000w\" sizes=\"auto, (max-width: 200px) 100vw, 200px\" \/><\/strong><\/h3>\n<p>Mit dem Ansatz \u201eF\u00fcr jede Anwendung die richtige L\u00f6sung\u201c bietet DJM eine breite Palette verschiedener Technologien, aus denen Sie w\u00e4hlen k\u00f6nnen. Von einer Einstiegsl\u00f6sung bis hin zu einer leistungsstarken industriellen Inkjet-L\u00f6sung.<\/p>\n<p><span style=\"color: #3366ff;\"><strong>Seien Sie bereit f\u00fcr die Zukunft und w\u00e4hlen Sie einen Partner, der Ihre aktuellen und zuk\u00fcnftigen Anforderungen versteht!<\/strong><\/span><\/p>\n<\/div>\n<\/div><\/div><div id=\"panel-9014-0-0-3\" class=\"so-panel widget widget_sow-editor\" data-index=\"3\" ><div class=\"so-widget-sow-editor so-widget-sow-editor-base\">\n<div class=\"siteorigin-widget-tinymce textwidget\">\n\t<h3><strong>Partner von Branchenf\u00fchrern<img loading=\"lazy\" decoding=\"async\" class=\"alignright size-custom-size-200 wp-image-4240\" src=\"https:\/\/www.djm.nl\/wp-content\/uploads\/2019\/05\/pic4-2-200x200.png\" alt=\"\" width=\"200\" height=\"200\" srcset=\"https:\/\/www.djm.nl\/wp-content\/uploads\/2019\/05\/pic4-2-200x200.png 200w, https:\/\/www.djm.nl\/wp-content\/uploads\/2019\/05\/pic4-2-150x150.png 150w, https:\/\/www.djm.nl\/wp-content\/uploads\/2019\/05\/pic4-2-300x300.png 300w, https:\/\/www.djm.nl\/wp-content\/uploads\/2019\/05\/pic4-2-768x768.png 768w, https:\/\/www.djm.nl\/wp-content\/uploads\/2019\/05\/pic4-2-250x250.png 250w, https:\/\/www.djm.nl\/wp-content\/uploads\/2019\/05\/pic4-2.png 1000w\" sizes=\"auto, (max-width: 200px) 100vw, 200px\" \/><\/strong><\/h3>\n<p>DJM ist strategischer Partner von Kyocera, HP und Fujifilm Dimatix. Mit diesen Partnern verf\u00fcgt DJM \u00fcber die besten verf\u00fcgbaren thermischen und piezoelektrischen Inkjet-Technologien.<\/p>\n<p><span style=\"color: #3366ff;\"><strong>Wir verlassen uns auf die besten Partner, Sie k\u00f6nnen es auch!<\/strong><\/span><\/p>\n<\/div>\n<\/div><\/div><div id=\"panel-9014-0-0-4\" class=\"so-panel widget widget_sow-editor\" data-index=\"4\" ><div class=\"so-widget-sow-editor so-widget-sow-editor-base\">\n<div class=\"siteorigin-widget-tinymce textwidget\">\n\t<h3><strong>Integrationsspezialist<img loading=\"lazy\" decoding=\"async\" class=\"alignright size-custom-size-200 wp-image-4245\" src=\"https:\/\/www.djm.nl\/wp-content\/uploads\/2019\/05\/pic5-2-200x200.png\" alt=\"\" width=\"200\" height=\"200\" srcset=\"https:\/\/www.djm.nl\/wp-content\/uploads\/2019\/05\/pic5-2-200x200.png 200w, https:\/\/www.djm.nl\/wp-content\/uploads\/2019\/05\/pic5-2-150x150.png 150w, https:\/\/www.djm.nl\/wp-content\/uploads\/2019\/05\/pic5-2-300x300.png 300w, https:\/\/www.djm.nl\/wp-content\/uploads\/2019\/05\/pic5-2-768x768.png 768w, https:\/\/www.djm.nl\/wp-content\/uploads\/2019\/05\/pic5-2-250x250.png 250w, https:\/\/www.djm.nl\/wp-content\/uploads\/2019\/05\/pic5-2.png 1000w\" sizes=\"auto, (max-width: 200px) 100vw, 200px\" \/><\/strong><\/h3>\n<p>In den letzten 28 Jahren haben wir viele Inkjet-Integrationsprojekte abgeschlossen, z. B. mit Rollenoffset- oder Flexodruckmaschinen, Rotationsveredelungslinien, Einsteckmaschinen usw. Um die Gesamtleistung der Linie zu maximieren, wird jedes Detail untersucht, Signale zwischen Systemen ausgetauscht, technische Integration.<\/p>\n<p><span style=\"color: #3366ff;\"><strong>Unsere Integrationserfahrung gibt Ihnen das Vertrauen, die beste integrierte L\u00f6sung zu haben!<\/strong><\/span><\/p>\n<\/div>\n<\/div><\/div><div id=\"panel-9014-0-0-5\" class=\"so-panel widget widget_sow-editor\" data-index=\"5\" ><div class=\"so-widget-sow-editor so-widget-sow-editor-base\">\n<div class=\"siteorigin-widget-tinymce textwidget\">\n\t<h3><strong>Intelligente Controller-Software<img loading=\"lazy\" decoding=\"async\" class=\"alignright size-custom-size-200 wp-image-4250\" src=\"https:\/\/www.djm.nl\/wp-content\/uploads\/2019\/05\/pic6-2-200x200.png\" alt=\"\" width=\"200\" height=\"200\" srcset=\"https:\/\/www.djm.nl\/wp-content\/uploads\/2019\/05\/pic6-2-200x200.png 200w, https:\/\/www.djm.nl\/wp-content\/uploads\/2019\/05\/pic6-2-150x150.png 150w, https:\/\/www.djm.nl\/wp-content\/uploads\/2019\/05\/pic6-2-300x300.png 300w, https:\/\/www.djm.nl\/wp-content\/uploads\/2019\/05\/pic6-2-768x768.png 768w, https:\/\/www.djm.nl\/wp-content\/uploads\/2019\/05\/pic6-2-250x250.png 250w, https:\/\/www.djm.nl\/wp-content\/uploads\/2019\/05\/pic6-2.png 1000w\" sizes=\"auto, (max-width: 200px) 100vw, 200px\" \/><\/strong><\/h3>\n<p>Die Controller-Software wird von DJMs eigener Softwareabteilung entwickelt. Durch die Eigenprogrammierung der Software k\u00f6nnen wir schnell und effizient auf \u00c4nderungen reagieren. Die Rip-Engine ist softwarebasiert und rippt die Daten im Handumdrehen, wodurch Ihre Produktion flexibler wird. Der Controller ist flexibel, adaptiv und steuert und kombiniert verschiedene Inkjet-Drucktechnologien. Es verbessert eine intuitive, symbolgesteuerte und effiziente Benutzeroberfl\u00e4che.<\/p>\n<p><span style=\"color: #3366ff;\"><strong>Der Controller bietet Ihnen die Flexibilit\u00e4t, die Sie f\u00fcr das Wachstum Ihres Unternehmens ben\u00f6tigen!<\/strong><\/span><\/p>\n<\/div>\n<\/div><\/div><div id=\"panel-9014-0-0-6\" class=\"so-panel widget widget_sow-editor\" data-index=\"6\" ><div class=\"so-widget-sow-editor so-widget-sow-editor-base\">\n<div class=\"siteorigin-widget-tinymce textwidget\">\n\t<h3><strong>Philosophie des Industriedesigns<img loading=\"lazy\" decoding=\"async\" class=\"alignright size-custom-size-200 wp-image-4255\" src=\"https:\/\/www.djm.nl\/wp-content\/uploads\/2019\/05\/pic7-2-200x200.png\" alt=\"\" width=\"200\" height=\"200\" srcset=\"https:\/\/www.djm.nl\/wp-content\/uploads\/2019\/05\/pic7-2-200x200.png 200w, https:\/\/www.djm.nl\/wp-content\/uploads\/2019\/05\/pic7-2-150x150.png 150w, https:\/\/www.djm.nl\/wp-content\/uploads\/2019\/05\/pic7-2-300x300.png 300w, https:\/\/www.djm.nl\/wp-content\/uploads\/2019\/05\/pic7-2-768x768.png 768w, https:\/\/www.djm.nl\/wp-content\/uploads\/2019\/05\/pic7-2-250x250.png 250w, https:\/\/www.djm.nl\/wp-content\/uploads\/2019\/05\/pic7-2.png 1000w\" sizes=\"auto, (max-width: 200px) 100vw, 200px\" \/><\/strong><\/h3>\n<p>Wir verstehen, dass unsere L\u00f6sungen f\u00fcr unsere Kunden profitabel sein m\u00fcssen. Je besser das System abschneidet \u2013 in Bezug auf Produktivit\u00e4t, Zuverl\u00e4ssigkeit und Flexibilit\u00e4t \u2013 desto h\u00f6her der Gewinn. Wir leben eine klare Industriedesign-Philosophie, die ein zuverl\u00e4ssiges und wartungsfreundliches System gew\u00e4hrleistet.<\/p>\n<p><span style=\"color: #3366ff;\"><strong>Wir glauben, dass Zuverl\u00e4ssigkeit der Schl\u00fcssel zum Gewinn mit variablem Datendruck ist!<\/strong><\/span><\/p>\n<\/div>\n<\/div><\/div><div id=\"panel-9014-0-0-7\" class=\"so-panel widget widget_sow-editor\" data-index=\"7\" ><div class=\"so-widget-sow-editor so-widget-sow-editor-base\">\n<div class=\"siteorigin-widget-tinymce textwidget\">\n\t<h3><strong>Globaler Kunden<img loading=\"lazy\" decoding=\"async\" class=\"alignright size-custom-size-200 wp-image-4260\" src=\"https:\/\/www.djm.nl\/wp-content\/uploads\/2019\/05\/pic8-2-200x200.png\" alt=\"\" width=\"200\" height=\"200\" srcset=\"https:\/\/www.djm.nl\/wp-content\/uploads\/2019\/05\/pic8-2-200x200.png 200w, https:\/\/www.djm.nl\/wp-content\/uploads\/2019\/05\/pic8-2-150x150.png 150w, https:\/\/www.djm.nl\/wp-content\/uploads\/2019\/05\/pic8-2-300x300.png 300w, https:\/\/www.djm.nl\/wp-content\/uploads\/2019\/05\/pic8-2-768x768.png 768w, https:\/\/www.djm.nl\/wp-content\/uploads\/2019\/05\/pic8-2-250x250.png 250w, https:\/\/www.djm.nl\/wp-content\/uploads\/2019\/05\/pic8-2.png 1000w\" sizes=\"auto, (max-width: 200px) 100vw, 200px\" \/><\/strong><\/h3>\n<p>Unsere Inkjet-Druckl\u00f6sungen werden von unseren globalen Kunden gesch\u00e4tzt. Bei spezifischen Anforderungen fertigen wir eine ma\u00dfgeschneiderte L\u00f6sung, basierend auf der Projektbeschreibung und den Erwartungen unserer Kunden. Eine L\u00f6sung anzubieten, die die Erwartungen unserer Kunden \u00fcbertrifft, das treibt uns an!<\/p>\n<p><strong><span style=\"color: #3366ff;\">Unsere Kunden auf der ganzen Welt verlassen sich auf unsere L\u00f6sungen und unser Know-how, Sie k\u00f6nnen es auch!<\/span><\/strong><\/p>\n<\/div>\n<\/div><\/div><div id=\"panel-9014-0-0-8\" class=\"so-panel widget widget_sow-editor\" data-index=\"8\" ><div class=\"so-widget-sow-editor so-widget-sow-editor-base\">\n<div class=\"siteorigin-widget-tinymce textwidget\">\n\t<h3><strong>Inkjet-Beratungspartner<img loading=\"lazy\" decoding=\"async\" class=\"alignright size-custom-size-200 wp-image-4265\" src=\"https:\/\/www.djm.nl\/wp-content\/uploads\/2019\/05\/pic9-200x200.png\" alt=\"\" width=\"200\" height=\"200\" srcset=\"https:\/\/www.djm.nl\/wp-content\/uploads\/2019\/05\/pic9-200x200.png 200w, https:\/\/www.djm.nl\/wp-content\/uploads\/2019\/05\/pic9-150x150.png 150w, https:\/\/www.djm.nl\/wp-content\/uploads\/2019\/05\/pic9-300x300.png 300w, https:\/\/www.djm.nl\/wp-content\/uploads\/2019\/05\/pic9-768x768.png 768w, https:\/\/www.djm.nl\/wp-content\/uploads\/2019\/05\/pic9-250x250.png 250w, https:\/\/www.djm.nl\/wp-content\/uploads\/2019\/05\/pic9.png 1000w\" sizes=\"auto, (max-width: 200px) 100vw, 200px\" \/><\/strong><\/h3>\n<p>Mit mehr als 28 Jahren Inkjet-Erfahrung sind wir ein Partner mit viel Expertise und Know-How. Wir k\u00f6nnen Ihrem Projekt zum Erfolg verhelfen und Ihnen alle erforderlichen Informationen zur Verf\u00fcgung stellen.<\/p>\n<p><span style=\"color: #3366ff;\"><strong>Wir geben unser Bestes, um Ihnen eine Inkjet-L\u00f6sung zu liefern, die Ihre Erwartungen \u00fcbertrifft!<\/strong><\/span><\/p>\n<\/div>\n<\/div><\/div><div id=\"panel-9014-0-0-9\" class=\"so-panel widget widget_sow-cta panel-last-child\" data-index=\"9\" ><div class=\"so-widget-sow-cta so-widget-sow-cta-default-4208922e6c26-9014\"><div class=\"sow-cta-base\">\n\n\t<div class=\"sow-cta-wrapper\">\n\n\t\t<div class=\"sow-cta-text\">\n\t\t\t<h4 class=\"sow-cta-title\">Mit \u00fcber 28 Jahren Inkjet-Erfahrung verf\u00fcgen wir \u00fcber das Wissen, um in jedem Projekt erfolgreich zu sein.<\/h4>\n\t\t\t<h5 class=\"sow-cta-subtitle\">Lassen Sie uns Teil Ihres Projekts sein!<\/h5>\n\t\t<\/div>\n\n\t\t<div class=\"so-widget-sow-button so-widget-sow-button-atom-b4f6b6b19f96\"><div class=\"ow-button-base ow-button-align-center\">\n\t<a href=\"mailto:sales@djm.nl\" class=\"ow-icon-placement-left ow-button-hover\" \t\t>\n\t\t<span>\n\t\t\t\n\t\t\tkontaktiere uns\t\t<\/span>\n\t<\/a>\n<\/div>\n<\/div>\n\t<\/div>\n\n<\/div>\n<\/div><\/div><\/div><\/div><\/div><\/div>","protected":false},"excerpt":{"rendered":"<p>Inkjet-Expertise Die Spezialit\u00e4t von DJM ist die Entwicklung und Verbesserung der Inkjet-Drucktechnologie. Von der Entwicklung der Druckmodule \u00fcber die Treiberelektronik bis hin zur Steuerungssoftware erfolgt alles im eigenen Haus mit einem engagierten Team von Spezialisten. Unsere Erfahrung verschafft Ihnen einen Wettbewerbsvorteil! Entwicklung im Haus Um das Niveau der Systemzuverl\u00e4ssigkeit zu erreichen, hat DJM den gesamten [&hellip;]<\/p>\n","protected":false},"author":4,"featured_media":0,"parent":0,"menu_order":0,"comment_status":"closed","ping_status":"closed","template":"","meta":{"footnotes":""},"class_list":["post-9014","page","type-page","status-publish","hentry"],"_links":{"self":[{"href":"https:\/\/www.djm.nl\/de\/wp-json\/wp\/v2\/pages\/9014","targetHints":{"allow":["GET"]}}],"collection":[{"href":"https:\/\/www.djm.nl\/de\/wp-json\/wp\/v2\/pages"}],"about":[{"href":"https:\/\/www.djm.nl\/de\/wp-json\/wp\/v2\/types\/page"}],"author":[{"embeddable":true,"href":"https:\/\/www.djm.nl\/de\/wp-json\/wp\/v2\/users\/4"}],"replies":[{"embeddable":true,"href":"https:\/\/www.djm.nl\/de\/wp-json\/wp\/v2\/comments?post=9014"}],"version-history":[{"count":10,"href":"https:\/\/www.djm.nl\/de\/wp-json\/wp\/v2\/pages\/9014\/revisions"}],"predecessor-version":[{"id":9326,"href":"https:\/\/www.djm.nl\/de\/wp-json\/wp\/v2\/pages\/9014\/revisions\/9326"}],"wp:attachment":[{"href":"https:\/\/www.djm.nl\/de\/wp-json\/wp\/v2\/media?parent=9014"}],"curies":[{"name":"wp","href":"https:\/\/api.w.org\/{rel}","templated":true}]}}