{"id":9002,"date":"2022-01-26T12:31:16","date_gmt":"2022-01-26T11:31:16","guid":{"rendered":"https:\/\/www.djm.nl\/?page_id=9002"},"modified":"2022-01-28T14:21:32","modified_gmt":"2022-01-28T13:21:32","slug":"nutzen-und-kostenersparnis","status":"publish","type":"page","link":"https:\/\/www.djm.nl\/de\/nutzen-und-kostenersparnis\/","title":{"rendered":"Nutzen und Kostenersparnis"},"content":{"rendered":"<div id=\"pl-9002\"  class=\"panel-layout\"><div id=\"pg-9002-0\"  class=\"panel-grid panel-has-style\"><div class=\"zebra panel-row-style panel-row-style-for-9002-0\"><div id=\"pgc-9002-0-0\"  class=\"panel-grid-cell\"><div id=\"panel-9002-0-0-0\" class=\"so-panel widget widget_sow-editor panel-first-child\" data-index=\"0\"><div class=\"so-widget-sow-editor so-widget-sow-editor-base\">\n<div class=\"siteorigin-widget-tinymce textwidget\">\n\t<h2>Up-time<strong><img loading=\"lazy\" decoding=\"async\" class=\"alignright wp-image-4169 size-custom-size-200\" src=\"https:\/\/www.djm.nl\/wp-content\/uploads\/2019\/05\/pic1-200x200.png\" alt=\"\" width=\"200\" height=\"200\" srcset=\"https:\/\/www.djm.nl\/wp-content\/uploads\/2019\/05\/pic1-200x200.png 200w, https:\/\/www.djm.nl\/wp-content\/uploads\/2019\/05\/pic1-150x150.png 150w, https:\/\/www.djm.nl\/wp-content\/uploads\/2019\/05\/pic1-300x300.png 300w, https:\/\/www.djm.nl\/wp-content\/uploads\/2019\/05\/pic1-768x768.png 768w, https:\/\/www.djm.nl\/wp-content\/uploads\/2019\/05\/pic1-250x250.png 250w, https:\/\/www.djm.nl\/wp-content\/uploads\/2019\/05\/pic1.png 1000w\" sizes=\"auto, (max-width: 200px) 100vw, 200px\" \/><\/strong><\/h2>\n<p>Mit dem DJM Inkjet-Drucksystem haben Sie maximale Verf\u00fcgbarkeit Ihrer Ger\u00e4te. Das Reinigungsverfahren beschr\u00e4nkt sich auf das Sp\u00fclen und Eintauchen des Druckbalkens und dauert nicht l\u00e4nger als ein paar Minuten pro 8-Stunden-Schicht. Sie k\u00f6nnen mit einer Verf\u00fcgbarkeit Ihres Systems von 99 % rechnen.<\/p><\/div><\/div><\/div><\/div><\/div><\/div><\/div><p> <a href=\"https:\/\/www.djm.nl\/de\/nutzen-und-kostenersparnis\/#more-9002\" class=\"more-link\">Weiterlesen<\/a><\/p>","protected":false},"excerpt":{"rendered":"<p>Up-time Mit dem DJM Inkjet-Drucksystem haben Sie maximale Verf\u00fcgbarkeit Ihrer Ger\u00e4te. Das Reinigungsverfahren beschr\u00e4nkt sich auf das Sp\u00fclen und Eintauchen des Druckbalkens und dauert nicht l\u00e4nger als ein paar Minuten pro 8-Stunden-Schicht. Sie k\u00f6nnen mit einer Verf\u00fcgbarkeit Ihres Systems von 99 % rechnen. Beispiel: J\u00e4hrliche Produktionskapazit\u00e4t = 2.000 Stunden Verf\u00fcgbarkeit Technologie X = 80 % [&hellip;]<\/p>\n","protected":false},"author":4,"featured_media":0,"parent":0,"menu_order":0,"comment_status":"closed","ping_status":"closed","template":"","meta":{"footnotes":""},"class_list":["post-9002","page","type-page","status-publish","hentry"],"_links":{"self":[{"href":"https:\/\/www.djm.nl\/de\/wp-json\/wp\/v2\/pages\/9002","targetHints":{"allow":["GET"]}}],"collection":[{"href":"https:\/\/www.djm.nl\/de\/wp-json\/wp\/v2\/pages"}],"about":[{"href":"https:\/\/www.djm.nl\/de\/wp-json\/wp\/v2\/types\/page"}],"author":[{"embeddable":true,"href":"https:\/\/www.djm.nl\/de\/wp-json\/wp\/v2\/users\/4"}],"replies":[{"embeddable":true,"href":"https:\/\/www.djm.nl\/de\/wp-json\/wp\/v2\/comments?post=9002"}],"version-history":[{"count":19,"href":"https:\/\/www.djm.nl\/de\/wp-json\/wp\/v2\/pages\/9002\/revisions"}],"predecessor-version":[{"id":9328,"href":"https:\/\/www.djm.nl\/de\/wp-json\/wp\/v2\/pages\/9002\/revisions\/9328"}],"wp:attachment":[{"href":"https:\/\/www.djm.nl\/de\/wp-json\/wp\/v2\/media?parent=9002"}],"curies":[{"name":"wp","href":"https:\/\/api.w.org\/{rel}","templated":true}]}}