{"id":8998,"date":"2022-01-26T12:24:28","date_gmt":"2022-01-26T11:24:28","guid":{"rendered":"https:\/\/www.djm.nl\/?page_id=8998"},"modified":"2024-01-04T08:50:41","modified_gmt":"2024-01-04T07:50:41","slug":"blogs","status":"publish","type":"page","link":"https:\/\/www.djm.nl\/de\/blogs\/","title":{"rendered":"Blogs"},"content":{"rendered":"<div id=\"pl-8998\"  class=\"panel-layout\" ><div id=\"pg-8998-0\"  class=\"panel-grid panel-no-style\" ><div id=\"pgc-8998-0-0\"  class=\"panel-grid-cell\" ><div id=\"panel-8998-0-0-0\" class=\"so-panel widget widget_sow-image panel-first-child panel-last-child\" data-index=\"0\" ><div class=\"so-widget-sow-image so-widget-sow-image-default-d6014b76747a-8998\">\n\n<div class=\"sow-image-container\">\n\t\t<img decoding=\"async\" src=\"https:\/\/www.djm.nl\/wp-content\/uploads\/2020\/02\/banner-blogs.png\" width=\"1920\" height=\"360\" srcset=\"https:\/\/www.djm.nl\/wp-content\/uploads\/2020\/02\/banner-blogs.png 1920w, https:\/\/www.djm.nl\/wp-content\/uploads\/2020\/02\/banner-blogs-300x56.png 300w, https:\/\/www.djm.nl\/wp-content\/uploads\/2020\/02\/banner-blogs-1024x192.png 1024w, https:\/\/www.djm.nl\/wp-content\/uploads\/2020\/02\/banner-blogs-768x144.png 768w, https:\/\/www.djm.nl\/wp-content\/uploads\/2020\/02\/banner-blogs-1536x288.png 1536w, https:\/\/www.djm.nl\/wp-content\/uploads\/2020\/02\/banner-blogs-200x38.png 200w, https:\/\/www.djm.nl\/wp-content\/uploads\/2020\/02\/banner-blogs-250x47.png 250w, https:\/\/www.djm.nl\/wp-content\/uploads\/2020\/02\/banner-blogs-150x28.png 150w\" sizes=\"auto, (max-width: 1920px) 100vw, 1920px\" title=\"banner blogs\" alt=\"\" loading=\"lazy\" \t\tclass=\"so-widget-image\"\/>\n\t<\/div>\n\n<\/div><\/div><\/div><\/div><div id=\"pg-8998-1\"  class=\"panel-grid panel-no-style\" ><div id=\"pgc-8998-1-0\"  class=\"panel-grid-cell\" ><div id=\"panel-8998-1-0-0\" class=\"so-panel widget widget_sow-editor panel-first-child panel-last-child\" data-index=\"1\" ><div class=\"so-widget-sow-editor so-widget-sow-editor-base\"><h3 class=\"widget-title\">So w\u00e4hlen Sie den richtigen Druckkopf aus...<\/h3>\n<div class=\"siteorigin-widget-tinymce textwidget\">\n\t<p><img loading=\"lazy\" decoding=\"async\" class=\"alignleft wp-image-5921 size-medium\" src=\"https:\/\/www.djm.nl\/wp-content\/uploads\/2020\/02\/blog-300x183.png\" alt=\"\" width=\"300\" height=\"183\" srcset=\"https:\/\/www.djm.nl\/wp-content\/uploads\/2020\/02\/blog-300x183.png 300w, https:\/\/www.djm.nl\/wp-content\/uploads\/2020\/02\/blog-1024x624.png 1024w, https:\/\/www.djm.nl\/wp-content\/uploads\/2020\/02\/blog-768x468.png 768w, https:\/\/www.djm.nl\/wp-content\/uploads\/2020\/02\/blog-1536x935.png 1536w, https:\/\/www.djm.nl\/wp-content\/uploads\/2020\/02\/blog-200x122.png 200w, https:\/\/www.djm.nl\/wp-content\/uploads\/2020\/02\/blog-250x152.png 250w, https:\/\/www.djm.nl\/wp-content\/uploads\/2020\/02\/blog-150x91.png 150w, https:\/\/www.djm.nl\/wp-content\/uploads\/2020\/02\/blog.png 1821w\" sizes=\"auto, (max-width: 300px) 100vw, 300px\" \/><\/p>\n<\/div>\n<\/div><\/div><\/div><div id=\"pgc-8998-1-1\"  class=\"panel-grid-cell\" ><div id=\"panel-8998-1-1-0\" class=\"so-panel widget widget_sow-editor panel-first-child panel-last-child\" data-index=\"2\" ><div class=\"so-widget-sow-editor so-widget-sow-editor-base\"><h3 class=\"widget-title\">Inkjet-Integration ist 'skyrocketing'<\/h3>\n<div class=\"siteorigin-widget-tinymce textwidget\">\n\t<p><img loading=\"lazy\" decoding=\"async\" class=\"alignleft wp-image-7077 size-medium\" src=\"https:\/\/www.djm.nl\/wp-content\/uploads\/2021\/08\/blogpost-image-inkjet-integration-300x183.png\" alt=\"\" width=\"300\" height=\"183\" srcset=\"https:\/\/www.djm.nl\/wp-content\/uploads\/2021\/08\/blogpost-image-inkjet-integration-300x183.png 300w, https:\/\/www.djm.nl\/wp-content\/uploads\/2021\/08\/blogpost-image-inkjet-integration-1024x624.png 1024w, https:\/\/www.djm.nl\/wp-content\/uploads\/2021\/08\/blogpost-image-inkjet-integration-768x468.png 768w, https:\/\/www.djm.nl\/wp-content\/uploads\/2021\/08\/blogpost-image-inkjet-integration-1536x935.png 1536w, https:\/\/www.djm.nl\/wp-content\/uploads\/2021\/08\/blogpost-image-inkjet-integration-200x122.png 200w, https:\/\/www.djm.nl\/wp-content\/uploads\/2021\/08\/blogpost-image-inkjet-integration-250x152.png 250w, https:\/\/www.djm.nl\/wp-content\/uploads\/2021\/08\/blogpost-image-inkjet-integration-150x91.png 150w, https:\/\/www.djm.nl\/wp-content\/uploads\/2021\/08\/blogpost-image-inkjet-integration.png 1821w\" sizes=\"auto, (max-width: 300px) 100vw, 300px\" \/><\/p>\n<\/div>\n<\/div><\/div><\/div><div id=\"pgc-8998-1-2\"  class=\"panel-grid-cell\" ><div id=\"panel-8998-1-2-0\" class=\"so-panel widget widget_sow-editor panel-first-child panel-last-child\" data-index=\"3\" ><div class=\"so-widget-sow-editor so-widget-sow-editor-base\"><h3 class=\"widget-title\">Das goldene Dreieck, wo all die 'Magie' passiert<\/h3>\n<div class=\"siteorigin-widget-tinymce textwidget\">\n\t<p><img loading=\"lazy\" decoding=\"async\" class=\"alignleft wp-image-6215\" src=\"https:\/\/www.djm.nl\/wp-content\/uploads\/2020\/05\/68b423ca-b7ed-42cd-84cf-f50f74b072fd.jpg\" alt=\"printing on substrate djm\" width=\"350\" height=\"183\" \/><\/p>\n<\/div>\n<\/div><\/div><\/div><\/div><div id=\"pg-8998-2\"  class=\"panel-grid panel-no-style\" ><div id=\"pgc-8998-2-0\"  class=\"panel-grid-cell\" ><div id=\"panel-8998-2-0-0\" class=\"so-panel widget widget_sow-cta panel-first-child panel-last-child\" data-index=\"4\" ><div class=\"so-widget-sow-cta so-widget-sow-cta-default-4208922e6c26-8998\"><div class=\"sow-cta-base\">\n\n\t<div class=\"sow-cta-wrapper\">\n\n\t\t<div class=\"sow-cta-text\">\n\t\t\t<h4 class=\"sow-cta-title\">M\u00f6chten Sie mehr \u00fcber Inkjet-Technologie, Druckk\u00f6pfe, Tintensets, Tintenmanagementsysteme, Controller-Software und Treiberelektronik erfahren?<\/h4>\n\t\t\t<h5 class=\"sow-cta-subtitle\">Kontaktieren Sie einen unserer leidenschaftlichen Innovatoren!<\/h5>\n\t\t<\/div>\n\n\t\t<div class=\"so-widget-sow-button so-widget-sow-button-atom-b4f6b6b19f96\"><div class=\"ow-button-base ow-button-align-center\">\n\t<a href=\"mailto:sales@djm.nl\" class=\"ow-icon-placement-left ow-button-hover\" \t\t>\n\t\t<span>\n\t\t\t\n\t\t\tmehr infos\t\t<\/span>\n\t<\/a>\n<\/div>\n<\/div>\n\t<\/div>\n\n<\/div>\n<\/div><\/div><\/div><\/div><\/div>","protected":false},"excerpt":{"rendered":"<p>So w\u00e4hlen Sie den richtigen Druckkopf aus&#8230; Inkjet-Integration ist &#8217;skyrocketing&#8216; Das goldene Dreieck, wo all die &#8218;Magie&#8216; passiert M\u00f6chten Sie mehr \u00fcber Inkjet-Technologie, Druckk\u00f6pfe, Tintensets, Tintenmanagementsysteme, Controller-Software und Treiberelektronik erfahren? Kontaktieren Sie einen unserer leidenschaftlichen Innovatoren! mehr infos<\/p>\n","protected":false},"author":4,"featured_media":0,"parent":0,"menu_order":0,"comment_status":"closed","ping_status":"closed","template":"","meta":{"footnotes":""},"class_list":["post-8998","page","type-page","status-publish","hentry"],"_links":{"self":[{"href":"https:\/\/www.djm.nl\/de\/wp-json\/wp\/v2\/pages\/8998","targetHints":{"allow":["GET"]}}],"collection":[{"href":"https:\/\/www.djm.nl\/de\/wp-json\/wp\/v2\/pages"}],"about":[{"href":"https:\/\/www.djm.nl\/de\/wp-json\/wp\/v2\/types\/page"}],"author":[{"embeddable":true,"href":"https:\/\/www.djm.nl\/de\/wp-json\/wp\/v2\/users\/4"}],"replies":[{"embeddable":true,"href":"https:\/\/www.djm.nl\/de\/wp-json\/wp\/v2\/comments?post=8998"}],"version-history":[{"count":6,"href":"https:\/\/www.djm.nl\/de\/wp-json\/wp\/v2\/pages\/8998\/revisions"}],"predecessor-version":[{"id":12698,"href":"https:\/\/www.djm.nl\/de\/wp-json\/wp\/v2\/pages\/8998\/revisions\/12698"}],"wp:attachment":[{"href":"https:\/\/www.djm.nl\/de\/wp-json\/wp\/v2\/media?parent=8998"}],"curies":[{"name":"wp","href":"https:\/\/api.w.org\/{rel}","templated":true}]}}